{"id":10653,"date":"2024-04-17T07:15:08","date_gmt":"2024-04-17T07:15:08","guid":{"rendered":"https:\/\/www.prinz.at\/proficut-petrol\/"},"modified":"2024-06-06T07:27:00","modified_gmt":"2024-06-06T07:27:00","slug":"proficut-petrol","status":"publish","type":"page","link":"https:\/\/www.prinz.at\/fr\/produits\/scies-pour-le-bois\/scies-mobiles\/proficut-petrol\/","title":{"rendered":"PROFICUT PETROL"},"content":{"rendered":"<section class=\"wpb-content-wrapper\"><p>[vc_row][vc_column width=\u00a0\u00bb1\/2&Prime;][vc_single_image image=\u00a0\u00bb10459&Prime; img_size=\u00a0\u00bbfull\u00a0\u00bb alignment=\u00a0\u00bbcenter\u00a0\u00bb][\/vc_column][vc_column width=\u00a0\u00bb1\/2&Prime;][vc_column_text]<\/p>\n<p style=\"font-weight: 400;\">Cette scie peut \u00eatre op\u00e9r\u00e9e \u00e0 n&rsquo;importe quel endroit avec un grand champs de d\u00e9placement. Equip\u00e9e de deux stabilisateurs pour\u00a0 des coupes exactes aux extr\u00e9mit\u00e9s du paquet. Convient aussi pour la mise \u00e0 longueur de grumes.<br \/>\nLa large plaque frontale permet un parafit alignement de la scie au paquet<\/p>\n<p style=\"font-weight: 400;\">Grande long\u00e9vit\u00e9 du jeu de coupe gr\u00e2ce \u00e0 la lubrification de la cha\u00eene en t\u00eate de guide<\/p>\n<p style=\"font-weight: 400;\">Vos avantages:<br \/>\n&#8211; moteur \u00e0 combustion \u00e0 essence, aucune alimentation \u00e9lectrique n\u00e9cessaire<br \/>\n&#8211; d\u00e9marrage par serrure de contact ou d\u00e9marreur par c\u00e2ble<br \/>\n&#8211; batterie de 12V charg\u00e9e par un alternateur<br \/>\n&#8211; scie mont\u00e9e sur 2 roues pleines pour grande stabilit\u00e9 et r\u00e9sistance au corps \u00e9trangers<br \/>\n&#8211; coupe r\u00e9guli\u00e8re gr\u00e2ce \u00e0 la poulie amortie en t\u00eate de guide<br \/>\n&#8211; remplacement facile de la cha\u00eene sans aucun outillage<br \/>\n&#8211; coupe confortable et sans grand effort<br \/>\n&#8211; levier de coupe ergonomique pour un parfait guidage de la coupe<br \/>\n&#8211; jeu de coupe jusqu\u2019\u00e0 250 cm<br \/>\n&#8211; pour des paquets jusqu\u2019\u00e0 1.740 x 1.740 mm et des diam\u00e8tres jusqu\u2019\u00e0 2040 mm<br \/>\n&#8211; avec repose pied pour un grand confort de travail et plus de s\u00e9curit\u00e9<br \/>\n&#8211; livr\u00e9e pr\u00eate \u00e0 l&#8217;emploi, seul le jeu de coupe est \u00e0 monter<br \/>\n&#8211; amortisation rapide gr\u00e2ce aux faibles co\u00fbts d&rsquo;acquisition et d&rsquo;exploitation<\/p>\n<p>[\/vc_column_text][\/vc_column][\/vc_row][vc_row][vc_column][vc_column_text]<\/p>\n<h2>Donn\u00e9es techniques<\/h2>\n<table class=\"contenttable contenttable-0 product-description-table\">\n<tbody>\n<tr class=\"tr-even tr-0\">\n<td class=\"td-0\">Puissance moteur:<\/td>\n<td class=\"td-last td-1\">16,9 kW<\/td>\n<\/tr>\n<tr class=\"tr-odd tr-1\">\n<td class=\"td-0\">Carburant:<\/td>\n<td class=\"td-last td-1\">essence<\/td>\n<\/tr>\n<tr class=\"tr-odd tr-1\">\n<td class=\"td-0\">Nombre de cylindre:<\/td>\n<td class=\"td-last td-1\">2<\/td>\n<\/tr>\n<tr class=\"tr-even tr-2\">\n<td class=\"td-0\">Sections de coupe standard (largeur x hauteur):<\/td>\n<td class=\"td-last td-1\">130 x 130 cm (largeur x hauteur)<\/td>\n<\/tr>\n<tr class=\"tr-odd tr-3\">\n<td class=\"td-0\">Autres sections possibles:<\/td>\n<td class=\"td-last td-1\">oui<\/td>\n<\/tr>\n<tr class=\"tr-even tr-4\">\n<td class=\"td-0\">Descente de coupe:<\/td>\n<td class=\"td-last td-1\">manuelle<\/td>\n<\/tr>\n<tr class=\"tr-odd tr-5\">\n<td class=\"td-0\">Guidage de la coupe:<\/td>\n<td class=\"td-last td-1\">deux stabilisateurs<\/td>\n<\/tr>\n<tr class=\"tr-even tr-6\">\n<td class=\"td-0\">Type de scie:<\/td>\n<td class=\"td-last td-1\">mobile<\/td>\n<\/tr>\n<tr class=\"tr-odd tr-7\">\n<td class=\"td-0\">Type de cha\u00eenes:<\/td>\n<td class=\"td-last td-1\">\u00e0 gouges\/ \u00e0 dents droites\/ au carbure<\/td>\n<\/tr>\n<tr class=\"tr-even tr-8\">\n<td class=\"td-0\">Guide cha\u00eene:<\/td>\n<td class=\"td-last td-1\">en acier, avec flans renforc\u00e9s<\/td>\n<\/tr>\n<tr class=\"tr-even tr-12\">\n<td class=\"td-0\">Syst\u00e8me de mesurage disponible:<\/td>\n<td class=\"td-last td-1\">non<\/td>\n<\/tr>\n<tr class=\"tr-even tr-last\">\n<td class=\"td-0\">Champs d\u2019applications:<\/td>\n<td class=\"td-last td-1\">premi\u00e8re mise \u00e0 longueur des paquets et des grumes, couper sur place sans transport de bois<\/td>\n<\/tr>\n<\/tbody>\n<\/table>\n<p>[\/vc_column_text][vc_row_inner css=\u00a0\u00bb.vc_custom_1535020009345{margin-top: 40px !important;}\u00a0\u00bb][vc_column_inner][vc_gallery type=\u00a0\u00bbimage_grid\u00a0\u00bb images=\u00a0\u00bb10296,10291,10332,10327,10322,10317,10312,10302,10307&Prime;][vc_raw_html]Jmx0O2lmcmFtZSBzcmM9Imh0dHBzOi8vd3d3LnlvdXR1YmUuY29tL2VtYmVkL1MwMFRkdGprTVFrP3NpPWJmVkd5OE9jcEtCUERseV8iIHdpZHRoPSIxMjgwIiBoZWlnaHQ9IjcyMCIgZnJhbWVib3JkZXI9IjAiIGFsbG93ZnVsbHNjcmVlbj0iYWxsb3dmdWxsc2NyZWVuIiZndDsmbHQ7L2lmcmFtZSZndDs=[\/vc_raw_html][\/vc_column_inner][\/vc_row_inner][\/vc_column][\/vc_row]<\/p>\n<\/section>","protected":false},"excerpt":{"rendered":"<p>[vc_row][vc_column width=\u00a0\u00bb1\/2&Prime;][vc_single_image image=\u00a0\u00bb10459&Prime; img_size=\u00a0\u00bbfull\u00a0\u00bb alignment=\u00a0\u00bbcenter\u00a0\u00bb][\/vc_column][vc_column width=\u00a0\u00bb1\/2&Prime;][vc_column_text] Cette scie peut \u00eatre op\u00e9r\u00e9e \u00e0 n&rsquo;importe quel endroit avec un grand champs de d\u00e9placement. Equip\u00e9e de deux stabilisateurs pour\u00a0 des coupes exactes aux extr\u00e9mit\u00e9s du paquet. Convient aussi pour la mise \u00e0 longueur de grumes. La large plaque frontale permet un parafit alignement de la scie au paquet [&hellip;]<\/p>\n","protected":false},"author":5,"featured_media":0,"parent":6423,"menu_order":0,"comment_status":"closed","ping_status":"closed","template":"","meta":[],"yoast_head":"<!-- This site is optimized with the Yoast SEO plugin v21.8.1 - https:\/\/yoast.com\/wordpress\/plugins\/seo\/ -->\n<title>PROFICUT PETROL - PRINZ<\/title>\n<meta name=\"robots\" content=\"index, follow, max-snippet:-1, max-image-preview:large, max-video-preview:-1\" \/>\n<link rel=\"canonical\" href=\"https:\/\/www.prinz.at\/fr\/produits\/scies-pour-le-bois\/scies-mobiles\/proficut-petrol\/\" \/>\n<meta property=\"og:locale\" content=\"fr_FR\" \/>\n<meta property=\"og:type\" content=\"article\" \/>\n<meta property=\"og:title\" content=\"PROFICUT PETROL - PRINZ\" \/>\n<meta property=\"og:description\" content=\"[vc_row][vc_column width=\u00a0\u00bb1\/2&Prime;][vc_single_image image=\u00a0\u00bb10459&Prime; img_size=\u00a0\u00bbfull\u00a0\u00bb alignment=\u00a0\u00bbcenter\u00a0\u00bb][\/vc_column][vc_column width=\u00a0\u00bb1\/2&Prime;][vc_column_text] Cette scie peut \u00eatre op\u00e9r\u00e9e \u00e0 n&rsquo;importe quel endroit avec un grand champs de d\u00e9placement. Equip\u00e9e de deux stabilisateurs pour\u00a0 des coupes exactes aux extr\u00e9mit\u00e9s du paquet. Convient aussi pour la mise \u00e0 longueur de grumes. La large plaque frontale permet un parafit alignement de la scie au paquet [&hellip;]\" \/>\n<meta property=\"og:url\" content=\"https:\/\/www.prinz.at\/fr\/produits\/scies-pour-le-bois\/scies-mobiles\/proficut-petrol\/\" \/>\n<meta property=\"og:site_name\" content=\"PRINZ\" \/>\n<meta property=\"article:modified_time\" content=\"2024-06-06T07:27:00+00:00\" \/>\n<meta name=\"twitter:card\" content=\"summary_large_image\" \/>\n<meta name=\"twitter:label1\" content=\"Dur\u00e9e de lecture estim\u00e9e\" \/>\n\t<meta name=\"twitter:data1\" content=\"2 minutes\" \/>\n<script type=\"application\/ld+json\" class=\"yoast-schema-graph\">{\"@context\":\"https:\/\/schema.org\",\"@graph\":[{\"@type\":\"WebPage\",\"@id\":\"https:\/\/www.prinz.at\/fr\/produits\/scies-pour-le-bois\/scies-mobiles\/proficut-petrol\/\",\"url\":\"https:\/\/www.prinz.at\/fr\/produits\/scies-pour-le-bois\/scies-mobiles\/proficut-petrol\/\",\"name\":\"PROFICUT PETROL - PRINZ\",\"isPartOf\":{\"@id\":\"https:\/\/www.prinz.at\/#website\"},\"datePublished\":\"2024-04-17T07:15:08+00:00\",\"dateModified\":\"2024-06-06T07:27:00+00:00\",\"breadcrumb\":{\"@id\":\"https:\/\/www.prinz.at\/fr\/produits\/scies-pour-le-bois\/scies-mobiles\/proficut-petrol\/#breadcrumb\"},\"inLanguage\":\"fr-FR\",\"potentialAction\":[{\"@type\":\"ReadAction\",\"target\":[\"https:\/\/www.prinz.at\/fr\/produits\/scies-pour-le-bois\/scies-mobiles\/proficut-petrol\/\"]}]},{\"@type\":\"BreadcrumbList\",\"@id\":\"https:\/\/www.prinz.at\/fr\/produits\/scies-pour-le-bois\/scies-mobiles\/proficut-petrol\/#breadcrumb\",\"itemListElement\":[{\"@type\":\"ListItem\",\"position\":1,\"name\":\"Startseite\",\"item\":\"https:\/\/www.prinz.at\/fr\/\"},{\"@type\":\"ListItem\",\"position\":2,\"name\":\"Produits\",\"item\":\"https:\/\/www.prinz.at\/fr\/produits\/\"},{\"@type\":\"ListItem\",\"position\":3,\"name\":\"Scies pour le bois\",\"item\":\"https:\/\/www.prinz.at\/fr\/produits\/scies-pour-le-bois\/\"},{\"@type\":\"ListItem\",\"position\":4,\"name\":\"Scies mobiles\",\"item\":\"https:\/\/www.prinz.at\/fr\/produits\/scies-pour-le-bois\/scies-mobiles\/\"},{\"@type\":\"ListItem\",\"position\":5,\"name\":\"PROFICUT PETROL\"}]},{\"@type\":\"WebSite\",\"@id\":\"https:\/\/www.prinz.at\/#website\",\"url\":\"https:\/\/www.prinz.at\/\",\"name\":\"PRINZ\",\"description\":\"\",\"potentialAction\":[{\"@type\":\"SearchAction\",\"target\":{\"@type\":\"EntryPoint\",\"urlTemplate\":\"https:\/\/www.prinz.at\/?s={search_term_string}\"},\"query-input\":\"required name=search_term_string\"}],\"inLanguage\":\"fr-FR\"}]}<\/script>\n<!-- \/ Yoast SEO plugin. -->","yoast_head_json":{"title":"PROFICUT PETROL - PRINZ","robots":{"index":"index","follow":"follow","max-snippet":"max-snippet:-1","max-image-preview":"max-image-preview:large","max-video-preview":"max-video-preview:-1"},"canonical":"https:\/\/www.prinz.at\/fr\/produits\/scies-pour-le-bois\/scies-mobiles\/proficut-petrol\/","og_locale":"fr_FR","og_type":"article","og_title":"PROFICUT PETROL - PRINZ","og_description":"[vc_row][vc_column width=\u00a0\u00bb1\/2&Prime;][vc_single_image image=\u00a0\u00bb10459&Prime; img_size=\u00a0\u00bbfull\u00a0\u00bb alignment=\u00a0\u00bbcenter\u00a0\u00bb][\/vc_column][vc_column width=\u00a0\u00bb1\/2&Prime;][vc_column_text] Cette scie peut \u00eatre op\u00e9r\u00e9e \u00e0 n&rsquo;importe quel endroit avec un grand champs de d\u00e9placement. Equip\u00e9e de deux stabilisateurs pour\u00a0 des coupes exactes aux extr\u00e9mit\u00e9s du paquet. Convient aussi pour la mise \u00e0 longueur de grumes. La large plaque frontale permet un parafit alignement de la scie au paquet [&hellip;]","og_url":"https:\/\/www.prinz.at\/fr\/produits\/scies-pour-le-bois\/scies-mobiles\/proficut-petrol\/","og_site_name":"PRINZ","article_modified_time":"2024-06-06T07:27:00+00:00","twitter_card":"summary_large_image","twitter_misc":{"Dur\u00e9e de lecture estim\u00e9e":"2 minutes"},"schema":{"@context":"https:\/\/schema.org","@graph":[{"@type":"WebPage","@id":"https:\/\/www.prinz.at\/fr\/produits\/scies-pour-le-bois\/scies-mobiles\/proficut-petrol\/","url":"https:\/\/www.prinz.at\/fr\/produits\/scies-pour-le-bois\/scies-mobiles\/proficut-petrol\/","name":"PROFICUT PETROL - PRINZ","isPartOf":{"@id":"https:\/\/www.prinz.at\/#website"},"datePublished":"2024-04-17T07:15:08+00:00","dateModified":"2024-06-06T07:27:00+00:00","breadcrumb":{"@id":"https:\/\/www.prinz.at\/fr\/produits\/scies-pour-le-bois\/scies-mobiles\/proficut-petrol\/#breadcrumb"},"inLanguage":"fr-FR","potentialAction":[{"@type":"ReadAction","target":["https:\/\/www.prinz.at\/fr\/produits\/scies-pour-le-bois\/scies-mobiles\/proficut-petrol\/"]}]},{"@type":"BreadcrumbList","@id":"https:\/\/www.prinz.at\/fr\/produits\/scies-pour-le-bois\/scies-mobiles\/proficut-petrol\/#breadcrumb","itemListElement":[{"@type":"ListItem","position":1,"name":"Startseite","item":"https:\/\/www.prinz.at\/fr\/"},{"@type":"ListItem","position":2,"name":"Produits","item":"https:\/\/www.prinz.at\/fr\/produits\/"},{"@type":"ListItem","position":3,"name":"Scies pour le bois","item":"https:\/\/www.prinz.at\/fr\/produits\/scies-pour-le-bois\/"},{"@type":"ListItem","position":4,"name":"Scies mobiles","item":"https:\/\/www.prinz.at\/fr\/produits\/scies-pour-le-bois\/scies-mobiles\/"},{"@type":"ListItem","position":5,"name":"PROFICUT PETROL"}]},{"@type":"WebSite","@id":"https:\/\/www.prinz.at\/#website","url":"https:\/\/www.prinz.at\/","name":"PRINZ","description":"","potentialAction":[{"@type":"SearchAction","target":{"@type":"EntryPoint","urlTemplate":"https:\/\/www.prinz.at\/?s={search_term_string}"},"query-input":"required name=search_term_string"}],"inLanguage":"fr-FR"}]}},"_links":{"self":[{"href":"https:\/\/www.prinz.at\/fr\/wp-json\/wp\/v2\/pages\/10653"}],"collection":[{"href":"https:\/\/www.prinz.at\/fr\/wp-json\/wp\/v2\/pages"}],"about":[{"href":"https:\/\/www.prinz.at\/fr\/wp-json\/wp\/v2\/types\/page"}],"author":[{"embeddable":true,"href":"https:\/\/www.prinz.at\/fr\/wp-json\/wp\/v2\/users\/5"}],"replies":[{"embeddable":true,"href":"https:\/\/www.prinz.at\/fr\/wp-json\/wp\/v2\/comments?post=10653"}],"version-history":[{"count":4,"href":"https:\/\/www.prinz.at\/fr\/wp-json\/wp\/v2\/pages\/10653\/revisions"}],"predecessor-version":[{"id":10657,"href":"https:\/\/www.prinz.at\/fr\/wp-json\/wp\/v2\/pages\/10653\/revisions\/10657"}],"up":[{"embeddable":true,"href":"https:\/\/www.prinz.at\/fr\/wp-json\/wp\/v2\/pages\/6423"}],"wp:attachment":[{"href":"https:\/\/www.prinz.at\/fr\/wp-json\/wp\/v2\/media?parent=10653"}],"curies":[{"name":"wp","href":"https:\/\/api.w.org\/{rel}","templated":true}]}}