{"id":11450,"date":"2025-05-25T20:16:05","date_gmt":"2025-05-25T20:16:05","guid":{"rendered":"https:\/\/www.prinz.at\/module-de-sciage-pc120\/"},"modified":"2025-06-30T08:07:38","modified_gmt":"2025-06-30T08:07:38","slug":"module-de-sciage-pc120","status":"publish","type":"page","link":"https:\/\/www.prinz.at\/fr\/produits\/scies-pour-le-bois\/tronconneuses-a-paquets-a-guidage-parallele\/module-de-sciage-pc120\/","title":{"rendered":"Module de sciage pc120"},"content":{"rendered":"<section class=\"wpb-content-wrapper\"><p>[vc_row][vc_column width=\u00a0\u00bb1\/2&Prime;][vc_single_image image=\u00a0\u00bb11218&Prime; img_size=\u00a0\u00bbfull\u00a0\u00bb][\/vc_column][vc_column width=\u00a0\u00bb1\/2&Prime;][vc_column_text]La PRINZ pc120 a \u00e9t\u00e9 sp\u00e9cialement con\u00e7ue pour une capacit\u00e9 de production tr\u00e8s \u00e9lev\u00e9e et un processus enti\u00e8rement automatique et ininterrompu. Gr\u00e2ce \u00e0 la commande PLC, les param\u00e8tres de la s\u00e9quence de coupe automatique sont facilement modifiables et le guidage de coupe des deux c\u00f4t\u00e9s garantissent la plus haute pr\u00e9cision de coupe\u00a0 avec\u00a0 \u00b11 mm (.040\u201d), ce m\u00eame aux cadences les plus \u00e9lev\u00e9es<\/p>\n<ul>\n<li>Unit\u00e9 de sciage stationnaire avec trains \u00e0 rouleaux de diff\u00e9rentes longueurs pour la coupe transversale de paquets d\u2019aviv\u00e9, de panneaux de particules, de placopl\u00e2tre, etc.<\/li>\n<li>Processus de production enti\u00e8rement automatique avec fonction de coupe en s\u00e9rie.<\/li>\n<li>Trains de rouleaux pivotants \u00e0 gauche et \u00e0 droite de la scie pour une \u00e9limination facile des longues chutes.<\/li>\n<li>Utilisation simple et s\u00fbre par une seule personne.<\/li>\n<li>Guidage de coupe vertical des deux c\u00f4t\u00e9s pour une pr\u00e9cision de coupe de \u00b1 1 mm (.040\u201d), avec une cadence de coupe d&rsquo;environ 1,5 min\/m\u00b2.<\/li>\n<li>Plaqueurs pneumatiques pour maintenir les paquets.<\/li>\n<li>Le trait de scie reste libre tout au long de la coupe, \u00e9vitant ainsi un blocage de la cha\u00eene.<\/li>\n<li>Guide cha\u00eene court et inclin\u00e9 pour une entr\u00e9e de coupe fluide et stable.<\/li>\n<li>Tension de cha\u00eene pneumatique pour une force de tension constante.<\/li>\n<\/ul>\n<p>[\/vc_column_text][\/vc_column][\/vc_row][vc_row css=\u00a0\u00bb.vc_custom_1748936758914{margin-top: 0px !important;padding-top: 0px !important;}\u00a0\u00bb][vc_column][vc_video link=\u00a0\u00bbhttps:\/\/youtu.be\/m9NE-kmJuSY?si=djEGkpHHK1fZPFUi\u00a0\u00bb][\/vc_column][\/vc_row]<\/p>\n<\/section>","protected":false},"excerpt":{"rendered":"<p>[vc_row][vc_column width=\u00a0\u00bb1\/2&Prime;][vc_single_image image=\u00a0\u00bb11218&Prime; img_size=\u00a0\u00bbfull\u00a0\u00bb][\/vc_column][vc_column width=\u00a0\u00bb1\/2&Prime;][vc_column_text]La PRINZ pc120 a \u00e9t\u00e9 sp\u00e9cialement con\u00e7ue pour une capacit\u00e9 de production tr\u00e8s \u00e9lev\u00e9e et un processus enti\u00e8rement automatique et ininterrompu. Gr\u00e2ce \u00e0 la commande PLC, les param\u00e8tres de la s\u00e9quence de coupe automatique sont facilement modifiables et le guidage de coupe des deux c\u00f4t\u00e9s garantissent la plus haute pr\u00e9cision de [&hellip;]<\/p>\n","protected":false},"author":5,"featured_media":0,"parent":6408,"menu_order":0,"comment_status":"closed","ping_status":"closed","template":"","meta":[],"yoast_head":"<!-- This site is optimized with the Yoast SEO plugin v21.8.1 - https:\/\/yoast.com\/wordpress\/plugins\/seo\/ -->\n<title>Module de sciage pc120 - PRINZ<\/title>\n<meta name=\"robots\" content=\"index, follow, max-snippet:-1, max-image-preview:large, max-video-preview:-1\" \/>\n<link rel=\"canonical\" href=\"https:\/\/www.prinz.at\/fr\/produits\/scies-pour-le-bois\/tronconneuses-a-paquets-a-guidage-parallele\/module-de-sciage-pc120\/\" \/>\n<meta property=\"og:locale\" content=\"fr_FR\" \/>\n<meta property=\"og:type\" content=\"article\" \/>\n<meta property=\"og:title\" content=\"Module de sciage pc120 - PRINZ\" \/>\n<meta property=\"og:description\" content=\"[vc_row][vc_column width=\u00a0\u00bb1\/2&Prime;][vc_single_image image=\u00a0\u00bb11218&Prime; img_size=\u00a0\u00bbfull\u00a0\u00bb][\/vc_column][vc_column width=\u00a0\u00bb1\/2&Prime;][vc_column_text]La PRINZ pc120 a \u00e9t\u00e9 sp\u00e9cialement con\u00e7ue pour une capacit\u00e9 de production tr\u00e8s \u00e9lev\u00e9e et un processus enti\u00e8rement automatique et ininterrompu. Gr\u00e2ce \u00e0 la commande PLC, les param\u00e8tres de la s\u00e9quence de coupe automatique sont facilement modifiables et le guidage de coupe des deux c\u00f4t\u00e9s garantissent la plus haute pr\u00e9cision de [&hellip;]\" \/>\n<meta property=\"og:url\" content=\"https:\/\/www.prinz.at\/fr\/produits\/scies-pour-le-bois\/tronconneuses-a-paquets-a-guidage-parallele\/module-de-sciage-pc120\/\" \/>\n<meta property=\"og:site_name\" content=\"PRINZ\" \/>\n<meta property=\"article:modified_time\" content=\"2025-06-30T08:07:38+00:00\" \/>\n<meta name=\"twitter:card\" content=\"summary_large_image\" \/>\n<meta name=\"twitter:label1\" content=\"Dur\u00e9e de lecture estim\u00e9e\" \/>\n\t<meta name=\"twitter:data1\" content=\"2 minutes\" \/>\n<script type=\"application\/ld+json\" class=\"yoast-schema-graph\">{\"@context\":\"https:\/\/schema.org\",\"@graph\":[{\"@type\":\"WebPage\",\"@id\":\"https:\/\/www.prinz.at\/fr\/produits\/scies-pour-le-bois\/tronconneuses-a-paquets-a-guidage-parallele\/module-de-sciage-pc120\/\",\"url\":\"https:\/\/www.prinz.at\/fr\/produits\/scies-pour-le-bois\/tronconneuses-a-paquets-a-guidage-parallele\/module-de-sciage-pc120\/\",\"name\":\"Module de sciage pc120 - PRINZ\",\"isPartOf\":{\"@id\":\"https:\/\/www.prinz.at\/#website\"},\"datePublished\":\"2025-05-25T20:16:05+00:00\",\"dateModified\":\"2025-06-30T08:07:38+00:00\",\"breadcrumb\":{\"@id\":\"https:\/\/www.prinz.at\/fr\/produits\/scies-pour-le-bois\/tronconneuses-a-paquets-a-guidage-parallele\/module-de-sciage-pc120\/#breadcrumb\"},\"inLanguage\":\"fr-FR\",\"potentialAction\":[{\"@type\":\"ReadAction\",\"target\":[\"https:\/\/www.prinz.at\/fr\/produits\/scies-pour-le-bois\/tronconneuses-a-paquets-a-guidage-parallele\/module-de-sciage-pc120\/\"]}]},{\"@type\":\"BreadcrumbList\",\"@id\":\"https:\/\/www.prinz.at\/fr\/produits\/scies-pour-le-bois\/tronconneuses-a-paquets-a-guidage-parallele\/module-de-sciage-pc120\/#breadcrumb\",\"itemListElement\":[{\"@type\":\"ListItem\",\"position\":1,\"name\":\"Startseite\",\"item\":\"https:\/\/www.prinz.at\/fr\/\"},{\"@type\":\"ListItem\",\"position\":2,\"name\":\"Produits\",\"item\":\"https:\/\/www.prinz.at\/fr\/produits\/\"},{\"@type\":\"ListItem\",\"position\":3,\"name\":\"Scies pour le bois\",\"item\":\"https:\/\/www.prinz.at\/fr\/produits\/scies-pour-le-bois\/\"},{\"@type\":\"ListItem\",\"position\":4,\"name\":\"Tron\u00e7onneuses \u00e0 paquets \u00e0 guidage parall\u00e8le\",\"item\":\"https:\/\/www.prinz.at\/fr\/produits\/scies-pour-le-bois\/tronconneuses-a-paquets-a-guidage-parallele\/\"},{\"@type\":\"ListItem\",\"position\":5,\"name\":\"Module de sciage pc120\"}]},{\"@type\":\"WebSite\",\"@id\":\"https:\/\/www.prinz.at\/#website\",\"url\":\"https:\/\/www.prinz.at\/\",\"name\":\"PRINZ\",\"description\":\"\",\"potentialAction\":[{\"@type\":\"SearchAction\",\"target\":{\"@type\":\"EntryPoint\",\"urlTemplate\":\"https:\/\/www.prinz.at\/?s={search_term_string}\"},\"query-input\":\"required name=search_term_string\"}],\"inLanguage\":\"fr-FR\"}]}<\/script>\n<!-- \/ Yoast SEO plugin. -->","yoast_head_json":{"title":"Module de sciage pc120 - PRINZ","robots":{"index":"index","follow":"follow","max-snippet":"max-snippet:-1","max-image-preview":"max-image-preview:large","max-video-preview":"max-video-preview:-1"},"canonical":"https:\/\/www.prinz.at\/fr\/produits\/scies-pour-le-bois\/tronconneuses-a-paquets-a-guidage-parallele\/module-de-sciage-pc120\/","og_locale":"fr_FR","og_type":"article","og_title":"Module de sciage pc120 - PRINZ","og_description":"[vc_row][vc_column width=\u00a0\u00bb1\/2&Prime;][vc_single_image image=\u00a0\u00bb11218&Prime; img_size=\u00a0\u00bbfull\u00a0\u00bb][\/vc_column][vc_column width=\u00a0\u00bb1\/2&Prime;][vc_column_text]La PRINZ pc120 a \u00e9t\u00e9 sp\u00e9cialement con\u00e7ue pour une capacit\u00e9 de production tr\u00e8s \u00e9lev\u00e9e et un processus enti\u00e8rement automatique et ininterrompu. Gr\u00e2ce \u00e0 la commande PLC, les param\u00e8tres de la s\u00e9quence de coupe automatique sont facilement modifiables et le guidage de coupe des deux c\u00f4t\u00e9s garantissent la plus haute pr\u00e9cision de [&hellip;]","og_url":"https:\/\/www.prinz.at\/fr\/produits\/scies-pour-le-bois\/tronconneuses-a-paquets-a-guidage-parallele\/module-de-sciage-pc120\/","og_site_name":"PRINZ","article_modified_time":"2025-06-30T08:07:38+00:00","twitter_card":"summary_large_image","twitter_misc":{"Dur\u00e9e de lecture estim\u00e9e":"2 minutes"},"schema":{"@context":"https:\/\/schema.org","@graph":[{"@type":"WebPage","@id":"https:\/\/www.prinz.at\/fr\/produits\/scies-pour-le-bois\/tronconneuses-a-paquets-a-guidage-parallele\/module-de-sciage-pc120\/","url":"https:\/\/www.prinz.at\/fr\/produits\/scies-pour-le-bois\/tronconneuses-a-paquets-a-guidage-parallele\/module-de-sciage-pc120\/","name":"Module de sciage pc120 - PRINZ","isPartOf":{"@id":"https:\/\/www.prinz.at\/#website"},"datePublished":"2025-05-25T20:16:05+00:00","dateModified":"2025-06-30T08:07:38+00:00","breadcrumb":{"@id":"https:\/\/www.prinz.at\/fr\/produits\/scies-pour-le-bois\/tronconneuses-a-paquets-a-guidage-parallele\/module-de-sciage-pc120\/#breadcrumb"},"inLanguage":"fr-FR","potentialAction":[{"@type":"ReadAction","target":["https:\/\/www.prinz.at\/fr\/produits\/scies-pour-le-bois\/tronconneuses-a-paquets-a-guidage-parallele\/module-de-sciage-pc120\/"]}]},{"@type":"BreadcrumbList","@id":"https:\/\/www.prinz.at\/fr\/produits\/scies-pour-le-bois\/tronconneuses-a-paquets-a-guidage-parallele\/module-de-sciage-pc120\/#breadcrumb","itemListElement":[{"@type":"ListItem","position":1,"name":"Startseite","item":"https:\/\/www.prinz.at\/fr\/"},{"@type":"ListItem","position":2,"name":"Produits","item":"https:\/\/www.prinz.at\/fr\/produits\/"},{"@type":"ListItem","position":3,"name":"Scies pour le bois","item":"https:\/\/www.prinz.at\/fr\/produits\/scies-pour-le-bois\/"},{"@type":"ListItem","position":4,"name":"Tron\u00e7onneuses \u00e0 paquets \u00e0 guidage parall\u00e8le","item":"https:\/\/www.prinz.at\/fr\/produits\/scies-pour-le-bois\/tronconneuses-a-paquets-a-guidage-parallele\/"},{"@type":"ListItem","position":5,"name":"Module de sciage pc120"}]},{"@type":"WebSite","@id":"https:\/\/www.prinz.at\/#website","url":"https:\/\/www.prinz.at\/","name":"PRINZ","description":"","potentialAction":[{"@type":"SearchAction","target":{"@type":"EntryPoint","urlTemplate":"https:\/\/www.prinz.at\/?s={search_term_string}"},"query-input":"required name=search_term_string"}],"inLanguage":"fr-FR"}]}},"_links":{"self":[{"href":"https:\/\/www.prinz.at\/fr\/wp-json\/wp\/v2\/pages\/11450"}],"collection":[{"href":"https:\/\/www.prinz.at\/fr\/wp-json\/wp\/v2\/pages"}],"about":[{"href":"https:\/\/www.prinz.at\/fr\/wp-json\/wp\/v2\/types\/page"}],"author":[{"embeddable":true,"href":"https:\/\/www.prinz.at\/fr\/wp-json\/wp\/v2\/users\/5"}],"replies":[{"embeddable":true,"href":"https:\/\/www.prinz.at\/fr\/wp-json\/wp\/v2\/comments?post=11450"}],"version-history":[{"count":5,"href":"https:\/\/www.prinz.at\/fr\/wp-json\/wp\/v2\/pages\/11450\/revisions"}],"predecessor-version":[{"id":11463,"href":"https:\/\/www.prinz.at\/fr\/wp-json\/wp\/v2\/pages\/11450\/revisions\/11463"}],"up":[{"embeddable":true,"href":"https:\/\/www.prinz.at\/fr\/wp-json\/wp\/v2\/pages\/6408"}],"wp:attachment":[{"href":"https:\/\/www.prinz.at\/fr\/wp-json\/wp\/v2\/media?parent=11450"}],"curies":[{"name":"wp","href":"https:\/\/api.w.org\/{rel}","templated":true}]}}