{"id":11539,"date":"2025-06-03T10:36:03","date_gmt":"2025-06-03T10:36:03","guid":{"rendered":"https:\/\/www.prinz.at\/couteaux-decorcage-couteaux-a-des\/"},"modified":"2026-03-04T12:31:35","modified_gmt":"2026-03-04T12:31:35","slug":"couteaux-decorcage-couteaux-a-des","status":"publish","type":"page","link":"https:\/\/www.prinz.at\/fr\/couteaux-decorcage-couteaux-a-des\/","title":{"rendered":"Couteaux d\u2019\u00e9cor\u00e7age"},"content":{"rendered":"<section class=\"wpb-content-wrapper\"><p>[vc_row][vc_column width=\u00a0\u00bb1\/2&Prime;][vc_single_image image=\u00a0\u00bb11284&Prime; img_size=\u00a0\u00bbfull\u00a0\u00bb][\/vc_column][vc_column width=\u00a0\u00bb1\/2&Prime;][vc_column_text]<strong>Fini les cassures des couteaux d\u2019\u00e9cor\u00e7age!<\/strong><\/p>\n<p>Dur\u00e9e de vie maximale sans aucun compromis.<\/p>\n<p>En partenariat avec la soci\u00e9t\u00e9 Busatis, PRINZ vous propose des couteaux de tr\u00e8s haute performance pour \u00e9corceuses et r\u00e9ducteurs de souche, sans aucun carbure. Gr\u00e2ce \u00e0 l\u2019ar\u00eate d\u2019\u00e9cor\u00e7age recharg\u00e9e par soudage par poudre plasma, ces couteaux convainquent par une r\u00e9sistance exceptionnelle \u00e0 l\u2019usure et une robustesse maximale, m\u00eame en cas de chocs, pour du bois gel\u00e9 ou avec des corps \u00e9trangers.<\/p>\n<p>Vos garanties:<\/p>\n<ul>\n<li>Une performance fiable \u00e0 toute temp\u00e9rature<\/li>\n<li>Des r\u00e9sultats optimaux pour toutes les essences et vitesses d\u2019avance<\/li>\n<li>Une grande r\u00e9sistance dans des conditions extr\u00eames<\/li>\n<li>La fin de vos d\u00e9sagr\u00e9ments avec les cassures du carbure<\/li>\n<\/ul>\n<p>Optez pour une qualit\u00e9 durable \u2013 pour des processus fiables dans l\u2019\u00e9cor\u00e7age et la transformation du bois.[\/vc_column_text][vc_empty_space]\t\t<a href=\"https:\/\/www.prinz.at\/unternehmen\/kontakt\/\" class=\"envor-btn envor-btn-secondary envor-btn-normal\">Contactez notre \u00e9quipe<\/a>\n\t\n\t[\/vc_column][\/vc_row][vc_row css=\u00a0\u00bb.vc_custom_1748947147868{margin-top: 0px !important;padding-top: 0px !important;}\u00a0\u00bb][vc_column width=\u00a0\u00bb1\/4&Prime;][vc_single_image image=\u00a0\u00bb11195&Prime; img_size=\u00a0\u00bbfull\u00a0\u00bb][vc_column_text]<strong>Couteau d\u2019\u00e9cor\u00e7age BusaCOAT\u00ae pour VK.<\/strong><br \/>\n<strong>Longueur 105 mm, ar\u00eate d\u2019\u00e9cor\u00e7age 90 mm, 2x filetage M12.<\/strong><\/p>\n<p>L\u2019ar\u00eate d\u2019\u00e9cor\u00e7age est r\u00e9alis\u00e9e par rechargement par soudage par poudre plasma, ce qui \u00e9limine toute zone bras\u00e9e susceptible de se rompre.<\/p>\n<p>R\u00e9sistant \u00e0 l\u2019usure pour une dur\u00e9e de vie extr\u00eamement longue.<\/p>\n<p>&nbsp;<\/p>\n<p>[\/vc_column_text][\/vc_column][vc_column width=\u00a0\u00bb1\/4&Prime;][vc_single_image image=\u00a0\u00bb11473&Prime; img_size=\u00a0\u00bbfull\u00a0\u00bb][vc_column_text]<strong>Couteau d\u2019\u00e9cor\u00e7age BusaCOAT\u00ae pour Cambio.<\/strong><br \/>\n<strong>50 x 83 mm, 2x filetage M12.<\/strong><\/p>\n<p>Gr\u00e2ce au rechargement par soudage par poudre plasma, l\u2019ar\u00eate d\u2019\u00e9cor\u00e7age b\u00e9n\u00e9ficie d\u2019un effet auto-aff\u00fbtant, sans zone bras\u00e9e sujette aux ruptures.<\/p>\n<p>R\u00e9sistant \u00e0 l\u2019usure pour une longue dur\u00e9e de vie.<\/p>\n<p>[\/vc_column_text][\/vc_column][vc_column width=\u00a0\u00bb1\/4&Prime;][vc_single_image image=\u00a0\u00bb11307&Prime; img_size=\u00a0\u00bbfull\u00a0\u00bb][vc_column_text]<strong>\u0421outeau BusaCOAT\u00ae 60 x 54 x 40 mm pour r\u00e9ducteur de souche.<\/strong><\/p>\n<p>Le rechargement par soudage par poudre plasma prot\u00e8ge le tranchant contre l\u2019usure rapide.<\/p>\n<p>R\u00e9sistant \u00e0 l\u2019usure pour une dur\u00e9e de vie multipli\u00e9e par 3 \u00e0 4.[\/vc_column_text][\/vc_column][vc_column width=\u00a0\u00bb1\/4&Prime;][vc_single_image image=\u00a0\u00bb11478&Prime; img_size=\u00a0\u00bbfull\u00a0\u00bb][vc_column_text]<strong>Peigne BusaDUR\u00ae 175 mm.<\/strong><\/p>\n<p>Couche de protection en fer fritt\u00e9 \u00e0 haute duret\u00e9 pour une dur\u00e9e de vie multipli\u00e9e par 4 \u00e0 6.[\/vc_column_text][\/vc_column][\/vc_row]<\/p>\n<\/section>","protected":false},"excerpt":{"rendered":"<p>[vc_row][vc_column width=\u00a0\u00bb1\/2&Prime;][vc_single_image image=\u00a0\u00bb11284&Prime; img_size=\u00a0\u00bbfull\u00a0\u00bb][\/vc_column][vc_column width=\u00a0\u00bb1\/2&Prime;][vc_column_text]Fini les cassures des couteaux d\u2019\u00e9cor\u00e7age! Dur\u00e9e de vie maximale sans aucun compromis. En partenariat avec la soci\u00e9t\u00e9 Busatis, PRINZ vous propose des couteaux de tr\u00e8s haute performance pour \u00e9corceuses et r\u00e9ducteurs de souche, sans aucun carbure. Gr\u00e2ce \u00e0 l\u2019ar\u00eate d\u2019\u00e9cor\u00e7age recharg\u00e9e par soudage par poudre plasma, ces couteaux convainquent par [&hellip;]<\/p>\n","protected":false},"author":5,"featured_media":0,"parent":0,"menu_order":0,"comment_status":"closed","ping_status":"closed","template":"","meta":[],"yoast_head":"<!-- This site is optimized with the Yoast SEO plugin v21.8.1 - https:\/\/yoast.com\/wordpress\/plugins\/seo\/ -->\n<title>Couteaux d\u2019\u00e9cor\u00e7age - PRINZ<\/title>\n<meta name=\"robots\" content=\"index, follow, max-snippet:-1, max-image-preview:large, max-video-preview:-1\" \/>\n<link rel=\"canonical\" href=\"https:\/\/www.prinz.at\/fr\/couteaux-decorcage-couteaux-a-des\/\" \/>\n<meta property=\"og:locale\" content=\"fr_FR\" \/>\n<meta property=\"og:type\" content=\"article\" \/>\n<meta property=\"og:title\" content=\"Couteaux d\u2019\u00e9cor\u00e7age - PRINZ\" \/>\n<meta property=\"og:description\" content=\"[vc_row][vc_column width=\u00a0\u00bb1\/2&Prime;][vc_single_image image=\u00a0\u00bb11284&Prime; img_size=\u00a0\u00bbfull\u00a0\u00bb][\/vc_column][vc_column width=\u00a0\u00bb1\/2&Prime;][vc_column_text]Fini les cassures des couteaux d\u2019\u00e9cor\u00e7age! Dur\u00e9e de vie maximale sans aucun compromis. En partenariat avec la soci\u00e9t\u00e9 Busatis, PRINZ vous propose des couteaux de tr\u00e8s haute performance pour \u00e9corceuses et r\u00e9ducteurs de souche, sans aucun carbure. Gr\u00e2ce \u00e0 l\u2019ar\u00eate d\u2019\u00e9cor\u00e7age recharg\u00e9e par soudage par poudre plasma, ces couteaux convainquent par [&hellip;]\" \/>\n<meta property=\"og:url\" content=\"https:\/\/www.prinz.at\/fr\/couteaux-decorcage-couteaux-a-des\/\" \/>\n<meta property=\"og:site_name\" content=\"PRINZ\" \/>\n<meta property=\"article:modified_time\" content=\"2026-03-04T12:31:35+00:00\" \/>\n<meta name=\"twitter:card\" content=\"summary_large_image\" \/>\n<meta name=\"twitter:label1\" content=\"Dur\u00e9e de lecture estim\u00e9e\" \/>\n\t<meta name=\"twitter:data1\" content=\"3 minutes\" \/>\n<script type=\"application\/ld+json\" class=\"yoast-schema-graph\">{\"@context\":\"https:\/\/schema.org\",\"@graph\":[{\"@type\":\"WebPage\",\"@id\":\"https:\/\/www.prinz.at\/fr\/couteaux-decorcage-couteaux-a-des\/\",\"url\":\"https:\/\/www.prinz.at\/fr\/couteaux-decorcage-couteaux-a-des\/\",\"name\":\"Couteaux d\u2019\u00e9cor\u00e7age - PRINZ\",\"isPartOf\":{\"@id\":\"https:\/\/www.prinz.at\/#website\"},\"datePublished\":\"2025-06-03T10:36:03+00:00\",\"dateModified\":\"2026-03-04T12:31:35+00:00\",\"breadcrumb\":{\"@id\":\"https:\/\/www.prinz.at\/fr\/couteaux-decorcage-couteaux-a-des\/#breadcrumb\"},\"inLanguage\":\"fr-FR\",\"potentialAction\":[{\"@type\":\"ReadAction\",\"target\":[\"https:\/\/www.prinz.at\/fr\/couteaux-decorcage-couteaux-a-des\/\"]}]},{\"@type\":\"BreadcrumbList\",\"@id\":\"https:\/\/www.prinz.at\/fr\/couteaux-decorcage-couteaux-a-des\/#breadcrumb\",\"itemListElement\":[{\"@type\":\"ListItem\",\"position\":1,\"name\":\"Startseite\",\"item\":\"https:\/\/www.prinz.at\/fr\/\"},{\"@type\":\"ListItem\",\"position\":2,\"name\":\"Couteaux d\u2019\u00e9cor\u00e7age\"}]},{\"@type\":\"WebSite\",\"@id\":\"https:\/\/www.prinz.at\/#website\",\"url\":\"https:\/\/www.prinz.at\/\",\"name\":\"PRINZ\",\"description\":\"\",\"potentialAction\":[{\"@type\":\"SearchAction\",\"target\":{\"@type\":\"EntryPoint\",\"urlTemplate\":\"https:\/\/www.prinz.at\/?s={search_term_string}\"},\"query-input\":\"required name=search_term_string\"}],\"inLanguage\":\"fr-FR\"}]}<\/script>\n<!-- \/ Yoast SEO plugin. -->","yoast_head_json":{"title":"Couteaux d\u2019\u00e9cor\u00e7age - PRINZ","robots":{"index":"index","follow":"follow","max-snippet":"max-snippet:-1","max-image-preview":"max-image-preview:large","max-video-preview":"max-video-preview:-1"},"canonical":"https:\/\/www.prinz.at\/fr\/couteaux-decorcage-couteaux-a-des\/","og_locale":"fr_FR","og_type":"article","og_title":"Couteaux d\u2019\u00e9cor\u00e7age - PRINZ","og_description":"[vc_row][vc_column width=\u00a0\u00bb1\/2&Prime;][vc_single_image image=\u00a0\u00bb11284&Prime; img_size=\u00a0\u00bbfull\u00a0\u00bb][\/vc_column][vc_column width=\u00a0\u00bb1\/2&Prime;][vc_column_text]Fini les cassures des couteaux d\u2019\u00e9cor\u00e7age! Dur\u00e9e de vie maximale sans aucun compromis. En partenariat avec la soci\u00e9t\u00e9 Busatis, PRINZ vous propose des couteaux de tr\u00e8s haute performance pour \u00e9corceuses et r\u00e9ducteurs de souche, sans aucun carbure. Gr\u00e2ce \u00e0 l\u2019ar\u00eate d\u2019\u00e9cor\u00e7age recharg\u00e9e par soudage par poudre plasma, ces couteaux convainquent par [&hellip;]","og_url":"https:\/\/www.prinz.at\/fr\/couteaux-decorcage-couteaux-a-des\/","og_site_name":"PRINZ","article_modified_time":"2026-03-04T12:31:35+00:00","twitter_card":"summary_large_image","twitter_misc":{"Dur\u00e9e de lecture estim\u00e9e":"3 minutes"},"schema":{"@context":"https:\/\/schema.org","@graph":[{"@type":"WebPage","@id":"https:\/\/www.prinz.at\/fr\/couteaux-decorcage-couteaux-a-des\/","url":"https:\/\/www.prinz.at\/fr\/couteaux-decorcage-couteaux-a-des\/","name":"Couteaux d\u2019\u00e9cor\u00e7age - PRINZ","isPartOf":{"@id":"https:\/\/www.prinz.at\/#website"},"datePublished":"2025-06-03T10:36:03+00:00","dateModified":"2026-03-04T12:31:35+00:00","breadcrumb":{"@id":"https:\/\/www.prinz.at\/fr\/couteaux-decorcage-couteaux-a-des\/#breadcrumb"},"inLanguage":"fr-FR","potentialAction":[{"@type":"ReadAction","target":["https:\/\/www.prinz.at\/fr\/couteaux-decorcage-couteaux-a-des\/"]}]},{"@type":"BreadcrumbList","@id":"https:\/\/www.prinz.at\/fr\/couteaux-decorcage-couteaux-a-des\/#breadcrumb","itemListElement":[{"@type":"ListItem","position":1,"name":"Startseite","item":"https:\/\/www.prinz.at\/fr\/"},{"@type":"ListItem","position":2,"name":"Couteaux d\u2019\u00e9cor\u00e7age"}]},{"@type":"WebSite","@id":"https:\/\/www.prinz.at\/#website","url":"https:\/\/www.prinz.at\/","name":"PRINZ","description":"","potentialAction":[{"@type":"SearchAction","target":{"@type":"EntryPoint","urlTemplate":"https:\/\/www.prinz.at\/?s={search_term_string}"},"query-input":"required name=search_term_string"}],"inLanguage":"fr-FR"}]}},"_links":{"self":[{"href":"https:\/\/www.prinz.at\/fr\/wp-json\/wp\/v2\/pages\/11539"}],"collection":[{"href":"https:\/\/www.prinz.at\/fr\/wp-json\/wp\/v2\/pages"}],"about":[{"href":"https:\/\/www.prinz.at\/fr\/wp-json\/wp\/v2\/types\/page"}],"author":[{"embeddable":true,"href":"https:\/\/www.prinz.at\/fr\/wp-json\/wp\/v2\/users\/5"}],"replies":[{"embeddable":true,"href":"https:\/\/www.prinz.at\/fr\/wp-json\/wp\/v2\/comments?post=11539"}],"version-history":[{"count":10,"href":"https:\/\/www.prinz.at\/fr\/wp-json\/wp\/v2\/pages\/11539\/revisions"}],"predecessor-version":[{"id":11563,"href":"https:\/\/www.prinz.at\/fr\/wp-json\/wp\/v2\/pages\/11539\/revisions\/11563"}],"wp:attachment":[{"href":"https:\/\/www.prinz.at\/fr\/wp-json\/wp\/v2\/media?parent=11539"}],"curies":[{"name":"wp","href":"https:\/\/api.w.org\/{rel}","templated":true}]}}