{"id":6378,"date":"2015-01-15T16:52:04","date_gmt":"2015-01-15T16:52:04","guid":{"rendered":"https:\/\/www.prinz.at\/start\/"},"modified":"2026-01-29T14:12:22","modified_gmt":"2026-01-29T14:12:22","slug":"start","status":"publish","type":"page","link":"https:\/\/www.prinz.at\/fr\/","title":{"rendered":"Start"},"content":{"rendered":"<section class=\"wpb-content-wrapper\"><p>[vc_row css=\u00a0\u00bb.vc_custom_1421341344061{margin-top: 0px !important;margin-bottom: 0px !important;border-top-width: 0px !important;border-bottom-width: 0px !important;padding-top: 0px !important;padding-bottom: 0px !important;}\u00a0\u00bb][vc_column][layerslider_vc id=\u00a0\u00bb45&Prime;][\/vc_column][\/vc_row][vc_row][vc_column][vc_row_inner css=\u00a0\u00bb.vc_custom_1726586542199{margin-bottom: 5px !important;padding-bottom: 0px !important;}\u00a0\u00bb][vc_column_inner width=\u00a0\u00bb1\/3&Prime;][vc_hoverbox image=\u00a0\u00bb926&Prime; primary_title=\u00a0\u00bbScies pour le bois\u00a0\u00bb primary_align=\u00a0\u00bbleft\u00a0\u00bb primary_title_font_container=\u00a0\u00bbfont_size:24|color:%23ffffff\u00a0\u00bb primary_title_use_theme_fonts=\u00a0\u00bbyes\u00a0\u00bb hover_title=\u00a0\u00bbScies pour le bois\u00a0\u00bb hover_title_font_container=\u00a0\u00bbfont_size:24&Prime; hover_title_use_theme_fonts=\u00a0\u00bbyes\u00a0\u00bb align=\u00a0\u00bbleft\u00a0\u00bb hover_btn_title=\u00a0\u00bbEn savoir plus\u00a0\u00bb hover_btn_style=\u00a0\u00bbclassic\u00a0\u00bb hover_btn_color=\u00a0\u00bbinverse\u00a0\u00bb hover_btn_size=\u00a0\u00bbsm\u00a0\u00bb hover_btn_align=\u00a0\u00bbcenter\u00a0\u00bb hover_btn_i_icon_fontawesome=\u00a0\u00bbfas fa-info\u00a0\u00bb use_custom_fonts_primary_title=\u00a0\u00bbtrue\u00a0\u00bb use_custom_fonts_hover_title=\u00a0\u00bbtrue\u00a0\u00bb hover_add_button=\u00a0\u00bbtrue\u00a0\u00bb hover_btn_add_icon=\u00a0\u00bbtrue\u00a0\u00bb hover_btn_link=\u00a0\u00bburl:https%3A%2F%2Fwww.prinz.at%2Ffr%2Fproduits%2Fscies-pour-le-bois%2F\u00a0\u00bb css=\u00a0\u00bb.vc_custom_1769695335261{padding-top: 5px !important;padding-right: 5px !important;padding-bottom: 5px !important;padding-left: 5px !important;}\u00a0\u00bb]Gr\u00e2ce \u00e0 sa technologie de tron\u00e7onnage \u00e0 cha\u00eene, PRINZ propose des solutions cl\u00e9 en main pour le parc \u00e0 grumes et la recoupe de paquets, fabriqu\u00e9es \u00e0 Loosdorf, avec une gamme allant des mod\u00e8les d\u2019entr\u00e9e aux solutions compl\u00e8tes.[\/vc_hoverbox][\/vc_column_inner][vc_column_inner width=\u00a0\u00bb1\/3&Prime;][vc_hoverbox image=\u00a0\u00bb3071&Prime; primary_title=\u00a0\u00bbScies pour rouleaux de papier\u00a0\u00bb primary_title_font_container=\u00a0\u00bbfont_size:24|color:%23ffffff\u00a0\u00bb primary_title_use_theme_fonts=\u00a0\u00bbyes\u00a0\u00bb hover_title=\u00a0\u00bbScies pour rouleaux de papier\u00a0\u00bb hover_title_font_container=\u00a0\u00bbfont_size:24&Prime; hover_title_use_theme_fonts=\u00a0\u00bbyes\u00a0\u00bb align=\u00a0\u00bbleft\u00a0\u00bb hover_btn_title=\u00a0\u00bbEn savoir plus\u00a0\u00bb hover_btn_style=\u00a0\u00bbclassic\u00a0\u00bb hover_btn_color=\u00a0\u00bbinverse\u00a0\u00bb hover_btn_size=\u00a0\u00bbsm\u00a0\u00bb hover_btn_align=\u00a0\u00bbcenter\u00a0\u00bb hover_btn_i_icon_fontawesome=\u00a0\u00bbfas fa-info\u00a0\u00bb use_custom_fonts_primary_title=\u00a0\u00bbtrue\u00a0\u00bb use_custom_fonts_hover_title=\u00a0\u00bbtrue\u00a0\u00bb hover_add_button=\u00a0\u00bbtrue\u00a0\u00bb hover_btn_add_icon=\u00a0\u00bbtrue\u00a0\u00bb hover_btn_link=\u00a0\u00bburl:https%3A%2F%2Fwww.prinz.at%2Ffr%2Fproduits%2Fscies-pour-papier%2F\u00a0\u00bb css=\u00a0\u00bb.vc_custom_1769695284102{padding-top: 5px !important;padding-right: 5px !important;padding-bottom: 5px !important;padding-left: 5px !important;}\u00a0\u00bb]<\/p>\n<div class=\"flex flex-col text-sm pb-25\">\n<article class=\"text-token-text-primary w-full focus:outline-none [--shadow-height:45px] has-data-writing-block:pointer-events-none has-data-writing-block:-mt-(--shadow-height) has-data-writing-block:pt-(--shadow-height) [&amp;:has([data-writing-block])&gt;*]:pointer-events-auto scroll-mt-[calc(var(--header-height)+min(200px,max(70px,20svh)))]\" dir=\"auto\" tabindex=\"-1\" data-turn-id=\"request-WEB:5ea26b34-62d5-4b25-bdbe-30b1297045ef-9\" data-testid=\"conversation-turn-20\" data-scroll-anchor=\"true\" data-turn=\"assistant\">\n<div class=\"text-base my-auto mx-auto pb-10 [--thread-content-margin:--spacing(4)] @w-sm\/main:[--thread-content-margin:--spacing(6)] @w-lg\/main:[--thread-content-margin:--spacing(16)] px-(--thread-content-margin)\">\n<div class=\"[--thread-content-max-width:40rem] @w-lg\/main:[--thread-content-max-width:48rem] mx-auto max-w-(--thread-content-max-width) flex-1 group\/turn-messages focus-visible:outline-hidden relative flex w-full min-w-0 flex-col agent-turn\" tabindex=\"-1\">\n<div class=\"flex max-w-full flex-col grow\">\n<div class=\"min-h-8 text-message relative flex w-full flex-col items-end gap-2 text-start break-words whitespace-normal [.text-message+&amp;]:mt-1\" dir=\"auto\" data-message-author-role=\"assistant\" data-message-id=\"9cc0c25a-0814-4e04-a6d6-b692ec6b9094\" data-message-model-slug=\"gpt-5-2\">\n<div class=\"flex w-full flex-col gap-1 empty:hidden first:pt-[1px]\">\n<div class=\"markdown prose dark:prose-invert w-full wrap-break-word light markdown-new-styling\">\n<p data-start=\"62\" data-end=\"251\">Les scies PRINZ pour le papier permettent de recouper des bobines enti\u00e8res sans d\u00e9roulement pr\u00e9alable, offrant une solution rapide pour les rouleaux endommag\u00e9s ou destin\u00e9s au recyclage.<\/p>\n<\/div>\n<\/div>\n<\/div>\n<\/div>\n<\/div>\n<\/div>\n<\/article>\n<\/div>\n<div class=\"pointer-events-none h-px w-px absolute bottom-0\" aria-hidden=\"true\" data-edge=\"true\"><\/div>\n<p>[\/vc_hoverbox][\/vc_column_inner][vc_column_inner width=\u00a0\u00bb1\/3&Prime;][vc_hoverbox image=\u00a0\u00bb2750&Prime; primary_title=\u00a0\u00bbScies pour les mati\u00e8res plastiques\u00a0\u00bb primary_title_font_container=\u00a0\u00bbfont_size:24|color:%23ffffff\u00a0\u00bb primary_title_use_theme_fonts=\u00a0\u00bbyes\u00a0\u00bb hover_title=\u00a0\u00bbScies pour les mati\u00e8res plastiques\u00a0\u00bb hover_title_font_container=\u00a0\u00bbfont_size:24&Prime; hover_title_use_theme_fonts=\u00a0\u00bbyes\u00a0\u00bb align=\u00a0\u00bbleft\u00a0\u00bb hover_btn_title=\u00a0\u00bbEn savoir plus\u00a0\u00bb hover_btn_style=\u00a0\u00bbclassic\u00a0\u00bb hover_btn_color=\u00a0\u00bbinverse\u00a0\u00bb hover_btn_size=\u00a0\u00bbsm\u00a0\u00bb hover_btn_align=\u00a0\u00bbcenter\u00a0\u00bb hover_btn_i_icon_fontawesome=\u00a0\u00bbfas fa-info\u00a0\u00bb use_custom_fonts_primary_title=\u00a0\u00bbtrue\u00a0\u00bb use_custom_fonts_hover_title=\u00a0\u00bbtrue\u00a0\u00bb hover_add_button=\u00a0\u00bbtrue\u00a0\u00bb hover_btn_add_icon=\u00a0\u00bbtrue\u00a0\u00bb hover_btn_link=\u00a0\u00bburl:https%3A%2F%2Fwww.prinz.at%2Ffr%2Fproduits%2Fscies-pour-les-matieres-plastiques%2F\u00a0\u00bb css=\u00a0\u00bb.vc_custom_1769695512699{padding-top: 5px !important;padding-right: 5px !important;padding-bottom: 5px !important;padding-left: 5px !important;}\u00a0\u00bb]Durant ces derni\u00e8res ann\u00e9es, PRINZ s&rsquo;est particuli\u00e8ment impliqu\u00e9 dans le d\u00e9veloppement de tron\u00e7onneuses sp\u00e9ciales pour couper diff\u00e9rents mat\u00e9riaux en plastique.[\/vc_hoverbox][\/vc_column_inner][\/vc_row_inner][vc_row_inner css=\u00a0\u00bb.vc_custom_1726586660596{margin-top: 5px !important;margin-bottom: 0px !important;padding-top: 5px !important;padding-bottom: 0px !important;}\u00a0\u00bb][vc_column_inner width=\u00a0\u00bb1\/3&Prime;][vc_hoverbox image=\u00a0\u00bb11314&Prime; primary_title=\u00a0\u00bbCouteaux d\u2019\u00e9cor\u00e7age\u00a0\u00bb primary_align=\u00a0\u00bbleft\u00a0\u00bb primary_title_font_container=\u00a0\u00bbfont_size:24|color:%23ffffff\u00a0\u00bb primary_title_use_theme_fonts=\u00a0\u00bbyes\u00a0\u00bb hover_title=\u00a0\u00bbCouteaux d\u2019\u00e9cor\u00e7age\u00a0\u00bb hover_title_font_container=\u00a0\u00bbfont_size:24&Prime; hover_title_use_theme_fonts=\u00a0\u00bbyes\u00a0\u00bb align=\u00a0\u00bbleft\u00a0\u00bb hover_btn_title=\u00a0\u00bbEn savoir plus\u00a0\u00bb hover_btn_style=\u00a0\u00bbclassic\u00a0\u00bb hover_btn_color=\u00a0\u00bbinverse\u00a0\u00bb hover_btn_size=\u00a0\u00bbsm\u00a0\u00bb hover_btn_align=\u00a0\u00bbcenter\u00a0\u00bb hover_btn_i_icon_fontawesome=\u00a0\u00bbfas fa-info\u00a0\u00bb use_custom_fonts_primary_title=\u00a0\u00bbtrue\u00a0\u00bb use_custom_fonts_hover_title=\u00a0\u00bbtrue\u00a0\u00bb hover_add_button=\u00a0\u00bbtrue\u00a0\u00bb hover_btn_add_icon=\u00a0\u00bbtrue\u00a0\u00bb hover_btn_link=\u00a0\u00bburl:https%3A%2F%2Fwww.prinz.at%2Ffr%2Fcouteaux-decorcage-couteaux-a-des%2F\u00a0\u00bb css=\u00a0\u00bb.vc_custom_1769695926713{padding-top: 5px !important;padding-right: 5px !important;padding-bottom: 5px !important;padding-left: 5px !important;}\u00a0\u00bb]En partenariat avec la soci\u00e9t\u00e9 Busatis, PRINZ vous propose des couteaux de tr\u00e8s haute performance pour \u00e9corceuses et r\u00e9ducteurs de souche, sans aucun carbure.[\/vc_hoverbox][\/vc_column_inner][vc_column_inner width=\u00a0\u00bb1\/3&Prime;][vc_hoverbox image=\u00a0\u00bb6130&Prime; primary_title=\u00a0\u00bbPC120 \u2013 le placopl\u00e2tre\u00a0\u00bb primary_title_font_container=\u00a0\u00bbfont_size:24|color:%23ffffff\u00a0\u00bb primary_title_use_theme_fonts=\u00a0\u00bbyes\u00a0\u00bb hover_title=\u00a0\u00bbPC120 \u2013 le placopl\u00e2tre\u00a0\u00bb hover_title_font_container=\u00a0\u00bbfont_size:24&Prime; hover_title_use_theme_fonts=\u00a0\u00bbyes\u00a0\u00bb align=\u00a0\u00bbleft\u00a0\u00bb hover_btn_title=\u00a0\u00bbEn savoir plus\u00a0\u00bb hover_btn_style=\u00a0\u00bbclassic\u00a0\u00bb hover_btn_color=\u00a0\u00bbinverse\u00a0\u00bb hover_btn_size=\u00a0\u00bbsm\u00a0\u00bb hover_btn_align=\u00a0\u00bbcenter\u00a0\u00bb hover_btn_i_icon_fontawesome=\u00a0\u00bbfas fa-info\u00a0\u00bb use_custom_fonts_primary_title=\u00a0\u00bbtrue\u00a0\u00bb use_custom_fonts_hover_title=\u00a0\u00bbtrue\u00a0\u00bb hover_add_button=\u00a0\u00bbtrue\u00a0\u00bb hover_btn_add_icon=\u00a0\u00bbtrue\u00a0\u00bb hover_btn_link=\u00a0\u00bburl:https%3A%2F%2Fwww.prinz.at%2Ffr%2Fproduits%2Fpc120-le-placoplatre%2F\u00a0\u00bb css=\u00a0\u00bb.vc_custom_1769695200837{padding-top: 5px !important;padding-right: 5px !important;padding-bottom: 5px !important;padding-left: 5px !important;}\u00a0\u00bb]Gr\u00e2ce \u00e0 des d\u00e9veloppements constants en \u00e9troite collaboration avec les fabricants de plaques de pl\u00e2tre, PRINZ est devenu le premier fournisseur mondial d\u2019outils et de scies pour la d\u00e9coupe de plaques de pl\u00e2tre.[\/vc_hoverbox][\/vc_column_inner][vc_column_inner width=\u00a0\u00bb1\/3&Prime;][vc_hoverbox image=\u00a0\u00bb11340&Prime; primary_title=\u00a0\u00bbCircular Saw Monitoring\u00a0\u00bb primary_align=\u00a0\u00bbleft\u00a0\u00bb primary_title_font_container=\u00a0\u00bbfont_size:24|color:%23ffffff\u00a0\u00bb primary_title_use_theme_fonts=\u00a0\u00bbyes\u00a0\u00bb hover_title=\u00a0\u00bbCircular Saw Monitoring\u00a0\u00bb hover_title_font_container=\u00a0\u00bbfont_size:24&Prime; hover_title_use_theme_fonts=\u00a0\u00bbyes\u00a0\u00bb align=\u00a0\u00bbleft\u00a0\u00bb hover_btn_title=\u00a0\u00bbEn savoir plus\u00a0\u00bb hover_btn_style=\u00a0\u00bbclassic\u00a0\u00bb hover_btn_color=\u00a0\u00bbinverse\u00a0\u00bb hover_btn_size=\u00a0\u00bbsm\u00a0\u00bb hover_btn_align=\u00a0\u00bbcenter\u00a0\u00bb hover_btn_i_icon_fontawesome=\u00a0\u00bbfas fa-info\u00a0\u00bb use_custom_fonts_primary_title=\u00a0\u00bbtrue\u00a0\u00bb use_custom_fonts_hover_title=\u00a0\u00bbtrue\u00a0\u00bb hover_add_button=\u00a0\u00bbtrue\u00a0\u00bb hover_btn_add_icon=\u00a0\u00bbtrue\u00a0\u00bb hover_btn_link=\u00a0\u00bburl:https%3A%2F%2Fwww.saw-monitoring.com%2F%3Flang%3Dfr\u00a0\u00bb css=\u00a0\u00bb.vc_custom_1769694956757{padding-top: 5px !important;padding-right: 5px !important;padding-bottom: 5px !important;padding-left: 5px !important;}\u00a0\u00bb]<\/p>\n<p class=\"headline font-special fontsize-l fontweight-700 lh-inherit align-center transform-uppercase \">Soyez \u00e0 l\u2019\u00e9coute de votre scie!<\/p>\n<p>[\/vc_hoverbox][\/vc_column_inner][\/vc_row_inner][\/vc_column][\/vc_row][vc_row css=\u00a0\u00bb.vc_custom_1727088489723{margin-top: 5px !important;margin-bottom: 0px !important;padding-top: 5px !important;padding-bottom: 0px !important;}\u00a0\u00bb][vc_column][vc_video link=\u00a0\u00bbhttps:\/\/youtu.be\/cANzt9UD-dU?si=8C0VvBn-kBRK-4UF\u00a0\u00bb][\/vc_column][\/vc_row][vc_row css=\u00a0\u00bb.vc_custom_1726729699945{margin-top: 0px !important;padding-top: 0px !important;}\u00a0\u00bb][vc_column][vc_row_inner css=\u00a0\u00bb.vc_custom_1534944765829{margin-top: 70px !important;}\u00a0\u00bb][vc_column_inner width=\u00a0\u00bb1\/3&Prime;][vc_video link=\u00a0\u00bbhttps:\/\/youtu.be\/m9NE-kmJuSY?si=TapI1qBZYsV_OJkn\u00a0\u00bb align=\u00a0\u00bbcenter\u00a0\u00bb][\/vc_column_inner][vc_column_inner width=\u00a0\u00bb1\/3&Prime;][vc_video link=\u00a0\u00bbhttps:\/\/youtu.be\/tNAsMjxOsyo?si=EnmSbMpdVzSGb95f\u00a0\u00bb align=\u00a0\u00bbcenter\u00a0\u00bb][\/vc_column_inner][vc_column_inner width=\u00a0\u00bb1\/3&Prime;][vc_video link=\u00a0\u00bbhttps:\/\/youtu.be\/5GlUg8yZubk?si=OLIHnP6hbnZZr7tj\u00a0\u00bb align=\u00a0\u00bbcenter\u00a0\u00bb][\/vc_column_inner][\/vc_row_inner][\/vc_column][\/vc_row][vc_row css=\u00a0\u00bb.vc_custom_1421780562929{margin-top: 0px !important;border-top-width: 0px !important;padding-top: 25px !important;background-color: #efefef !important;}\u00a0\u00bb][vc_column width=\u00a0\u00bb3\/6&Prime;][vc_column_text]<\/p>\n<h1>R\u00e9seau international<\/h1>\n<p>La soci\u00e9t\u00e9\u00a0<strong>PRINZ\u00a0<\/strong><strong>GmbH<\/strong>\u00a0dispose d\u2019un r\u00e9seau de partenaires \u00e0 \u00e9chelle internationale. Les principaux domaines sont l\u2019Europe, l\u2019Am\u00e9rique du Nord, l\u2019Afrique et l\u2019Asie.[\/vc_column_text]\t\t<a href=\"\/it\/unternehmen\/kontakt\/\" class=\"envor-btn envor-btn-primary envor-btn-small\"><\/a>\n\t\n\t\t\t<a href=\"\/it\/prinz-around-the-world\/\" class=\"envor-btn envor-btn-secondary envor-btn-small\"><\/a>\n\t\n\t[\/vc_column][vc_column width=\u00a0\u00bb2\/6&Prime;][vc_column_text]\n\t\t\t\t<div class=\"event-list\"><p>no event<\/p>\n\t\t\t\t<\/div>[\/vc_column_text][\/vc_column][vc_column width=\u00a0\u00bb1\/6&Prime; css=\u00a0\u00bb.vc_custom_1498732036018{margin-top: 20px !important;padding-top: 0px !important;}\u00a0\u00bb][\/vc_column][\/vc_row]<\/p>\n<\/section>","protected":false},"excerpt":{"rendered":"<p>[vc_row css=\u00a0\u00bb.vc_custom_1421341344061{margin-top: 0px !important;margin-bottom: 0px !important;border-top-width: 0px !important;border-bottom-width: 0px !important;padding-top: 0px !important;padding-bottom: 0px !important;}\u00a0\u00bb][vc_column][layerslider_vc id=\u00a0\u00bb45&Prime;][\/vc_column][\/vc_row][vc_row][vc_column][vc_row_inner css=\u00a0\u00bb.vc_custom_1726586542199{margin-bottom: 5px !important;padding-bottom: 0px !important;}\u00a0\u00bb][vc_column_inner width=\u00a0\u00bb1\/3&Prime;][vc_hoverbox image=\u00a0\u00bb926&Prime; primary_title=\u00a0\u00bbScies pour le bois\u00a0\u00bb primary_align=\u00a0\u00bbleft\u00a0\u00bb primary_title_font_container=\u00a0\u00bbfont_size:24|color:%23ffffff\u00a0\u00bb primary_title_use_theme_fonts=\u00a0\u00bbyes\u00a0\u00bb hover_title=\u00a0\u00bbScies pour le bois\u00a0\u00bb hover_title_font_container=\u00a0\u00bbfont_size:24&Prime; hover_title_use_theme_fonts=\u00a0\u00bbyes\u00a0\u00bb align=\u00a0\u00bbleft\u00a0\u00bb hover_btn_title=\u00a0\u00bbEn savoir plus\u00a0\u00bb hover_btn_style=\u00a0\u00bbclassic\u00a0\u00bb hover_btn_color=\u00a0\u00bbinverse\u00a0\u00bb hover_btn_size=\u00a0\u00bbsm\u00a0\u00bb hover_btn_align=\u00a0\u00bbcenter\u00a0\u00bb hover_btn_i_icon_fontawesome=\u00a0\u00bbfas fa-info\u00a0\u00bb use_custom_fonts_primary_title=\u00a0\u00bbtrue\u00a0\u00bb use_custom_fonts_hover_title=\u00a0\u00bbtrue\u00a0\u00bb hover_add_button=\u00a0\u00bbtrue\u00a0\u00bb hover_btn_add_icon=\u00a0\u00bbtrue\u00a0\u00bb hover_btn_link=\u00a0\u00bburl:https%3A%2F%2Fwww.prinz.at%2Ffr%2Fproduits%2Fscies-pour-le-bois%2F\u00a0\u00bb css=\u00a0\u00bb.vc_custom_1769695335261{padding-top: 5px !important;padding-right: 5px !important;padding-bottom: [&hellip;]<\/p>\n","protected":false},"author":1,"featured_media":0,"parent":0,"menu_order":0,"comment_status":"open","ping_status":"open","template":"page-templates\/template-home.php","meta":[],"yoast_head":"<!-- This site is optimized with the Yoast SEO plugin v21.8.1 - https:\/\/yoast.com\/wordpress\/plugins\/seo\/ -->\n<title>Start - PRINZ<\/title>\n<meta name=\"robots\" content=\"index, follow, max-snippet:-1, max-image-preview:large, max-video-preview:-1\" \/>\n<link rel=\"canonical\" href=\"https:\/\/www.prinz.at\/fr\/\" \/>\n<meta property=\"og:locale\" content=\"fr_FR\" \/>\n<meta property=\"og:type\" content=\"article\" \/>\n<meta property=\"og:title\" content=\"Start - PRINZ\" \/>\n<meta property=\"og:description\" content=\"[vc_row css=\u00a0\u00bb.vc_custom_1421341344061{margin-top: 0px !important;margin-bottom: 0px !important;border-top-width: 0px !important;border-bottom-width: 0px !important;padding-top: 0px !important;padding-bottom: 0px !important;}\u00a0\u00bb][vc_column][layerslider_vc id=\u00a0\u00bb45&Prime;][\/vc_column][\/vc_row][vc_row][vc_column][vc_row_inner css=\u00a0\u00bb.vc_custom_1726586542199{margin-bottom: 5px !important;padding-bottom: 0px !important;}\u00a0\u00bb][vc_column_inner width=\u00a0\u00bb1\/3&Prime;][vc_hoverbox image=\u00a0\u00bb926&Prime; primary_title=\u00a0\u00bbScies pour le bois\u00a0\u00bb primary_align=\u00a0\u00bbleft\u00a0\u00bb primary_title_font_container=\u00a0\u00bbfont_size:24|color:%23ffffff\u00a0\u00bb primary_title_use_theme_fonts=\u00a0\u00bbyes\u00a0\u00bb hover_title=\u00a0\u00bbScies pour le bois\u00a0\u00bb hover_title_font_container=\u00a0\u00bbfont_size:24&Prime; hover_title_use_theme_fonts=\u00a0\u00bbyes\u00a0\u00bb align=\u00a0\u00bbleft\u00a0\u00bb hover_btn_title=\u00a0\u00bbEn savoir plus\u00a0\u00bb hover_btn_style=\u00a0\u00bbclassic\u00a0\u00bb hover_btn_color=\u00a0\u00bbinverse\u00a0\u00bb hover_btn_size=\u00a0\u00bbsm\u00a0\u00bb hover_btn_align=\u00a0\u00bbcenter\u00a0\u00bb hover_btn_i_icon_fontawesome=\u00a0\u00bbfas fa-info\u00a0\u00bb use_custom_fonts_primary_title=\u00a0\u00bbtrue\u00a0\u00bb use_custom_fonts_hover_title=\u00a0\u00bbtrue\u00a0\u00bb hover_add_button=\u00a0\u00bbtrue\u00a0\u00bb hover_btn_add_icon=\u00a0\u00bbtrue\u00a0\u00bb hover_btn_link=\u00a0\u00bburl:https%3A%2F%2Fwww.prinz.at%2Ffr%2Fproduits%2Fscies-pour-le-bois%2F\u00a0\u00bb css=\u00a0\u00bb.vc_custom_1769695335261{padding-top: 5px !important;padding-right: 5px !important;padding-bottom: [&hellip;]\" \/>\n<meta property=\"og:url\" content=\"https:\/\/www.prinz.at\/fr\/\" \/>\n<meta property=\"og:site_name\" content=\"PRINZ\" \/>\n<meta property=\"article:modified_time\" content=\"2026-01-29T14:12:22+00:00\" \/>\n<meta name=\"twitter:card\" content=\"summary_large_image\" \/>\n<meta name=\"twitter:label1\" content=\"Dur\u00e9e de lecture estim\u00e9e\" \/>\n\t<meta name=\"twitter:data1\" content=\"4 minutes\" \/>\n<script type=\"application\/ld+json\" class=\"yoast-schema-graph\">{\"@context\":\"https:\/\/schema.org\",\"@graph\":[{\"@type\":\"WebPage\",\"@id\":\"https:\/\/www.prinz.at\/fr\/\",\"url\":\"https:\/\/www.prinz.at\/fr\/\",\"name\":\"Start - PRINZ\",\"isPartOf\":{\"@id\":\"https:\/\/www.prinz.at\/#website\"},\"datePublished\":\"2015-01-15T16:52:04+00:00\",\"dateModified\":\"2026-01-29T14:12:22+00:00\",\"breadcrumb\":{\"@id\":\"https:\/\/www.prinz.at\/fr\/#breadcrumb\"},\"inLanguage\":\"fr-FR\",\"potentialAction\":[{\"@type\":\"ReadAction\",\"target\":[\"https:\/\/www.prinz.at\/fr\/\"]}]},{\"@type\":\"BreadcrumbList\",\"@id\":\"https:\/\/www.prinz.at\/fr\/#breadcrumb\",\"itemListElement\":[{\"@type\":\"ListItem\",\"position\":1,\"name\":\"Startseite\",\"item\":\"https:\/\/www.prinz.at\/fr\/\"},{\"@type\":\"ListItem\",\"position\":2,\"name\":\"Start\"}]},{\"@type\":\"WebSite\",\"@id\":\"https:\/\/www.prinz.at\/#website\",\"url\":\"https:\/\/www.prinz.at\/\",\"name\":\"PRINZ\",\"description\":\"\",\"potentialAction\":[{\"@type\":\"SearchAction\",\"target\":{\"@type\":\"EntryPoint\",\"urlTemplate\":\"https:\/\/www.prinz.at\/?s={search_term_string}\"},\"query-input\":\"required name=search_term_string\"}],\"inLanguage\":\"fr-FR\"}]}<\/script>\n<!-- \/ Yoast SEO plugin. -->","yoast_head_json":{"title":"Start - PRINZ","robots":{"index":"index","follow":"follow","max-snippet":"max-snippet:-1","max-image-preview":"max-image-preview:large","max-video-preview":"max-video-preview:-1"},"canonical":"https:\/\/www.prinz.at\/fr\/","og_locale":"fr_FR","og_type":"article","og_title":"Start - PRINZ","og_description":"[vc_row css=\u00a0\u00bb.vc_custom_1421341344061{margin-top: 0px !important;margin-bottom: 0px !important;border-top-width: 0px !important;border-bottom-width: 0px !important;padding-top: 0px !important;padding-bottom: 0px !important;}\u00a0\u00bb][vc_column][layerslider_vc id=\u00a0\u00bb45&Prime;][\/vc_column][\/vc_row][vc_row][vc_column][vc_row_inner css=\u00a0\u00bb.vc_custom_1726586542199{margin-bottom: 5px !important;padding-bottom: 0px !important;}\u00a0\u00bb][vc_column_inner width=\u00a0\u00bb1\/3&Prime;][vc_hoverbox image=\u00a0\u00bb926&Prime; primary_title=\u00a0\u00bbScies pour le bois\u00a0\u00bb primary_align=\u00a0\u00bbleft\u00a0\u00bb primary_title_font_container=\u00a0\u00bbfont_size:24|color:%23ffffff\u00a0\u00bb primary_title_use_theme_fonts=\u00a0\u00bbyes\u00a0\u00bb hover_title=\u00a0\u00bbScies pour le bois\u00a0\u00bb hover_title_font_container=\u00a0\u00bbfont_size:24&Prime; hover_title_use_theme_fonts=\u00a0\u00bbyes\u00a0\u00bb align=\u00a0\u00bbleft\u00a0\u00bb hover_btn_title=\u00a0\u00bbEn savoir plus\u00a0\u00bb hover_btn_style=\u00a0\u00bbclassic\u00a0\u00bb hover_btn_color=\u00a0\u00bbinverse\u00a0\u00bb hover_btn_size=\u00a0\u00bbsm\u00a0\u00bb hover_btn_align=\u00a0\u00bbcenter\u00a0\u00bb hover_btn_i_icon_fontawesome=\u00a0\u00bbfas fa-info\u00a0\u00bb use_custom_fonts_primary_title=\u00a0\u00bbtrue\u00a0\u00bb use_custom_fonts_hover_title=\u00a0\u00bbtrue\u00a0\u00bb hover_add_button=\u00a0\u00bbtrue\u00a0\u00bb hover_btn_add_icon=\u00a0\u00bbtrue\u00a0\u00bb hover_btn_link=\u00a0\u00bburl:https%3A%2F%2Fwww.prinz.at%2Ffr%2Fproduits%2Fscies-pour-le-bois%2F\u00a0\u00bb css=\u00a0\u00bb.vc_custom_1769695335261{padding-top: 5px !important;padding-right: 5px !important;padding-bottom: [&hellip;]","og_url":"https:\/\/www.prinz.at\/fr\/","og_site_name":"PRINZ","article_modified_time":"2026-01-29T14:12:22+00:00","twitter_card":"summary_large_image","twitter_misc":{"Dur\u00e9e de lecture estim\u00e9e":"4 minutes"},"schema":{"@context":"https:\/\/schema.org","@graph":[{"@type":"WebPage","@id":"https:\/\/www.prinz.at\/fr\/","url":"https:\/\/www.prinz.at\/fr\/","name":"Start - PRINZ","isPartOf":{"@id":"https:\/\/www.prinz.at\/#website"},"datePublished":"2015-01-15T16:52:04+00:00","dateModified":"2026-01-29T14:12:22+00:00","breadcrumb":{"@id":"https:\/\/www.prinz.at\/fr\/#breadcrumb"},"inLanguage":"fr-FR","potentialAction":[{"@type":"ReadAction","target":["https:\/\/www.prinz.at\/fr\/"]}]},{"@type":"BreadcrumbList","@id":"https:\/\/www.prinz.at\/fr\/#breadcrumb","itemListElement":[{"@type":"ListItem","position":1,"name":"Startseite","item":"https:\/\/www.prinz.at\/fr\/"},{"@type":"ListItem","position":2,"name":"Start"}]},{"@type":"WebSite","@id":"https:\/\/www.prinz.at\/#website","url":"https:\/\/www.prinz.at\/","name":"PRINZ","description":"","potentialAction":[{"@type":"SearchAction","target":{"@type":"EntryPoint","urlTemplate":"https:\/\/www.prinz.at\/?s={search_term_string}"},"query-input":"required name=search_term_string"}],"inLanguage":"fr-FR"}]}},"_links":{"self":[{"href":"https:\/\/www.prinz.at\/fr\/wp-json\/wp\/v2\/pages\/6378"}],"collection":[{"href":"https:\/\/www.prinz.at\/fr\/wp-json\/wp\/v2\/pages"}],"about":[{"href":"https:\/\/www.prinz.at\/fr\/wp-json\/wp\/v2\/types\/page"}],"author":[{"embeddable":true,"href":"https:\/\/www.prinz.at\/fr\/wp-json\/wp\/v2\/users\/1"}],"replies":[{"embeddable":true,"href":"https:\/\/www.prinz.at\/fr\/wp-json\/wp\/v2\/comments?post=6378"}],"version-history":[{"count":8,"href":"https:\/\/www.prinz.at\/fr\/wp-json\/wp\/v2\/pages\/6378\/revisions"}],"predecessor-version":[{"id":11551,"href":"https:\/\/www.prinz.at\/fr\/wp-json\/wp\/v2\/pages\/6378\/revisions\/11551"}],"wp:attachment":[{"href":"https:\/\/www.prinz.at\/fr\/wp-json\/wp\/v2\/media?parent=6378"}],"curies":[{"name":"wp","href":"https:\/\/api.w.org\/{rel}","templated":true}]}}