{"id":6383,"date":"2015-01-17T20:36:28","date_gmt":"2015-01-17T20:36:28","guid":{"rendered":"https:\/\/www.prinz.at\/contact\/"},"modified":"2015-01-17T20:36:28","modified_gmt":"2015-01-17T20:36:28","slug":"contact","status":"publish","type":"page","link":"https:\/\/www.prinz.at\/fr\/notre-societe\/contact\/","title":{"rendered":"Contact"},"content":{"rendered":"<section class=\"wpb-content-wrapper\"><p>[vc_row css=\u00a0\u00bb.vc_custom_1442382903303{margin-top: 0px !important;padding-top: 0px !important;padding-bottom: 0px !important;}\u00a0\u00bb][vc_column][vc_row_inner css=\u00a0\u00bb.vc_custom_1442382886235{margin-top: 0px !important;padding-top: 0px !important;}\u00a0\u00bb][vc_column_inner width=\u00a0\u00bb1\/2&Prime;][vc_column_text css=\u00a0\u00bb.vc_custom_1510132666325{padding-bottom: 20px !important;}\u00a0\u00bb]<\/p>\n<h4><strong>Adresse:<\/strong><\/h4>\n<p>A-3382 Loosdorf Ofenlochstra\u00dfe 23<\/p>\n<p>Tel.: +43 2754 6354<\/p>\n<p>E-Mail:\u00a0<a href=\"mailto:info@prinz.at\">info@prinz.at<\/a>[\/vc_column_text][vc_column_text css=\u00a0\u00bb.vc_custom_1555052312103{margin-bottom: 20px !important;padding-bottom: 20px !important;}\u00a0\u00bb]<\/p>\n<h4><strong>Heures d&rsquo;ouverture:<\/strong><\/h4>\n<p>Du Lundi au Jeudi: de 07:20 \u00e0 16:00 heures<\/p>\n<p>Le Vendredi: de 07:20 \u00e0 13:00 heures[\/vc_column_text][\/vc_column_inner][vc_column_inner width=\u00a0\u00bb1\/2&Prime; css=\u00a0\u00bb.vc_custom_1510125999091{background-color: rgba(86,142,191,0.82) !important;*background-color: rgb(86,142,191) !important;border-radius: 10px !important;}\u00a0\u00bb][vc_column_text]<\/p>\n<h4><strong>Contact<\/strong><\/h4>\n<p>[\/vc_column_text]\n<div class=\"wpcf7 no-js\" id=\"wpcf7-f4261-o1\" lang=\"en-US\" dir=\"ltr\">\n<div class=\"screen-reader-response\"><p role=\"status\" aria-live=\"polite\" aria-atomic=\"true\"><\/p> <ul><\/ul><\/div>\n<form action=\"\/fr\/wp-json\/wp\/v2\/pages\/6383#wpcf7-f4261-o1\" method=\"post\" class=\"wpcf7-form init\" aria-label=\"Contact form\" novalidate=\"novalidate\" data-status=\"init\">\n<div style=\"display: none;\">\n<input type=\"hidden\" name=\"_wpcf7\" value=\"4261\" \/>\n<input type=\"hidden\" name=\"_wpcf7_version\" value=\"5.8.7\" \/>\n<input type=\"hidden\" name=\"_wpcf7_locale\" value=\"en_US\" \/>\n<input type=\"hidden\" name=\"_wpcf7_unit_tag\" value=\"wpcf7-f4261-o1\" \/>\n<input type=\"hidden\" name=\"_wpcf7_container_post\" value=\"0\" \/>\n<input type=\"hidden\" name=\"_wpcf7_posted_data_hash\" value=\"\" \/>\n<\/div>\n<p>Nom (champs obligatoire)\n<\/p>\n<p><span class=\"wpcf7-form-control-wrap\" data-name=\"your-name\"><input size=\"40\" class=\"wpcf7-form-control wpcf7-text wpcf7-validates-as-required\" aria-required=\"true\" aria-invalid=\"false\" value=\"\" type=\"text\" name=\"your-name\" \/><\/span>\n<\/p>\n<p>Email (champs obligatoire)\n<\/p>\n<p><span class=\"wpcf7-form-control-wrap\" data-name=\"your-email\"><input size=\"40\" class=\"wpcf7-form-control wpcf7-email wpcf7-validates-as-required wpcf7-text wpcf7-validates-as-email\" aria-required=\"true\" aria-invalid=\"false\" value=\"\" type=\"email\" name=\"your-email\" \/><\/span>\n<\/p>\n<p>Votre num\u00e9ro de t\u00e9l\u00e9phone\n<\/p>\n<p><span class=\"wpcf7-form-control-wrap\" data-name=\"your-tel\"><input size=\"40\" class=\"wpcf7-form-control wpcf7-text\" aria-invalid=\"false\" value=\"\" type=\"text\" name=\"your-tel\" \/><\/span>\n<\/p>\n<p>Pays (champs obligatoire)\n<\/p>\n<p><span class=\"wpcf7-form-control-wrap\" data-name=\"land\"><input size=\"40\" class=\"wpcf7-form-control wpcf7-text wpcf7-validates-as-required\" aria-required=\"true\" aria-invalid=\"false\" value=\"\" type=\"text\" name=\"land\" \/><\/span>\n<\/p>\n<p>Objet\n<\/p>\n<p><span class=\"wpcf7-form-control-wrap\" data-name=\"your-subject\"><input size=\"40\" class=\"wpcf7-form-control wpcf7-text wpcf7-validates-as-required\" aria-required=\"true\" aria-invalid=\"false\" value=\"\" type=\"text\" name=\"your-subject\" \/><\/span>\n<\/p>\n<p>Votre message\n<\/p>\n<p><span class=\"wpcf7-form-control-wrap\" data-name=\"your-message\"><textarea cols=\"40\" rows=\"10\" class=\"wpcf7-form-control wpcf7-textarea\" aria-invalid=\"false\" name=\"your-message\"><\/textarea><\/span>\n<\/p>\n<p><b><a href=\"https:\/\/www.prinz.at\/wp-content\/uploads\/2018\/05\/Datenschutzerkl%C3%A4rung.pdf\" target=\"_blank\" rel=\"noopener noreferrer\">Politique de confidentialit\u00e9 <\/a><\/b> lire et accepter<br \/>\n<span class=\"wpcf7-form-control-wrap\" data-name=\"checkbox-431\"><span class=\"wpcf7-form-control wpcf7-checkbox\"><\/span><\/span>\n<\/p>\n<p><span class=\"wpcf7-form-control-wrap\" data-name=\"acceptance-820\"><span class=\"wpcf7-form-control wpcf7-acceptance\"><span class=\"wpcf7-list-item\"><input type=\"checkbox\" name=\"acceptance-820\" value=\"1\" aria-invalid=\"false\" \/><\/span><\/span><\/span>\n<\/p>\n<p><span class=\"wpcf7-form-control-wrap kc_captcha\" data-name=\"kc_captcha\"><span class=\"wpcf7-form-control wpcf7-radio\"><span class=\"captcha-image\" ><span class=\"cf7ic_instructions\">Please prove you are human by selecting the<span> star<\/span>.<\/span><label><input aria-label=\"1\" type=\"radio\" name=\"kc_captcha\" value=\"kc_human\" \/><svg width=\"50\" height=\"50\" aria-hidden=\"true\" role=\"img\" xmlns=\"http:\/\/www.w3.org\/2000\/svg\" viewBox=\"0 0 576 512\"><path fill=\"currentColor\" d=\"M259 18l-65 132-146 22c-26 3-37 36-18 54l106 103-25 146c-5 26 23 46 46 33l131-68 131 68c23 13 51-7 46-33l-25-146 106-103c19-18 8-51-18-54l-146-22-65-132a32 32 0 00-58 0z\"\/><\/svg><\/label><label><input aria-label=\"2\" type=\"radio\" name=\"kc_captcha\" value=\"bot\" \/><svg width=\"50\" height=\"50\" aria-hidden=\"true\" role=\"img\" xmlns=\"http:\/\/www.w3.org\/2000\/svg\" viewBox=\"0 0 512 512\"><path fill=\"currentColor\" d=\"M500 168h-55l-8-21a127 127 0 00-120-83H195a127 127 0 00-120 83l-8 21H12c-8 0-14 8-11 16l8 24a12 12 0 0011 8h29a64 64 0 00-33 56v48c0 16 6 31 16 42v62c0 13 11 24 24 24h48c13 0 24-11 24-24v-40h256v40c0 13 11 24 24 24h48c13 0 24-11 24-24v-62c10-11 16-26 16-42v-48c0-24-13-45-33-56h29a12 12 0 0011-8l8-24c3-8-3-16-11-16zm-365 2c9-25 33-42 60-42h122c27 0 51 17 60 42l15 38H120l15-38zM88 328a32 32 0 010-64c18 0 48 30 48 48s-30 16-48 16zm336 0c-18 0-48 2-48-16s30-48 48-48 32 14 32 32-14 32-32 32z\"\/><\/svg><\/label><label><input aria-label=\"3\" type=\"radio\" name=\"kc_captcha\" value=\"bot\" \/><svg width=\"50\" height=\"50\" aria-hidden=\"true\" role=\"img\" xmlns=\"http:\/\/www.w3.org\/2000\/svg\" viewBox=\"0 0 384 512\"><path fill=\"currentColor\" d=\"M377 375l-83-87h34c21 0 32-25 17-40l-82-88h33c21 0 32-25 18-40L210 8c-10-11-26-11-36 0L70 120c-14 15-3 40 18 40h33l-82 88c-15 15-4 40 17 40h34L7 375c-15 16-4 41 17 41h120c0 33-11 49-34 68-12 9-5 28 10 28h144c15 0 22-19 10-28-20-16-34-32-34-68h120c21 0 32-25 17-41z\"\/><\/svg><\/label>\r\n    <\/span>\r\n    <span style=\"display:none\">\r\n        <input type=\"text\" name=\"kc_honeypot\">\r\n    <\/span><\/span><\/span>\n<\/p>\n<p><input class=\"wpcf7-form-control wpcf7-submit has-spinner\" type=\"submit\" value=\"Envoyer\" \/>\n<\/p><div class=\"wpcf7-response-output\" aria-hidden=\"true\"><\/div>\n<\/form>\n<\/div>\n[vc_raw_js]JTNDJTIxLS0lMjBHb29nbGUlMjBDb2RlJTIwZm9yJTIwS29udGFrdGF1Zm5haG1lJTIwQ29udmVyc2lvbiUyMFBhZ2UlMjAtLSUzRSUwQSUzQ3NjcmlwdCUyMHR5cGUlM0QlMjJ0ZXh0JTJGamF2YXNjcmlwdCUyMiUzRSUwQSUyRiUyQSUyMCUzQyUyMSU1QkNEQVRBJTVCJTIwJTJBJTJGJTBBdmFyJTIwZ29vZ2xlX2NvbnZlcnNpb25faWQlMjAlM0QlMjA4NTk2MjA4MzYlM0IlMEF2YXIlMjBnb29nbGVfY29udmVyc2lvbl9sYW5ndWFnZSUyMCUzRCUyMCUyMmVuJTIyJTNCJTBBdmFyJTIwZ29vZ2xlX2NvbnZlcnNpb25fZm9ybWF0JTIwJTNEJTIwJTIyMyUyMiUzQiUwQXZhciUyMGdvb2dsZV9jb252ZXJzaW9uX2NvbG9yJTIwJTNEJTIwJTIyZmZmZmZmJTIyJTNCJTBBdmFyJTIwZ29vZ2xlX2NvbnZlcnNpb25fbGFiZWwlMjAlM0QlMjAlMjIzOVYyQ052azlXNFE1SXZ6bVFNJTIyJTNCJTBBdmFyJTIwZ29vZ2xlX3JlbWFya2V0aW5nX29ubHklMjAlM0QlMjBmYWxzZSUzQiUwQSUyRiUyQSUyMCU1RCU1RCUzRSUyMCUyQSUyRiUwQSUzQyUyRnNjcmlwdCUzRSUwQSUzQ3NjcmlwdCUyMHR5cGUlM0QlMjJ0ZXh0JTJGamF2YXNjcmlwdCUyMiUyMHNyYyUzRCUyMiUyRiUyRnd3dy5nb29nbGVhZHNlcnZpY2VzLmNvbSUyRnBhZ2VhZCUyRmNvbnZlcnNpb24uanMlMjIlM0UlMEElM0MlMkZzY3JpcHQlM0UlMEElM0Nub3NjcmlwdCUzRSUwQSUzQ2RpdiUyMHN0eWxlJTNEJTIyZGlzcGxheSUzQWlubGluZSUzQiUyMiUzRSUwQSUzQ2ltZyUyMGhlaWdodCUzRCUyMjElMjIlMjB3aWR0aCUzRCUyMjElMjIlMjBzdHlsZSUzRCUyMmJvcmRlci1zdHlsZSUzQW5vbmUlM0IlMjIlMjBhbHQlM0QlMjIlMjIlMjBzcmMlM0QlMjIlMkYlMkZ3d3cuZ29vZ2xlYWRzZXJ2aWNlcy5jb20lMkZwYWdlYWQlMkZjb252ZXJzaW9uJTJGODU5NjIwODM2JTJGJTNGbGFiZWwlM0QzOVYyQ052azlXNFE1SXZ6bVFNJTI2YW1wJTNCZ3VpZCUzRE9OJTI2YW1wJTNCc2NyaXB0JTNEMCUyMiUyRiUzRSUwQSUzQyUyRmRpdiUzRSUwQSUzQyUyRm5vc2NyaXB0JTNFJTBB[\/vc_raw_js][\/vc_column_inner][\/vc_row_inner][vc_row_inner][vc_column_inner][\/vc_column_inner][\/vc_row_inner][vc_row_inner css=\u00a0\u00bb.vc_custom_1510126028283{margin-top: 20px !important;padding-top: 20px !important;}\u00a0\u00bb][vc_column_inner][vc_raw_html]JTNDaWZyYW1lJTIwc3JjJTNEJTIyaHR0cHMlM0ElMkYlMkZ3d3cuZ29vZ2xlLmNvbSUyRm1hcHMlMkZlbWJlZCUzRnBiJTNEJTIxMW0xNCUyMTFtOCUyMTFtMyUyMTFkMTA2MzYuNzAxMTY2NjEyMTQ1JTIxMmQxNS4zODYzMTk2MDE4NjY2MjMlMjEzZDQ4LjIwMzIzOTQ1MTM0NDIzJTIxM20yJTIxMWkxMDI0JTIxMmk3NjglMjE0ZjEzLjElMjEzbTMlMjExbTIlMjExczB4MCUyNTNBMHgzNDQ1NTA1Y2MxYWY1YTQ1JTIxMnNQcmlueiUyQkdtYkglMkIlMjUyNiUyQkNvJTJCS0clMjE1ZTAlMjEzbTIlMjExc3J1JTIxMnNhdCUyMTR2MTU1NTA1MTM2OTA0MyUyMTVtMiUyMTFzcnUlMjEyc2F0JTIyJTIwd2lkdGglM0QlMjIxMTUwJTIyJTIwaGVpZ2h0JTNEJTIyNDkwJTIyJTIwZnJhbWVib3JkZXIlM0QlMjIwJTIyJTIwc3R5bGUlM0QlMjJib3JkZXIlM0EwJTIyJTIwYWxsb3dmdWxsc2NyZWVuJTNFJTNDJTJGaWZyYW1lJTNF[\/vc_raw_html][\/vc_column_inner][\/vc_row_inner][\/vc_column][\/vc_row]<\/p>\n<\/section>","protected":false},"excerpt":{"rendered":"<p>[vc_row css=\u00a0\u00bb.vc_custom_1442382903303{margin-top: 0px !important;padding-top: 0px !important;padding-bottom: 0px !important;}\u00a0\u00bb][vc_column][vc_row_inner css=\u00a0\u00bb.vc_custom_1442382886235{margin-top: 0px !important;padding-top: 0px !important;}\u00a0\u00bb][vc_column_inner width=\u00a0\u00bb1\/2&Prime;][vc_column_text css=\u00a0\u00bb.vc_custom_1510132666325{padding-bottom: 20px !important;}\u00a0\u00bb] Adresse: A-3382 Loosdorf Ofenlochstra\u00dfe 23 Tel.: +43 2754 6354 E-Mail:\u00a0info@prinz.at[\/vc_column_text][vc_column_text css=\u00a0\u00bb.vc_custom_1555052312103{margin-bottom: 20px !important;padding-bottom: 20px !important;}\u00a0\u00bb] Heures d&rsquo;ouverture: Du Lundi au Jeudi: de 07:20 \u00e0 16:00 heures Le Vendredi: de 07:20 \u00e0 13:00 heures[\/vc_column_text][\/vc_column_inner][vc_column_inner width=\u00a0\u00bb1\/2&Prime; css=\u00a0\u00bb.vc_custom_1510125999091{background-color: rgba(86,142,191,0.82) !important;*background-color: rgb(86,142,191) [&hellip;]<\/p>\n","protected":false},"author":1,"featured_media":0,"parent":6388,"menu_order":0,"comment_status":"open","ping_status":"closed","template":"","meta":[],"yoast_head":"<!-- This site is optimized with the Yoast SEO plugin v21.8.1 - https:\/\/yoast.com\/wordpress\/plugins\/seo\/ -->\n<title>Contact - PRINZ<\/title>\n<meta name=\"robots\" content=\"index, follow, max-snippet:-1, max-image-preview:large, max-video-preview:-1\" \/>\n<link rel=\"canonical\" href=\"https:\/\/www.prinz.at\/contact\/?lang=fr\" \/>\n<meta property=\"og:locale\" content=\"fr_FR\" \/>\n<meta property=\"og:type\" content=\"article\" \/>\n<meta property=\"og:title\" content=\"Contact - PRINZ\" \/>\n<meta property=\"og:description\" content=\"[vc_row css=\u00a0\u00bb.vc_custom_1442382903303{margin-top: 0px !important;padding-top: 0px !important;padding-bottom: 0px !important;}\u00a0\u00bb][vc_column][vc_row_inner css=\u00a0\u00bb.vc_custom_1442382886235{margin-top: 0px !important;padding-top: 0px !important;}\u00a0\u00bb][vc_column_inner width=\u00a0\u00bb1\/2&Prime;][vc_column_text css=\u00a0\u00bb.vc_custom_1510132666325{padding-bottom: 20px !important;}\u00a0\u00bb] Adresse: A-3382 Loosdorf Ofenlochstra\u00dfe 23 Tel.: +43 2754 6354 E-Mail:\u00a0info@prinz.at[\/vc_column_text][vc_column_text css=\u00a0\u00bb.vc_custom_1555052312103{margin-bottom: 20px !important;padding-bottom: 20px !important;}\u00a0\u00bb] Heures d&rsquo;ouverture: Du Lundi au Jeudi: de 07:20 \u00e0 16:00 heures Le Vendredi: de 07:20 \u00e0 13:00 heures[\/vc_column_text][\/vc_column_inner][vc_column_inner width=\u00a0\u00bb1\/2&Prime; css=\u00a0\u00bb.vc_custom_1510125999091{background-color: rgba(86,142,191,0.82) !important;*background-color: rgb(86,142,191) [&hellip;]\" \/>\n<meta property=\"og:url\" content=\"https:\/\/www.prinz.at\/contact\/?lang=fr\" \/>\n<meta property=\"og:site_name\" content=\"PRINZ\" \/>\n<meta name=\"twitter:card\" content=\"summary_large_image\" \/>\n<meta name=\"twitter:label1\" content=\"Dur\u00e9e de lecture estim\u00e9e\" \/>\n\t<meta name=\"twitter:data1\" content=\"2 minutes\" \/>\n<script type=\"application\/ld+json\" class=\"yoast-schema-graph\">{\"@context\":\"https:\/\/schema.org\",\"@graph\":[{\"@type\":\"WebPage\",\"@id\":\"https:\/\/www.prinz.at\/contact\/?lang=fr\",\"url\":\"https:\/\/www.prinz.at\/contact\/?lang=fr\",\"name\":\"Contact - PRINZ\",\"isPartOf\":{\"@id\":\"https:\/\/www.prinz.at\/#website\"},\"datePublished\":\"2015-01-17T20:36:28+00:00\",\"dateModified\":\"2015-01-17T20:36:28+00:00\",\"breadcrumb\":{\"@id\":\"https:\/\/www.prinz.at\/contact\/?lang=fr#breadcrumb\"},\"inLanguage\":\"fr-FR\",\"potentialAction\":[{\"@type\":\"ReadAction\",\"target\":[\"https:\/\/www.prinz.at\/contact\/?lang=fr\"]}]},{\"@type\":\"BreadcrumbList\",\"@id\":\"https:\/\/www.prinz.at\/contact\/?lang=fr#breadcrumb\",\"itemListElement\":[{\"@type\":\"ListItem\",\"position\":1,\"name\":\"Startseite\",\"item\":\"https:\/\/www.prinz.at\/fr\/\"},{\"@type\":\"ListItem\",\"position\":2,\"name\":\"Contact\"}]},{\"@type\":\"WebSite\",\"@id\":\"https:\/\/www.prinz.at\/#website\",\"url\":\"https:\/\/www.prinz.at\/\",\"name\":\"PRINZ\",\"description\":\"\",\"potentialAction\":[{\"@type\":\"SearchAction\",\"target\":{\"@type\":\"EntryPoint\",\"urlTemplate\":\"https:\/\/www.prinz.at\/?s={search_term_string}\"},\"query-input\":\"required name=search_term_string\"}],\"inLanguage\":\"fr-FR\"}]}<\/script>\n<!-- \/ Yoast SEO plugin. -->","yoast_head_json":{"title":"Contact - PRINZ","robots":{"index":"index","follow":"follow","max-snippet":"max-snippet:-1","max-image-preview":"max-image-preview:large","max-video-preview":"max-video-preview:-1"},"canonical":"https:\/\/www.prinz.at\/contact\/?lang=fr","og_locale":"fr_FR","og_type":"article","og_title":"Contact - PRINZ","og_description":"[vc_row css=\u00a0\u00bb.vc_custom_1442382903303{margin-top: 0px !important;padding-top: 0px !important;padding-bottom: 0px !important;}\u00a0\u00bb][vc_column][vc_row_inner css=\u00a0\u00bb.vc_custom_1442382886235{margin-top: 0px !important;padding-top: 0px !important;}\u00a0\u00bb][vc_column_inner width=\u00a0\u00bb1\/2&Prime;][vc_column_text css=\u00a0\u00bb.vc_custom_1510132666325{padding-bottom: 20px !important;}\u00a0\u00bb] Adresse: A-3382 Loosdorf Ofenlochstra\u00dfe 23 Tel.: +43 2754 6354 E-Mail:\u00a0info@prinz.at[\/vc_column_text][vc_column_text css=\u00a0\u00bb.vc_custom_1555052312103{margin-bottom: 20px !important;padding-bottom: 20px !important;}\u00a0\u00bb] Heures d&rsquo;ouverture: Du Lundi au Jeudi: de 07:20 \u00e0 16:00 heures Le Vendredi: de 07:20 \u00e0 13:00 heures[\/vc_column_text][\/vc_column_inner][vc_column_inner width=\u00a0\u00bb1\/2&Prime; css=\u00a0\u00bb.vc_custom_1510125999091{background-color: rgba(86,142,191,0.82) !important;*background-color: rgb(86,142,191) [&hellip;]","og_url":"https:\/\/www.prinz.at\/contact\/?lang=fr","og_site_name":"PRINZ","twitter_card":"summary_large_image","twitter_misc":{"Dur\u00e9e de lecture estim\u00e9e":"2 minutes"},"schema":{"@context":"https:\/\/schema.org","@graph":[{"@type":"WebPage","@id":"https:\/\/www.prinz.at\/contact\/?lang=fr","url":"https:\/\/www.prinz.at\/contact\/?lang=fr","name":"Contact - PRINZ","isPartOf":{"@id":"https:\/\/www.prinz.at\/#website"},"datePublished":"2015-01-17T20:36:28+00:00","dateModified":"2015-01-17T20:36:28+00:00","breadcrumb":{"@id":"https:\/\/www.prinz.at\/contact\/?lang=fr#breadcrumb"},"inLanguage":"fr-FR","potentialAction":[{"@type":"ReadAction","target":["https:\/\/www.prinz.at\/contact\/?lang=fr"]}]},{"@type":"BreadcrumbList","@id":"https:\/\/www.prinz.at\/contact\/?lang=fr#breadcrumb","itemListElement":[{"@type":"ListItem","position":1,"name":"Startseite","item":"https:\/\/www.prinz.at\/fr\/"},{"@type":"ListItem","position":2,"name":"Contact"}]},{"@type":"WebSite","@id":"https:\/\/www.prinz.at\/#website","url":"https:\/\/www.prinz.at\/","name":"PRINZ","description":"","potentialAction":[{"@type":"SearchAction","target":{"@type":"EntryPoint","urlTemplate":"https:\/\/www.prinz.at\/?s={search_term_string}"},"query-input":"required name=search_term_string"}],"inLanguage":"fr-FR"}]}},"_links":{"self":[{"href":"https:\/\/www.prinz.at\/fr\/wp-json\/wp\/v2\/pages\/6383"}],"collection":[{"href":"https:\/\/www.prinz.at\/fr\/wp-json\/wp\/v2\/pages"}],"about":[{"href":"https:\/\/www.prinz.at\/fr\/wp-json\/wp\/v2\/types\/page"}],"author":[{"embeddable":true,"href":"https:\/\/www.prinz.at\/fr\/wp-json\/wp\/v2\/users\/1"}],"replies":[{"embeddable":true,"href":"https:\/\/www.prinz.at\/fr\/wp-json\/wp\/v2\/comments?post=6383"}],"version-history":[{"count":0,"href":"https:\/\/www.prinz.at\/fr\/wp-json\/wp\/v2\/pages\/6383\/revisions"}],"up":[{"embeddable":true,"href":"https:\/\/www.prinz.at\/fr\/wp-json\/wp\/v2\/pages\/6388"}],"wp:attachment":[{"href":"https:\/\/www.prinz.at\/fr\/wp-json\/wp\/v2\/media?parent=6383"}],"curies":[{"name":"wp","href":"https:\/\/api.w.org\/{rel}","templated":true}]}}