{"id":6388,"date":"2015-01-17T21:20:32","date_gmt":"2015-01-17T21:20:32","guid":{"rendered":"https:\/\/www.prinz.at\/notre-societe\/"},"modified":"2026-05-12T13:14:41","modified_gmt":"2026-05-12T13:14:41","slug":"notre-societe","status":"publish","type":"page","link":"https:\/\/www.prinz.at\/fr\/notre-societe\/","title":{"rendered":"Notre soci\u00e9t\u00e9"},"content":{"rendered":"<section class=\"wpb-content-wrapper\"><p>[vc_row css=\u00a0\u00bb.vc_custom_1739883178740{margin-top: 0px !important;margin-bottom: 0px !important;padding-top: 0px !important;padding-bottom: 0px !important;}\u00a0\u00bb][vc_column][vc_single_image image=\u00a0\u00bb11530&Prime; img_size=\u00a0\u00bbfull\u00a0\u00bb alignment=\u00a0\u00bbcenter\u00a0\u00bb][\/vc_column][\/vc_row][vc_row][vc_column][vc_column_text]<\/p>\n<div id=\"c85\" class=\"csc-default\">\n<h2>PRINZ, la technologie du tron\u00e7onnage \u00e0 cha\u00eene: d\u00e9fier les challenges dans le domaine du tron\u00e7onnage<\/h2>\n<p>Soci\u00e9t\u00e9 autrichienne leader dans le domaine du tron\u00e7onnage \u00e0 cha\u00eene, PRINZ d\u00e9veloppe et produit depuis 1947 des tron\u00e7onneuses, accessoires et pi\u00e8ces de rechange \u00e0 usage professionel.<\/p>\n<h2>Tout d&rsquo;un seul fournisseur<\/h2>\n<p>Comme fournisseur complet dans le domaine du tron\u00e7onnage \u00e0 cha\u00eene, PRINZ sait reconna\u00eetre les besoins particuliers des utilisateurs et leur offre des solutions personnalis\u00e9es. PRINZ offre non seulement le mat\u00e9riel de sciage mais \u00e9galement toutes les pi\u00e8ces de l&rsquo;\u00e9quipement de coupe, toutes produites \u00e0 son si\u00e8ge et dans la haute reconnue qualit\u00e9 PRINZ. Pour PRINZ, seule la satisfaction de ses clients compte.<\/p>\n<\/div>\n<p>[\/vc_column_text][vc_row_inner][vc_column_inner][vc_single_image image=\u00a0\u00bb4&Prime; img_size=\u00a0\u00bbfull\u00a0\u00bb alignment=\u00a0\u00bbcenter\u00a0\u00bb][\/vc_column_inner][\/vc_row_inner][\/vc_column][\/vc_row][vc_row][vc_column width=\u00a0\u00bb1\/2&Prime;][vc_column_text]<\/p>\n<h2>Pas que le bois<\/h2>\n<p>Les scies PRINZ coupent bien plus que seulement du bois: papier, pierre tendre, plaque de placoplatre, plastique et brique- robuste et durable, la technologie PRINZ est le choix \u00e0 prendre \u00a0pour les mat\u00e9riaux que exigent le maximum du mat\u00e9riel et de leur \u00e9quipment de coupe.[\/vc_column_text][\/vc_column][vc_column width=\u00a0\u00bb1\/2&Prime;][vc_column_text]<\/p>\n<h2>Prinz dans le monde<\/h2>\n<p>Les machines et accessoires fabriqu\u00e9s par PRINZ sont vendus aves succ\u00e8s de par le monde entier. La part \u00e0 l&rsquo;exportation couvre 90% des ventes. Les produits PRINZ sont utilis\u00e9s avec une grande satisfaction par des clients se trouvant non seulement en Europe, mais aussi en Am\u00e9rique du Nord, en Afrique et en Asie.[\/vc_column_text][\/vc_column][\/vc_row][vc_row][vc_column width=\u00a0\u00bb1\/3&Prime;][vc_column_text]<\/p>\n<h3 style=\"text-align: center;\">Directeur g\u00e9n\u00e9ral<\/h3>\n<h3><\/h3>\n<p>[\/vc_column_text][vc_single_image image=\u00a0\u00bb11046&Prime; img_size=\u00a0\u00bb300&#215;450&Prime;][vc_column_text]<\/p>\n<h3 style=\"text-align: center;\">Maximilian Freithofnigg<\/h3>\n<p>[\/vc_column_text][\/vc_column][vc_column width=\u00a0\u00bb1\/3&Prime;][vc_column_text]<\/p>\n<h3 style=\"text-align: center;\">Directeur g\u00e9n\u00e9ral<\/h3>\n<h3><\/h3>\n<p>[\/vc_column_text][vc_single_image image=\u00a0\u00bb11041&Prime; img_size=\u00a0\u00bb300&#215;450&Prime;][vc_column_text]<\/p>\n<h3 style=\"text-align: center;\">Dipl.-Vw.Ing. Ingo Freithofnigg<\/h3>\n<p>[\/vc_column_text][\/vc_column][vc_column width=\u00a0\u00bb1\/3&Prime;][vc_column_text]<\/p>\n<h3 style=\"text-align: center;\">Responsable production<\/h3>\n<p>[\/vc_column_text][vc_single_image image=\u00a0\u00bb11619&Prime; img_size=\u00a0\u00bb300\u00d7450&Prime;][vc_column_text]<\/p>\n<h3 style=\"text-align: center;\">Wolfgang Rauch<\/h3>\n<p><strong>\u00a0<\/strong>[\/vc_column_text][\/vc_column][\/vc_row][vc_row][vc_column width=\u00a0\u00bb1\/3&Prime;][vc_column_text]<\/p>\n<h3 style=\"text-align: center;\">Tecnico commercial<\/h3>\n<p>[\/vc_column_text][vc_single_image image=\u00a0\u00bb679&Prime; img_size=\u00a0\u00bb300&#215;450&Prime; alignment=\u00a0\u00bbcenter\u00a0\u00bb][vc_column_text]<\/p>\n<h3 style=\"text-align: center;\">Reinhard Pay<\/h3>\n<p>[\/vc_column_text][\/vc_column][vc_column width=\u00a0\u00bb1\/3&Prime;][vc_column_text]<\/p>\n<h3 style=\"text-align: center;\">Bureau d&rsquo;\u00e9tudes<\/h3>\n<p>[\/vc_column_text][vc_single_image image=\u00a0\u00bb9505&Prime; img_size=\u00a0\u00bb300&#215;450&Prime; alignment=\u00a0\u00bbcenter\u00a0\u00bb][vc_column_text]<\/p>\n<h3 style=\"text-align: center;\">Bernhard Murhammer<\/h3>\n<p>[\/vc_column_text][\/vc_column][vc_column width=\u00a0\u00bb1\/3&Prime;][vc_column_text]<\/p>\n<h3 style=\"text-align: center;\">R\u00e9dacteur Technique<\/h3>\n<p>[\/vc_column_text][vc_single_image image=\u00a0\u00bb11096&Prime; img_size=\u00a0\u00bb300&#215;450&Prime; alignment=\u00a0\u00bbcenter\u00a0\u00bb][vc_column_text]<\/p>\n<h3 style=\"text-align: center;\">Ingo Alexander Freithofnigg<\/h3>\n<p>[\/vc_column_text][\/vc_column][\/vc_row][vc_row][vc_column width=\u00a0\u00bb1\/3&Prime;][vc_column_text]<\/p>\n<h3 style=\"text-align: center;\">Technicien en automatisation<\/h3>\n<p>[\/vc_column_text][vc_single_image image=\u00a0\u00bb11611&Prime; img_size=\u00a0\u00bb300 \u00d7 450&Prime;][vc_column_text]<\/p>\n<h3 style=\"text-align: center;\">Ing. Christopher Gr\u00fcbler<\/h3>\n<p>[\/vc_column_text][\/vc_column][vc_column width=\u00a0\u00bb1\/3&Prime;][vc_column_text]<\/p>\n<h3 style=\"text-align: center;\">Achat Technique<\/h3>\n<p>[\/vc_column_text][vc_single_image image=\u00a0\u00bb10801&Prime; img_size=\u00a0\u00bb300 \u00d7 450&Prime;][vc_column_text]<\/p>\n<h3 style=\"text-align: center;\">Klaus Kr\u00fcckel<\/h3>\n<p>[\/vc_column_text][\/vc_column][vc_column width=\u00a0\u00bb1\/3&Prime;][vc_column_text]<\/p>\n<h3 style=\"text-align: center;\">Comptabilit\u00e9<\/h3>\n<p>[\/vc_column_text][vc_single_image image=\u00a0\u00bb680&Prime; img_size=\u00a0\u00bb300&#215;450&Prime;][vc_column_text]<\/p>\n<h3 style=\"text-align: center;\">Karoline Rauecker-Hofer<\/h3>\n<p>[\/vc_column_text][\/vc_column][\/vc_row][vc_row][vc_column width=\u00a0\u00bb1\/3&Prime;][vc_column_text]<\/p>\n<h3 style=\"text-align: center;\">Service client\u00e8le Autriche<\/h3>\n<p>[\/vc_column_text][vc_single_image image=\u00a0\u00bb11422&Prime; img_size=\u00a0\u00bb300 \u00d7 450&Prime; alignment=\u00a0\u00bbcenter\u00a0\u00bb css=\u00a0\u00bb.vc_custom_1749537507788{padding-top: 0px !important;}\u00a0\u00bb][vc_column_text]<\/p>\n<h3 style=\"text-align: center;\">Harald Voitech<\/h3>\n<p>[\/vc_column_text][\/vc_column][vc_column width=\u00a0\u00bb1\/3&Prime;][vc_column_text]<\/p>\n<h3 style=\"text-align: center;\">Export \/ vente<\/h3>\n<p>[\/vc_column_text][vc_single_image image=\u00a0\u00bb684&Prime; img_size=\u00a0\u00bb300 \u00d7 450&Prime;][vc_column_text]<\/p>\n<h3 style=\"text-align: center;\">Nadine Tricoire<\/h3>\n<p>[\/vc_column_text][\/vc_column][vc_column width=\u00a0\u00bb1\/3&Prime;][vc_column_text]<\/p>\n<h3 style=\"text-align: center;\">Export \/ vente<\/h3>\n<p>[\/vc_column_text][vc_single_image image=\u00a0\u00bb11567&Prime; img_size=\u00a0\u00bb300 \u00d7 450&Prime;][vc_column_text]<\/p>\n<h3 style=\"text-align: center;\">Roxana Antonache<\/h3>\n<p>[\/vc_column_text][\/vc_column][\/vc_row][vc_row][vc_column width=\u00a0\u00bb1\/3&Prime;][vc_column_text css=\u00a0\u00bb.vc_custom_1749547668052{padding-bottom: 15px !important;}\u00a0\u00bb]<\/p>\n<h3 style=\"text-align: center;\">Marketing<\/h3>\n<h3><\/h3>\n<p>[\/vc_column_text][vc_single_image image=\u00a0\u00bb11606&Prime; img_size=\u00a0\u00bb300 \u00d7 450&Prime; alignment=\u00a0\u00bbcenter\u00a0\u00bb][vc_column_text]<\/p>\n<h3 style=\"text-align: center;\">Maja Freithofnigg<\/h3>\n<p>[\/vc_column_text][\/vc_column][vc_column width=\u00a0\u00bb1\/3&Prime;][vc_column_text css=\u00a0\u00bb.vc_custom_1749547668052{padding-bottom: 15px !important;}\u00a0\u00bb]<\/p>\n<h3 style=\"text-align: center;\">Marketing<\/h3>\n<h3><\/h3>\n<p>[\/vc_column_text][vc_single_image image=\u00a0\u00bb5069&Prime; img_size=\u00a0\u00bb300 \u00d7 450&Prime; alignment=\u00a0\u00bbcenter\u00a0\u00bb][vc_column_text]<\/p>\n<h3 style=\"text-align: center;\">Anastasia Kudryasheva<\/h3>\n<p>[\/vc_column_text][\/vc_column][vc_column width=\u00a0\u00bb1\/3&Prime;][\/vc_column][\/vc_row][vc_row][vc_column][vc_column_text]<!--more-->[\/vc_column_text][\/vc_column][\/vc_row]<\/p>\n<\/section>","protected":false},"excerpt":{"rendered":"<p>[vc_row css=\u00a0\u00bb.vc_custom_1739883178740{margin-top: 0px !important;margin-bottom: 0px !important;padding-top: 0px !important;padding-bottom: 0px !important;}\u00a0\u00bb][vc_column][vc_single_image image=\u00a0\u00bb11530&Prime; img_size=\u00a0\u00bbfull\u00a0\u00bb alignment=\u00a0\u00bbcenter\u00a0\u00bb][\/vc_column][\/vc_row][vc_row][vc_column][vc_column_text] PRINZ, la technologie du tron\u00e7onnage \u00e0 cha\u00eene: d\u00e9fier les challenges dans le domaine du tron\u00e7onnage Soci\u00e9t\u00e9 autrichienne leader dans le domaine du tron\u00e7onnage \u00e0 cha\u00eene, PRINZ d\u00e9veloppe et produit depuis 1947 des tron\u00e7onneuses, accessoires et pi\u00e8ces de rechange \u00e0 usage professionel. Tout [&hellip;]<\/p>\n","protected":false},"author":1,"featured_media":0,"parent":0,"menu_order":0,"comment_status":"open","ping_status":"open","template":"","meta":[],"yoast_head":"<!-- This site is optimized with the Yoast SEO plugin v21.8.1 - https:\/\/yoast.com\/wordpress\/plugins\/seo\/ -->\n<title>Notre soci\u00e9t\u00e9 - PRINZ<\/title>\n<meta name=\"robots\" content=\"index, follow, max-snippet:-1, max-image-preview:large, max-video-preview:-1\" \/>\n<link rel=\"canonical\" href=\"https:\/\/www.prinz.at\/fr\/notre-societe\/\" \/>\n<meta property=\"og:locale\" content=\"fr_FR\" \/>\n<meta property=\"og:type\" content=\"article\" \/>\n<meta property=\"og:title\" content=\"Notre soci\u00e9t\u00e9 - PRINZ\" \/>\n<meta property=\"og:description\" content=\"[vc_row css=\u00a0\u00bb.vc_custom_1739883178740{margin-top: 0px !important;margin-bottom: 0px !important;padding-top: 0px !important;padding-bottom: 0px !important;}\u00a0\u00bb][vc_column][vc_single_image image=\u00a0\u00bb11530&Prime; img_size=\u00a0\u00bbfull\u00a0\u00bb alignment=\u00a0\u00bbcenter\u00a0\u00bb][\/vc_column][\/vc_row][vc_row][vc_column][vc_column_text] PRINZ, la technologie du tron\u00e7onnage \u00e0 cha\u00eene: d\u00e9fier les challenges dans le domaine du tron\u00e7onnage Soci\u00e9t\u00e9 autrichienne leader dans le domaine du tron\u00e7onnage \u00e0 cha\u00eene, PRINZ d\u00e9veloppe et produit depuis 1947 des tron\u00e7onneuses, accessoires et pi\u00e8ces de rechange \u00e0 usage professionel. Tout [&hellip;]\" \/>\n<meta property=\"og:url\" content=\"https:\/\/www.prinz.at\/fr\/notre-societe\/\" \/>\n<meta property=\"og:site_name\" content=\"PRINZ\" \/>\n<meta property=\"article:modified_time\" content=\"2026-05-12T13:14:41+00:00\" \/>\n<meta name=\"twitter:card\" content=\"summary_large_image\" \/>\n<meta name=\"twitter:label1\" content=\"Dur\u00e9e de lecture estim\u00e9e\" \/>\n\t<meta name=\"twitter:data1\" content=\"3 minutes\" \/>\n<script type=\"application\/ld+json\" class=\"yoast-schema-graph\">{\"@context\":\"https:\/\/schema.org\",\"@graph\":[{\"@type\":\"WebPage\",\"@id\":\"https:\/\/www.prinz.at\/fr\/notre-societe\/\",\"url\":\"https:\/\/www.prinz.at\/fr\/notre-societe\/\",\"name\":\"Notre soci\u00e9t\u00e9 - PRINZ\",\"isPartOf\":{\"@id\":\"https:\/\/www.prinz.at\/#website\"},\"datePublished\":\"2015-01-17T21:20:32+00:00\",\"dateModified\":\"2026-05-12T13:14:41+00:00\",\"breadcrumb\":{\"@id\":\"https:\/\/www.prinz.at\/fr\/notre-societe\/#breadcrumb\"},\"inLanguage\":\"fr-FR\",\"potentialAction\":[{\"@type\":\"ReadAction\",\"target\":[\"https:\/\/www.prinz.at\/fr\/notre-societe\/\"]}]},{\"@type\":\"BreadcrumbList\",\"@id\":\"https:\/\/www.prinz.at\/fr\/notre-societe\/#breadcrumb\",\"itemListElement\":[{\"@type\":\"ListItem\",\"position\":1,\"name\":\"Startseite\",\"item\":\"https:\/\/www.prinz.at\/fr\/\"},{\"@type\":\"ListItem\",\"position\":2,\"name\":\"Notre soci\u00e9t\u00e9\"}]},{\"@type\":\"WebSite\",\"@id\":\"https:\/\/www.prinz.at\/#website\",\"url\":\"https:\/\/www.prinz.at\/\",\"name\":\"PRINZ\",\"description\":\"\",\"potentialAction\":[{\"@type\":\"SearchAction\",\"target\":{\"@type\":\"EntryPoint\",\"urlTemplate\":\"https:\/\/www.prinz.at\/?s={search_term_string}\"},\"query-input\":\"required name=search_term_string\"}],\"inLanguage\":\"fr-FR\"}]}<\/script>\n<!-- \/ Yoast SEO plugin. -->","yoast_head_json":{"title":"Notre soci\u00e9t\u00e9 - PRINZ","robots":{"index":"index","follow":"follow","max-snippet":"max-snippet:-1","max-image-preview":"max-image-preview:large","max-video-preview":"max-video-preview:-1"},"canonical":"https:\/\/www.prinz.at\/fr\/notre-societe\/","og_locale":"fr_FR","og_type":"article","og_title":"Notre soci\u00e9t\u00e9 - PRINZ","og_description":"[vc_row css=\u00a0\u00bb.vc_custom_1739883178740{margin-top: 0px !important;margin-bottom: 0px !important;padding-top: 0px !important;padding-bottom: 0px !important;}\u00a0\u00bb][vc_column][vc_single_image image=\u00a0\u00bb11530&Prime; img_size=\u00a0\u00bbfull\u00a0\u00bb alignment=\u00a0\u00bbcenter\u00a0\u00bb][\/vc_column][\/vc_row][vc_row][vc_column][vc_column_text] PRINZ, la technologie du tron\u00e7onnage \u00e0 cha\u00eene: d\u00e9fier les challenges dans le domaine du tron\u00e7onnage Soci\u00e9t\u00e9 autrichienne leader dans le domaine du tron\u00e7onnage \u00e0 cha\u00eene, PRINZ d\u00e9veloppe et produit depuis 1947 des tron\u00e7onneuses, accessoires et pi\u00e8ces de rechange \u00e0 usage professionel. Tout [&hellip;]","og_url":"https:\/\/www.prinz.at\/fr\/notre-societe\/","og_site_name":"PRINZ","article_modified_time":"2026-05-12T13:14:41+00:00","twitter_card":"summary_large_image","twitter_misc":{"Dur\u00e9e de lecture estim\u00e9e":"3 minutes"},"schema":{"@context":"https:\/\/schema.org","@graph":[{"@type":"WebPage","@id":"https:\/\/www.prinz.at\/fr\/notre-societe\/","url":"https:\/\/www.prinz.at\/fr\/notre-societe\/","name":"Notre soci\u00e9t\u00e9 - PRINZ","isPartOf":{"@id":"https:\/\/www.prinz.at\/#website"},"datePublished":"2015-01-17T21:20:32+00:00","dateModified":"2026-05-12T13:14:41+00:00","breadcrumb":{"@id":"https:\/\/www.prinz.at\/fr\/notre-societe\/#breadcrumb"},"inLanguage":"fr-FR","potentialAction":[{"@type":"ReadAction","target":["https:\/\/www.prinz.at\/fr\/notre-societe\/"]}]},{"@type":"BreadcrumbList","@id":"https:\/\/www.prinz.at\/fr\/notre-societe\/#breadcrumb","itemListElement":[{"@type":"ListItem","position":1,"name":"Startseite","item":"https:\/\/www.prinz.at\/fr\/"},{"@type":"ListItem","position":2,"name":"Notre soci\u00e9t\u00e9"}]},{"@type":"WebSite","@id":"https:\/\/www.prinz.at\/#website","url":"https:\/\/www.prinz.at\/","name":"PRINZ","description":"","potentialAction":[{"@type":"SearchAction","target":{"@type":"EntryPoint","urlTemplate":"https:\/\/www.prinz.at\/?s={search_term_string}"},"query-input":"required name=search_term_string"}],"inLanguage":"fr-FR"}]}},"_links":{"self":[{"href":"https:\/\/www.prinz.at\/fr\/wp-json\/wp\/v2\/pages\/6388"}],"collection":[{"href":"https:\/\/www.prinz.at\/fr\/wp-json\/wp\/v2\/pages"}],"about":[{"href":"https:\/\/www.prinz.at\/fr\/wp-json\/wp\/v2\/types\/page"}],"author":[{"embeddable":true,"href":"https:\/\/www.prinz.at\/fr\/wp-json\/wp\/v2\/users\/1"}],"replies":[{"embeddable":true,"href":"https:\/\/www.prinz.at\/fr\/wp-json\/wp\/v2\/comments?post=6388"}],"version-history":[{"count":18,"href":"https:\/\/www.prinz.at\/fr\/wp-json\/wp\/v2\/pages\/6388\/revisions"}],"predecessor-version":[{"id":10777,"href":"https:\/\/www.prinz.at\/fr\/wp-json\/wp\/v2\/pages\/6388\/revisions\/10777"}],"wp:attachment":[{"href":"https:\/\/www.prinz.at\/fr\/wp-json\/wp\/v2\/media?parent=6388"}],"curies":[{"name":"wp","href":"https:\/\/api.w.org\/{rel}","templated":true}]}}