{"id":6395,"date":"2015-01-17T21:21:06","date_gmt":"2015-01-17T21:21:06","guid":{"rendered":"https:\/\/www.prinz.at\/scies-pour-le-bois\/"},"modified":"2024-02-07T12:18:51","modified_gmt":"2024-02-07T12:18:51","slug":"scies-pour-le-bois","status":"publish","type":"page","link":"https:\/\/www.prinz.at\/fr\/produits\/scies-pour-le-bois\/","title":{"rendered":"Scies pour le bois"},"content":{"rendered":"<section class=\"wpb-content-wrapper\"><p>[vc_row css=\u00a0\u00bb.vc_custom_1669885875354{background-color: #ffffff !important;}\u00a0\u00bb][vc_column][vc_row_inner][vc_column_inner width=\u00a0\u00bb1\/3&Prime;][vc_single_image image=\u00a0\u00bb5240&Prime; img_size=\u00a0\u00bbfull\u00a0\u00bb][\/vc_column_inner][vc_column_inner width=\u00a0\u00bb2\/3&Prime;][vc_column_text]<\/p>\n<h3 style=\"text-align: left;\">Tron\u00e7onneuses \u00e0 paquets \u00e0 guidage parall\u00e8le<\/h3>\n<p>Un poste de coupe- des combinaisons multiples!<\/p>\n<p>Le poste de coupe PC120 vous offre la possibilit\u00e9 de configurer votre installation sur mesure en fonction de vos exigences et de l&rsquo;espace disponible.<\/p>\n<p>Quels sont vos besoins?[\/vc_column_text]\t\t<a href=\"\/fr\/produkte\/holz\/portal-saegen\/\" class=\"envor-btn envor-btn-primary envor-btn-normal\">VOIR LES MODELES<\/a>\n\t\n\t[\/vc_column_inner][\/vc_row_inner][\/vc_column][\/vc_row][vc_row css=\u00a0\u00bb.vc_custom_1435575388957{padding-top: 0px !important;background-color: #fafafa !important;}\u00a0\u00bb][vc_column][vc_row_inner css=\u00a0\u00bb.vc_custom_1495094427771{margin-top: 30px !important;padding-top: 30px !important;}\u00a0\u00bb][vc_column_inner width=\u00a0\u00bb1\/3&Prime;][vc_single_image image=\u00a0\u00bb5976&Prime; img_size=\u00a0\u00bbfull\u00a0\u00bb][\/vc_column_inner][vc_column_inner width=\u00a0\u00bb2\/3&Prime;][vc_column_text]<\/p>\n<h3>Smart Solutions<\/h3>\n<p>La CUTSTAR \u2013 11 kW a \u00e9t\u00e9 d\u00e9velopp\u00e9e pour une d\u00e9coupe pr\u00e9cise et \u00e9conomique de paquets jusqu\u2019\u00e0 6 m de longueur. L\u2019unit\u00e9 de coupe \u00e0 descente parall\u00e8le r\u00e9pond aux exigences les plus \u00e9lev\u00e9es en mati\u00e8re de pr\u00e9cision de coupe et la conception compacte permet une installation peu encombrante.[\/vc_column_text]\t\t<a href=\"\/fr\/produkte\/holz\/smart-solutions\/cutstar-11-kw\/\" class=\"envor-btn envor-btn-primary envor-btn-normal\">VOIR LES MODELES<\/a>\n\t\n\t[\/vc_column_inner][\/vc_row_inner][\/vc_column][\/vc_row][vc_row css=\u00a0\u00bb.vc_custom_1669885907315{padding-top: 0px !important;background-color: #ffffff !important;}\u00a0\u00bb][vc_column][vc_row_inner css=\u00a0\u00bb.vc_custom_1495094427771{margin-top: 30px !important;padding-top: 30px !important;}\u00a0\u00bb][vc_column_inner width=\u00a0\u00bb1\/3&Prime;][vc_single_image image=\u00a0\u00bb5536&Prime; img_size=\u00a0\u00bbfull\u00a0\u00bb][\/vc_column_inner][vc_column_inner width=\u00a0\u00bb2\/3&Prime;][vc_column_text]<\/p>\n<h3 style=\"text-align: left;\">Scies \u00e0 paquets, descente de coupe sur arceau<\/h3>\n<p>Les scies \u00e0 paquets avec une descente de coupe sur arceau font la jonction entre les scies mobiles sur roues et les \u00e0 syst\u00e8me de guidage parall\u00e8le du syst\u00e8me de coupe.<\/p>\n<p>Les mod\u00e8les fixes avec d\u00e9placement du poste de coupe offrent une solution m\u00eame l\u00e0 o\u00f9 l&rsquo;espace pour l&#8217;emplacement est limit\u00e9. L&rsquo;arceau de guidage garantit une haute pr\u00e9csion de coupe de +\/-2mm.[\/vc_column_text]\t\t<a href=\"\/fr\/produkte\/holz\/bogensaegen\/\" class=\"envor-btn envor-btn-primary envor-btn-normal\">VOIR LES MODELES<\/a>\n\t\n\t[\/vc_column_inner][\/vc_row_inner][\/vc_column][\/vc_row][vc_row css=\u00a0\u00bb.vc_custom_1435575402685{background-color: #efefef !important;}\u00a0\u00bb el_class=\u00a0\u00bbadd-shadowbox\u00a0\u00bb][vc_column][vc_row_inner][vc_column_inner width=\u00a0\u00bb1\/3&Prime;][vc_single_image image=\u00a0\u00bb5228&Prime; img_size=\u00a0\u00bbfull\u00a0\u00bb][\/vc_column_inner][vc_column_inner width=\u00a0\u00bb2\/3&Prime;][vc_column_text]<\/p>\n<h3>Scies mobiles<\/h3>\n<div class=\"wpb_text_column wpb_content_element \">\n<div class=\"wpb_wrapper\">\n<p>Les scies mobiles PRINZ sont faciles \u00e0 manoeuvrer et pour une grande diversit\u00e9 d&rsquo;utilisation. Elles constituent les premiers mod\u00e8les d&rsquo;entr\u00e9e pour le tron\u00e7onnage de grumes et de paquets, quel que soit l&rsquo;endroit de coupe.<\/p>\n<\/div>\n<p>Toutes les scies PRINZ sont construites avec une grande robustesse pour une longue dur\u00e9e de vie.<\/p>\n<\/div>\n<p>[\/vc_column_text]\t\t<a href=\"\/fr\/produkte\/holz\/einsteigermodelle\/\" class=\"envor-btn envor-btn-primary envor-btn-normal\">VOIR LES MODELES<\/a>\n\t\n\t[\/vc_column_inner][\/vc_row_inner][\/vc_column][\/vc_row][vc_row css=\u00a0\u00bb.vc_custom_1434575521829{background-color: #fafafa !important;}\u00a0\u00bb el_class=\u00a0\u00bbadd-shadowbox\u00a0\u00bb][vc_column][vc_row_inner][vc_column_inner width=\u00a0\u00bb1\/3&Prime;][vc_single_image image=\u00a0\u00bb5238&Prime; img_size=\u00a0\u00bbfull\u00a0\u00bb][\/vc_column_inner][vc_column_inner width=\u00a0\u00bb2\/3&Prime;][vc_column_text]<\/p>\n<h3>Scies \u00e0 grumes<\/h3>\n<p>Les scies \u00e0 grumes PRINZ sont id\u00e9ales pour \u00eatre int\u00e9gr\u00e9es dans votre parc \u00e0 grumes.Construites sur un mod\u00e8le modulaire, elles permettent des solutions personnalis\u00e9es pour r\u00e9pondre aux besoins propres de chacun.[\/vc_column_text]\t\t<a href=\"\/fr\/produkte\/holz\/rundholzsaegen\/\" class=\"envor-btn envor-btn-primary envor-btn-normal\">VOIR LES MODELES<\/a>\n\t\n\t[\/vc_column_inner][\/vc_row_inner][\/vc_column][\/vc_row][vc_row css=\u00a0\u00bb.vc_custom_1435575422617{background-color: #efefef !important;}\u00a0\u00bb el_class=\u00a0\u00bbadd-shadowbox\u00a0\u00bb][vc_column][vc_row_inner][vc_column_inner width=\u00a0\u00bb1\/3&Prime;][vc_single_image image=\u00a0\u00bb2674&Prime; img_size=\u00a0\u00bbfull\u00a0\u00bb][\/vc_column_inner][vc_column_inner width=\u00a0\u00bb2\/3&Prime;][vc_column_text]<\/p>\n<h3 style=\"text-align: left;\">Kits pour le sciage<\/h3>\n<p>Kits pour r\u00e9aliser vos projets en utilsant la technologie PRINZ. Facile \u00e0 r\u00e9aliser.[\/vc_column_text]\t\t<a href=\"\/fr\/produkte\/holz\/einbauloesungen\/\" class=\"envor-btn envor-btn-primary envor-btn-normal\">VOIR LES MODELES<\/a>\n\t\n\t[\/vc_column_inner][\/vc_row_inner][\/vc_column][\/vc_row][vc_row el_class=\u00a0\u00bbadditional-products\u00a0\u00bb][vc_column][vc_row_inner][vc_column_inner][vc_column_text]<\/p>\n<h3>Equipements de sciage et accessoires<\/h3>\n<p>[\/vc_column_text][\/vc_column_inner][\/vc_row_inner][vc_row_inner css=\u00a0\u00bb.vc_custom_1434572549996{padding-top: 0px !important;}\u00a0\u00bb][vc_column_inner width=\u00a0\u00bb1\/4&Prime;][vc_single_image image=\u00a0\u00bb4647&Prime; img_size=\u00a0\u00bbfull\u00a0\u00bb]\t\t<a href=\"\/fr\/produkte\/holz\/spitzzahnketten\/\" class=\"envor-btn envor-btn-primary envor-btn-normal\">En savoir plus<\/a>\n\t\n\t[\/vc_column_inner][vc_column_inner width=\u00a0\u00bb1\/4&Prime;][vc_single_image image=\u00a0\u00bb4649&Prime; img_size=\u00a0\u00bbfull\u00a0\u00bb]\t\t<a href=\"\/fr\/produits\/scies-pour-le-bois\/guides\/\" class=\"envor-btn envor-btn-primary envor-btn-normal\">En savoir plus<\/a>\n\t\n\t[\/vc_column_inner][vc_column_inner width=\u00a0\u00bb1\/4&Prime;][vc_single_image image=\u00a0\u00bb2682&Prime; img_size=\u00a0\u00bbfull\u00a0\u00bb]\t\t<a href=\"\/fr\/produkte\/holz\/antriebsraeder-und-umlenkrollen-2\/\" class=\"envor-btn envor-btn-primary envor-btn-normal\">En savoir plus<\/a>\n\t\n\t[\/vc_column_inner][vc_column_inner width=\u00a0\u00bb1\/4&Prime;][vc_single_image image=\u00a0\u00bb2681&Prime; img_size=\u00a0\u00bbfull\u00a0\u00bb]\t\t<a href=\"\/fr\/produkte\/holz\/zubehoer\/\" class=\"envor-btn envor-btn-primary envor-btn-normal\">En savoir plus<\/a>\n\t\n\t[\/vc_column_inner][\/vc_row_inner][\/vc_column][\/vc_row]<\/p>\n<\/section>","protected":false},"excerpt":{"rendered":"<p>[vc_row css=\u00a0\u00bb.vc_custom_1669885875354{background-color: #ffffff !important;}\u00a0\u00bb][vc_column][vc_row_inner][vc_column_inner width=\u00a0\u00bb1\/3&Prime;][vc_single_image image=\u00a0\u00bb5240&Prime; img_size=\u00a0\u00bbfull\u00a0\u00bb][\/vc_column_inner][vc_column_inner width=\u00a0\u00bb2\/3&Prime;][vc_column_text] Tron\u00e7onneuses \u00e0 paquets \u00e0 guidage parall\u00e8le Un poste de coupe- des combinaisons multiples! Le poste de coupe PC120 vous offre la possibilit\u00e9 de configurer votre installation sur mesure en fonction de vos exigences et de l&rsquo;espace disponible. Quels sont vos besoins?[\/vc_column_text][\/vc_column_inner][\/vc_row_inner][\/vc_column][\/vc_row][vc_row css=\u00a0\u00bb.vc_custom_1435575388957{padding-top: 0px !important;background-color: #fafafa !important;}\u00a0\u00bb][vc_column][vc_row_inner css=\u00a0\u00bb.vc_custom_1495094427771{margin-top: [&hellip;]<\/p>\n","protected":false},"author":1,"featured_media":0,"parent":6373,"menu_order":0,"comment_status":"open","ping_status":"open","template":"page-templates\/canvas-with-title.php","meta":[],"yoast_head":"<!-- This site is optimized with the Yoast SEO plugin v21.8.1 - https:\/\/yoast.com\/wordpress\/plugins\/seo\/ -->\n<title>Scies pour le bois - PRINZ<\/title>\n<meta name=\"robots\" content=\"index, follow, max-snippet:-1, max-image-preview:large, max-video-preview:-1\" \/>\n<link rel=\"canonical\" href=\"https:\/\/www.prinz.at\/fr\/produits\/scies-pour-le-bois\/\" \/>\n<meta property=\"og:locale\" content=\"fr_FR\" \/>\n<meta property=\"og:type\" content=\"article\" \/>\n<meta property=\"og:title\" content=\"Scies pour le bois - PRINZ\" \/>\n<meta property=\"og:description\" content=\"[vc_row css=\u00a0\u00bb.vc_custom_1669885875354{background-color: #ffffff !important;}\u00a0\u00bb][vc_column][vc_row_inner][vc_column_inner width=\u00a0\u00bb1\/3&Prime;][vc_single_image image=\u00a0\u00bb5240&Prime; img_size=\u00a0\u00bbfull\u00a0\u00bb][\/vc_column_inner][vc_column_inner width=\u00a0\u00bb2\/3&Prime;][vc_column_text] Tron\u00e7onneuses \u00e0 paquets \u00e0 guidage parall\u00e8le Un poste de coupe- des combinaisons multiples! Le poste de coupe PC120 vous offre la possibilit\u00e9 de configurer votre installation sur mesure en fonction de vos exigences et de l&rsquo;espace disponible. Quels sont vos besoins?[\/vc_column_text][\/vc_column_inner][\/vc_row_inner][\/vc_column][\/vc_row][vc_row css=\u00a0\u00bb.vc_custom_1435575388957{padding-top: 0px !important;background-color: #fafafa !important;}\u00a0\u00bb][vc_column][vc_row_inner css=\u00a0\u00bb.vc_custom_1495094427771{margin-top: [&hellip;]\" \/>\n<meta property=\"og:url\" content=\"https:\/\/www.prinz.at\/fr\/produits\/scies-pour-le-bois\/\" \/>\n<meta property=\"og:site_name\" content=\"PRINZ\" \/>\n<meta property=\"article:modified_time\" content=\"2024-02-07T12:18:51+00:00\" \/>\n<meta name=\"twitter:card\" content=\"summary_large_image\" \/>\n<meta name=\"twitter:label1\" content=\"Dur\u00e9e de lecture estim\u00e9e\" \/>\n\t<meta name=\"twitter:data1\" content=\"3 minutes\" \/>\n<script type=\"application\/ld+json\" class=\"yoast-schema-graph\">{\"@context\":\"https:\/\/schema.org\",\"@graph\":[{\"@type\":\"WebPage\",\"@id\":\"https:\/\/www.prinz.at\/fr\/produits\/scies-pour-le-bois\/\",\"url\":\"https:\/\/www.prinz.at\/fr\/produits\/scies-pour-le-bois\/\",\"name\":\"Scies pour le bois - PRINZ\",\"isPartOf\":{\"@id\":\"https:\/\/www.prinz.at\/#website\"},\"datePublished\":\"2015-01-17T21:21:06+00:00\",\"dateModified\":\"2024-02-07T12:18:51+00:00\",\"breadcrumb\":{\"@id\":\"https:\/\/www.prinz.at\/fr\/produits\/scies-pour-le-bois\/#breadcrumb\"},\"inLanguage\":\"fr-FR\",\"potentialAction\":[{\"@type\":\"ReadAction\",\"target\":[\"https:\/\/www.prinz.at\/fr\/produits\/scies-pour-le-bois\/\"]}]},{\"@type\":\"BreadcrumbList\",\"@id\":\"https:\/\/www.prinz.at\/fr\/produits\/scies-pour-le-bois\/#breadcrumb\",\"itemListElement\":[{\"@type\":\"ListItem\",\"position\":1,\"name\":\"Startseite\",\"item\":\"https:\/\/www.prinz.at\/fr\/\"},{\"@type\":\"ListItem\",\"position\":2,\"name\":\"Produits\",\"item\":\"https:\/\/www.prinz.at\/fr\/produits\/\"},{\"@type\":\"ListItem\",\"position\":3,\"name\":\"Scies pour le bois\"}]},{\"@type\":\"WebSite\",\"@id\":\"https:\/\/www.prinz.at\/#website\",\"url\":\"https:\/\/www.prinz.at\/\",\"name\":\"PRINZ\",\"description\":\"\",\"potentialAction\":[{\"@type\":\"SearchAction\",\"target\":{\"@type\":\"EntryPoint\",\"urlTemplate\":\"https:\/\/www.prinz.at\/?s={search_term_string}\"},\"query-input\":\"required name=search_term_string\"}],\"inLanguage\":\"fr-FR\"}]}<\/script>\n<!-- \/ Yoast SEO plugin. -->","yoast_head_json":{"title":"Scies pour le bois - PRINZ","robots":{"index":"index","follow":"follow","max-snippet":"max-snippet:-1","max-image-preview":"max-image-preview:large","max-video-preview":"max-video-preview:-1"},"canonical":"https:\/\/www.prinz.at\/fr\/produits\/scies-pour-le-bois\/","og_locale":"fr_FR","og_type":"article","og_title":"Scies pour le bois - PRINZ","og_description":"[vc_row css=\u00a0\u00bb.vc_custom_1669885875354{background-color: #ffffff !important;}\u00a0\u00bb][vc_column][vc_row_inner][vc_column_inner width=\u00a0\u00bb1\/3&Prime;][vc_single_image image=\u00a0\u00bb5240&Prime; img_size=\u00a0\u00bbfull\u00a0\u00bb][\/vc_column_inner][vc_column_inner width=\u00a0\u00bb2\/3&Prime;][vc_column_text] Tron\u00e7onneuses \u00e0 paquets \u00e0 guidage parall\u00e8le Un poste de coupe- des combinaisons multiples! Le poste de coupe PC120 vous offre la possibilit\u00e9 de configurer votre installation sur mesure en fonction de vos exigences et de l&rsquo;espace disponible. Quels sont vos besoins?[\/vc_column_text][\/vc_column_inner][\/vc_row_inner][\/vc_column][\/vc_row][vc_row css=\u00a0\u00bb.vc_custom_1435575388957{padding-top: 0px !important;background-color: #fafafa !important;}\u00a0\u00bb][vc_column][vc_row_inner css=\u00a0\u00bb.vc_custom_1495094427771{margin-top: [&hellip;]","og_url":"https:\/\/www.prinz.at\/fr\/produits\/scies-pour-le-bois\/","og_site_name":"PRINZ","article_modified_time":"2024-02-07T12:18:51+00:00","twitter_card":"summary_large_image","twitter_misc":{"Dur\u00e9e de lecture estim\u00e9e":"3 minutes"},"schema":{"@context":"https:\/\/schema.org","@graph":[{"@type":"WebPage","@id":"https:\/\/www.prinz.at\/fr\/produits\/scies-pour-le-bois\/","url":"https:\/\/www.prinz.at\/fr\/produits\/scies-pour-le-bois\/","name":"Scies pour le bois - PRINZ","isPartOf":{"@id":"https:\/\/www.prinz.at\/#website"},"datePublished":"2015-01-17T21:21:06+00:00","dateModified":"2024-02-07T12:18:51+00:00","breadcrumb":{"@id":"https:\/\/www.prinz.at\/fr\/produits\/scies-pour-le-bois\/#breadcrumb"},"inLanguage":"fr-FR","potentialAction":[{"@type":"ReadAction","target":["https:\/\/www.prinz.at\/fr\/produits\/scies-pour-le-bois\/"]}]},{"@type":"BreadcrumbList","@id":"https:\/\/www.prinz.at\/fr\/produits\/scies-pour-le-bois\/#breadcrumb","itemListElement":[{"@type":"ListItem","position":1,"name":"Startseite","item":"https:\/\/www.prinz.at\/fr\/"},{"@type":"ListItem","position":2,"name":"Produits","item":"https:\/\/www.prinz.at\/fr\/produits\/"},{"@type":"ListItem","position":3,"name":"Scies pour le bois"}]},{"@type":"WebSite","@id":"https:\/\/www.prinz.at\/#website","url":"https:\/\/www.prinz.at\/","name":"PRINZ","description":"","potentialAction":[{"@type":"SearchAction","target":{"@type":"EntryPoint","urlTemplate":"https:\/\/www.prinz.at\/?s={search_term_string}"},"query-input":"required name=search_term_string"}],"inLanguage":"fr-FR"}]}},"_links":{"self":[{"href":"https:\/\/www.prinz.at\/fr\/wp-json\/wp\/v2\/pages\/6395"}],"collection":[{"href":"https:\/\/www.prinz.at\/fr\/wp-json\/wp\/v2\/pages"}],"about":[{"href":"https:\/\/www.prinz.at\/fr\/wp-json\/wp\/v2\/types\/page"}],"author":[{"embeddable":true,"href":"https:\/\/www.prinz.at\/fr\/wp-json\/wp\/v2\/users\/1"}],"replies":[{"embeddable":true,"href":"https:\/\/www.prinz.at\/fr\/wp-json\/wp\/v2\/comments?post=6395"}],"version-history":[{"count":2,"href":"https:\/\/www.prinz.at\/fr\/wp-json\/wp\/v2\/pages\/6395\/revisions"}],"predecessor-version":[{"id":10212,"href":"https:\/\/www.prinz.at\/fr\/wp-json\/wp\/v2\/pages\/6395\/revisions\/10212"}],"up":[{"embeddable":true,"href":"https:\/\/www.prinz.at\/fr\/wp-json\/wp\/v2\/pages\/6373"}],"wp:attachment":[{"href":"https:\/\/www.prinz.at\/fr\/wp-json\/wp\/v2\/media?parent=6395"}],"curies":[{"name":"wp","href":"https:\/\/api.w.org\/{rel}","templated":true}]}}