{"id":6418,"date":"2015-03-24T14:06:36","date_gmt":"2015-03-24T14:06:36","guid":{"rendered":"https:\/\/www.prinz.at\/scies-a-grumes\/"},"modified":"2015-03-24T14:06:36","modified_gmt":"2015-03-24T14:06:36","slug":"scies-a-grumes","status":"publish","type":"page","link":"https:\/\/www.prinz.at\/fr\/produits\/scies-pour-le-bois\/scies-a-grumes\/","title":{"rendered":"Scies \u00e0 grumes"},"content":{"rendered":"<section class=\"wpb-content-wrapper\"><p>[vc_row ses_sub_title=\u00a0\u00bb<br \/>\n\u00a0\u00bb css=\u00a0\u00bb.vc_custom_1497871570221{margin-top: 0px !important;padding-top: 0px !important;}\u00a0\u00bb][vc_column][vc_row_inner][vc_column_inner width=\u00a0\u00bb1\/3&Prime;][vc_column_text]<\/p>\n<h3 style=\"text-align: center;\">LOGSTAR<\/h3>\n<p>[\/vc_column_text][vc_single_image image=\u00a0\u00bb3091&Prime; img_size=\u00a0\u00bbfull\u00a0\u00bb alignment=\u00a0\u00bbcenter\u00a0\u00bb onclick=\u00a0\u00bbcustom_link\u00a0\u00bb link=\u00a0\u00bb\/fr\/produkte\/holz\/rundholzsaegen\/logstar\/\u00a0\u00bb el_class=\u00a0\u00bblink-pic\u00a0\u00bb][\/vc_column_inner][vc_column_inner width=\u00a0\u00bb1\/3&Prime;][vc_column_text]<\/p>\n<h3 style=\"text-align: center;\">LOGSTAR COMBI<\/h3>\n<p>[\/vc_column_text][vc_single_image image=\u00a0\u00bb3092&Prime; img_size=\u00a0\u00bbfull\u00a0\u00bb alignment=\u00a0\u00bbcenter\u00a0\u00bb onclick=\u00a0\u00bbcustom_link\u00a0\u00bb link=\u00a0\u00bb\/fr\/produkte\/holz\/rundholzsaegen\/logstar-combi\/\u00a0\u00bb el_class=\u00a0\u00bblink-pic\u00a0\u00bb][\/vc_column_inner][vc_column_inner width=\u00a0\u00bb1\/3&Prime;][vc_column_text]<\/p>\n<h3 style=\"text-align: center;\">LOGSPLITTER<\/h3>\n<p>[\/vc_column_text][vc_single_image image=\u00a0\u00bb3093&Prime; img_size=\u00a0\u00bbfull\u00a0\u00bb alignment=\u00a0\u00bbcenter\u00a0\u00bb onclick=\u00a0\u00bbcustom_link\u00a0\u00bb el_class=\u00a0\u00bblink-pic\u00a0\u00bb link=\u00a0\u00bb\/fr\/produkte\/holz\/rundholzsaegen\/logsplitter-2\/\u00a0\u00bb][\/vc_column_inner][\/vc_row_inner][vc_row_inner][vc_column_inner][vc_column_text css=\u00a0\u00bb.vc_custom_1497871513895{margin-top: 30px !important;padding-top: 20px !important;}\u00a0\u00bb]<\/p>\n<h3 style=\"text-align: center;\">PRINZ offre \u00e9galement des solutions compl\u00e8tes pour le parc \u00e0 grumes<\/h3>\n<p>[\/vc_column_text][\/vc_column_inner][\/vc_row_inner][vc_row_inner][vc_column_inner][vc_raw_html css=\u00a0\u00bb.vc_custom_1497871592228{margin-top: 20px !important;padding-top: 20px !important;}\u00a0\u00bb]JTNDaWZyYW1lJTIwd2lkdGglM0QlMjIxMjgwJTIyJTIwaGVpZ2h0JTNEJTIyNzIwJTIyJTIwc3JjJTNEJTIyaHR0cHMlM0ElMkYlMkZ3d3cueW91dHViZS5jb20lMkZlbWJlZCUyRkJFVWZtVm9TWUhnJTNGcmVsJTNEMCUyMiUyMGZyYW1lYm9yZGVyJTNEJTIyMCUyMiUyMGFsbG93ZnVsbHNjcmVlbiUzRSUzQyUyRmlmcmFtZSUzRQ==[\/vc_raw_html][\/vc_column_inner][\/vc_row_inner][\/vc_column][\/vc_row]<\/p>\n<\/section>","protected":false},"excerpt":{"rendered":"<p>[vc_row ses_sub_title=\u00a0\u00bb \u00a0\u00bb css=\u00a0\u00bb.vc_custom_1497871570221{margin-top: 0px !important;padding-top: 0px !important;}\u00a0\u00bb][vc_column][vc_row_inner][vc_column_inner width=\u00a0\u00bb1\/3&Prime;][vc_column_text] LOGSTAR [\/vc_column_text][vc_single_image image=\u00a0\u00bb3091&Prime; img_size=\u00a0\u00bbfull\u00a0\u00bb alignment=\u00a0\u00bbcenter\u00a0\u00bb onclick=\u00a0\u00bbcustom_link\u00a0\u00bb link=\u00a0\u00bb\/fr\/produkte\/holz\/rundholzsaegen\/logstar\/\u00a0\u00bb el_class=\u00a0\u00bblink-pic\u00a0\u00bb][\/vc_column_inner][vc_column_inner width=\u00a0\u00bb1\/3&Prime;][vc_column_text] LOGSTAR COMBI [\/vc_column_text][vc_single_image image=\u00a0\u00bb3092&Prime; img_size=\u00a0\u00bbfull\u00a0\u00bb alignment=\u00a0\u00bbcenter\u00a0\u00bb onclick=\u00a0\u00bbcustom_link\u00a0\u00bb link=\u00a0\u00bb\/fr\/produkte\/holz\/rundholzsaegen\/logstar-combi\/\u00a0\u00bb el_class=\u00a0\u00bblink-pic\u00a0\u00bb][\/vc_column_inner][vc_column_inner width=\u00a0\u00bb1\/3&Prime;][vc_column_text] LOGSPLITTER [\/vc_column_text][vc_single_image image=\u00a0\u00bb3093&Prime; img_size=\u00a0\u00bbfull\u00a0\u00bb alignment=\u00a0\u00bbcenter\u00a0\u00bb onclick=\u00a0\u00bbcustom_link\u00a0\u00bb el_class=\u00a0\u00bblink-pic\u00a0\u00bb link=\u00a0\u00bb\/fr\/produkte\/holz\/rundholzsaegen\/logsplitter-2\/\u00a0\u00bb][\/vc_column_inner][\/vc_row_inner][vc_row_inner][vc_column_inner][vc_column_text css=\u00a0\u00bb.vc_custom_1497871513895{margin-top: 30px !important;padding-top: 20px !important;}\u00a0\u00bb] PRINZ offre \u00e9galement des solutions compl\u00e8tes pour le parc \u00e0 grumes [\/vc_column_text][\/vc_column_inner][\/vc_row_inner][vc_row_inner][vc_column_inner][vc_raw_html css=\u00a0\u00bb.vc_custom_1497871592228{margin-top: 20px [&hellip;]<\/p>\n","protected":false},"author":5,"featured_media":0,"parent":6395,"menu_order":0,"comment_status":"open","ping_status":"open","template":"","meta":[],"yoast_head":"<!-- This site is optimized with the Yoast SEO plugin v21.8.1 - https:\/\/yoast.com\/wordpress\/plugins\/seo\/ -->\n<title>Scies \u00e0 grumes - PRINZ<\/title>\n<meta name=\"robots\" content=\"index, follow, max-snippet:-1, max-image-preview:large, max-video-preview:-1\" \/>\n<link rel=\"canonical\" href=\"https:\/\/www.prinz.at\/scies-a-grumes\/?lang=fr\" \/>\n<meta property=\"og:locale\" content=\"fr_FR\" \/>\n<meta property=\"og:type\" content=\"article\" \/>\n<meta property=\"og:title\" content=\"Scies \u00e0 grumes - PRINZ\" \/>\n<meta property=\"og:description\" content=\"[vc_row ses_sub_title=\u00a0\u00bb \u00a0\u00bb css=\u00a0\u00bb.vc_custom_1497871570221{margin-top: 0px !important;padding-top: 0px !important;}\u00a0\u00bb][vc_column][vc_row_inner][vc_column_inner width=\u00a0\u00bb1\/3&Prime;][vc_column_text] LOGSTAR [\/vc_column_text][vc_single_image image=\u00a0\u00bb3091&Prime; img_size=\u00a0\u00bbfull\u00a0\u00bb alignment=\u00a0\u00bbcenter\u00a0\u00bb onclick=\u00a0\u00bbcustom_link\u00a0\u00bb link=\u00a0\u00bb\/fr\/produkte\/holz\/rundholzsaegen\/logstar\/\u00a0\u00bb el_class=\u00a0\u00bblink-pic\u00a0\u00bb][\/vc_column_inner][vc_column_inner width=\u00a0\u00bb1\/3&Prime;][vc_column_text] LOGSTAR COMBI [\/vc_column_text][vc_single_image image=\u00a0\u00bb3092&Prime; img_size=\u00a0\u00bbfull\u00a0\u00bb alignment=\u00a0\u00bbcenter\u00a0\u00bb onclick=\u00a0\u00bbcustom_link\u00a0\u00bb link=\u00a0\u00bb\/fr\/produkte\/holz\/rundholzsaegen\/logstar-combi\/\u00a0\u00bb el_class=\u00a0\u00bblink-pic\u00a0\u00bb][\/vc_column_inner][vc_column_inner width=\u00a0\u00bb1\/3&Prime;][vc_column_text] LOGSPLITTER [\/vc_column_text][vc_single_image image=\u00a0\u00bb3093&Prime; img_size=\u00a0\u00bbfull\u00a0\u00bb alignment=\u00a0\u00bbcenter\u00a0\u00bb onclick=\u00a0\u00bbcustom_link\u00a0\u00bb el_class=\u00a0\u00bblink-pic\u00a0\u00bb link=\u00a0\u00bb\/fr\/produkte\/holz\/rundholzsaegen\/logsplitter-2\/\u00a0\u00bb][\/vc_column_inner][\/vc_row_inner][vc_row_inner][vc_column_inner][vc_column_text css=\u00a0\u00bb.vc_custom_1497871513895{margin-top: 30px !important;padding-top: 20px !important;}\u00a0\u00bb] PRINZ offre \u00e9galement des solutions compl\u00e8tes pour le parc \u00e0 grumes [\/vc_column_text][\/vc_column_inner][\/vc_row_inner][vc_row_inner][vc_column_inner][vc_raw_html css=\u00a0\u00bb.vc_custom_1497871592228{margin-top: 20px [&hellip;]\" \/>\n<meta property=\"og:url\" content=\"https:\/\/www.prinz.at\/scies-a-grumes\/?lang=fr\" \/>\n<meta property=\"og:site_name\" content=\"PRINZ\" \/>\n<meta name=\"twitter:card\" content=\"summary_large_image\" \/>\n<meta name=\"twitter:label1\" content=\"Dur\u00e9e de lecture estim\u00e9e\" \/>\n\t<meta name=\"twitter:data1\" content=\"1 minute\" \/>\n<script type=\"application\/ld+json\" class=\"yoast-schema-graph\">{\"@context\":\"https:\/\/schema.org\",\"@graph\":[{\"@type\":\"WebPage\",\"@id\":\"https:\/\/www.prinz.at\/scies-a-grumes\/?lang=fr\",\"url\":\"https:\/\/www.prinz.at\/scies-a-grumes\/?lang=fr\",\"name\":\"Scies \u00e0 grumes - PRINZ\",\"isPartOf\":{\"@id\":\"https:\/\/www.prinz.at\/#website\"},\"datePublished\":\"2015-03-24T14:06:36+00:00\",\"dateModified\":\"2015-03-24T14:06:36+00:00\",\"breadcrumb\":{\"@id\":\"https:\/\/www.prinz.at\/scies-a-grumes\/?lang=fr#breadcrumb\"},\"inLanguage\":\"fr-FR\",\"potentialAction\":[{\"@type\":\"ReadAction\",\"target\":[\"https:\/\/www.prinz.at\/scies-a-grumes\/?lang=fr\"]}]},{\"@type\":\"BreadcrumbList\",\"@id\":\"https:\/\/www.prinz.at\/scies-a-grumes\/?lang=fr#breadcrumb\",\"itemListElement\":[{\"@type\":\"ListItem\",\"position\":1,\"name\":\"Startseite\",\"item\":\"https:\/\/www.prinz.at\/fr\/\"},{\"@type\":\"ListItem\",\"position\":2,\"name\":\"Scies \u00e0 grumes\"}]},{\"@type\":\"WebSite\",\"@id\":\"https:\/\/www.prinz.at\/#website\",\"url\":\"https:\/\/www.prinz.at\/\",\"name\":\"PRINZ\",\"description\":\"\",\"potentialAction\":[{\"@type\":\"SearchAction\",\"target\":{\"@type\":\"EntryPoint\",\"urlTemplate\":\"https:\/\/www.prinz.at\/?s={search_term_string}\"},\"query-input\":\"required name=search_term_string\"}],\"inLanguage\":\"fr-FR\"}]}<\/script>\n<!-- \/ Yoast SEO plugin. -->","yoast_head_json":{"title":"Scies \u00e0 grumes - PRINZ","robots":{"index":"index","follow":"follow","max-snippet":"max-snippet:-1","max-image-preview":"max-image-preview:large","max-video-preview":"max-video-preview:-1"},"canonical":"https:\/\/www.prinz.at\/scies-a-grumes\/?lang=fr","og_locale":"fr_FR","og_type":"article","og_title":"Scies \u00e0 grumes - PRINZ","og_description":"[vc_row ses_sub_title=\u00a0\u00bb \u00a0\u00bb css=\u00a0\u00bb.vc_custom_1497871570221{margin-top: 0px !important;padding-top: 0px !important;}\u00a0\u00bb][vc_column][vc_row_inner][vc_column_inner width=\u00a0\u00bb1\/3&Prime;][vc_column_text] LOGSTAR [\/vc_column_text][vc_single_image image=\u00a0\u00bb3091&Prime; img_size=\u00a0\u00bbfull\u00a0\u00bb alignment=\u00a0\u00bbcenter\u00a0\u00bb onclick=\u00a0\u00bbcustom_link\u00a0\u00bb link=\u00a0\u00bb\/fr\/produkte\/holz\/rundholzsaegen\/logstar\/\u00a0\u00bb el_class=\u00a0\u00bblink-pic\u00a0\u00bb][\/vc_column_inner][vc_column_inner width=\u00a0\u00bb1\/3&Prime;][vc_column_text] LOGSTAR COMBI [\/vc_column_text][vc_single_image image=\u00a0\u00bb3092&Prime; img_size=\u00a0\u00bbfull\u00a0\u00bb alignment=\u00a0\u00bbcenter\u00a0\u00bb onclick=\u00a0\u00bbcustom_link\u00a0\u00bb link=\u00a0\u00bb\/fr\/produkte\/holz\/rundholzsaegen\/logstar-combi\/\u00a0\u00bb el_class=\u00a0\u00bblink-pic\u00a0\u00bb][\/vc_column_inner][vc_column_inner width=\u00a0\u00bb1\/3&Prime;][vc_column_text] LOGSPLITTER [\/vc_column_text][vc_single_image image=\u00a0\u00bb3093&Prime; img_size=\u00a0\u00bbfull\u00a0\u00bb alignment=\u00a0\u00bbcenter\u00a0\u00bb onclick=\u00a0\u00bbcustom_link\u00a0\u00bb el_class=\u00a0\u00bblink-pic\u00a0\u00bb link=\u00a0\u00bb\/fr\/produkte\/holz\/rundholzsaegen\/logsplitter-2\/\u00a0\u00bb][\/vc_column_inner][\/vc_row_inner][vc_row_inner][vc_column_inner][vc_column_text css=\u00a0\u00bb.vc_custom_1497871513895{margin-top: 30px !important;padding-top: 20px !important;}\u00a0\u00bb] PRINZ offre \u00e9galement des solutions compl\u00e8tes pour le parc \u00e0 grumes [\/vc_column_text][\/vc_column_inner][\/vc_row_inner][vc_row_inner][vc_column_inner][vc_raw_html css=\u00a0\u00bb.vc_custom_1497871592228{margin-top: 20px [&hellip;]","og_url":"https:\/\/www.prinz.at\/scies-a-grumes\/?lang=fr","og_site_name":"PRINZ","twitter_card":"summary_large_image","twitter_misc":{"Dur\u00e9e de lecture estim\u00e9e":"1 minute"},"schema":{"@context":"https:\/\/schema.org","@graph":[{"@type":"WebPage","@id":"https:\/\/www.prinz.at\/scies-a-grumes\/?lang=fr","url":"https:\/\/www.prinz.at\/scies-a-grumes\/?lang=fr","name":"Scies \u00e0 grumes - PRINZ","isPartOf":{"@id":"https:\/\/www.prinz.at\/#website"},"datePublished":"2015-03-24T14:06:36+00:00","dateModified":"2015-03-24T14:06:36+00:00","breadcrumb":{"@id":"https:\/\/www.prinz.at\/scies-a-grumes\/?lang=fr#breadcrumb"},"inLanguage":"fr-FR","potentialAction":[{"@type":"ReadAction","target":["https:\/\/www.prinz.at\/scies-a-grumes\/?lang=fr"]}]},{"@type":"BreadcrumbList","@id":"https:\/\/www.prinz.at\/scies-a-grumes\/?lang=fr#breadcrumb","itemListElement":[{"@type":"ListItem","position":1,"name":"Startseite","item":"https:\/\/www.prinz.at\/fr\/"},{"@type":"ListItem","position":2,"name":"Scies \u00e0 grumes"}]},{"@type":"WebSite","@id":"https:\/\/www.prinz.at\/#website","url":"https:\/\/www.prinz.at\/","name":"PRINZ","description":"","potentialAction":[{"@type":"SearchAction","target":{"@type":"EntryPoint","urlTemplate":"https:\/\/www.prinz.at\/?s={search_term_string}"},"query-input":"required name=search_term_string"}],"inLanguage":"fr-FR"}]}},"_links":{"self":[{"href":"https:\/\/www.prinz.at\/fr\/wp-json\/wp\/v2\/pages\/6418"}],"collection":[{"href":"https:\/\/www.prinz.at\/fr\/wp-json\/wp\/v2\/pages"}],"about":[{"href":"https:\/\/www.prinz.at\/fr\/wp-json\/wp\/v2\/types\/page"}],"author":[{"embeddable":true,"href":"https:\/\/www.prinz.at\/fr\/wp-json\/wp\/v2\/users\/5"}],"replies":[{"embeddable":true,"href":"https:\/\/www.prinz.at\/fr\/wp-json\/wp\/v2\/comments?post=6418"}],"version-history":[{"count":0,"href":"https:\/\/www.prinz.at\/fr\/wp-json\/wp\/v2\/pages\/6418\/revisions"}],"up":[{"embeddable":true,"href":"https:\/\/www.prinz.at\/fr\/wp-json\/wp\/v2\/pages\/6395"}],"wp:attachment":[{"href":"https:\/\/www.prinz.at\/fr\/wp-json\/wp\/v2\/media?parent=6418"}],"curies":[{"name":"wp","href":"https:\/\/api.w.org\/{rel}","templated":true}]}}