{"id":6428,"date":"2015-03-24T14:08:22","date_gmt":"2015-03-24T14:08:22","guid":{"rendered":"https:\/\/www.prinz.at\/guides\/"},"modified":"2025-03-19T13:33:55","modified_gmt":"2025-03-19T13:33:55","slug":"guides","status":"publish","type":"page","link":"https:\/\/www.prinz.at\/fr\/produits\/scies-pour-le-bois\/guides\/","title":{"rendered":"Guides"},"content":{"rendered":"<section class=\"wpb-content-wrapper\"><p>[vc_row][vc_column][vc_row_inner css=\u00a0\u00bb.vc_custom_1742220690314{background-color: #efefef !important;}\u00a0\u00bb][vc_column_inner width=\u00a0\u00bb2\/3&Prime; css=\u00a0\u00bb.vc_custom_1504533435294{margin-top: 20px !important;padding-top: 30px !important;}\u00a0\u00bb][vc_column_text]<\/p>\n<h3>NOUVEAU dans notre gamme: la ligne <strong>EXPERT-LINE<\/strong>, avec une long\u00e9vit\u00e9 de + de 30% par rapport aux guides conventionnels!<\/h3>\n<p>[\/vc_column_text][\/vc_column_inner][vc_column_inner width=\u00a0\u00bb1\/3&Prime;][vc_single_image image=\u00a0\u00bb4640&Prime; img_size=\u00a0\u00bbfull\u00a0\u00bb][\/vc_column_inner][\/vc_row_inner][vc_row_inner][vc_column_inner][vc_column_text]Fond\u00e9e en 1947, PRINZ s&rsquo;est d\u00e9velopp\u00e9e pour \u00eatre aujourd&rsquo;hui le leader dans son secteur. PRINZ est seule \u00e0 pouvoir offrir le mat\u00e9riel de tron\u00e7onnage et toutes les pi\u00e8ces de l&rsquo;outil de coupe de sa propre production.<\/p>\n<p>Les guides PRINZ sont fabriqu\u00e9s dans un acier de haute qualit\u00e9 et sont disponibles pour les diff\u00e9rentes marques de mat\u00e9riel.<\/p>\n<p>&nbsp;<\/p>\n<p><strong>Livrables en 3 principaux mod\u00e8les:<\/strong>[\/vc_column_text][\/vc_column_inner][\/vc_row_inner][vc_row_inner css=\u00a0\u00bb.vc_custom_1742220701200{margin-top: 10px !important;background-color: #efefef !important;}\u00a0\u00bb][vc_column_inner width=\u00a0\u00bb1\/3&Prime;][vc_column_text css=\u00a0\u00bb.vc_custom_1742388282672{padding-bottom: 10px !important;}\u00a0\u00bb]<\/p>\n<ul>\n<li>tremp\u00e9 haute fr\u00e9quence<\/li>\n<\/ul>\n<p>[\/vc_column_text][vc_single_image image=\u00a0\u00bb11178&Prime; img_size=\u00a0\u00bbfull\u00a0\u00bb][\/vc_column_inner][vc_column_inner width=\u00a0\u00bb1\/3&Prime;][vc_column_text css=\u00a0\u00bb.vc_custom_1742388320778{padding-bottom: 10px !important;}\u00a0\u00bb]<\/p>\n<ul>\n<li>avec des rapports renforc\u00e9s sur deux faces<\/li>\n<\/ul>\n<p>[\/vc_column_text][vc_single_image image=\u00a0\u00bb11168&Prime; img_size=\u00a0\u00bbfull\u00a0\u00bb][\/vc_column_inner][vc_column_inner width=\u00a0\u00bb1\/3&Prime;][vc_column_text css=\u00a0\u00bb.vc_custom_1742388291699{padding-bottom: 10px !important;}\u00a0\u00bb]<\/p>\n<ul>\n<li>EXPERT-LINE<\/li>\n<\/ul>\n<p>[\/vc_column_text][vc_single_image image=\u00a0\u00bb11173&Prime; img_size=\u00a0\u00bbfull\u00a0\u00bb][\/vc_column_inner][\/vc_row_inner][\/vc_column][\/vc_row][vc_row css=\u00a0\u00bb.vc_custom_1458564748480{margin-top: 0px !important;padding-top: 0px !important;}\u00a0\u00bb][vc_column width=\u00a0\u00bb1\/6&Prime;][vc_column_text]<\/p>\n<h3>TKS<\/h3>\n<p>[\/vc_column_text][\/vc_column][vc_column width=\u00a0\u00bb1\/6&Prime;][vc_single_image image=\u00a0\u00bb653&Prime; img_size=\u00a0\u00bb263&#215;175&Prime;][\/vc_column][vc_column width=\u00a0\u00bb1\/6&Prime;][vc_single_image image=\u00a0\u00bb654&Prime; img_size=\u00a0\u00bb263 \u00d7 175&Prime;][\/vc_column][vc_column width=\u00a0\u00bb1\/2&Prime;][vc_column_text]Longueurs de coupe:<\/p>\n<p>100cm\u00a0\u00a0\u00a0\u00a0\u00a0\u00a0\u00a0\u00a0 200cm<\/p>\n<p>120cm\u00a0\u00a0\u00a0\u00a0\u00a0\u00a0\u00a0\u00a0 225cm<\/p>\n<p>150cm\u00a0\u00a0\u00a0\u00a0\u00a0\u00a0\u00a0\u00a0 250cm<\/p>\n<p>170cm<\/p>\n<p>Les longueurs de guide de 150 et 170cm sont \u00e9galement disponibles en <strong>EXPERT-LINE<\/strong>.[\/vc_column_text][\/vc_column][\/vc_row][vc_row css=\u00a0\u00bb.vc_custom_1458564757430{margin-top: 0px !important;padding-top: 0px !important;}\u00a0\u00bb][vc_column width=\u00a0\u00bb1\/6&Prime;][vc_column_text]<\/p>\n<h3>Prinz 120<\/h3>\n<p>[\/vc_column_text][\/vc_column][vc_column width=\u00a0\u00bb1\/6&Prime;][vc_single_image image=\u00a0\u00bb736&Prime; img_size=\u00a0\u00bb300&#215;300&Prime;][\/vc_column][vc_column width=\u00a0\u00bb1\/6&Prime;][vc_single_image image=\u00a0\u00bb737&Prime; img_size=\u00a0\u00bb300&#215;300&Prime;][\/vc_column][vc_column width=\u00a0\u00bb1\/2&Prime;][vc_column_text]Longueurs de coupe:<\/p>\n<p>140cm<\/p>\n<p>150cm<\/p>\n<p>175cm<\/p>\n<p>175cm de coupe, \u00e9galement disponible en <strong>EXPERT-LINE.<\/strong>[\/vc_column_text][\/vc_column][\/vc_row][vc_row css=\u00a0\u00bb.vc_custom_1458564763894{margin-top: 0px !important;padding-top: 0px !important;}\u00a0\u00bb][vc_column width=\u00a0\u00bb1\/6&Prime;][vc_column_text]<\/p>\n<h3>DSH Umbau<\/h3>\n<p>[\/vc_column_text][\/vc_column][vc_column width=\u00a0\u00bb1\/6&Prime;][vc_single_image image=\u00a0\u00bb741&Prime; img_size=\u00a0\u00bb300&#215;300&Prime;][\/vc_column][vc_column width=\u00a0\u00bb1\/6&Prime;][vc_single_image image=\u00a0\u00bb737&Prime; img_size=\u00a0\u00bb300&#215;300&Prime;][\/vc_column][vc_column width=\u00a0\u00bb1\/2&Prime;][vc_column_text]Longueurs de coupe:<\/p>\n<p>100cm\u00a0\u00a0\u00a0\u00a0\u00a0\u00a0 200cm<\/p>\n<p>125cm\u00a0\u00a0\u00a0\u00a0\u00a0\u00a0\u00a0 225cm<\/p>\n<p>150cm\u00a0\u00a0\u00a0\u00a0\u00a0\u00a0\u00a0 250cm<\/p>\n<p>175cm[\/vc_column_text][\/vc_column][\/vc_row][vc_row css=\u00a0\u00bb.vc_custom_1458564772100{margin-top: 0px !important;padding-top: 0px !important;}\u00a0\u00bb][vc_column width=\u00a0\u00bb1\/6&Prime;][vc_column_text]<\/p>\n<h3>RKS<\/h3>\n<p>[\/vc_column_text][\/vc_column][vc_column width=\u00a0\u00bb1\/6&Prime;][vc_single_image image=\u00a0\u00bb742&Prime; img_size=\u00a0\u00bb300&#215;300&Prime;][\/vc_column][vc_column width=\u00a0\u00bb1\/6&Prime;][vc_single_image image=\u00a0\u00bb743&Prime; img_size=\u00a0\u00bb300&#215;300&Prime;][\/vc_column][vc_column width=\u00a0\u00bb1\/2&Prime;][vc_column_text]Longueurs de coupe:<\/p>\n<p>100cm\u00a0\u00a0\u00a0\u00a0\u00a0\u00a0 200cm<\/p>\n<p>120cm\u00a0\u00a0\u00a0\u00a0\u00a0\u00a0\u00a0 225cm<\/p>\n<p>150cm\u00a0\u00a0\u00a0\u00a0\u00a0\u00a0\u00a0 250cm<\/p>\n<p>170cm[\/vc_column_text][\/vc_column][\/vc_row][vc_row css=\u00a0\u00bb.vc_custom_1458564798310{margin-top: 0px !important;padding-top: 0px !important;}\u00a0\u00bb][vc_column width=\u00a0\u00bb1\/6&Prime;][vc_column_text]<\/p>\n<h3>DSH<\/h3>\n<p>[\/vc_column_text][\/vc_column][vc_column width=\u00a0\u00bb1\/6&Prime;][vc_single_image image=\u00a0\u00bb744&Prime; img_size=\u00a0\u00bb300&#215;300&Prime;][\/vc_column][vc_column width=\u00a0\u00bb1\/6&Prime;][vc_single_image image=\u00a0\u00bb745&Prime; img_size=\u00a0\u00bb300&#215;300&Prime;][\/vc_column][vc_column width=\u00a0\u00bb1\/2&Prime;][vc_column_text]Longueurs de coupe:<\/p>\n<p>100cm\u00a0\u00a0\u00a0\u00a0\u00a0 200cm<\/p>\n<p>125cm\u00a0\u00a0\u00a0\u00a0\u00a0\u00a0 225cm<\/p>\n<p>150cm\u00a0\u00a0\u00a0\u00a0\u00a0\u00a0 250cm<\/p>\n<p>175cm[\/vc_column_text][\/vc_column][\/vc_row][vc_row css=\u00a0\u00bb.vc_custom_1458564811029{margin-top: 0px !important;padding-top: 0px !important;}\u00a0\u00bb][vc_column width=\u00a0\u00bb1\/6&Prime;][vc_column_text]<\/p>\n<h3>ES 121<\/h3>\n<h3><\/h3>\n<p>[\/vc_column_text][\/vc_column][vc_column width=\u00a0\u00bb1\/6&Prime;][vc_single_image image=\u00a0\u00bb746&Prime; img_size=\u00a0\u00bb600&#215;600&Prime;][\/vc_column][vc_column width=\u00a0\u00bb1\/6&Prime;][vc_single_image image=\u00a0\u00bb747&Prime; img_size=\u00a0\u00bb400&#215;400&Prime;][\/vc_column][vc_column width=\u00a0\u00bb1\/2&Prime;][vc_column_text]Longueurs de coupe:<\/p>\n<p>100cm\u00a0\u00a0\u00a0\u00a0\u00a0\u00a0 190cm<\/p>\n<p>130cm\u00a0\u00a0\u00a0\u00a0\u00a0\u00a0\u00a0 250cm<\/p>\n<p>160cm<\/p>\n<p>Les longueurs de guide de 130, 160 et 190cm sont \u00e9galement disponibles en<strong> EXPERT-LINE.<\/strong>[\/vc_column_text][\/vc_column][\/vc_row][vc_row css=\u00a0\u00bb.vc_custom_1458564818726{margin-top: 0px !important;padding-top: 0px !important;}\u00a0\u00bb][vc_column width=\u00a0\u00bb1\/6&Prime;][vc_column_text]<\/p>\n<h3>EED<\/h3>\n<h3>E21<\/h3>\n<h3>E51<\/h3>\n<p>[\/vc_column_text][\/vc_column][vc_column width=\u00a0\u00bb1\/6&Prime;][vc_single_image image=\u00a0\u00bb754&Prime; img_size=\u00a0\u00bb1200&#215;1200&Prime;][\/vc_column][vc_column width=\u00a0\u00bb1\/6&Prime;][vc_single_image image=\u00a0\u00bb757&Prime; img_size=\u00a0\u00bb800&#215;800&Prime;][\/vc_column][vc_column width=\u00a0\u00bb1\/2&Prime;][vc_column_text]Longueurs de coupe:<\/p>\n<p>30cm\u00a0\u00a0\u00a0\u00a0\u00a0\u00a0\u00a0\u00a0 75cm<\/p>\n<p>43cm\u00a0\u00a0\u00a0\u00a0\u00a0\u00a0\u00a0\u00a0\u00a0 90cm<\/p>\n<p>53cm\u00a0\u00a0\u00a0\u00a0\u00a0\u00a0\u00a0\u00a0\u00a0 110cm<\/p>\n<p>63cm[\/vc_column_text][\/vc_column][\/vc_row][vc_row css=\u00a0\u00bb.vc_custom_1458564825654{margin-top: 0px !important;padding-top: 0px !important;}\u00a0\u00bb][vc_column][vc_column_text]<\/p>\n<hr \/>\n<p>[\/vc_column_text][vc_row_inner][vc_column_inner][vc_column_text]<\/p>\n<h3>Equipements de coupe pour les centres d&rsquo;usinage<\/h3>\n<p>[\/vc_column_text][\/vc_column_inner][\/vc_row_inner][\/vc_column][\/vc_row][vc_row css=\u00a0\u00bb.vc_custom_1458559012860{margin-top: 0px !important;padding-top: 0px !important;}\u00a0\u00bb][vc_column width=\u00a0\u00bb1\/2&Prime;][vc_column_text]<\/p>\n<h3>FSSONDER82 \u00a0 \u00a0 \u00a0 \u00a0 \u00a0 \u00a0 \u00a0<img decoding=\"async\" loading=\"lazy\" class=\"alignnone wp-image-3630\" src=\"http:\/\/www.prinz.at\/wp-content\/uploads\/2015\/03\/FSSONDER84_REPARIERT-e1458302289918.png\" alt=\"FSSONDER84_REPARIERT\" width=\"246\" height=\"94\" \/><\/h3>\n<p>[\/vc_column_text][\/vc_column][vc_column width=\u00a0\u00bb1\/2&Prime;][vc_column_text]Longueur de coupe:<\/p>\n<p>500 mm, avec rapports renforc\u00e9s.<\/p>\n<p>Convient pour les centres d&rsquo;usinage comme PBA, K2i, \u2026<\/p>\n<p>Gorge: 1,6mm\u00a0 \u00a0 \u00a0 \u00a0 \u00a0 Pas de cha\u00eene: 3\/8&Prime;[\/vc_column_text][\/vc_column][\/vc_row][vc_row css=\u00a0\u00bb.vc_custom_1458563826800{margin-top: 0px !important;padding-top: 0px !important;}\u00a0\u00bb][vc_column width=\u00a0\u00bb1\/2&Prime;][vc_column_text]<\/p>\n<h3>FSSONDER84 \u00a0 \u00a0 \u00a0 \u00a0 \u00a0 \u00a0 <img decoding=\"async\" loading=\"lazy\" class=\"alignnone size-full wp-image-3639\" src=\"http:\/\/www.prinz.at\/wp-content\/uploads\/2015\/03\/FSSONDER84_VAR2.png\" alt=\"FSSONDER84_VAR2\" width=\"250\" height=\"72\" \/><\/h3>\n<p>[\/vc_column_text][\/vc_column][vc_column width=\u00a0\u00bb1\/2&Prime;][vc_column_text]Longueur de guide:<\/p>\n<p>500 mm, avec rapports renforc\u00e9s.<\/p>\n<p>Convient pour les centres d&rsquo;usinage comme PBA, &#8230;<\/p>\n<p>Gorge: 3mm\u00a0 \u00a0 \u00a0 \u00a0 \u00a0 Pas de cha\u00eene: 15mm[\/vc_column_text][\/vc_column][\/vc_row][vc_row css=\u00a0\u00bb.vc_custom_1458559012860{margin-top: 0px !important;padding-top: 0px !important;}\u00a0\u00bb][vc_column width=\u00a0\u00bb1\/2&Prime;][vc_column_text]<\/p>\n<h3>FSSONDER88A \u00a0 \u00a0 \u00a0 \u00a0<img decoding=\"async\" loading=\"lazy\" class=\"alignnone size-full wp-image-3642\" src=\"http:\/\/www.prinz.at\/wp-content\/uploads\/2015\/03\/FSSONDER88A.png\" alt=\"FSSONDER88A\" width=\"270\" height=\"44\" \/><\/h3>\n<h3>FSSONDER88D \u00a0 \u00a0 \u00a0 \u00a0<img decoding=\"async\" loading=\"lazy\" class=\"alignnone size-full wp-image-3643\" src=\"http:\/\/www.prinz.at\/wp-content\/uploads\/2015\/03\/FSSONDER88D.png\" alt=\"FSSONDER88D\" width=\"270\" height=\"44\" \/><\/h3>\n<h3><\/h3>\n<p>[\/vc_column_text][\/vc_column][vc_column width=\u00a0\u00bb1\/2&Prime;][vc_column_text]Longueurs de coupe:<\/p>\n<p>1250mm et 625mm, en acier tremp\u00e9<\/p>\n<p>Convient pour les centres d&rsquo;usinage comme K2i, \u2026<\/p>\n<p>Gorge: 1,6mm \u00a0 \u00a0 \u00a0 \u00a0 \u00a0Pas de cha\u00eene: 3\/8&Prime;[\/vc_column_text][\/vc_column][\/vc_row][vc_row css=\u00a0\u00bb.vc_custom_1458559012860{margin-top: 0px !important;padding-top: 0px !important;}\u00a0\u00bb][vc_column width=\u00a0\u00bb1\/2&Prime;][vc_column_text]<\/p>\n<h3>FSSONDER88B \u00a0 \u00a0 \u00a0 \u00a0<img decoding=\"async\" loading=\"lazy\" class=\"alignnone size-full wp-image-3642\" src=\"http:\/\/www.prinz.at\/wp-content\/uploads\/2015\/03\/FSSONDER88A.png\" alt=\"FSSONDER88A\" width=\"270\" height=\"44\" \/><\/h3>\n<h3>FSSONDER88E \u00a0 \u00a0 \u00a0 \u00a0<img decoding=\"async\" loading=\"lazy\" class=\"alignnone size-full wp-image-3643\" src=\"http:\/\/www.prinz.at\/wp-content\/uploads\/2015\/03\/FSSONDER88D.png\" alt=\"FSSONDER88D\" width=\"270\" height=\"44\" \/><\/h3>\n<h3><\/h3>\n<p>[\/vc_column_text][\/vc_column][vc_column width=\u00a0\u00bb1\/2&Prime;][vc_column_text]Longueur de guide:<\/p>\n<p>1250mm et 625mm, en acier tremp\u00e9<\/p>\n<p>Convient pour les centres d&rsquo;usinage comme K2i, \u2026<\/p>\n<p>Gorge: 2mm\u00a0 \u00a0 \u00a0 \u00a0 \u00a0 Pas de cha\u00eene: 404&Prime;[\/vc_column_text][\/vc_column][\/vc_row][vc_row][vc_column][vc_column_text]<\/p>\n<p>&nbsp;<\/p>\n<p>&nbsp;<\/p>\n<p>&nbsp;<\/p>\n<p>[\/vc_column_text][\/vc_column][\/vc_row]<\/p>\n<\/section>","protected":false},"excerpt":{"rendered":"<p>[vc_row][vc_column][vc_row_inner css=\u00a0\u00bb.vc_custom_1742220690314{background-color: #efefef !important;}\u00a0\u00bb][vc_column_inner width=\u00a0\u00bb2\/3&Prime; css=\u00a0\u00bb.vc_custom_1504533435294{margin-top: 20px !important;padding-top: 30px !important;}\u00a0\u00bb][vc_column_text] NOUVEAU dans notre gamme: la ligne EXPERT-LINE, avec une long\u00e9vit\u00e9 de + de 30% par rapport aux guides conventionnels! [\/vc_column_text][\/vc_column_inner][vc_column_inner width=\u00a0\u00bb1\/3&Prime;][vc_single_image image=\u00a0\u00bb4640&Prime; img_size=\u00a0\u00bbfull\u00a0\u00bb][\/vc_column_inner][\/vc_row_inner][vc_row_inner][vc_column_inner][vc_column_text]Fond\u00e9e en 1947, PRINZ s&rsquo;est d\u00e9velopp\u00e9e pour \u00eatre aujourd&rsquo;hui le leader dans son secteur. PRINZ est seule \u00e0 pouvoir offrir le mat\u00e9riel de [&hellip;]<\/p>\n","protected":false},"author":5,"featured_media":0,"parent":6395,"menu_order":0,"comment_status":"open","ping_status":"open","template":"","meta":[],"yoast_head":"<!-- This site is optimized with the Yoast SEO plugin v21.8.1 - https:\/\/yoast.com\/wordpress\/plugins\/seo\/ -->\n<title>Guides - PRINZ<\/title>\n<meta name=\"robots\" content=\"index, follow, max-snippet:-1, max-image-preview:large, max-video-preview:-1\" \/>\n<link rel=\"canonical\" href=\"https:\/\/www.prinz.at\/fr\/produits\/scies-pour-le-bois\/guides\/\" \/>\n<meta property=\"og:locale\" content=\"fr_FR\" \/>\n<meta property=\"og:type\" content=\"article\" \/>\n<meta property=\"og:title\" content=\"Guides - PRINZ\" \/>\n<meta property=\"og:description\" content=\"[vc_row][vc_column][vc_row_inner css=\u00a0\u00bb.vc_custom_1742220690314{background-color: #efefef !important;}\u00a0\u00bb][vc_column_inner width=\u00a0\u00bb2\/3&Prime; css=\u00a0\u00bb.vc_custom_1504533435294{margin-top: 20px !important;padding-top: 30px !important;}\u00a0\u00bb][vc_column_text] NOUVEAU dans notre gamme: la ligne EXPERT-LINE, avec une long\u00e9vit\u00e9 de + de 30% par rapport aux guides conventionnels! [\/vc_column_text][\/vc_column_inner][vc_column_inner width=\u00a0\u00bb1\/3&Prime;][vc_single_image image=\u00a0\u00bb4640&Prime; img_size=\u00a0\u00bbfull\u00a0\u00bb][\/vc_column_inner][\/vc_row_inner][vc_row_inner][vc_column_inner][vc_column_text]Fond\u00e9e en 1947, PRINZ s&rsquo;est d\u00e9velopp\u00e9e pour \u00eatre aujourd&rsquo;hui le leader dans son secteur. PRINZ est seule \u00e0 pouvoir offrir le mat\u00e9riel de [&hellip;]\" \/>\n<meta property=\"og:url\" content=\"https:\/\/www.prinz.at\/fr\/produits\/scies-pour-le-bois\/guides\/\" \/>\n<meta property=\"og:site_name\" content=\"PRINZ\" \/>\n<meta property=\"article:modified_time\" content=\"2025-03-19T13:33:55+00:00\" \/>\n<meta property=\"og:image\" content=\"http:\/\/www.prinz.at\/wp-content\/uploads\/2015\/03\/FSSONDER84_REPARIERT-e1458302289918.png\" \/>\n<meta name=\"twitter:card\" content=\"summary_large_image\" \/>\n<meta name=\"twitter:label1\" content=\"Dur\u00e9e de lecture estim\u00e9e\" \/>\n\t<meta name=\"twitter:data1\" content=\"4 minutes\" \/>\n<script type=\"application\/ld+json\" class=\"yoast-schema-graph\">{\"@context\":\"https:\/\/schema.org\",\"@graph\":[{\"@type\":\"WebPage\",\"@id\":\"https:\/\/www.prinz.at\/fr\/produits\/scies-pour-le-bois\/guides\/\",\"url\":\"https:\/\/www.prinz.at\/fr\/produits\/scies-pour-le-bois\/guides\/\",\"name\":\"Guides - PRINZ\",\"isPartOf\":{\"@id\":\"https:\/\/www.prinz.at\/#website\"},\"datePublished\":\"2015-03-24T14:08:22+00:00\",\"dateModified\":\"2025-03-19T13:33:55+00:00\",\"breadcrumb\":{\"@id\":\"https:\/\/www.prinz.at\/fr\/produits\/scies-pour-le-bois\/guides\/#breadcrumb\"},\"inLanguage\":\"fr-FR\",\"potentialAction\":[{\"@type\":\"ReadAction\",\"target\":[\"https:\/\/www.prinz.at\/fr\/produits\/scies-pour-le-bois\/guides\/\"]}]},{\"@type\":\"BreadcrumbList\",\"@id\":\"https:\/\/www.prinz.at\/fr\/produits\/scies-pour-le-bois\/guides\/#breadcrumb\",\"itemListElement\":[{\"@type\":\"ListItem\",\"position\":1,\"name\":\"Startseite\",\"item\":\"https:\/\/www.prinz.at\/fr\/\"},{\"@type\":\"ListItem\",\"position\":2,\"name\":\"Produits\",\"item\":\"https:\/\/www.prinz.at\/fr\/produits\/\"},{\"@type\":\"ListItem\",\"position\":3,\"name\":\"Scies pour le bois\",\"item\":\"https:\/\/www.prinz.at\/fr\/produits\/scies-pour-le-bois\/\"},{\"@type\":\"ListItem\",\"position\":4,\"name\":\"Guides\"}]},{\"@type\":\"WebSite\",\"@id\":\"https:\/\/www.prinz.at\/#website\",\"url\":\"https:\/\/www.prinz.at\/\",\"name\":\"PRINZ\",\"description\":\"\",\"potentialAction\":[{\"@type\":\"SearchAction\",\"target\":{\"@type\":\"EntryPoint\",\"urlTemplate\":\"https:\/\/www.prinz.at\/?s={search_term_string}\"},\"query-input\":\"required name=search_term_string\"}],\"inLanguage\":\"fr-FR\"}]}<\/script>\n<!-- \/ Yoast SEO plugin. -->","yoast_head_json":{"title":"Guides - PRINZ","robots":{"index":"index","follow":"follow","max-snippet":"max-snippet:-1","max-image-preview":"max-image-preview:large","max-video-preview":"max-video-preview:-1"},"canonical":"https:\/\/www.prinz.at\/fr\/produits\/scies-pour-le-bois\/guides\/","og_locale":"fr_FR","og_type":"article","og_title":"Guides - PRINZ","og_description":"[vc_row][vc_column][vc_row_inner css=\u00a0\u00bb.vc_custom_1742220690314{background-color: #efefef !important;}\u00a0\u00bb][vc_column_inner width=\u00a0\u00bb2\/3&Prime; css=\u00a0\u00bb.vc_custom_1504533435294{margin-top: 20px !important;padding-top: 30px !important;}\u00a0\u00bb][vc_column_text] NOUVEAU dans notre gamme: la ligne EXPERT-LINE, avec une long\u00e9vit\u00e9 de + de 30% par rapport aux guides conventionnels! [\/vc_column_text][\/vc_column_inner][vc_column_inner width=\u00a0\u00bb1\/3&Prime;][vc_single_image image=\u00a0\u00bb4640&Prime; img_size=\u00a0\u00bbfull\u00a0\u00bb][\/vc_column_inner][\/vc_row_inner][vc_row_inner][vc_column_inner][vc_column_text]Fond\u00e9e en 1947, PRINZ s&rsquo;est d\u00e9velopp\u00e9e pour \u00eatre aujourd&rsquo;hui le leader dans son secteur. PRINZ est seule \u00e0 pouvoir offrir le mat\u00e9riel de [&hellip;]","og_url":"https:\/\/www.prinz.at\/fr\/produits\/scies-pour-le-bois\/guides\/","og_site_name":"PRINZ","article_modified_time":"2025-03-19T13:33:55+00:00","og_image":[{"url":"http:\/\/www.prinz.at\/wp-content\/uploads\/2015\/03\/FSSONDER84_REPARIERT-e1458302289918.png"}],"twitter_card":"summary_large_image","twitter_misc":{"Dur\u00e9e de lecture estim\u00e9e":"4 minutes"},"schema":{"@context":"https:\/\/schema.org","@graph":[{"@type":"WebPage","@id":"https:\/\/www.prinz.at\/fr\/produits\/scies-pour-le-bois\/guides\/","url":"https:\/\/www.prinz.at\/fr\/produits\/scies-pour-le-bois\/guides\/","name":"Guides - PRINZ","isPartOf":{"@id":"https:\/\/www.prinz.at\/#website"},"datePublished":"2015-03-24T14:08:22+00:00","dateModified":"2025-03-19T13:33:55+00:00","breadcrumb":{"@id":"https:\/\/www.prinz.at\/fr\/produits\/scies-pour-le-bois\/guides\/#breadcrumb"},"inLanguage":"fr-FR","potentialAction":[{"@type":"ReadAction","target":["https:\/\/www.prinz.at\/fr\/produits\/scies-pour-le-bois\/guides\/"]}]},{"@type":"BreadcrumbList","@id":"https:\/\/www.prinz.at\/fr\/produits\/scies-pour-le-bois\/guides\/#breadcrumb","itemListElement":[{"@type":"ListItem","position":1,"name":"Startseite","item":"https:\/\/www.prinz.at\/fr\/"},{"@type":"ListItem","position":2,"name":"Produits","item":"https:\/\/www.prinz.at\/fr\/produits\/"},{"@type":"ListItem","position":3,"name":"Scies pour le bois","item":"https:\/\/www.prinz.at\/fr\/produits\/scies-pour-le-bois\/"},{"@type":"ListItem","position":4,"name":"Guides"}]},{"@type":"WebSite","@id":"https:\/\/www.prinz.at\/#website","url":"https:\/\/www.prinz.at\/","name":"PRINZ","description":"","potentialAction":[{"@type":"SearchAction","target":{"@type":"EntryPoint","urlTemplate":"https:\/\/www.prinz.at\/?s={search_term_string}"},"query-input":"required name=search_term_string"}],"inLanguage":"fr-FR"}]}},"_links":{"self":[{"href":"https:\/\/www.prinz.at\/fr\/wp-json\/wp\/v2\/pages\/6428"}],"collection":[{"href":"https:\/\/www.prinz.at\/fr\/wp-json\/wp\/v2\/pages"}],"about":[{"href":"https:\/\/www.prinz.at\/fr\/wp-json\/wp\/v2\/types\/page"}],"author":[{"embeddable":true,"href":"https:\/\/www.prinz.at\/fr\/wp-json\/wp\/v2\/users\/5"}],"replies":[{"embeddable":true,"href":"https:\/\/www.prinz.at\/fr\/wp-json\/wp\/v2\/comments?post=6428"}],"version-history":[{"count":2,"href":"https:\/\/www.prinz.at\/fr\/wp-json\/wp\/v2\/pages\/6428\/revisions"}],"predecessor-version":[{"id":11188,"href":"https:\/\/www.prinz.at\/fr\/wp-json\/wp\/v2\/pages\/6428\/revisions\/11188"}],"up":[{"embeddable":true,"href":"https:\/\/www.prinz.at\/fr\/wp-json\/wp\/v2\/pages\/6395"}],"wp:attachment":[{"href":"https:\/\/www.prinz.at\/fr\/wp-json\/wp\/v2\/media?parent=6428"}],"curies":[{"name":"wp","href":"https:\/\/api.w.org\/{rel}","templated":true}]}}