{"id":6433,"date":"2015-03-24T14:09:11","date_gmt":"2015-03-24T14:09:11","guid":{"rendered":"https:\/\/www.prinz.at\/accessoires\/"},"modified":"2015-03-24T14:09:11","modified_gmt":"2015-03-24T14:09:11","slug":"accessoires","status":"publish","type":"page","link":"https:\/\/www.prinz.at\/fr\/produits\/scies-pour-le-bois\/accessoires\/","title":{"rendered":"Accessoires"},"content":{"rendered":"<section class=\"wpb-content-wrapper\"><p>[vc_row][vc_column][vc_column_text]PRINZ vous offre une gamme compl\u00e8te d&rsquo;accessoires pour la maintenance et l&rsquo;entretien professionel de votre \u00e9quipement de coupe: huile de graissage de vos cha\u00eenes, aff\u00fbteuses, meules d&rsquo;aff\u00fbtage, rectifieuse pour flans de guide, et bien plus encore \u2026[\/vc_column_text][\/vc_column][\/vc_row][vc_row][vc_column width=\u00a0\u00bb1\/3&Prime;][vc_column_text]<\/p>\n<h3>Rectifieuse de guides<\/h3>\n<p>[\/vc_column_text][\/vc_column][vc_column width=\u00a0\u00bb1\/3&Prime;][vc_single_image image=\u00a0\u00bb3889&Prime; img_size=\u00a0\u00bb170&#215;170&Prime;][\/vc_column][vc_column width=\u00a0\u00bb1\/3&Prime;][vc_column_text]<\/p>\n<div id=\"c1031\" class=\"csc-default\">\n<p>La rectifieuse PRINZ est l&rsquo;outil id\u00e9al pour la r\u00e9paration et la maintenance de vos guides. Un outil simple pour corriger les flans de guide et enlever les bavures.<\/p>\n<\/div>\n<p>[\/vc_column_text][\/vc_column][\/vc_row][vc_row][vc_column width=\u00a0\u00bb1\/3&Prime;][vc_column_text]<\/p>\n<h3>Meules boisseau<\/h3>\n<p>[\/vc_column_text][\/vc_column][vc_column width=\u00a0\u00bb1\/3&Prime;][vc_single_image img_size=\u00a0\u00bb150&#215;150&Prime;][\/vc_column][vc_column width=\u00a0\u00bb1\/3&Prime;][vc_column_text]Meules CBN de haute qualit\u00e9 pour votre rectifieuse.[\/vc_column_text][\/vc_column][\/vc_row][vc_row][vc_column width=\u00a0\u00bb1\/3&Prime;][vc_column_text]<\/p>\n<h3>Aff\u00fbteuse pour cha\u00eenes<\/h3>\n<p>[\/vc_column_text][\/vc_column][vc_column width=\u00a0\u00bb1\/3&Prime;][vc_single_image image=\u00a0\u00bb1996&Prime; img_size=\u00a0\u00bb150&#215;150&Prime;][\/vc_column][vc_column width=\u00a0\u00bb1\/3&Prime;][vc_column_text]<\/p>\n<ul>\n<li>Affuteuse professionnelle pour un aff\u00fbtage pr\u00e9cis de tous vos types de cha\u00eenes<\/li>\n<li>facile d&rsquo;utilisation, aff\u00fbtage manuel<\/li>\n<li>convient \u00e9galement pour l&rsquo;aff\u00fbtage des cha\u00eenes carbure (meule diamant\u00e9e)<\/li>\n<\/ul>\n<p>[\/vc_column_text][\/vc_column][\/vc_row][vc_row][vc_column width=\u00a0\u00bb1\/3&Prime;][vc_column_text][\/vc_column_text][\/vc_column][vc_column width=\u00a0\u00bb1\/3&Prime;][vc_single_image image=\u00a0\u00bb2000&Prime; img_size=\u00a0\u00bb150&#215;150&Prime;][\/vc_column][vc_column width=\u00a0\u00bb1\/3&Prime;][vc_column_text]Les meules d&rsquo;aff\u00fbtage sont de haute qualit\u00e9 et conviennent pour tous les types d&rsquo;aff\u00fbteuses:<\/p>\n<ul>\n<li>pour une excellente qualit\u00e9 d&rsquo;aff\u00fbtage<\/li>\n<li>diff\u00e9rents diam\u00e8tres int\u00e9rieurs disponibles: 12\/20\/22\/25mm<\/li>\n<\/ul>\n<p>[\/vc_column_text][\/vc_column][\/vc_row][vc_row][vc_column width=\u00a0\u00bb1\/3&Prime;][vc_column_text]<\/p>\n<h3>Meules diamant\u00e9es<\/h3>\n<p>[\/vc_column_text][\/vc_column][vc_column width=\u00a0\u00bb1\/3&Prime;][vc_single_image image=\u00a0\u00bb2001&Prime; img_size=\u00a0\u00bb150&#215;150&Prime;][\/vc_column][vc_column width=\u00a0\u00bb1\/3&Prime;][vc_column_text]Meules diamant\u00e9es pour cha\u00eenes carbure.[\/vc_column_text][\/vc_column][\/vc_row][vc_row][vc_column width=\u00a0\u00bb1\/3&Prime;][vc_column_text]<\/p>\n<h3>Pierre \u00e0 rectifier<\/h3>\n<p>[\/vc_column_text][\/vc_column][vc_column width=\u00a0\u00bb1\/3&Prime;][vc_single_image image=\u00a0\u00bb1995&Prime; img_size=\u00a0\u00bb150&#215;150&Prime;][\/vc_column][vc_column width=\u00a0\u00bb1\/3&Prime;][vc_column_text]Pour la mise en forme et le nettoyage de vos meules d&rsquo;aff\u00fbtage.[\/vc_column_text][\/vc_column][\/vc_row][vc_row][vc_column width=\u00a0\u00bb1\/3&Prime;][vc_column_text]<\/p>\n<h3>Pompe de graissage \u00e0 pistion<\/h3>\n<p>[\/vc_column_text][\/vc_column][vc_column width=\u00a0\u00bb1\/3&Prime;][vc_single_image image=\u00a0\u00bb2002&Prime; img_size=\u00a0\u00bb4427 \u00d7 2362&Prime;][\/vc_column][vc_column width=\u00a0\u00bb1\/3&Prime;][vc_column_text][\/vc_column_text][\/vc_column][\/vc_row][vc_row][vc_column width=\u00a0\u00bb1\/3&Prime;][vc_column_text]<\/p>\n<h3>Appareil de nettoyage par<\/h3>\n<h3>ultra sons RK 514 BH<\/h3>\n<p>[\/vc_column_text][\/vc_column][vc_column width=\u00a0\u00bb1\/3&Prime;][vc_single_image image=\u00a0\u00bb2004&Prime; img_size=\u00a0\u00bb206 \u00d7 196&Prime;][\/vc_column][vc_column width=\u00a0\u00bb1\/3&Prime;][vc_column_text]Id\u00e9ale pour le nettoyage de vos cha\u00eenes, petites pi\u00e8ces \u00a0et autres outillages.[\/vc_column_text][\/vc_column][\/vc_row][vc_row][vc_column width=\u00a0\u00bb1\/3&Prime;][vc_column_text]<\/p>\n<h3>Nettoyant pour RK 514 BH<\/h3>\n<p>[\/vc_column_text][\/vc_column][vc_column width=\u00a0\u00bb1\/3&Prime;][vc_single_image image=\u00a0\u00bb1998&Prime; img_size=\u00a0\u00bb150&#215;150&Prime;][\/vc_column][vc_column width=\u00a0\u00bb1\/3&Prime;][vc_column_text]Disponibles en bindons de 1 et 5 litres.[\/vc_column_text][\/vc_column][\/vc_row][vc_row][vc_column width=\u00a0\u00bb1\/3&Prime;][vc_column_text]<\/p>\n<h3>Lubrifiant PRINZ pour<\/h3>\n<h3>cha\u00eenes de sciage<\/h3>\n<p>[\/vc_column_text][\/vc_column][vc_column width=\u00a0\u00bb1\/3&Prime;][vc_single_image image=\u00a0\u00bb1999&Prime; img_size=\u00a0\u00bb640&#215;480&Prime;][\/vc_column][vc_column width=\u00a0\u00bb1\/3&Prime;][vc_column_text]<\/p>\n<ul>\n<li>disponible avec 100 et 150 de viscosit\u00e9<\/li>\n<li>pour une protection parfaite de votre outil de coupe: cha\u00eene, guide, pignon et poulie<\/li>\n<li>excellent pouvoir adh\u00e9sif et de lubrification<\/li>\n<li>livrable par bidon de 60 et 210 l<\/li>\n<\/ul>\n<p>[\/vc_column_text][\/vc_column][\/vc_row][vc_row][vc_column width=\u00a0\u00bb1\/3&Prime;][vc_column_text]<\/p>\n<h3>D\u00e9riveteuse<\/h3>\n<p>[\/vc_column_text][\/vc_column][vc_column width=\u00a0\u00bb1\/3&Prime;][vc_single_image image=\u00a0\u00bb2011&Prime; img_size=\u00a0\u00bb150&#215;150&Prime;][\/vc_column][vc_column width=\u00a0\u00bb1\/3&Prime;][vc_column_text]Pour une r\u00e9paration rapide et simple de vos cha\u00eenes.[\/vc_column_text][\/vc_column][\/vc_row][vc_row][vc_column width=\u00a0\u00bb1\/3&Prime;][vc_column_text]<\/p>\n<h3>Riveteuse<\/h3>\n<p>[\/vc_column_text][\/vc_column][vc_column width=\u00a0\u00bb1\/3&Prime;][vc_single_image image=\u00a0\u00bb2005&Prime; img_size=\u00a0\u00bb150&#215;150&Prime;][\/vc_column][vc_column width=\u00a0\u00bb1\/3&Prime;][vc_column_text]Convient pour les cha\u00eenes \u00e0 gouges et \u00e0 dents droites.[\/vc_column_text][\/vc_column][\/vc_row][vc_row][vc_column][vc_column_text]<\/p>\n<p>[\/vc_column_text][\/vc_column][\/vc_row]<\/p>\n<\/section>","protected":false},"excerpt":{"rendered":"<p>[vc_row][vc_column][vc_column_text]PRINZ vous offre une gamme compl\u00e8te d&rsquo;accessoires pour la maintenance et l&rsquo;entretien professionel de votre \u00e9quipement de coupe: huile de graissage de vos cha\u00eenes, aff\u00fbteuses, meules d&rsquo;aff\u00fbtage, rectifieuse pour flans de guide, et bien plus encore \u2026[\/vc_column_text][\/vc_column][\/vc_row][vc_row][vc_column width=\u00a0\u00bb1\/3&Prime;][vc_column_text] Rectifieuse de guides [\/vc_column_text][\/vc_column][vc_column width=\u00a0\u00bb1\/3&Prime;][vc_single_image image=\u00a0\u00bb3889&Prime; img_size=\u00a0\u00bb170&#215;170&Prime;][\/vc_column][vc_column width=\u00a0\u00bb1\/3&Prime;][vc_column_text] La rectifieuse PRINZ est l&rsquo;outil id\u00e9al pour la r\u00e9paration [&hellip;]<\/p>\n","protected":false},"author":5,"featured_media":0,"parent":6395,"menu_order":0,"comment_status":"open","ping_status":"open","template":"","meta":[],"yoast_head":"<!-- This site is optimized with the Yoast SEO plugin v21.8.1 - https:\/\/yoast.com\/wordpress\/plugins\/seo\/ -->\n<title>Accessoires - PRINZ<\/title>\n<meta name=\"robots\" content=\"index, follow, max-snippet:-1, max-image-preview:large, max-video-preview:-1\" \/>\n<link rel=\"canonical\" href=\"https:\/\/www.prinz.at\/accessoires\/?lang=fr\" \/>\n<meta property=\"og:locale\" content=\"fr_FR\" \/>\n<meta property=\"og:type\" content=\"article\" \/>\n<meta property=\"og:title\" content=\"Accessoires - PRINZ\" \/>\n<meta property=\"og:description\" content=\"[vc_row][vc_column][vc_column_text]PRINZ vous offre une gamme compl\u00e8te d&rsquo;accessoires pour la maintenance et l&rsquo;entretien professionel de votre \u00e9quipement de coupe: huile de graissage de vos cha\u00eenes, aff\u00fbteuses, meules d&rsquo;aff\u00fbtage, rectifieuse pour flans de guide, et bien plus encore \u2026[\/vc_column_text][\/vc_column][\/vc_row][vc_row][vc_column width=\u00a0\u00bb1\/3&Prime;][vc_column_text] Rectifieuse de guides [\/vc_column_text][\/vc_column][vc_column width=\u00a0\u00bb1\/3&Prime;][vc_single_image image=\u00a0\u00bb3889&Prime; img_size=\u00a0\u00bb170&#215;170&Prime;][\/vc_column][vc_column width=\u00a0\u00bb1\/3&Prime;][vc_column_text] La rectifieuse PRINZ est l&rsquo;outil id\u00e9al pour la r\u00e9paration [&hellip;]\" \/>\n<meta property=\"og:url\" content=\"https:\/\/www.prinz.at\/accessoires\/?lang=fr\" \/>\n<meta property=\"og:site_name\" content=\"PRINZ\" \/>\n<meta name=\"twitter:card\" content=\"summary_large_image\" \/>\n<meta name=\"twitter:label1\" content=\"Dur\u00e9e de lecture estim\u00e9e\" \/>\n\t<meta name=\"twitter:data1\" content=\"4 minutes\" \/>\n<script type=\"application\/ld+json\" class=\"yoast-schema-graph\">{\"@context\":\"https:\/\/schema.org\",\"@graph\":[{\"@type\":\"WebPage\",\"@id\":\"https:\/\/www.prinz.at\/accessoires\/?lang=fr\",\"url\":\"https:\/\/www.prinz.at\/accessoires\/?lang=fr\",\"name\":\"Accessoires - PRINZ\",\"isPartOf\":{\"@id\":\"https:\/\/www.prinz.at\/#website\"},\"datePublished\":\"2015-03-24T14:09:11+00:00\",\"dateModified\":\"2015-03-24T14:09:11+00:00\",\"breadcrumb\":{\"@id\":\"https:\/\/www.prinz.at\/accessoires\/?lang=fr#breadcrumb\"},\"inLanguage\":\"fr-FR\",\"potentialAction\":[{\"@type\":\"ReadAction\",\"target\":[\"https:\/\/www.prinz.at\/accessoires\/?lang=fr\"]}]},{\"@type\":\"BreadcrumbList\",\"@id\":\"https:\/\/www.prinz.at\/accessoires\/?lang=fr#breadcrumb\",\"itemListElement\":[{\"@type\":\"ListItem\",\"position\":1,\"name\":\"Startseite\",\"item\":\"https:\/\/www.prinz.at\/fr\/\"},{\"@type\":\"ListItem\",\"position\":2,\"name\":\"Accessoires\"}]},{\"@type\":\"WebSite\",\"@id\":\"https:\/\/www.prinz.at\/#website\",\"url\":\"https:\/\/www.prinz.at\/\",\"name\":\"PRINZ\",\"description\":\"\",\"potentialAction\":[{\"@type\":\"SearchAction\",\"target\":{\"@type\":\"EntryPoint\",\"urlTemplate\":\"https:\/\/www.prinz.at\/?s={search_term_string}\"},\"query-input\":\"required name=search_term_string\"}],\"inLanguage\":\"fr-FR\"}]}<\/script>\n<!-- \/ Yoast SEO plugin. -->","yoast_head_json":{"title":"Accessoires - PRINZ","robots":{"index":"index","follow":"follow","max-snippet":"max-snippet:-1","max-image-preview":"max-image-preview:large","max-video-preview":"max-video-preview:-1"},"canonical":"https:\/\/www.prinz.at\/accessoires\/?lang=fr","og_locale":"fr_FR","og_type":"article","og_title":"Accessoires - PRINZ","og_description":"[vc_row][vc_column][vc_column_text]PRINZ vous offre une gamme compl\u00e8te d&rsquo;accessoires pour la maintenance et l&rsquo;entretien professionel de votre \u00e9quipement de coupe: huile de graissage de vos cha\u00eenes, aff\u00fbteuses, meules d&rsquo;aff\u00fbtage, rectifieuse pour flans de guide, et bien plus encore \u2026[\/vc_column_text][\/vc_column][\/vc_row][vc_row][vc_column width=\u00a0\u00bb1\/3&Prime;][vc_column_text] Rectifieuse de guides [\/vc_column_text][\/vc_column][vc_column width=\u00a0\u00bb1\/3&Prime;][vc_single_image image=\u00a0\u00bb3889&Prime; img_size=\u00a0\u00bb170&#215;170&Prime;][\/vc_column][vc_column width=\u00a0\u00bb1\/3&Prime;][vc_column_text] La rectifieuse PRINZ est l&rsquo;outil id\u00e9al pour la r\u00e9paration [&hellip;]","og_url":"https:\/\/www.prinz.at\/accessoires\/?lang=fr","og_site_name":"PRINZ","twitter_card":"summary_large_image","twitter_misc":{"Dur\u00e9e de lecture estim\u00e9e":"4 minutes"},"schema":{"@context":"https:\/\/schema.org","@graph":[{"@type":"WebPage","@id":"https:\/\/www.prinz.at\/accessoires\/?lang=fr","url":"https:\/\/www.prinz.at\/accessoires\/?lang=fr","name":"Accessoires - PRINZ","isPartOf":{"@id":"https:\/\/www.prinz.at\/#website"},"datePublished":"2015-03-24T14:09:11+00:00","dateModified":"2015-03-24T14:09:11+00:00","breadcrumb":{"@id":"https:\/\/www.prinz.at\/accessoires\/?lang=fr#breadcrumb"},"inLanguage":"fr-FR","potentialAction":[{"@type":"ReadAction","target":["https:\/\/www.prinz.at\/accessoires\/?lang=fr"]}]},{"@type":"BreadcrumbList","@id":"https:\/\/www.prinz.at\/accessoires\/?lang=fr#breadcrumb","itemListElement":[{"@type":"ListItem","position":1,"name":"Startseite","item":"https:\/\/www.prinz.at\/fr\/"},{"@type":"ListItem","position":2,"name":"Accessoires"}]},{"@type":"WebSite","@id":"https:\/\/www.prinz.at\/#website","url":"https:\/\/www.prinz.at\/","name":"PRINZ","description":"","potentialAction":[{"@type":"SearchAction","target":{"@type":"EntryPoint","urlTemplate":"https:\/\/www.prinz.at\/?s={search_term_string}"},"query-input":"required name=search_term_string"}],"inLanguage":"fr-FR"}]}},"_links":{"self":[{"href":"https:\/\/www.prinz.at\/fr\/wp-json\/wp\/v2\/pages\/6433"}],"collection":[{"href":"https:\/\/www.prinz.at\/fr\/wp-json\/wp\/v2\/pages"}],"about":[{"href":"https:\/\/www.prinz.at\/fr\/wp-json\/wp\/v2\/types\/page"}],"author":[{"embeddable":true,"href":"https:\/\/www.prinz.at\/fr\/wp-json\/wp\/v2\/users\/5"}],"replies":[{"embeddable":true,"href":"https:\/\/www.prinz.at\/fr\/wp-json\/wp\/v2\/comments?post=6433"}],"version-history":[{"count":0,"href":"https:\/\/www.prinz.at\/fr\/wp-json\/wp\/v2\/pages\/6433\/revisions"}],"up":[{"embeddable":true,"href":"https:\/\/www.prinz.at\/fr\/wp-json\/wp\/v2\/pages\/6395"}],"wp:attachment":[{"href":"https:\/\/www.prinz.at\/fr\/wp-json\/wp\/v2\/media?parent=6433"}],"curies":[{"name":"wp","href":"https:\/\/api.w.org\/{rel}","templated":true}]}}