{"id":6448,"date":"2015-03-25T14:21:26","date_gmt":"2015-03-25T14:21:26","guid":{"rendered":"https:\/\/www.prinz.at\/pc120-cutstar\/"},"modified":"2015-03-25T14:21:26","modified_gmt":"2015-03-25T14:21:26","slug":"pc120-cutstar","status":"publish","type":"page","link":"https:\/\/www.prinz.at\/fr\/produits\/scies-pour-le-bois\/tronconneuses-a-paquets-a-guidage-parallele\/pc120-cutstar\/","title":{"rendered":"PC120 &#8211; CUTSTAR"},"content":{"rendered":"<section class=\"wpb-content-wrapper\"><p>[vc_row][vc_column width=\u00a0\u00bb1\/2&Prime;][vc_single_image image=\u00a0\u00bb365&Prime; img_size=\u00a0\u00bb385 \u00d7 248&Prime; alignment=\u00a0\u00bbcenter\u00a0\u00bb][\/vc_column][vc_column width=\u00a0\u00bb1\/2&Prime;][vc_column_text]Id\u00e9ale pour les situations o\u00f9 l&rsquo;espace fait faute et o\u00f9 la plus haute pr\u00e9cision de coupe est requise. La CUTSTAR est une scie d\u00e9pla\u00e7able et qui permet de mettre \u00e0 longueur des paquets avec une pr\u00e9cision de coupe de \u00b11 mm. Une solution compacte et \u00e9conomique pour r\u00e9pondre aux plus hautes exigences.<\/p>\n<ul>\n<li>haute pr\u00e9cision de coupe de \u00b11\u2009 mm gr\u00e2ce \u00e0 un guidage lin\u00e9aire de chaque c\u00f4t\u00e9 du guide<\/li>\n<li>branchement d&rsquo;aspiration pour r\u00e9cup\u00e9ration de la sciure<\/li>\n<li>syst\u00e8me automatique de mesurage par automate programmable<\/li>\n<li>longueurs de coupe programmables indivuduellement<\/li>\n<li>plaqueurs pneumatiques pour fixation du paquet<\/li>\n<li>pupitre de commande clair pour une commande simple<\/li>\n<li>options: coupe en s\u00e9ries, syst\u00e8me de soul\u00e8vement du paquet, syst\u00e8me int\u00e9gr\u00e9 pour l&rsquo;\u00e9vacuation des d\u00e9chets<\/li>\n<\/ul>\n<p>[\/vc_column_text][\/vc_column][\/vc_row][vc_row][vc_column][vc_column_text]<\/p>\n<h2>Donn\u00e9es techniques<\/h2>\n<table class=\"contenttable contenttable-0 product-description-table\">\n<tbody>\n<tr class=\"tr-even tr-0\">\n<td class=\"td-0\">Puissance moteur:<\/td>\n<td class=\"td-last td-1\">15 kW<\/td>\n<\/tr>\n<tr class=\"tr-odd tr-1\">\n<td class=\"td-0\">Type de moteur:<\/td>\n<td class=\"td-last td-1\">\u00e9lectrique<\/td>\n<\/tr>\n<tr class=\"tr-even tr-2\">\n<td class=\"td-0\">Pr\u00e9cision de coupe:<\/td>\n<td class=\"td-last td-1\">\u00b11 mm<\/td>\n<\/tr>\n<tr class=\"tr-odd tr-3\">\n<td class=\"td-0\">Section de coupe (largeur x hauteur):<\/td>\n<td class=\"td-last td-1\">120 x 120 cm<\/td>\n<\/tr>\n<tr class=\"tr-even tr-4\">\n<td class=\"td-0\">Autres dimensions disponibles:<\/td>\n<td class=\"td-last td-1\">oui<\/td>\n<\/tr>\n<tr class=\"tr-odd tr-5\">\n<td class=\"td-0\">Descente de coupe:<\/td>\n<td class=\"td-last td-1\">motor\u00e9ducteur<\/td>\n<\/tr>\n<tr class=\"tr-even tr-6\">\n<td class=\"td-0\">Guidage de la coupe:<\/td>\n<td class=\"td-last td-1\">guidage lin\u00e9aire de pr\u00e9cision<\/td>\n<\/tr>\n<tr class=\"tr-odd tr-7\">\n<td class=\"td-0\">Type de scie:<\/td>\n<td class=\"td-last td-1\">scie d\u00e9pla\u00e7able pour paquets jusqu&rsquo;\u00e0 6m de longueur, convient l\u00e0 o\u00f9 l&rsquo;espace est limit\u00e9, haute pr\u00e9cision de scie d\u00e9pla\u00e7able \/ paquet fixe<\/td>\n<\/tr>\n<tr class=\"tr-even tr-8\">\n<td class=\"td-0\">Types de cha\u00eenes:<\/td>\n<td class=\"td-last td-1\">\u00e0 dents droites\/ au carbure<\/td>\n<\/tr>\n<tr class=\"tr-odd tr-9\">\n<td class=\"td-0\">Guide cha\u00eene:<\/td>\n<td class=\"td-last td-1\">en acier, avec faces renforc\u00e9es<\/td>\n<\/tr>\n<tr class=\"tr-odd tr-11\">\n<td class=\"td-0\">D\u00e9placement de la scie:<\/td>\n<td class=\"td-last td-1\">motor\u00e9ducteur avec modulateur de fr\u00e9quence<\/td>\n<\/tr>\n<tr class=\"tr-even tr-12\">\n<td class=\"td-0\">Syst\u00e8me de mesurage disponible:<\/td>\n<td class=\"td-last td-1\">oui<\/td>\n<\/tr>\n<tr class=\"tr-odd tr-13\">\n<td class=\"td-0\">Commande:<\/td>\n<td class=\"td-last td-1\">semi-automatique et automatique<\/td>\n<\/tr>\n<tr class=\"tr-even tr-14\">\n<td class=\"td-0\">Champs d&rsquo;application:<\/td>\n<td class=\"td-last td-1\">scie d\u00e9pla\u00e7able pour paquets jusqu&rsquo;\u00e0 6m de longueur, convient l\u00e0 o\u00f9 l&rsquo;espace est limit\u00e9, haute pr\u00e9cision de coupe de \u00b11mm<\/td>\n<\/tr>\n<tr class=\"tr-odd tr-15\">\n<td class=\"td-0\">Options:<\/td>\n<td class=\"td-last td-1\">mesurage \u00e9lectronique de la position de coupe<\/td>\n<\/tr>\n<tr class=\"tr-even tr-16\">\n<td class=\"td-0\"><\/td>\n<td class=\"td-last td-1\">branchement pour aspiration, trait laser<\/td>\n<\/tr>\n<tr class=\"tr-odd tr-17\">\n<td class=\"td-0\"><\/td>\n<td class=\"td-last td-1\">convoyeurs \u00e0 d\u00e9chets<\/td>\n<\/tr>\n<tr class=\"tr-even tr-18\">\n<td class=\"td-0\"><\/td>\n<td class=\"td-last td-1\">container pour r\u00e9cup\u00e9ration des d\u00e9chets<\/td>\n<\/tr>\n<tr class=\"tr-odd tr-19\">\n<td class=\"td-0\"><\/td>\n<td class=\"td-last td-1\">plaqueurs pneumatiques<\/td>\n<\/tr>\n<tr class=\"tr-even tr-last\">\n<td class=\"td-0\"><\/td>\n<td class=\"td-last td-1\">syst\u00e8me de soul\u00e8vement du paquet<\/td>\n<\/tr>\n<\/tbody>\n<\/table>\n<p>[\/vc_column_text][vc_row_inner][vc_column_inner css=\u00a0\u00bb.vc_custom_1539591267301{margin-top: 30px !important;}\u00a0\u00bb][vc_raw_html]JTNDaWZyYW1lJTIwd2lkdGglM0QlMjIxMjgwJTIyJTIwaGVpZ2h0JTNEJTIyNzIwJTIyJTIwc3JjJTNEJTIyaHR0cHMlM0ElMkYlMkZ3d3cueW91dHViZS5jb20lMkZlbWJlZCUyRlkwR0oxVnM4VnlRJTNGcmVsJTNEMCUyMiUyMGZyYW1lYm9yZGVyJTNEJTIyMCUyMiUyMGFsbG93JTNEJTIyYXV0b3BsYXklM0IlMjBlbmNyeXB0ZWQtbWVkaWElMjIlMjBhbGxvd2Z1bGxzY3JlZW4lM0UlM0MlMkZpZnJhbWUlM0U=[\/vc_raw_html][\/vc_column_inner][\/vc_row_inner][\/vc_column][\/vc_row][vc_row][vc_column][vc_gallery type=\u00a0\u00bbimage_grid\u00a0\u00bb images=\u00a0\u00bb5361,5362,5357,1087,1088,1089,828&Prime;][\/vc_column][\/vc_row]<\/p>\n<\/section>","protected":false},"excerpt":{"rendered":"<p>[vc_row][vc_column width=\u00a0\u00bb1\/2&Prime;][vc_single_image image=\u00a0\u00bb365&Prime; img_size=\u00a0\u00bb385 \u00d7 248&Prime; alignment=\u00a0\u00bbcenter\u00a0\u00bb][\/vc_column][vc_column width=\u00a0\u00bb1\/2&Prime;][vc_column_text]Id\u00e9ale pour les situations o\u00f9 l&rsquo;espace fait faute et o\u00f9 la plus haute pr\u00e9cision de coupe est requise. La CUTSTAR est une scie d\u00e9pla\u00e7able et qui permet de mettre \u00e0 longueur des paquets avec une pr\u00e9cision de coupe de \u00b11 mm. Une solution compacte et \u00e9conomique pour r\u00e9pondre [&hellip;]<\/p>\n","protected":false},"author":5,"featured_media":0,"parent":6408,"menu_order":0,"comment_status":"open","ping_status":"open","template":"","meta":[],"yoast_head":"<!-- This site is optimized with the Yoast SEO plugin v21.8.1 - https:\/\/yoast.com\/wordpress\/plugins\/seo\/ -->\n<title>PC120 - CUTSTAR - PRINZ<\/title>\n<meta name=\"robots\" content=\"index, follow, max-snippet:-1, max-image-preview:large, max-video-preview:-1\" \/>\n<link rel=\"canonical\" href=\"https:\/\/www.prinz.at\/pc120-cutstar\/?lang=fr\" \/>\n<meta property=\"og:locale\" content=\"fr_FR\" \/>\n<meta property=\"og:type\" content=\"article\" \/>\n<meta property=\"og:title\" content=\"PC120 - CUTSTAR - PRINZ\" \/>\n<meta property=\"og:description\" content=\"[vc_row][vc_column width=\u00a0\u00bb1\/2&Prime;][vc_single_image image=\u00a0\u00bb365&Prime; img_size=\u00a0\u00bb385 \u00d7 248&Prime; alignment=\u00a0\u00bbcenter\u00a0\u00bb][\/vc_column][vc_column width=\u00a0\u00bb1\/2&Prime;][vc_column_text]Id\u00e9ale pour les situations o\u00f9 l&rsquo;espace fait faute et o\u00f9 la plus haute pr\u00e9cision de coupe est requise. La CUTSTAR est une scie d\u00e9pla\u00e7able et qui permet de mettre \u00e0 longueur des paquets avec une pr\u00e9cision de coupe de \u00b11 mm. Une solution compacte et \u00e9conomique pour r\u00e9pondre [&hellip;]\" \/>\n<meta property=\"og:url\" content=\"https:\/\/www.prinz.at\/pc120-cutstar\/?lang=fr\" \/>\n<meta property=\"og:site_name\" content=\"PRINZ\" \/>\n<meta name=\"twitter:card\" content=\"summary_large_image\" \/>\n<meta name=\"twitter:label1\" content=\"Dur\u00e9e de lecture estim\u00e9e\" \/>\n\t<meta name=\"twitter:data1\" content=\"2 minutes\" \/>\n<script type=\"application\/ld+json\" class=\"yoast-schema-graph\">{\"@context\":\"https:\/\/schema.org\",\"@graph\":[{\"@type\":\"WebPage\",\"@id\":\"https:\/\/www.prinz.at\/pc120-cutstar\/?lang=fr\",\"url\":\"https:\/\/www.prinz.at\/pc120-cutstar\/?lang=fr\",\"name\":\"PC120 - CUTSTAR - PRINZ\",\"isPartOf\":{\"@id\":\"https:\/\/www.prinz.at\/#website\"},\"datePublished\":\"2015-03-25T14:21:26+00:00\",\"dateModified\":\"2015-03-25T14:21:26+00:00\",\"breadcrumb\":{\"@id\":\"https:\/\/www.prinz.at\/pc120-cutstar\/?lang=fr#breadcrumb\"},\"inLanguage\":\"fr-FR\",\"potentialAction\":[{\"@type\":\"ReadAction\",\"target\":[\"https:\/\/www.prinz.at\/pc120-cutstar\/?lang=fr\"]}]},{\"@type\":\"BreadcrumbList\",\"@id\":\"https:\/\/www.prinz.at\/pc120-cutstar\/?lang=fr#breadcrumb\",\"itemListElement\":[{\"@type\":\"ListItem\",\"position\":1,\"name\":\"Startseite\",\"item\":\"https:\/\/www.prinz.at\/fr\/\"},{\"@type\":\"ListItem\",\"position\":2,\"name\":\"PC120 &#8211; CUTSTAR\"}]},{\"@type\":\"WebSite\",\"@id\":\"https:\/\/www.prinz.at\/#website\",\"url\":\"https:\/\/www.prinz.at\/\",\"name\":\"PRINZ\",\"description\":\"\",\"potentialAction\":[{\"@type\":\"SearchAction\",\"target\":{\"@type\":\"EntryPoint\",\"urlTemplate\":\"https:\/\/www.prinz.at\/?s={search_term_string}\"},\"query-input\":\"required name=search_term_string\"}],\"inLanguage\":\"fr-FR\"}]}<\/script>\n<!-- \/ Yoast SEO plugin. -->","yoast_head_json":{"title":"PC120 - CUTSTAR - PRINZ","robots":{"index":"index","follow":"follow","max-snippet":"max-snippet:-1","max-image-preview":"max-image-preview:large","max-video-preview":"max-video-preview:-1"},"canonical":"https:\/\/www.prinz.at\/pc120-cutstar\/?lang=fr","og_locale":"fr_FR","og_type":"article","og_title":"PC120 - CUTSTAR - PRINZ","og_description":"[vc_row][vc_column width=\u00a0\u00bb1\/2&Prime;][vc_single_image image=\u00a0\u00bb365&Prime; img_size=\u00a0\u00bb385 \u00d7 248&Prime; alignment=\u00a0\u00bbcenter\u00a0\u00bb][\/vc_column][vc_column width=\u00a0\u00bb1\/2&Prime;][vc_column_text]Id\u00e9ale pour les situations o\u00f9 l&rsquo;espace fait faute et o\u00f9 la plus haute pr\u00e9cision de coupe est requise. La CUTSTAR est une scie d\u00e9pla\u00e7able et qui permet de mettre \u00e0 longueur des paquets avec une pr\u00e9cision de coupe de \u00b11 mm. Une solution compacte et \u00e9conomique pour r\u00e9pondre [&hellip;]","og_url":"https:\/\/www.prinz.at\/pc120-cutstar\/?lang=fr","og_site_name":"PRINZ","twitter_card":"summary_large_image","twitter_misc":{"Dur\u00e9e de lecture estim\u00e9e":"2 minutes"},"schema":{"@context":"https:\/\/schema.org","@graph":[{"@type":"WebPage","@id":"https:\/\/www.prinz.at\/pc120-cutstar\/?lang=fr","url":"https:\/\/www.prinz.at\/pc120-cutstar\/?lang=fr","name":"PC120 - CUTSTAR - PRINZ","isPartOf":{"@id":"https:\/\/www.prinz.at\/#website"},"datePublished":"2015-03-25T14:21:26+00:00","dateModified":"2015-03-25T14:21:26+00:00","breadcrumb":{"@id":"https:\/\/www.prinz.at\/pc120-cutstar\/?lang=fr#breadcrumb"},"inLanguage":"fr-FR","potentialAction":[{"@type":"ReadAction","target":["https:\/\/www.prinz.at\/pc120-cutstar\/?lang=fr"]}]},{"@type":"BreadcrumbList","@id":"https:\/\/www.prinz.at\/pc120-cutstar\/?lang=fr#breadcrumb","itemListElement":[{"@type":"ListItem","position":1,"name":"Startseite","item":"https:\/\/www.prinz.at\/fr\/"},{"@type":"ListItem","position":2,"name":"PC120 &#8211; CUTSTAR"}]},{"@type":"WebSite","@id":"https:\/\/www.prinz.at\/#website","url":"https:\/\/www.prinz.at\/","name":"PRINZ","description":"","potentialAction":[{"@type":"SearchAction","target":{"@type":"EntryPoint","urlTemplate":"https:\/\/www.prinz.at\/?s={search_term_string}"},"query-input":"required name=search_term_string"}],"inLanguage":"fr-FR"}]}},"_links":{"self":[{"href":"https:\/\/www.prinz.at\/fr\/wp-json\/wp\/v2\/pages\/6448"}],"collection":[{"href":"https:\/\/www.prinz.at\/fr\/wp-json\/wp\/v2\/pages"}],"about":[{"href":"https:\/\/www.prinz.at\/fr\/wp-json\/wp\/v2\/types\/page"}],"author":[{"embeddable":true,"href":"https:\/\/www.prinz.at\/fr\/wp-json\/wp\/v2\/users\/5"}],"replies":[{"embeddable":true,"href":"https:\/\/www.prinz.at\/fr\/wp-json\/wp\/v2\/comments?post=6448"}],"version-history":[{"count":0,"href":"https:\/\/www.prinz.at\/fr\/wp-json\/wp\/v2\/pages\/6448\/revisions"}],"up":[{"embeddable":true,"href":"https:\/\/www.prinz.at\/fr\/wp-json\/wp\/v2\/pages\/6408"}],"wp:attachment":[{"href":"https:\/\/www.prinz.at\/fr\/wp-json\/wp\/v2\/media?parent=6448"}],"curies":[{"name":"wp","href":"https:\/\/api.w.org\/{rel}","templated":true}]}}