{"id":6453,"date":"2015-03-25T14:21:45","date_gmt":"2015-03-25T14:21:45","guid":{"rendered":"https:\/\/www.prinz.at\/pc120-packcut\/"},"modified":"2015-03-25T14:21:45","modified_gmt":"2015-03-25T14:21:45","slug":"pc120-packcut","status":"publish","type":"page","link":"https:\/\/www.prinz.at\/fr\/produits\/scies-pour-le-bois\/tronconneuses-a-paquets-a-guidage-parallele\/pc120-packcut\/","title":{"rendered":"PC120 &#8211; PACKCUT"},"content":{"rendered":"<section class=\"wpb-content-wrapper\"><p>[vc_row][vc_column width=\u00a0\u00bb1\/3&Prime;][vc_single_image image=\u00a0\u00bb1172&Prime; img_size=\u00a0\u00bbfull\u00a0\u00bb][\/vc_column][vc_column width=\u00a0\u00bb2\/3&Prime;][vc_column_text]Les solutions de transport des paquets sont vari\u00e9es et configur\u00e9es en fonction des besoins propres. Le poste de coupe peut \u00e9galement \u00eatre configur\u00e9 individuellement en fonction des largeurs et hauteur de paquet. La scie se d\u00e9place sur rail \u00e0 la position de coupe souhait\u00e9e, la longueur de d\u00e9placement pouvant \u00eatre ainsi \u00e9largie \u00e0 tout moment. De nombreuses options sont disponibles comme par exemple plaqueurs et syst\u00e8mes d&rsquo;\u00e9vacuation des d\u00e9chets.[\/vc_column_text][\/vc_column][\/vc_row][vc_row][vc_column][vc_column_text]<\/p>\n<h2>Technical Data<\/h2>\n<table class=\"contenttable contenttable-0 product-description-table\">\n<tbody>\n<tr class=\"tr-even tr-0\">\n<td class=\"td-0\">Donn\u00e9es techniques:<\/td>\n<td class=\"td-last td-1\">15 kW<\/td>\n<\/tr>\n<tr class=\"tr-odd tr-1\">\n<td class=\"td-0\">Type de moteur:<\/td>\n<td class=\"td-last td-1\">\u00e9lectrique<\/td>\n<\/tr>\n<tr class=\"tr-even tr-2\">\n<td class=\"td-0\">Pr\u00e9cision de coupe:<\/td>\n<td class=\"td-last td-1\">selon la version<\/td>\n<\/tr>\n<tr class=\"tr-odd tr-3\">\n<td class=\"td-0\">Section de coupe (largeur x hauteur):<\/td>\n<td class=\"td-last td-1\">240 x 120cm<\/td>\n<\/tr>\n<tr class=\"tr-even tr-4\">\n<td class=\"td-0\">Autres dimensions disponibles:<\/td>\n<td class=\"td-last td-1\">oui<\/td>\n<\/tr>\n<tr class=\"tr-odd tr-5\">\n<td class=\"td-0\">Descente de coupe:<\/td>\n<td class=\"td-last td-1\">motor\u00e9ducteur<\/td>\n<\/tr>\n<tr class=\"tr-even tr-6\">\n<td class=\"td-0\">Guidage de la coupe:<\/td>\n<td class=\"td-last td-1\">guidage lin\u00e9aire de pr\u00e9cision<\/td>\n<\/tr>\n<tr class=\"tr-odd tr-7\">\n<td class=\"td-0\">Type de scie:<\/td>\n<td class=\"td-last td-1\">paquet fixe\/ scie d\u00e9pla\u00e7able<\/td>\n<\/tr>\n<tr class=\"tr-even tr-8\">\n<td class=\"td-0\">Types de cha\u00eene:<\/td>\n<td class=\"td-last td-1\">\u00e0 dents droites \/ au carbure<\/td>\n<\/tr>\n<tr class=\"tr-odd tr-9\">\n<td class=\"td-0\">Guide cha\u00eene:<\/td>\n<td class=\"td-last td-1\">en acier, avec faces renforc\u00e9es<\/td>\n<\/tr>\n<tr class=\"tr-odd tr-11\">\n<td class=\"td-0\">D\u00e9placement du paquet:<\/td>\n<td class=\"td-last td-1\">par motor\u00e9ducteur avec modulateur de fr\u00e9quence<\/td>\n<\/tr>\n<tr class=\"tr-even tr-12\">\n<td class=\"td-0\">Syst\u00e8me de mesurage disponible:<\/td>\n<td class=\"td-last td-1\">oui<\/td>\n<\/tr>\n<tr class=\"tr-odd tr-13\">\n<td class=\"td-0\">Syst\u00e8me de commande:<\/td>\n<td class=\"td-last td-1\">automatique et semi-automatique<\/td>\n<\/tr>\n<tr class=\"tr-even tr-14\">\n<td class=\"td-0\">Champs d&rsquo;application:<\/td>\n<td class=\"td-last td-1\">longueur illimit\u00e9e des paquets, pour de larges sections de coupe<\/td>\n<\/tr>\n<tr class=\"tr-odd tr-15\">\n<td class=\"td-0\">Options:<\/td>\n<td class=\"td-last td-1\">syst\u00e8me de mesurage<\/td>\n<\/tr>\n<tr class=\"tr-even tr-16\">\n<td class=\"td-0\"><\/td>\n<td class=\"td-last td-1\">trait laser<\/td>\n<\/tr>\n<tr class=\"tr-odd tr-17\">\n<td class=\"td-0\"><\/td>\n<td class=\"td-last td-1\">cercleuse, \u00e9vacuation des d\u00e9chets<\/td>\n<\/tr>\n<tr class=\"tr-even tr-18\">\n<td class=\"td-0\"><\/td>\n<td class=\"td-last td-1\">plateau vibrant pour l&rsquo;alignement des paquets et gagner une coupe, container \u00e0 d\u00e9chets<\/td>\n<\/tr>\n<tr class=\"tr-odd tr-19\">\n<td class=\"td-0\"><\/td>\n<td class=\"td-last td-1\">plaqueurs<\/td>\n<\/tr>\n<\/tbody>\n<\/table>\n<h2><\/h2>\n<p>[\/vc_column_text][\/vc_column][\/vc_row][vc_row][vc_column][vc_gallery type=\u00a0\u00bbimage_grid\u00a0\u00bb images=\u00a0\u00bb2018,2019,2020,3746,3745&Prime;][\/vc_column][\/vc_row]<\/p>\n<\/section>","protected":false},"excerpt":{"rendered":"<p>[vc_row][vc_column width=\u00a0\u00bb1\/3&Prime;][vc_single_image image=\u00a0\u00bb1172&Prime; img_size=\u00a0\u00bbfull\u00a0\u00bb][\/vc_column][vc_column width=\u00a0\u00bb2\/3&Prime;][vc_column_text]Les solutions de transport des paquets sont vari\u00e9es et configur\u00e9es en fonction des besoins propres. Le poste de coupe peut \u00e9galement \u00eatre configur\u00e9 individuellement en fonction des largeurs et hauteur de paquet. La scie se d\u00e9place sur rail \u00e0 la position de coupe souhait\u00e9e, la longueur de d\u00e9placement pouvant \u00eatre ainsi [&hellip;]<\/p>\n","protected":false},"author":5,"featured_media":0,"parent":6408,"menu_order":0,"comment_status":"open","ping_status":"open","template":"","meta":[],"yoast_head":"<!-- This site is optimized with the Yoast SEO plugin v21.8.1 - https:\/\/yoast.com\/wordpress\/plugins\/seo\/ -->\n<title>PC120 - PACKCUT - PRINZ<\/title>\n<meta name=\"robots\" content=\"index, follow, max-snippet:-1, max-image-preview:large, max-video-preview:-1\" \/>\n<link rel=\"canonical\" href=\"https:\/\/www.prinz.at\/pc120-packcut\/?lang=fr\" \/>\n<meta property=\"og:locale\" content=\"fr_FR\" \/>\n<meta property=\"og:type\" content=\"article\" \/>\n<meta property=\"og:title\" content=\"PC120 - PACKCUT - PRINZ\" \/>\n<meta property=\"og:description\" content=\"[vc_row][vc_column width=\u00a0\u00bb1\/3&Prime;][vc_single_image image=\u00a0\u00bb1172&Prime; img_size=\u00a0\u00bbfull\u00a0\u00bb][\/vc_column][vc_column width=\u00a0\u00bb2\/3&Prime;][vc_column_text]Les solutions de transport des paquets sont vari\u00e9es et configur\u00e9es en fonction des besoins propres. Le poste de coupe peut \u00e9galement \u00eatre configur\u00e9 individuellement en fonction des largeurs et hauteur de paquet. La scie se d\u00e9place sur rail \u00e0 la position de coupe souhait\u00e9e, la longueur de d\u00e9placement pouvant \u00eatre ainsi [&hellip;]\" \/>\n<meta property=\"og:url\" content=\"https:\/\/www.prinz.at\/pc120-packcut\/?lang=fr\" \/>\n<meta property=\"og:site_name\" content=\"PRINZ\" \/>\n<meta name=\"twitter:card\" content=\"summary_large_image\" \/>\n<meta name=\"twitter:label1\" content=\"Dur\u00e9e de lecture estim\u00e9e\" \/>\n\t<meta name=\"twitter:data1\" content=\"1 minute\" \/>\n<script type=\"application\/ld+json\" class=\"yoast-schema-graph\">{\"@context\":\"https:\/\/schema.org\",\"@graph\":[{\"@type\":\"WebPage\",\"@id\":\"https:\/\/www.prinz.at\/pc120-packcut\/?lang=fr\",\"url\":\"https:\/\/www.prinz.at\/pc120-packcut\/?lang=fr\",\"name\":\"PC120 - PACKCUT - PRINZ\",\"isPartOf\":{\"@id\":\"https:\/\/www.prinz.at\/#website\"},\"datePublished\":\"2015-03-25T14:21:45+00:00\",\"dateModified\":\"2015-03-25T14:21:45+00:00\",\"breadcrumb\":{\"@id\":\"https:\/\/www.prinz.at\/pc120-packcut\/?lang=fr#breadcrumb\"},\"inLanguage\":\"fr-FR\",\"potentialAction\":[{\"@type\":\"ReadAction\",\"target\":[\"https:\/\/www.prinz.at\/pc120-packcut\/?lang=fr\"]}]},{\"@type\":\"BreadcrumbList\",\"@id\":\"https:\/\/www.prinz.at\/pc120-packcut\/?lang=fr#breadcrumb\",\"itemListElement\":[{\"@type\":\"ListItem\",\"position\":1,\"name\":\"Startseite\",\"item\":\"https:\/\/www.prinz.at\/fr\/\"},{\"@type\":\"ListItem\",\"position\":2,\"name\":\"PC120 &#8211; PACKCUT\"}]},{\"@type\":\"WebSite\",\"@id\":\"https:\/\/www.prinz.at\/#website\",\"url\":\"https:\/\/www.prinz.at\/\",\"name\":\"PRINZ\",\"description\":\"\",\"potentialAction\":[{\"@type\":\"SearchAction\",\"target\":{\"@type\":\"EntryPoint\",\"urlTemplate\":\"https:\/\/www.prinz.at\/?s={search_term_string}\"},\"query-input\":\"required name=search_term_string\"}],\"inLanguage\":\"fr-FR\"}]}<\/script>\n<!-- \/ Yoast SEO plugin. -->","yoast_head_json":{"title":"PC120 - PACKCUT - PRINZ","robots":{"index":"index","follow":"follow","max-snippet":"max-snippet:-1","max-image-preview":"max-image-preview:large","max-video-preview":"max-video-preview:-1"},"canonical":"https:\/\/www.prinz.at\/pc120-packcut\/?lang=fr","og_locale":"fr_FR","og_type":"article","og_title":"PC120 - PACKCUT - PRINZ","og_description":"[vc_row][vc_column width=\u00a0\u00bb1\/3&Prime;][vc_single_image image=\u00a0\u00bb1172&Prime; img_size=\u00a0\u00bbfull\u00a0\u00bb][\/vc_column][vc_column width=\u00a0\u00bb2\/3&Prime;][vc_column_text]Les solutions de transport des paquets sont vari\u00e9es et configur\u00e9es en fonction des besoins propres. Le poste de coupe peut \u00e9galement \u00eatre configur\u00e9 individuellement en fonction des largeurs et hauteur de paquet. La scie se d\u00e9place sur rail \u00e0 la position de coupe souhait\u00e9e, la longueur de d\u00e9placement pouvant \u00eatre ainsi [&hellip;]","og_url":"https:\/\/www.prinz.at\/pc120-packcut\/?lang=fr","og_site_name":"PRINZ","twitter_card":"summary_large_image","twitter_misc":{"Dur\u00e9e de lecture estim\u00e9e":"1 minute"},"schema":{"@context":"https:\/\/schema.org","@graph":[{"@type":"WebPage","@id":"https:\/\/www.prinz.at\/pc120-packcut\/?lang=fr","url":"https:\/\/www.prinz.at\/pc120-packcut\/?lang=fr","name":"PC120 - PACKCUT - PRINZ","isPartOf":{"@id":"https:\/\/www.prinz.at\/#website"},"datePublished":"2015-03-25T14:21:45+00:00","dateModified":"2015-03-25T14:21:45+00:00","breadcrumb":{"@id":"https:\/\/www.prinz.at\/pc120-packcut\/?lang=fr#breadcrumb"},"inLanguage":"fr-FR","potentialAction":[{"@type":"ReadAction","target":["https:\/\/www.prinz.at\/pc120-packcut\/?lang=fr"]}]},{"@type":"BreadcrumbList","@id":"https:\/\/www.prinz.at\/pc120-packcut\/?lang=fr#breadcrumb","itemListElement":[{"@type":"ListItem","position":1,"name":"Startseite","item":"https:\/\/www.prinz.at\/fr\/"},{"@type":"ListItem","position":2,"name":"PC120 &#8211; PACKCUT"}]},{"@type":"WebSite","@id":"https:\/\/www.prinz.at\/#website","url":"https:\/\/www.prinz.at\/","name":"PRINZ","description":"","potentialAction":[{"@type":"SearchAction","target":{"@type":"EntryPoint","urlTemplate":"https:\/\/www.prinz.at\/?s={search_term_string}"},"query-input":"required name=search_term_string"}],"inLanguage":"fr-FR"}]}},"_links":{"self":[{"href":"https:\/\/www.prinz.at\/fr\/wp-json\/wp\/v2\/pages\/6453"}],"collection":[{"href":"https:\/\/www.prinz.at\/fr\/wp-json\/wp\/v2\/pages"}],"about":[{"href":"https:\/\/www.prinz.at\/fr\/wp-json\/wp\/v2\/types\/page"}],"author":[{"embeddable":true,"href":"https:\/\/www.prinz.at\/fr\/wp-json\/wp\/v2\/users\/5"}],"replies":[{"embeddable":true,"href":"https:\/\/www.prinz.at\/fr\/wp-json\/wp\/v2\/comments?post=6453"}],"version-history":[{"count":0,"href":"https:\/\/www.prinz.at\/fr\/wp-json\/wp\/v2\/pages\/6453\/revisions"}],"up":[{"embeddable":true,"href":"https:\/\/www.prinz.at\/fr\/wp-json\/wp\/v2\/pages\/6408"}],"wp:attachment":[{"href":"https:\/\/www.prinz.at\/fr\/wp-json\/wp\/v2\/media?parent=6453"}],"curies":[{"name":"wp","href":"https:\/\/api.w.org\/{rel}","templated":true}]}}