{"id":6463,"date":"2015-03-25T14:22:38","date_gmt":"2015-03-25T14:22:38","guid":{"rendered":"https:\/\/www.prinz.at\/crosscut\/"},"modified":"2015-03-25T14:22:38","modified_gmt":"2015-03-25T14:22:38","slug":"crosscut","status":"publish","type":"page","link":"https:\/\/www.prinz.at\/fr\/produits\/scies-pour-le-bois\/smart-solutions\/crosscut\/","title":{"rendered":"CROSSCUT"},"content":{"rendered":"<section class=\"wpb-content-wrapper\"><p>[vc_row][vc_column width=\u00a0\u00bb1\/2&Prime;][vc_single_image image=\u00a0\u00bb5959&Prime; img_size=\u00a0\u00bbfull\u00a0\u00bb css=\u00a0\u00bb.vc_custom_1665469618501{margin-top: 0px !important;padding-top: 0px !important;}\u00a0\u00bb][\/vc_column][vc_column width=\u00a0\u00bb1\/2&Prime;][vc_column_text css=\u00a0\u00bb.vc_custom_1558522377594{margin-top: 10px !important;padding-top: 10px !important;}\u00a0\u00bb]<strong>CROSSCUT\u00a0<\/strong>&#8211; une unit\u00e9 de coupe fixe avec un paquet d\u00e9pla\u00e7able.<\/p>\n<p>La CROSSCUT r\u00e9pond de fa\u00e7on \u00e9conomique aux besoins en pr\u00e9cision de coupe et productivit\u00e9- Le positionnement du paquet par syst\u00e8me de chariot entra\u00een\u00e9 \u00e9lectriquement \u00a0offre une alternative \u00e9conomique \u00e0 un d\u00e9placement par train de rouleaux. L&rsquo;arceau de guidage aussure une haute pr\u00e9cision de coupe de +\/-2mm[\/vc_column_text][\/vc_column][\/vc_row][vc_row ses_sub_title=\u00a0\u00bb<br \/>\n\u00a0\u00bb css=\u00a0\u00bb.vc_custom_1558522335192{margin-top: 0px !important;padding-top: 0px !important;}\u00a0\u00bb][vc_column][vc_column_text css=\u00a0\u00bb.vc_custom_1558522327989{margin-top: 10px !important;padding-top: 10px !important;}\u00a0\u00bb]<\/p>\n<h2>Donn\u00e9es techniques<\/h2>\n<table class=\"contenttable contenttable-0 product-description-table\">\n<tbody>\n<tr class=\"tr-even tr-0\">\n<td class=\"td-0\">Puissance moteur:<\/td>\n<td class=\"td-last td-1\">11\u00a0kW<\/td>\n<\/tr>\n<tr class=\"tr-odd tr-1\">\n<td class=\"td-0\">Type de moteur:<\/td>\n<td class=\"td-last td-1\">\u00e9lectrique<\/td>\n<\/tr>\n<tr class=\"tr-even tr-2\">\n<td class=\"td-0\">Pr\u00e9cision de coupe:<\/td>\n<td class=\"td-last td-1\">\u00b12 mm<\/td>\n<\/tr>\n<tr class=\"tr-odd tr-3\">\n<td class=\"td-0\">Dimensions standard des paquets (largeur x hauteur):<\/td>\n<td class=\"td-last td-1\">120 x 120 cm<\/td>\n<\/tr>\n<tr class=\"tr-even tr-4\">\n<td class=\"td-0\">Dimensions sup\u00e9rieures possibles:<\/td>\n<td class=\"td-last td-1\">oui<\/td>\n<\/tr>\n<tr class=\"tr-odd tr-5\">\n<td class=\"td-0\">Syst\u00e8me de descente de la coupe:<\/td>\n<td class=\"td-last td-1\">\u00e9lectrique<\/td>\n<\/tr>\n<tr class=\"tr-even tr-6\">\n<td class=\"td-0\">Guidage de la coupe:<\/td>\n<td class=\"td-last td-1\">par arceau<\/td>\n<\/tr>\n<tr class=\"tr-odd tr-7\">\n<td class=\"td-0\">Type de scie:<\/td>\n<td class=\"td-last td-1\">scie stationnaire\/ paquet d\u00e9pla\u00e7able sur train de rouleaux<\/td>\n<\/tr>\n<tr class=\"tr-even tr-8\">\n<td class=\"td-0\">Types de cha\u00eene:<\/td>\n<td class=\"td-last td-1\">\u00e0 dents droites \/ au carbure<\/td>\n<\/tr>\n<tr class=\"tr-odd tr-9\">\n<td class=\"td-0\">Guide cha\u00eene:<\/td>\n<td class=\"td-last td-1\">en acier, avec appuis renforc\u00e9s<\/td>\n<\/tr>\n<tr class=\"tr-odd tr-11\">\n<td class=\"td-0\">D\u00e9placement du paquet:<\/td>\n<td class=\"td-last td-1\">motor\u00e9ducteur avec variateur de fr\u00e9quence<\/td>\n<\/tr>\n<tr class=\"tr-even tr-12\">\n<td class=\"td-0\">Syst\u00e8me de mesurage possible:<\/td>\n<td class=\"td-last td-1\">oui<\/td>\n<\/tr>\n<tr class=\"tr-odd tr-13\">\n<td class=\"td-0\">Commande:<\/td>\n<td class=\"td-last td-1\">semi-automatique et automatique<\/td>\n<\/tr>\n<tr class=\"tr-even tr-14\">\n<td class=\"td-0\">Champs d&rsquo;application:<\/td>\n<td class=\"td-last td-1\">processus de coupe automatis\u00e9 avec haute pr\u00e9cision de coupe de \u00b12 mm<\/td>\n<\/tr>\n<tr class=\"tr-odd tr-15\">\n<td class=\"td-0\">Options:<\/td>\n<td class=\"td-last td-1\">mesurage manuel ou \u00e9lectonique<\/td>\n<\/tr>\n<tr class=\"tr-even tr-16\">\n<td class=\"td-0\"><\/td>\n<td class=\"td-last td-1\">branchement pour aspiration, trait laser pour position de coupe<\/td>\n<\/tr>\n<tr class=\"tr-odd tr-17\">\n<td class=\"td-0\"><\/td>\n<td class=\"td-last td-1\">container pour r\u00e9cup\u00e9ration des d\u00e9chets, plaqueurs pneumatiques<\/td>\n<\/tr>\n<tr class=\"tr-even tr-last\">\n<td class=\"td-0\"><\/td>\n<td class=\"td-last td-1\">coupe inclin\u00e9e, coupe en s\u00e9rie, soul\u00e8vement du paquet<\/td>\n<\/tr>\n<\/tbody>\n<\/table>\n<p>[\/vc_column_text][\/vc_column][\/vc_row]<\/p>\n<\/section>","protected":false},"excerpt":{"rendered":"<p>[vc_row][vc_column width=\u00a0\u00bb1\/2&Prime;][vc_single_image image=\u00a0\u00bb5959&Prime; img_size=\u00a0\u00bbfull\u00a0\u00bb css=\u00a0\u00bb.vc_custom_1665469618501{margin-top: 0px !important;padding-top: 0px !important;}\u00a0\u00bb][\/vc_column][vc_column width=\u00a0\u00bb1\/2&Prime;][vc_column_text css=\u00a0\u00bb.vc_custom_1558522377594{margin-top: 10px !important;padding-top: 10px !important;}\u00a0\u00bb]CROSSCUT\u00a0&#8211; une unit\u00e9 de coupe fixe avec un paquet d\u00e9pla\u00e7able. La CROSSCUT r\u00e9pond de fa\u00e7on \u00e9conomique aux besoins en pr\u00e9cision de coupe et productivit\u00e9- Le positionnement du paquet par syst\u00e8me de chariot entra\u00een\u00e9 \u00e9lectriquement \u00a0offre une alternative \u00e9conomique \u00e0 un d\u00e9placement [&hellip;]<\/p>\n","protected":false},"author":5,"featured_media":0,"parent":6635,"menu_order":0,"comment_status":"open","ping_status":"open","template":"","meta":[],"yoast_head":"<!-- This site is optimized with the Yoast SEO plugin v21.8.1 - https:\/\/yoast.com\/wordpress\/plugins\/seo\/ -->\n<title>CROSSCUT - PRINZ<\/title>\n<meta name=\"robots\" content=\"index, follow, max-snippet:-1, max-image-preview:large, max-video-preview:-1\" \/>\n<link rel=\"canonical\" href=\"https:\/\/www.prinz.at\/crosscut\/?lang=fr\" \/>\n<meta property=\"og:locale\" content=\"fr_FR\" \/>\n<meta property=\"og:type\" content=\"article\" \/>\n<meta property=\"og:title\" content=\"CROSSCUT - PRINZ\" \/>\n<meta property=\"og:description\" content=\"[vc_row][vc_column width=\u00a0\u00bb1\/2&Prime;][vc_single_image image=\u00a0\u00bb5959&Prime; img_size=\u00a0\u00bbfull\u00a0\u00bb css=\u00a0\u00bb.vc_custom_1665469618501{margin-top: 0px !important;padding-top: 0px !important;}\u00a0\u00bb][\/vc_column][vc_column width=\u00a0\u00bb1\/2&Prime;][vc_column_text css=\u00a0\u00bb.vc_custom_1558522377594{margin-top: 10px !important;padding-top: 10px !important;}\u00a0\u00bb]CROSSCUT\u00a0&#8211; une unit\u00e9 de coupe fixe avec un paquet d\u00e9pla\u00e7able. La CROSSCUT r\u00e9pond de fa\u00e7on \u00e9conomique aux besoins en pr\u00e9cision de coupe et productivit\u00e9- Le positionnement du paquet par syst\u00e8me de chariot entra\u00een\u00e9 \u00e9lectriquement \u00a0offre une alternative \u00e9conomique \u00e0 un d\u00e9placement [&hellip;]\" \/>\n<meta property=\"og:url\" content=\"https:\/\/www.prinz.at\/crosscut\/?lang=fr\" \/>\n<meta property=\"og:site_name\" content=\"PRINZ\" \/>\n<meta name=\"twitter:card\" content=\"summary_large_image\" \/>\n<meta name=\"twitter:label1\" content=\"Dur\u00e9e de lecture estim\u00e9e\" \/>\n\t<meta name=\"twitter:data1\" content=\"1 minute\" \/>\n<script type=\"application\/ld+json\" class=\"yoast-schema-graph\">{\"@context\":\"https:\/\/schema.org\",\"@graph\":[{\"@type\":\"WebPage\",\"@id\":\"https:\/\/www.prinz.at\/crosscut\/?lang=fr\",\"url\":\"https:\/\/www.prinz.at\/crosscut\/?lang=fr\",\"name\":\"CROSSCUT - PRINZ\",\"isPartOf\":{\"@id\":\"https:\/\/www.prinz.at\/#website\"},\"datePublished\":\"2015-03-25T14:22:38+00:00\",\"dateModified\":\"2015-03-25T14:22:38+00:00\",\"breadcrumb\":{\"@id\":\"https:\/\/www.prinz.at\/crosscut\/?lang=fr#breadcrumb\"},\"inLanguage\":\"fr-FR\",\"potentialAction\":[{\"@type\":\"ReadAction\",\"target\":[\"https:\/\/www.prinz.at\/crosscut\/?lang=fr\"]}]},{\"@type\":\"BreadcrumbList\",\"@id\":\"https:\/\/www.prinz.at\/crosscut\/?lang=fr#breadcrumb\",\"itemListElement\":[{\"@type\":\"ListItem\",\"position\":1,\"name\":\"Startseite\",\"item\":\"https:\/\/www.prinz.at\/fr\/\"},{\"@type\":\"ListItem\",\"position\":2,\"name\":\"CROSSCUT\"}]},{\"@type\":\"WebSite\",\"@id\":\"https:\/\/www.prinz.at\/#website\",\"url\":\"https:\/\/www.prinz.at\/\",\"name\":\"PRINZ\",\"description\":\"\",\"potentialAction\":[{\"@type\":\"SearchAction\",\"target\":{\"@type\":\"EntryPoint\",\"urlTemplate\":\"https:\/\/www.prinz.at\/?s={search_term_string}\"},\"query-input\":\"required name=search_term_string\"}],\"inLanguage\":\"fr-FR\"}]}<\/script>\n<!-- \/ Yoast SEO plugin. -->","yoast_head_json":{"title":"CROSSCUT - PRINZ","robots":{"index":"index","follow":"follow","max-snippet":"max-snippet:-1","max-image-preview":"max-image-preview:large","max-video-preview":"max-video-preview:-1"},"canonical":"https:\/\/www.prinz.at\/crosscut\/?lang=fr","og_locale":"fr_FR","og_type":"article","og_title":"CROSSCUT - PRINZ","og_description":"[vc_row][vc_column width=\u00a0\u00bb1\/2&Prime;][vc_single_image image=\u00a0\u00bb5959&Prime; img_size=\u00a0\u00bbfull\u00a0\u00bb css=\u00a0\u00bb.vc_custom_1665469618501{margin-top: 0px !important;padding-top: 0px !important;}\u00a0\u00bb][\/vc_column][vc_column width=\u00a0\u00bb1\/2&Prime;][vc_column_text css=\u00a0\u00bb.vc_custom_1558522377594{margin-top: 10px !important;padding-top: 10px !important;}\u00a0\u00bb]CROSSCUT\u00a0&#8211; une unit\u00e9 de coupe fixe avec un paquet d\u00e9pla\u00e7able. La CROSSCUT r\u00e9pond de fa\u00e7on \u00e9conomique aux besoins en pr\u00e9cision de coupe et productivit\u00e9- Le positionnement du paquet par syst\u00e8me de chariot entra\u00een\u00e9 \u00e9lectriquement \u00a0offre une alternative \u00e9conomique \u00e0 un d\u00e9placement [&hellip;]","og_url":"https:\/\/www.prinz.at\/crosscut\/?lang=fr","og_site_name":"PRINZ","twitter_card":"summary_large_image","twitter_misc":{"Dur\u00e9e de lecture estim\u00e9e":"1 minute"},"schema":{"@context":"https:\/\/schema.org","@graph":[{"@type":"WebPage","@id":"https:\/\/www.prinz.at\/crosscut\/?lang=fr","url":"https:\/\/www.prinz.at\/crosscut\/?lang=fr","name":"CROSSCUT - PRINZ","isPartOf":{"@id":"https:\/\/www.prinz.at\/#website"},"datePublished":"2015-03-25T14:22:38+00:00","dateModified":"2015-03-25T14:22:38+00:00","breadcrumb":{"@id":"https:\/\/www.prinz.at\/crosscut\/?lang=fr#breadcrumb"},"inLanguage":"fr-FR","potentialAction":[{"@type":"ReadAction","target":["https:\/\/www.prinz.at\/crosscut\/?lang=fr"]}]},{"@type":"BreadcrumbList","@id":"https:\/\/www.prinz.at\/crosscut\/?lang=fr#breadcrumb","itemListElement":[{"@type":"ListItem","position":1,"name":"Startseite","item":"https:\/\/www.prinz.at\/fr\/"},{"@type":"ListItem","position":2,"name":"CROSSCUT"}]},{"@type":"WebSite","@id":"https:\/\/www.prinz.at\/#website","url":"https:\/\/www.prinz.at\/","name":"PRINZ","description":"","potentialAction":[{"@type":"SearchAction","target":{"@type":"EntryPoint","urlTemplate":"https:\/\/www.prinz.at\/?s={search_term_string}"},"query-input":"required name=search_term_string"}],"inLanguage":"fr-FR"}]}},"_links":{"self":[{"href":"https:\/\/www.prinz.at\/fr\/wp-json\/wp\/v2\/pages\/6463"}],"collection":[{"href":"https:\/\/www.prinz.at\/fr\/wp-json\/wp\/v2\/pages"}],"about":[{"href":"https:\/\/www.prinz.at\/fr\/wp-json\/wp\/v2\/types\/page"}],"author":[{"embeddable":true,"href":"https:\/\/www.prinz.at\/fr\/wp-json\/wp\/v2\/users\/5"}],"replies":[{"embeddable":true,"href":"https:\/\/www.prinz.at\/fr\/wp-json\/wp\/v2\/comments?post=6463"}],"version-history":[{"count":0,"href":"https:\/\/www.prinz.at\/fr\/wp-json\/wp\/v2\/pages\/6463\/revisions"}],"up":[{"embeddable":true,"href":"https:\/\/www.prinz.at\/fr\/wp-json\/wp\/v2\/pages\/6635"}],"wp:attachment":[{"href":"https:\/\/www.prinz.at\/fr\/wp-json\/wp\/v2\/media?parent=6463"}],"curies":[{"name":"wp","href":"https:\/\/api.w.org\/{rel}","templated":true}]}}