{"id":6473,"date":"2015-03-25T14:24:23","date_gmt":"2015-03-25T14:24:23","guid":{"rendered":"https:\/\/www.prinz.at\/logstar-combi\/"},"modified":"2015-03-25T14:24:23","modified_gmt":"2015-03-25T14:24:23","slug":"logstar-combi","status":"publish","type":"page","link":"https:\/\/www.prinz.at\/fr\/produits\/scies-pour-le-bois\/scies-a-grumes\/logstar-combi\/","title":{"rendered":"LOGSTAR COMBI"},"content":{"rendered":"<section class=\"wpb-content-wrapper\"><p>[vc_row][vc_column width=\u00a0\u00bb1\/2&Prime;][vc_single_image image=\u00a0\u00bb4665&Prime; img_size=\u00a0\u00bbfull\u00a0\u00bb alignment=\u00a0\u00bbcenter\u00a0\u00bb][\/vc_column][vc_column width=\u00a0\u00bb1\/2&Prime;][vc_column_text]Les scies pour parcs \u00e0 grumes PRINZ sont id\u00e9ales pour \u00eatre int\u00e9gr\u00e9es dans votre ligne de production. Le syst\u00e8me modulaire permet de r\u00e9pondre individuellement aux besoins particuliers de chacun. Le syst\u00e8me de programmation permet de r\u00e9duire le temps de coupe en \u00e9vitant une remont\u00e9e compl\u00e8te du guide en position finale.<\/p>\n<ul>\n<li>un poste de coupe de construction robuste et facile d&rsquo;entretien<\/li>\n<li>livr\u00e9e avec pinces de serrage et syst\u00e8me de soul\u00e8vement du tronc<\/li>\n<li>rouleaux coniques abaissables pour une parfaite \u00e9vacuation des chutes par le bas<\/li>\n<li>puissante unit\u00e9 de graissage de la cha\u00eene pour une parfaite long\u00e9vit\u00e9 de l&rsquo;\u00e9quipement de coupe<\/li>\n<\/ul>\n<p>[\/vc_column_text][\/vc_column][\/vc_row][vc_row][vc_column][vc_column_text]<\/p>\n<h2>Donn\u00e9es techniques<\/h2>\n<table class=\"contenttable contenttable-0 product-description-table\">\n<tbody>\n<tr class=\"tr-even tr-0\">\n<td class=\"td-0\">Puissance moteur:<\/td>\n<td class=\"td-last td-1\">15 kW<\/td>\n<\/tr>\n<tr class=\"tr-odd tr-1\">\n<td class=\"td-0\">Type de moteur:<\/td>\n<td class=\"td-last td-1\">\u00e9lectrique<\/td>\n<\/tr>\n<tr class=\"tr-even tr-2\">\n<td class=\"td-0\">Diam\u00e8tre standard:<\/td>\n<td class=\"td-last td-1\">jusqu&rsquo;\u00e0 100 cm<\/td>\n<\/tr>\n<tr class=\"tr-odd tr-3\">\n<td class=\"td-0\">Diam\u00e8tres sup\u00e9rieurs possibles:<\/td>\n<td class=\"td-last td-1\">oui<\/td>\n<\/tr>\n<tr class=\"tr-even tr-4\">\n<td class=\"td-0\">Mouvement de la coupe:<\/td>\n<td class=\"td-last td-1\">hydraulique<\/td>\n<\/tr>\n<tr class=\"tr-odd tr-5\">\n<td class=\"td-0\">Guidage de la coupe:<\/td>\n<td class=\"td-last td-1\">par stabilisateur<\/td>\n<\/tr>\n<tr class=\"tr-even tr-6\">\n<td class=\"td-0\">Type de scie:<\/td>\n<td class=\"td-last td-1\">scie stationnaire \/ grumes se d\u00e9placent<\/td>\n<\/tr>\n<tr class=\"tr-odd tr-7\">\n<td class=\"td-0\">Types de cha\u00eene:<\/td>\n<td class=\"td-last td-1\">cha\u00eene \u00e0 gouges \/ au carbure<\/td>\n<\/tr>\n<tr class=\"tr-even tr-8\">\n<td class=\"td-0\">Guide cha\u00eene:<\/td>\n<td class=\"td-last td-1\">en acier, avec appuis renforc\u00e9s<\/td>\n<\/tr>\n<tr class=\"tr-odd tr-9\">\n<td class=\"td-0\">Performance de coupe:<\/td>\n<td class=\"td-last td-1\">18 sec\/m\u00b2<\/td>\n<\/tr>\n<tr class=\"tr-even tr-10\">\n<td class=\"td-0\">D\u00e9placement des grumes:<\/td>\n<td class=\"td-last td-1\">par rouleaux coniques<\/td>\n<\/tr>\n<tr class=\"tr-odd tr-11\">\n<td class=\"td-0\">Entrainement des grumes:<\/td>\n<td class=\"td-last td-1\">par motor\u00e9ducteur<\/td>\n<\/tr>\n<tr class=\"tr-even tr-12\">\n<td class=\"td-0\">Commande:<\/td>\n<td class=\"td-last td-1\">manuelle<\/td>\n<\/tr>\n<tr class=\"tr-odd tr-13\">\n<td class=\"td-0\">Champs d&rsquo;application:<\/td>\n<td class=\"td-last td-1\">mise \u00e0 longueur de grumes<\/td>\n<\/tr>\n<tr class=\"tr-even tr-14\">\n<td class=\"td-0\">\u00a0Options:<\/td>\n<td class=\"td-last td-1\">convoyeurs \u00e0 cha\u00eenes<\/td>\n<\/tr>\n<tr class=\"tr-odd tr-15\">\n<td class=\"td-0\"><\/td>\n<td class=\"td-last td-1\">transporteur \u00e0 racleurs<\/td>\n<\/tr>\n<tr class=\"tr-even tr-16\">\n<td class=\"td-0\"><\/td>\n<td class=\"td-last td-1\">\u00e9vacuation des d\u00e9chets<\/td>\n<\/tr>\n<tr class=\"tr-odd tr-17\">\n<td class=\"td-0\"><\/td>\n<td class=\"td-last td-1\"><\/td>\n<\/tr>\n<tr class=\"tr-even tr-18\">\n<td class=\"td-0\"><\/td>\n<td class=\"td-last td-1\"><\/td>\n<\/tr>\n<tr class=\"tr-odd tr-last\">\n<td class=\"td-0\"><\/td>\n<td class=\"td-last td-1\"><\/td>\n<\/tr>\n<\/tbody>\n<\/table>\n<p>[\/vc_column_text][vc_row_inner css=\u00a0\u00bb.vc_custom_1497359560074{margin-top: 20px !important;padding-top: 20px !important;}\u00a0\u00bb][vc_column_inner][vc_raw_html]JTNDaWZyYW1lJTIwd2lkdGglM0QlMjIxMjgwJTIyJTIwaGVpZ2h0JTNEJTIyNzIwJTIyJTIwc3JjJTNEJTIyaHR0cHMlM0ElMkYlMkZ3d3cueW91dHViZS5jb20lMkZlbWJlZCUyRkJFVWZtVm9TWUhnJTNGcmVsJTNEMCUyMiUyMGZyYW1lYm9yZGVyJTNEJTIyMCUyMiUyMGFsbG93ZnVsbHNjcmVlbiUzRSUzQyUyRmlmcmFtZSUzRQ==[\/vc_raw_html][vc_gallery type=\u00a0\u00bbimage_grid\u00a0\u00bb images=\u00a0\u00bb2412,2413,5404,5403&Prime;][\/vc_column_inner][\/vc_row_inner][\/vc_column][\/vc_row]<\/p>\n<\/section>","protected":false},"excerpt":{"rendered":"<p>[vc_row][vc_column width=\u00a0\u00bb1\/2&Prime;][vc_single_image image=\u00a0\u00bb4665&Prime; img_size=\u00a0\u00bbfull\u00a0\u00bb alignment=\u00a0\u00bbcenter\u00a0\u00bb][\/vc_column][vc_column width=\u00a0\u00bb1\/2&Prime;][vc_column_text]Les scies pour parcs \u00e0 grumes PRINZ sont id\u00e9ales pour \u00eatre int\u00e9gr\u00e9es dans votre ligne de production. Le syst\u00e8me modulaire permet de r\u00e9pondre individuellement aux besoins particuliers de chacun. Le syst\u00e8me de programmation permet de r\u00e9duire le temps de coupe en \u00e9vitant une remont\u00e9e compl\u00e8te du guide en position finale. [&hellip;]<\/p>\n","protected":false},"author":5,"featured_media":0,"parent":6418,"menu_order":0,"comment_status":"open","ping_status":"open","template":"","meta":[],"yoast_head":"<!-- This site is optimized with the Yoast SEO plugin v21.8.1 - https:\/\/yoast.com\/wordpress\/plugins\/seo\/ -->\n<title>LOGSTAR COMBI - PRINZ<\/title>\n<meta name=\"robots\" content=\"index, follow, max-snippet:-1, max-image-preview:large, max-video-preview:-1\" \/>\n<link rel=\"canonical\" href=\"https:\/\/www.prinz.at\/logstar-combi\/?lang=fr\" \/>\n<meta property=\"og:locale\" content=\"fr_FR\" \/>\n<meta property=\"og:type\" content=\"article\" \/>\n<meta property=\"og:title\" content=\"LOGSTAR COMBI - PRINZ\" \/>\n<meta property=\"og:description\" content=\"[vc_row][vc_column width=\u00a0\u00bb1\/2&Prime;][vc_single_image image=\u00a0\u00bb4665&Prime; img_size=\u00a0\u00bbfull\u00a0\u00bb alignment=\u00a0\u00bbcenter\u00a0\u00bb][\/vc_column][vc_column width=\u00a0\u00bb1\/2&Prime;][vc_column_text]Les scies pour parcs \u00e0 grumes PRINZ sont id\u00e9ales pour \u00eatre int\u00e9gr\u00e9es dans votre ligne de production. Le syst\u00e8me modulaire permet de r\u00e9pondre individuellement aux besoins particuliers de chacun. Le syst\u00e8me de programmation permet de r\u00e9duire le temps de coupe en \u00e9vitant une remont\u00e9e compl\u00e8te du guide en position finale. [&hellip;]\" \/>\n<meta property=\"og:url\" content=\"https:\/\/www.prinz.at\/logstar-combi\/?lang=fr\" \/>\n<meta property=\"og:site_name\" content=\"PRINZ\" \/>\n<meta name=\"twitter:card\" content=\"summary_large_image\" \/>\n<meta name=\"twitter:label1\" content=\"Dur\u00e9e de lecture estim\u00e9e\" \/>\n\t<meta name=\"twitter:data1\" content=\"2 minutes\" \/>\n<script type=\"application\/ld+json\" class=\"yoast-schema-graph\">{\"@context\":\"https:\/\/schema.org\",\"@graph\":[{\"@type\":\"WebPage\",\"@id\":\"https:\/\/www.prinz.at\/logstar-combi\/?lang=fr\",\"url\":\"https:\/\/www.prinz.at\/logstar-combi\/?lang=fr\",\"name\":\"LOGSTAR COMBI - PRINZ\",\"isPartOf\":{\"@id\":\"https:\/\/www.prinz.at\/#website\"},\"datePublished\":\"2015-03-25T14:24:23+00:00\",\"dateModified\":\"2015-03-25T14:24:23+00:00\",\"breadcrumb\":{\"@id\":\"https:\/\/www.prinz.at\/logstar-combi\/?lang=fr#breadcrumb\"},\"inLanguage\":\"fr-FR\",\"potentialAction\":[{\"@type\":\"ReadAction\",\"target\":[\"https:\/\/www.prinz.at\/logstar-combi\/?lang=fr\"]}]},{\"@type\":\"BreadcrumbList\",\"@id\":\"https:\/\/www.prinz.at\/logstar-combi\/?lang=fr#breadcrumb\",\"itemListElement\":[{\"@type\":\"ListItem\",\"position\":1,\"name\":\"Startseite\",\"item\":\"https:\/\/www.prinz.at\/fr\/\"},{\"@type\":\"ListItem\",\"position\":2,\"name\":\"LOGSTAR COMBI\"}]},{\"@type\":\"WebSite\",\"@id\":\"https:\/\/www.prinz.at\/#website\",\"url\":\"https:\/\/www.prinz.at\/\",\"name\":\"PRINZ\",\"description\":\"\",\"potentialAction\":[{\"@type\":\"SearchAction\",\"target\":{\"@type\":\"EntryPoint\",\"urlTemplate\":\"https:\/\/www.prinz.at\/?s={search_term_string}\"},\"query-input\":\"required name=search_term_string\"}],\"inLanguage\":\"fr-FR\"}]}<\/script>\n<!-- \/ Yoast SEO plugin. -->","yoast_head_json":{"title":"LOGSTAR COMBI - PRINZ","robots":{"index":"index","follow":"follow","max-snippet":"max-snippet:-1","max-image-preview":"max-image-preview:large","max-video-preview":"max-video-preview:-1"},"canonical":"https:\/\/www.prinz.at\/logstar-combi\/?lang=fr","og_locale":"fr_FR","og_type":"article","og_title":"LOGSTAR COMBI - PRINZ","og_description":"[vc_row][vc_column width=\u00a0\u00bb1\/2&Prime;][vc_single_image image=\u00a0\u00bb4665&Prime; img_size=\u00a0\u00bbfull\u00a0\u00bb alignment=\u00a0\u00bbcenter\u00a0\u00bb][\/vc_column][vc_column width=\u00a0\u00bb1\/2&Prime;][vc_column_text]Les scies pour parcs \u00e0 grumes PRINZ sont id\u00e9ales pour \u00eatre int\u00e9gr\u00e9es dans votre ligne de production. Le syst\u00e8me modulaire permet de r\u00e9pondre individuellement aux besoins particuliers de chacun. Le syst\u00e8me de programmation permet de r\u00e9duire le temps de coupe en \u00e9vitant une remont\u00e9e compl\u00e8te du guide en position finale. [&hellip;]","og_url":"https:\/\/www.prinz.at\/logstar-combi\/?lang=fr","og_site_name":"PRINZ","twitter_card":"summary_large_image","twitter_misc":{"Dur\u00e9e de lecture estim\u00e9e":"2 minutes"},"schema":{"@context":"https:\/\/schema.org","@graph":[{"@type":"WebPage","@id":"https:\/\/www.prinz.at\/logstar-combi\/?lang=fr","url":"https:\/\/www.prinz.at\/logstar-combi\/?lang=fr","name":"LOGSTAR COMBI - PRINZ","isPartOf":{"@id":"https:\/\/www.prinz.at\/#website"},"datePublished":"2015-03-25T14:24:23+00:00","dateModified":"2015-03-25T14:24:23+00:00","breadcrumb":{"@id":"https:\/\/www.prinz.at\/logstar-combi\/?lang=fr#breadcrumb"},"inLanguage":"fr-FR","potentialAction":[{"@type":"ReadAction","target":["https:\/\/www.prinz.at\/logstar-combi\/?lang=fr"]}]},{"@type":"BreadcrumbList","@id":"https:\/\/www.prinz.at\/logstar-combi\/?lang=fr#breadcrumb","itemListElement":[{"@type":"ListItem","position":1,"name":"Startseite","item":"https:\/\/www.prinz.at\/fr\/"},{"@type":"ListItem","position":2,"name":"LOGSTAR COMBI"}]},{"@type":"WebSite","@id":"https:\/\/www.prinz.at\/#website","url":"https:\/\/www.prinz.at\/","name":"PRINZ","description":"","potentialAction":[{"@type":"SearchAction","target":{"@type":"EntryPoint","urlTemplate":"https:\/\/www.prinz.at\/?s={search_term_string}"},"query-input":"required name=search_term_string"}],"inLanguage":"fr-FR"}]}},"_links":{"self":[{"href":"https:\/\/www.prinz.at\/fr\/wp-json\/wp\/v2\/pages\/6473"}],"collection":[{"href":"https:\/\/www.prinz.at\/fr\/wp-json\/wp\/v2\/pages"}],"about":[{"href":"https:\/\/www.prinz.at\/fr\/wp-json\/wp\/v2\/types\/page"}],"author":[{"embeddable":true,"href":"https:\/\/www.prinz.at\/fr\/wp-json\/wp\/v2\/users\/5"}],"replies":[{"embeddable":true,"href":"https:\/\/www.prinz.at\/fr\/wp-json\/wp\/v2\/comments?post=6473"}],"version-history":[{"count":0,"href":"https:\/\/www.prinz.at\/fr\/wp-json\/wp\/v2\/pages\/6473\/revisions"}],"up":[{"embeddable":true,"href":"https:\/\/www.prinz.at\/fr\/wp-json\/wp\/v2\/pages\/6418"}],"wp:attachment":[{"href":"https:\/\/www.prinz.at\/fr\/wp-json\/wp\/v2\/media?parent=6473"}],"curies":[{"name":"wp","href":"https:\/\/api.w.org\/{rel}","templated":true}]}}