{"id":6483,"date":"2015-03-25T14:25:41","date_gmt":"2015-03-25T14:25:41","guid":{"rendered":"https:\/\/www.prinz.at\/proficut-light-strong\/"},"modified":"2015-03-25T14:25:41","modified_gmt":"2015-03-25T14:25:41","slug":"proficut-light-strong","status":"publish","type":"page","link":"https:\/\/www.prinz.at\/fr\/produits\/scies-pour-le-bois\/scies-mobiles\/proficut-light-strong\/","title":{"rendered":"PROFICUT LIGHT + STRONG"},"content":{"rendered":"<section class=\"wpb-content-wrapper\"><p>[vc_row][vc_column width=\u00a0\u00bb1\/2&Prime;][vc_single_image image=\u00a0\u00bb5835&Prime; img_size=\u00a0\u00bbfull\u00a0\u00bb alignment=\u00a0\u00bbcenter\u00a0\u00bb][\/vc_column][vc_column width=\u00a0\u00bb1\/2&Prime;][vc_column_text]<\/p>\n<div id=\"c837\" class=\"csc-default\">\n<div id=\"c837\" class=\"csc-default\">\n<p>Les tron\u00e7onneuses mobiles PRINZ sont tr\u00e8s faciles \u00e0 d\u00e9placer et d&rsquo;application universelle. Elles constituent les mod\u00e8les d&rsquo;entr\u00e9e pour affranchir des paquets ou les remettre \u00e0 longueur. Faciles \u00e0 manoeuvrer, elles sont une alternative int\u00e9ressante aux scies portatives. Equip\u00e9es de l&rsquo;\u00e9quipment de coupe appropri\u00e9, elles permettent de couper facilement et s\u00fbrement non seulement du bois mais aussi des panneaux de placopl\u00e2tre, des bobines de papier, et bien plus encore.<\/p>\n<ul>\n<li>dot\u00e9e de 2 stabilisateurs pour une hautre pr\u00e9cision de coupe<\/li>\n<li>disponibles avec un moteur de 7,5 ou 11 KW<\/li>\n<li>lubrification sur le c\u00f4t\u00e9 de coupe pour une long\u00e9vit\u00e9 optimale de votre outil de coupe<\/li>\n<li>remplacement facile de la cha\u00eene par syst\u00e8me de tension rapide<\/li>\n<li>roues en caoutchouc plein pour une grande stabilit\u00e9<\/li>\n<li>longueurs de guide jusqu&rsquo;\u00e0 250cm, \u00e9galement avec faces renforc\u00e9es<\/li>\n<li>faibles co\u00fbts d&rsquo;acquisition et d&rsquo;exploitation pour une amortisation rapide<\/li>\n<li>avec repose-pieds<\/li>\n<li>levier pour positionnement exact du guide et trait laser en option<\/li>\n<\/ul>\n<\/div>\n<\/div>\n<p>[\/vc_column_text][\/vc_column][\/vc_row][vc_row][vc_column][vc_column_text]<\/p>\n<h2>Donn\u00e9es techniques<\/h2>\n<table class=\"contenttable contenttable-0 product-description-table\">\n<tbody>\n<tr class=\"tr-even tr-0\">\n<td class=\"td-0\">Puissance moteur:<\/td>\n<td class=\"td-last td-1\">7,5 kW\/11 kW<\/td>\n<\/tr>\n<tr class=\"tr-odd tr-1\">\n<td class=\"td-0\">Type de moteur:<\/td>\n<td class=\"td-last td-1\">\u00e9lectrique<\/td>\n<\/tr>\n<tr class=\"tr-even tr-2\">\n<td class=\"td-0\">Sections de coupe standard (largeur x hauteur):<\/td>\n<td class=\"td-last td-1\">130 x 130cm<\/td>\n<\/tr>\n<tr class=\"tr-odd tr-3\">\n<td class=\"td-0\">Autres sections possibles:<\/td>\n<td class=\"td-last td-1\">oui<\/td>\n<\/tr>\n<tr class=\"tr-even tr-4\">\n<td class=\"td-0\">Descente de coupe:<\/td>\n<td class=\"td-last td-1\">manuelle<\/td>\n<\/tr>\n<tr class=\"tr-odd tr-5\">\n<td class=\"td-0\">Guidage de la coupe:<\/td>\n<td class=\"td-last td-1\">deux stabilisateurs<\/td>\n<\/tr>\n<tr class=\"tr-even tr-6\">\n<td class=\"td-0\">Type de scie:<\/td>\n<td class=\"td-last td-1\">mobile<\/td>\n<\/tr>\n<tr class=\"tr-odd tr-7\">\n<td class=\"td-0\">Type de cha\u00eenes:<\/td>\n<td class=\"td-last td-1\">\u00e0 gouges\/ \u00e0 dents droites\/ au carbure<\/td>\n<\/tr>\n<tr class=\"tr-even tr-8\">\n<td class=\"td-0\">Guide cha\u00eene:<\/td>\n<td class=\"td-last td-1\">en acier, avec flans renforc\u00e9s<\/td>\n<\/tr>\n<tr class=\"tr-even tr-12\">\n<td class=\"td-0\">Syst\u00e8me de mesurage disponible:<\/td>\n<td class=\"td-last td-1\">non<\/td>\n<\/tr>\n<tr class=\"tr-even tr-last\">\n<td class=\"td-0\">Champs d&rsquo;applications:<\/td>\n<td class=\"td-last td-1\">premi\u00e8re mise \u00e0 longueur des paquets et des grumes, couper sur place sans transport de bois<\/td>\n<\/tr>\n<\/tbody>\n<\/table>\n<p>[\/vc_column_text][vc_row_inner css=\u00a0\u00bb.vc_custom_1535020009345{margin-top: 40px !important;}\u00a0\u00bb][vc_column_inner][vc_gallery type=\u00a0\u00bbimage_grid\u00a0\u00bb images=\u00a0\u00bb4961,4963,4959,4960,1134,3740,1136&Prime;][\/vc_column_inner][\/vc_row_inner][\/vc_column][\/vc_row]<\/p>\n<\/section>","protected":false},"excerpt":{"rendered":"<p>[vc_row][vc_column width=\u00a0\u00bb1\/2&Prime;][vc_single_image image=\u00a0\u00bb5835&Prime; img_size=\u00a0\u00bbfull\u00a0\u00bb alignment=\u00a0\u00bbcenter\u00a0\u00bb][\/vc_column][vc_column width=\u00a0\u00bb1\/2&Prime;][vc_column_text] Les tron\u00e7onneuses mobiles PRINZ sont tr\u00e8s faciles \u00e0 d\u00e9placer et d&rsquo;application universelle. Elles constituent les mod\u00e8les d&rsquo;entr\u00e9e pour affranchir des paquets ou les remettre \u00e0 longueur. Faciles \u00e0 manoeuvrer, elles sont une alternative int\u00e9ressante aux scies portatives. Equip\u00e9es de l&rsquo;\u00e9quipment de coupe appropri\u00e9, elles permettent de couper facilement et [&hellip;]<\/p>\n","protected":false},"author":5,"featured_media":0,"parent":6423,"menu_order":0,"comment_status":"open","ping_status":"open","template":"","meta":[],"yoast_head":"<!-- This site is optimized with the Yoast SEO plugin v21.8.1 - https:\/\/yoast.com\/wordpress\/plugins\/seo\/ -->\n<title>PROFICUT LIGHT + STRONG - PRINZ<\/title>\n<meta name=\"robots\" content=\"index, follow, max-snippet:-1, max-image-preview:large, max-video-preview:-1\" \/>\n<link rel=\"canonical\" href=\"https:\/\/www.prinz.at\/proficut-light-strong\/?lang=fr\" \/>\n<meta property=\"og:locale\" content=\"fr_FR\" \/>\n<meta property=\"og:type\" content=\"article\" \/>\n<meta property=\"og:title\" content=\"PROFICUT LIGHT + STRONG - PRINZ\" \/>\n<meta property=\"og:description\" content=\"[vc_row][vc_column width=\u00a0\u00bb1\/2&Prime;][vc_single_image image=\u00a0\u00bb5835&Prime; img_size=\u00a0\u00bbfull\u00a0\u00bb alignment=\u00a0\u00bbcenter\u00a0\u00bb][\/vc_column][vc_column width=\u00a0\u00bb1\/2&Prime;][vc_column_text] Les tron\u00e7onneuses mobiles PRINZ sont tr\u00e8s faciles \u00e0 d\u00e9placer et d&rsquo;application universelle. Elles constituent les mod\u00e8les d&rsquo;entr\u00e9e pour affranchir des paquets ou les remettre \u00e0 longueur. Faciles \u00e0 manoeuvrer, elles sont une alternative int\u00e9ressante aux scies portatives. Equip\u00e9es de l&rsquo;\u00e9quipment de coupe appropri\u00e9, elles permettent de couper facilement et [&hellip;]\" \/>\n<meta property=\"og:url\" content=\"https:\/\/www.prinz.at\/proficut-light-strong\/?lang=fr\" \/>\n<meta property=\"og:site_name\" content=\"PRINZ\" \/>\n<meta name=\"twitter:card\" content=\"summary_large_image\" \/>\n<meta name=\"twitter:label1\" content=\"Dur\u00e9e de lecture estim\u00e9e\" \/>\n\t<meta name=\"twitter:data1\" content=\"2 minutes\" \/>\n<script type=\"application\/ld+json\" class=\"yoast-schema-graph\">{\"@context\":\"https:\/\/schema.org\",\"@graph\":[{\"@type\":\"WebPage\",\"@id\":\"https:\/\/www.prinz.at\/proficut-light-strong\/?lang=fr\",\"url\":\"https:\/\/www.prinz.at\/proficut-light-strong\/?lang=fr\",\"name\":\"PROFICUT LIGHT + STRONG - PRINZ\",\"isPartOf\":{\"@id\":\"https:\/\/www.prinz.at\/#website\"},\"datePublished\":\"2015-03-25T14:25:41+00:00\",\"dateModified\":\"2015-03-25T14:25:41+00:00\",\"breadcrumb\":{\"@id\":\"https:\/\/www.prinz.at\/proficut-light-strong\/?lang=fr#breadcrumb\"},\"inLanguage\":\"fr-FR\",\"potentialAction\":[{\"@type\":\"ReadAction\",\"target\":[\"https:\/\/www.prinz.at\/proficut-light-strong\/?lang=fr\"]}]},{\"@type\":\"BreadcrumbList\",\"@id\":\"https:\/\/www.prinz.at\/proficut-light-strong\/?lang=fr#breadcrumb\",\"itemListElement\":[{\"@type\":\"ListItem\",\"position\":1,\"name\":\"Startseite\",\"item\":\"https:\/\/www.prinz.at\/fr\/\"},{\"@type\":\"ListItem\",\"position\":2,\"name\":\"PROFICUT LIGHT + STRONG\"}]},{\"@type\":\"WebSite\",\"@id\":\"https:\/\/www.prinz.at\/#website\",\"url\":\"https:\/\/www.prinz.at\/\",\"name\":\"PRINZ\",\"description\":\"\",\"potentialAction\":[{\"@type\":\"SearchAction\",\"target\":{\"@type\":\"EntryPoint\",\"urlTemplate\":\"https:\/\/www.prinz.at\/?s={search_term_string}\"},\"query-input\":\"required name=search_term_string\"}],\"inLanguage\":\"fr-FR\"}]}<\/script>\n<!-- \/ Yoast SEO plugin. -->","yoast_head_json":{"title":"PROFICUT LIGHT + STRONG - PRINZ","robots":{"index":"index","follow":"follow","max-snippet":"max-snippet:-1","max-image-preview":"max-image-preview:large","max-video-preview":"max-video-preview:-1"},"canonical":"https:\/\/www.prinz.at\/proficut-light-strong\/?lang=fr","og_locale":"fr_FR","og_type":"article","og_title":"PROFICUT LIGHT + STRONG - PRINZ","og_description":"[vc_row][vc_column width=\u00a0\u00bb1\/2&Prime;][vc_single_image image=\u00a0\u00bb5835&Prime; img_size=\u00a0\u00bbfull\u00a0\u00bb alignment=\u00a0\u00bbcenter\u00a0\u00bb][\/vc_column][vc_column width=\u00a0\u00bb1\/2&Prime;][vc_column_text] Les tron\u00e7onneuses mobiles PRINZ sont tr\u00e8s faciles \u00e0 d\u00e9placer et d&rsquo;application universelle. Elles constituent les mod\u00e8les d&rsquo;entr\u00e9e pour affranchir des paquets ou les remettre \u00e0 longueur. Faciles \u00e0 manoeuvrer, elles sont une alternative int\u00e9ressante aux scies portatives. Equip\u00e9es de l&rsquo;\u00e9quipment de coupe appropri\u00e9, elles permettent de couper facilement et [&hellip;]","og_url":"https:\/\/www.prinz.at\/proficut-light-strong\/?lang=fr","og_site_name":"PRINZ","twitter_card":"summary_large_image","twitter_misc":{"Dur\u00e9e de lecture estim\u00e9e":"2 minutes"},"schema":{"@context":"https:\/\/schema.org","@graph":[{"@type":"WebPage","@id":"https:\/\/www.prinz.at\/proficut-light-strong\/?lang=fr","url":"https:\/\/www.prinz.at\/proficut-light-strong\/?lang=fr","name":"PROFICUT LIGHT + STRONG - PRINZ","isPartOf":{"@id":"https:\/\/www.prinz.at\/#website"},"datePublished":"2015-03-25T14:25:41+00:00","dateModified":"2015-03-25T14:25:41+00:00","breadcrumb":{"@id":"https:\/\/www.prinz.at\/proficut-light-strong\/?lang=fr#breadcrumb"},"inLanguage":"fr-FR","potentialAction":[{"@type":"ReadAction","target":["https:\/\/www.prinz.at\/proficut-light-strong\/?lang=fr"]}]},{"@type":"BreadcrumbList","@id":"https:\/\/www.prinz.at\/proficut-light-strong\/?lang=fr#breadcrumb","itemListElement":[{"@type":"ListItem","position":1,"name":"Startseite","item":"https:\/\/www.prinz.at\/fr\/"},{"@type":"ListItem","position":2,"name":"PROFICUT LIGHT + STRONG"}]},{"@type":"WebSite","@id":"https:\/\/www.prinz.at\/#website","url":"https:\/\/www.prinz.at\/","name":"PRINZ","description":"","potentialAction":[{"@type":"SearchAction","target":{"@type":"EntryPoint","urlTemplate":"https:\/\/www.prinz.at\/?s={search_term_string}"},"query-input":"required name=search_term_string"}],"inLanguage":"fr-FR"}]}},"_links":{"self":[{"href":"https:\/\/www.prinz.at\/fr\/wp-json\/wp\/v2\/pages\/6483"}],"collection":[{"href":"https:\/\/www.prinz.at\/fr\/wp-json\/wp\/v2\/pages"}],"about":[{"href":"https:\/\/www.prinz.at\/fr\/wp-json\/wp\/v2\/types\/page"}],"author":[{"embeddable":true,"href":"https:\/\/www.prinz.at\/fr\/wp-json\/wp\/v2\/users\/5"}],"replies":[{"embeddable":true,"href":"https:\/\/www.prinz.at\/fr\/wp-json\/wp\/v2\/comments?post=6483"}],"version-history":[{"count":0,"href":"https:\/\/www.prinz.at\/fr\/wp-json\/wp\/v2\/pages\/6483\/revisions"}],"up":[{"embeddable":true,"href":"https:\/\/www.prinz.at\/fr\/wp-json\/wp\/v2\/pages\/6423"}],"wp:attachment":[{"href":"https:\/\/www.prinz.at\/fr\/wp-json\/wp\/v2\/media?parent=6483"}],"curies":[{"name":"wp","href":"https:\/\/api.w.org\/{rel}","templated":true}]}}