{"id":6500,"date":"2015-03-26T12:36:40","date_gmt":"2015-03-26T12:36:40","guid":{"rendered":"https:\/\/www.prinz.at\/mobilcut-state-line\/"},"modified":"2024-10-17T07:43:01","modified_gmt":"2024-10-17T07:43:01","slug":"mobilcut-state-line","status":"publish","type":"page","link":"https:\/\/www.prinz.at\/fr\/produits\/scies-pour-le-bois\/scies-a-paquets-descente-de-coupe-sur-arceau\/mobilcut-state-line\/","title":{"rendered":"MOBILCUT STATE LINE"},"content":{"rendered":"<section class=\"wpb-content-wrapper\"><p>[vc_row][vc_column width=\u00a0\u00bb1\/2&Prime;][vc_single_image image=\u00a0\u00bb2668&Prime; img_size=\u00a0\u00bb400 \u00d7 280&Prime; alignment=\u00a0\u00bbcenter\u00a0\u00bb][\/vc_column][vc_column width=\u00a0\u00bb1\/2&Prime;][vc_column_text]La\u00a0MOBILCUT STATE LINE\u00a0est une scie de type stationnaire avec un banc de chargement des paquets. Le poste de coupe est positionn\u00e9 manuellement alors que le paquet est fixe, la descente de coupe se fait manuellement et avec un guidage tr\u00e8s robuste. Elle se distingue de part sa facilit\u00e9 d\u2019utilisation, la robustesse de son ch\u00e2ssis ainsi que de part sa stabilit\u00e9. Avec un banc de chargement de 7,6 m maximum, elle trouve sa place m\u00eame l\u00e0 o\u00f9 l\u2019emplacement est limit\u00e9.<\/p>\n<p>Quelles donn\u00e9es caract\u00e9risent \u00a0la MOBILCUT STATE LINE?<\/p>\n<ul>\n<li>un moteur de coupe de 7,5 kW<\/li>\n<li>arceau de guidage tr\u00e8s robuste<\/li>\n<li>la mise \u00e0 longueur de \u00a0paquets jusqu&rsquo;\u00e0 130&#215;130 cm et 6 m de longueur<\/li>\n<li>un faible espace au sol pour l&rsquo;installation avec \u00a0seulement 755 cm<\/li>\n<li>une pr\u00e9cision de coupe de \u00a0\u00b12mm gr\u00e2ce \u00e0 un arceau de guidage<\/li>\n<li>une descente manuelle pour la coupe et un positionnement manuel de la scie<\/li>\n<li>de nombreuses options disponibles pour personnaliser votre configuration, comme par exemple un trait laser, \u00a0un syst\u00e8me de r\u00e9cup\u00e9ration des d\u00e9chets<\/li>\n<li>meilleur rapport qualit\u00e9\/prix<\/li>\n<\/ul>\n<p>[\/vc_column_text][\/vc_column][\/vc_row][vc_row][vc_column][vc_column_text]<\/p>\n<h2>Donn\u00e9es techniques<\/h2>\n<p>\u200b<\/p>\n<table class=\"contenttable contenttable-0 product-description-table\">\n<tbody>\n<tr class=\"tr-even tr-0\">\n<td class=\"td-0\">Puissance moteur:<\/td>\n<td class=\"td-last td-1\">7,5 kW<\/td>\n<\/tr>\n<tr class=\"tr-odd tr-1\">\n<td class=\"td-0\">Type de moteur:<\/td>\n<td class=\"td-last td-1\">\u00e9lectrique<\/td>\n<\/tr>\n<tr class=\"tr-even tr-2\">\n<td class=\"td-0\">Pr\u00e9cision de coupe:<\/td>\n<td class=\"td-last td-1\">\u00b12 mm<\/td>\n<\/tr>\n<tr class=\"tr-odd tr-3\">\n<td class=\"td-0\">Section standard de paquet (largeur x hauteur):<\/td>\n<td class=\"td-last td-1\">130 x 130 cm<\/td>\n<\/tr>\n<tr class=\"tr-even tr-4\">\n<td class=\"td-0\">Autres sections possibles:<\/td>\n<td class=\"td-last td-1\">oui<\/td>\n<\/tr>\n<tr class=\"tr-odd tr-5\">\n<td class=\"td-0\">Descente de coupe:<\/td>\n<td class=\"td-last td-1\">manuelle<\/td>\n<\/tr>\n<tr class=\"tr-even tr-6\">\n<td class=\"td-0\">Guidage de la coupe:<\/td>\n<td class=\"td-last td-1\">par arceau<\/td>\n<\/tr>\n<tr class=\"tr-odd tr-7\">\n<td class=\"td-0\">Type de scie:<\/td>\n<td class=\"td-last td-1\">scie d\u00e9pla\u00e7able, paquet fixe<\/td>\n<\/tr>\n<tr class=\"tr-even tr-8\">\n<td class=\"td-0\">Type de cha\u00eenes:<\/td>\n<td class=\"td-last td-1\">\u00e0 dents droites\/ au carbure<\/td>\n<\/tr>\n<tr class=\"tr-odd tr-9\">\n<td class=\"td-0\">Guide cha\u00eene:<\/td>\n<td class=\"td-last td-1\">en acier, avec appuis renforc\u00e9s<\/td>\n<\/tr>\n<tr class=\"tr-even tr-10\">\n<td class=\"td-0\">Performance de coupe:<\/td>\n<td class=\"td-last td-1\">2min\/m\u00b2<\/td>\n<\/tr>\n<tr class=\"tr-odd tr-11\">\n<td class=\"td-0\">Type de scie:<\/td>\n<td class=\"td-last td-1\">scie d\u00e9pla\u00e7able, paquet fixe<\/td>\n<\/tr>\n<tr class=\"tr-even tr-12\">\n<td class=\"td-0\">Syst\u00e8me de mesurage possible:<\/td>\n<td class=\"td-last td-1\">oui<\/td>\n<\/tr>\n<tr class=\"tr-odd tr-13\">\n<td class=\"td-0\">Champs d&rsquo;application:<\/td>\n<td class=\"td-last td-1\">mise \u00e0 longueur de paquets jusqu&rsquo;\u00e0 6 m de longueur sur un faible encombrement au sol \u00a0et avec une pr\u00e9cision de coupe de \u00b12 mm<\/td>\n<\/tr>\n<tr class=\"tr-even tr-14\">\n<td class=\"td-0\">Options:<\/td>\n<td class=\"td-last td-1\">\n<ul>\n<li>trait laser<\/li>\n<li>syst\u00e8me de r\u00e9cup\u00e9ration des d\u00e9chets<\/li>\n<li>container \u00e0 d\u00e9chets<\/li>\n<li>centrale de lubrification de la cha\u00eene<\/li>\n<li>syst\u00e8me d&rsquo;aspiration<\/li>\n<\/ul>\n<\/td>\n<\/tr>\n<\/tbody>\n<\/table>\n<p>[\/vc_column_text][\/vc_column][\/vc_row][vc_row][vc_column][vc_gallery type=\u00a0\u00bbimage_grid\u00a0\u00bb images=\u00a0\u00bb1022,1023,1024,1025,1026&Prime;][\/vc_column][\/vc_row]<\/p>\n<\/section>","protected":false},"excerpt":{"rendered":"<p>[vc_row][vc_column width=\u00a0\u00bb1\/2&Prime;][vc_single_image image=\u00a0\u00bb2668&Prime; img_size=\u00a0\u00bb400 \u00d7 280&Prime; alignment=\u00a0\u00bbcenter\u00a0\u00bb][\/vc_column][vc_column width=\u00a0\u00bb1\/2&Prime;][vc_column_text]La\u00a0MOBILCUT STATE LINE\u00a0est une scie de type stationnaire avec un banc de chargement des paquets. Le poste de coupe est positionn\u00e9 manuellement alors que le paquet est fixe, la descente de coupe se fait manuellement et avec un guidage tr\u00e8s robuste. Elle se distingue de part sa facilit\u00e9 [&hellip;]<\/p>\n","protected":false},"author":5,"featured_media":0,"parent":6413,"menu_order":0,"comment_status":"open","ping_status":"open","template":"","meta":[],"yoast_head":"<!-- This site is optimized with the Yoast SEO plugin v21.8.1 - https:\/\/yoast.com\/wordpress\/plugins\/seo\/ -->\n<title>MOBILCUT STATE LINE - PRINZ<\/title>\n<meta name=\"robots\" content=\"index, follow, max-snippet:-1, max-image-preview:large, max-video-preview:-1\" \/>\n<link rel=\"canonical\" href=\"https:\/\/www.prinz.at\/fr\/produits\/scies-pour-le-bois\/scies-a-paquets-descente-de-coupe-sur-arceau\/mobilcut-state-line\/\" \/>\n<meta property=\"og:locale\" content=\"fr_FR\" \/>\n<meta property=\"og:type\" content=\"article\" \/>\n<meta property=\"og:title\" content=\"MOBILCUT STATE LINE - PRINZ\" \/>\n<meta property=\"og:description\" content=\"[vc_row][vc_column width=\u00a0\u00bb1\/2&Prime;][vc_single_image image=\u00a0\u00bb2668&Prime; img_size=\u00a0\u00bb400 \u00d7 280&Prime; alignment=\u00a0\u00bbcenter\u00a0\u00bb][\/vc_column][vc_column width=\u00a0\u00bb1\/2&Prime;][vc_column_text]La\u00a0MOBILCUT STATE LINE\u00a0est une scie de type stationnaire avec un banc de chargement des paquets. Le poste de coupe est positionn\u00e9 manuellement alors que le paquet est fixe, la descente de coupe se fait manuellement et avec un guidage tr\u00e8s robuste. Elle se distingue de part sa facilit\u00e9 [&hellip;]\" \/>\n<meta property=\"og:url\" content=\"https:\/\/www.prinz.at\/fr\/produits\/scies-pour-le-bois\/scies-a-paquets-descente-de-coupe-sur-arceau\/mobilcut-state-line\/\" \/>\n<meta property=\"og:site_name\" content=\"PRINZ\" \/>\n<meta property=\"article:modified_time\" content=\"2024-10-17T07:43:01+00:00\" \/>\n<meta name=\"twitter:card\" content=\"summary_large_image\" \/>\n<meta name=\"twitter:label1\" content=\"Dur\u00e9e de lecture estim\u00e9e\" \/>\n\t<meta name=\"twitter:data1\" content=\"2 minutes\" \/>\n<script type=\"application\/ld+json\" class=\"yoast-schema-graph\">{\"@context\":\"https:\/\/schema.org\",\"@graph\":[{\"@type\":\"WebPage\",\"@id\":\"https:\/\/www.prinz.at\/fr\/produits\/scies-pour-le-bois\/scies-a-paquets-descente-de-coupe-sur-arceau\/mobilcut-state-line\/\",\"url\":\"https:\/\/www.prinz.at\/fr\/produits\/scies-pour-le-bois\/scies-a-paquets-descente-de-coupe-sur-arceau\/mobilcut-state-line\/\",\"name\":\"MOBILCUT STATE LINE - PRINZ\",\"isPartOf\":{\"@id\":\"https:\/\/www.prinz.at\/#website\"},\"datePublished\":\"2015-03-26T12:36:40+00:00\",\"dateModified\":\"2024-10-17T07:43:01+00:00\",\"breadcrumb\":{\"@id\":\"https:\/\/www.prinz.at\/fr\/produits\/scies-pour-le-bois\/scies-a-paquets-descente-de-coupe-sur-arceau\/mobilcut-state-line\/#breadcrumb\"},\"inLanguage\":\"fr-FR\",\"potentialAction\":[{\"@type\":\"ReadAction\",\"target\":[\"https:\/\/www.prinz.at\/fr\/produits\/scies-pour-le-bois\/scies-a-paquets-descente-de-coupe-sur-arceau\/mobilcut-state-line\/\"]}]},{\"@type\":\"BreadcrumbList\",\"@id\":\"https:\/\/www.prinz.at\/fr\/produits\/scies-pour-le-bois\/scies-a-paquets-descente-de-coupe-sur-arceau\/mobilcut-state-line\/#breadcrumb\",\"itemListElement\":[{\"@type\":\"ListItem\",\"position\":1,\"name\":\"Startseite\",\"item\":\"https:\/\/www.prinz.at\/fr\/\"},{\"@type\":\"ListItem\",\"position\":2,\"name\":\"Produits\",\"item\":\"https:\/\/www.prinz.at\/fr\/produits\/\"},{\"@type\":\"ListItem\",\"position\":3,\"name\":\"Scies pour le bois\",\"item\":\"https:\/\/www.prinz.at\/fr\/produits\/scies-pour-le-bois\/\"},{\"@type\":\"ListItem\",\"position\":4,\"name\":\"Scies \u00e0 paquets, descente de coupe sur arceau\",\"item\":\"https:\/\/www.prinz.at\/scies-a-paquets-descente-de-coupe-sur-arceau\/?lang=fr\"},{\"@type\":\"ListItem\",\"position\":5,\"name\":\"MOBILCUT STATE LINE\"}]},{\"@type\":\"WebSite\",\"@id\":\"https:\/\/www.prinz.at\/#website\",\"url\":\"https:\/\/www.prinz.at\/\",\"name\":\"PRINZ\",\"description\":\"\",\"potentialAction\":[{\"@type\":\"SearchAction\",\"target\":{\"@type\":\"EntryPoint\",\"urlTemplate\":\"https:\/\/www.prinz.at\/?s={search_term_string}\"},\"query-input\":\"required name=search_term_string\"}],\"inLanguage\":\"fr-FR\"}]}<\/script>\n<!-- \/ Yoast SEO plugin. -->","yoast_head_json":{"title":"MOBILCUT STATE LINE - PRINZ","robots":{"index":"index","follow":"follow","max-snippet":"max-snippet:-1","max-image-preview":"max-image-preview:large","max-video-preview":"max-video-preview:-1"},"canonical":"https:\/\/www.prinz.at\/fr\/produits\/scies-pour-le-bois\/scies-a-paquets-descente-de-coupe-sur-arceau\/mobilcut-state-line\/","og_locale":"fr_FR","og_type":"article","og_title":"MOBILCUT STATE LINE - PRINZ","og_description":"[vc_row][vc_column width=\u00a0\u00bb1\/2&Prime;][vc_single_image image=\u00a0\u00bb2668&Prime; img_size=\u00a0\u00bb400 \u00d7 280&Prime; alignment=\u00a0\u00bbcenter\u00a0\u00bb][\/vc_column][vc_column width=\u00a0\u00bb1\/2&Prime;][vc_column_text]La\u00a0MOBILCUT STATE LINE\u00a0est une scie de type stationnaire avec un banc de chargement des paquets. Le poste de coupe est positionn\u00e9 manuellement alors que le paquet est fixe, la descente de coupe se fait manuellement et avec un guidage tr\u00e8s robuste. Elle se distingue de part sa facilit\u00e9 [&hellip;]","og_url":"https:\/\/www.prinz.at\/fr\/produits\/scies-pour-le-bois\/scies-a-paquets-descente-de-coupe-sur-arceau\/mobilcut-state-line\/","og_site_name":"PRINZ","article_modified_time":"2024-10-17T07:43:01+00:00","twitter_card":"summary_large_image","twitter_misc":{"Dur\u00e9e de lecture estim\u00e9e":"2 minutes"},"schema":{"@context":"https:\/\/schema.org","@graph":[{"@type":"WebPage","@id":"https:\/\/www.prinz.at\/fr\/produits\/scies-pour-le-bois\/scies-a-paquets-descente-de-coupe-sur-arceau\/mobilcut-state-line\/","url":"https:\/\/www.prinz.at\/fr\/produits\/scies-pour-le-bois\/scies-a-paquets-descente-de-coupe-sur-arceau\/mobilcut-state-line\/","name":"MOBILCUT STATE LINE - PRINZ","isPartOf":{"@id":"https:\/\/www.prinz.at\/#website"},"datePublished":"2015-03-26T12:36:40+00:00","dateModified":"2024-10-17T07:43:01+00:00","breadcrumb":{"@id":"https:\/\/www.prinz.at\/fr\/produits\/scies-pour-le-bois\/scies-a-paquets-descente-de-coupe-sur-arceau\/mobilcut-state-line\/#breadcrumb"},"inLanguage":"fr-FR","potentialAction":[{"@type":"ReadAction","target":["https:\/\/www.prinz.at\/fr\/produits\/scies-pour-le-bois\/scies-a-paquets-descente-de-coupe-sur-arceau\/mobilcut-state-line\/"]}]},{"@type":"BreadcrumbList","@id":"https:\/\/www.prinz.at\/fr\/produits\/scies-pour-le-bois\/scies-a-paquets-descente-de-coupe-sur-arceau\/mobilcut-state-line\/#breadcrumb","itemListElement":[{"@type":"ListItem","position":1,"name":"Startseite","item":"https:\/\/www.prinz.at\/fr\/"},{"@type":"ListItem","position":2,"name":"Produits","item":"https:\/\/www.prinz.at\/fr\/produits\/"},{"@type":"ListItem","position":3,"name":"Scies pour le bois","item":"https:\/\/www.prinz.at\/fr\/produits\/scies-pour-le-bois\/"},{"@type":"ListItem","position":4,"name":"Scies \u00e0 paquets, descente de coupe sur arceau","item":"https:\/\/www.prinz.at\/scies-a-paquets-descente-de-coupe-sur-arceau\/?lang=fr"},{"@type":"ListItem","position":5,"name":"MOBILCUT STATE LINE"}]},{"@type":"WebSite","@id":"https:\/\/www.prinz.at\/#website","url":"https:\/\/www.prinz.at\/","name":"PRINZ","description":"","potentialAction":[{"@type":"SearchAction","target":{"@type":"EntryPoint","urlTemplate":"https:\/\/www.prinz.at\/?s={search_term_string}"},"query-input":"required name=search_term_string"}],"inLanguage":"fr-FR"}]}},"_links":{"self":[{"href":"https:\/\/www.prinz.at\/fr\/wp-json\/wp\/v2\/pages\/6500"}],"collection":[{"href":"https:\/\/www.prinz.at\/fr\/wp-json\/wp\/v2\/pages"}],"about":[{"href":"https:\/\/www.prinz.at\/fr\/wp-json\/wp\/v2\/types\/page"}],"author":[{"embeddable":true,"href":"https:\/\/www.prinz.at\/fr\/wp-json\/wp\/v2\/users\/5"}],"replies":[{"embeddable":true,"href":"https:\/\/www.prinz.at\/fr\/wp-json\/wp\/v2\/comments?post=6500"}],"version-history":[{"count":2,"href":"https:\/\/www.prinz.at\/fr\/wp-json\/wp\/v2\/pages\/6500\/revisions"}],"predecessor-version":[{"id":10963,"href":"https:\/\/www.prinz.at\/fr\/wp-json\/wp\/v2\/pages\/6500\/revisions\/10963"}],"up":[{"embeddable":true,"href":"https:\/\/www.prinz.at\/fr\/wp-json\/wp\/v2\/pages\/6413"}],"wp:attachment":[{"href":"https:\/\/www.prinz.at\/fr\/wp-json\/wp\/v2\/media?parent=6500"}],"curies":[{"name":"wp","href":"https:\/\/api.w.org\/{rel}","templated":true}]}}