{"id":6505,"date":"2015-03-27T11:57:04","date_gmt":"2015-03-27T11:57:04","guid":{"rendered":"https:\/\/www.prinz.at\/chaines-de-tronconnage\/"},"modified":"2025-02-18T14:10:14","modified_gmt":"2025-02-18T14:10:14","slug":"chaines-de-tronconnage","status":"publish","type":"page","link":"https:\/\/www.prinz.at\/fr\/produits\/scies-pour-le-bois\/chaines-de-tronconnage\/","title":{"rendered":"Cha\u00eenes de tron\u00e7onnage"},"content":{"rendered":"<section class=\"wpb-content-wrapper\"><p>[vc_row][vc_column][vc_column_text]Les cha\u00eenes de tron\u00e7onnage sont \u00e9galement fabriqu\u00e9es sur le site de Loosdorf. Les cha\u00eenes \u00e0 dents droites sont le bon choix pour la mise \u00e0 longueur pr\u00e9cise des paquets de planches et r\u00e9pondent ainsi parfaitement aux besoins des fabricants de palettes.<\/p>\n<p>Les cha\u00eenes \u00e0 gouges sont id\u00e9ales pour une coupe rapide des troncs et sont \u00e9galement tr\u00e8s faciles \u00e0 aff\u00fbter.<\/p>\n<p>Les cha\u00eenes \u00e0 pastilles de carbure permettent de travailler longuement avant d&rsquo;avoir \u00e0 r\u00e9aff\u00fbter la cha\u00eene. Elles offrent \u00e9galement la plus grande dur\u00e9e de vie.<\/p>\n<p>Conviennent aussi pour couper du bois gel\u00e9.[\/vc_column_text][vc_row_inner][vc_column_inner][\/vc_column_inner][\/vc_row_inner][\/vc_column][\/vc_row][vc_row][vc_column][vc_column_text]<\/p>\n<h2>Cha\u00eenes \u00e0 dents droites<\/h2>\n<h3><\/h3>\n<p>[\/vc_column_text][vc_column_text]Les cha\u00eenes \u00e0 dents droites sont utilis\u00e9es avec succ\u00e8s dans l&rsquo;industries de la palette et pour couper de l&rsquo;aviv\u00e9. Elles garantissent une finition de coupe lisse et propre et une haute pr\u00e9cision de coupe de \u00b11mm.<\/p>\n<p>Les cha\u00eenes \u00e0 dents droites sont disponibles dans de nombreux pas et \u00e9paisseurs de talon et peuvent \u00eatre mont\u00e9es sur tous les types de tron\u00e7onneuses. Les cha\u00eenes au carbure donnent d&rsquo;excellents r\u00e9sultats de long\u00e9vit\u00e9 et conviennent aussi pour la recoupe de mat\u00e9riaux durs comme les bobines de papier dans l&rsquo;industrie du recyclage.[\/vc_column_text][vc_row_inner css=\u00a0\u00bb.vc_custom_1489044017047{margin-top: 20px !important;padding-top: 20px !important;}\u00a0\u00bb][vc_column_inner width=\u00a0\u00bb1\/2&Prime;][vc_column_text]<\/p>\n<h3>Opticut\u00a03<\/h3>\n<p>[\/vc_column_text][vc_single_image image=\u00a0\u00bb509&Prime; img_link_large=\u00a0\u00bbyes\u00a0\u00bb][vc_column_text]Pas de la cha\u00eene: 20mm<\/p>\n<p>Epaisseur du talon: 3mm[\/vc_column_text][\/vc_column_inner][vc_column_inner width=\u00a0\u00bb1\/2&Prime;][vc_column_text]<\/p>\n<h3>Procut<\/h3>\n<p>[\/vc_column_text][vc_single_image image=\u00a0\u00bb504&Prime; img_link_large=\u00a0\u00bbyes\u00a0\u00bb][vc_column_text]Pas de la cha\u00eene: 15mm<\/p>\n<p>Epaisseur du talon: 3mm[\/vc_column_text][\/vc_column_inner][\/vc_row_inner][vc_row_inner css=\u00a0\u00bb.vc_custom_1489043867406{margin-top: 20px !important;padding-top: 20px !important;}\u00a0\u00bb][vc_column_inner width=\u00a0\u00bb1\/2&Prime;][vc_column_text]<\/p>\n<h3>Multicut<\/h3>\n<p>[\/vc_column_text][vc_single_image image=\u00a0\u00bb511&Prime; img_link_large=\u00a0\u00bbyes\u00a0\u00bb][vc_column_text]Pas de la cha\u00eene: 15mm<\/p>\n<p>Epaisseur du talon: 3mm[\/vc_column_text][\/vc_column_inner][vc_column_inner width=\u00a0\u00bb1\/2&Prime;][vc_column_text]<\/p>\n<h3>Duracut<\/h3>\n<p>[\/vc_column_text][vc_single_image image=\u00a0\u00bb633&Prime; img_link_large=\u00a0\u00bbyes\u00a0\u00bb][vc_column_text]Pas de la cha\u00eene: 15mm<\/p>\n<p>Epaisseur du talon: 3mm[\/vc_column_text][\/vc_column_inner][\/vc_row_inner][vc_row_inner][vc_column_inner][vc_column_text]<\/p>\n<hr \/>\n<p>[\/vc_column_text][\/vc_column_inner][\/vc_row_inner][vc_row_inner css=\u00a0\u00bb.vc_custom_1489043861910{margin-top: 20px !important;padding-top: 20px !important;}\u00a0\u00bb][vc_column_inner][vc_column_text]<\/p>\n<h2>Cha\u00eenes \u00e0 gouges<\/h2>\n<h3><\/h3>\n<p>[\/vc_column_text][vc_column_text]Les cha\u00eenes \u00e0 gouges PRINZ sont parfaitement adapt\u00e9es pour couper rapidement et facilement des troncs. Une production de haute qualit\u00e9 au sein de l&rsquo;entreprise et l&rsquo;utilisation de nouveaux mat\u00e9riaux garantissent la plus haute performance tout en minimisant les co\u00fbts d&rsquo;aff\u00fbtage.<\/p>\n<p>Pourvues d&rsquo;angles bien sp\u00e9cifiques, les cha\u00eenes \u00e0 gouges PRINZ sont \u00e9galement id\u00e9ales pour la refente \u00e0 l&rsquo;horizontale des grumes.[\/vc_column_text][\/vc_column_inner][\/vc_row_inner][vc_row_inner css=\u00a0\u00bb.vc_custom_1489044040912{margin-top: 20px !important;padding-top: 20px !important;}\u00a0\u00bb][vc_column_inner width=\u00a0\u00bb1\/2&Prime;][vc_column_text]<\/p>\n<h3>Timbercut 3<\/h3>\n<h3><\/h3>\n<p>[\/vc_column_text][vc_single_image image=\u00a0\u00bb642&Prime; img_size=\u00a0\u00bb223&#215;40&Prime; img_link_large=\u00a0\u00bbyes\u00a0\u00bb][vc_column_text]Pas de la cha\u00eene: 20mm<\/p>\n<p>Epaisseur du talon: 3mm[\/vc_column_text][\/vc_column_inner][vc_column_inner width=\u00a0\u00bb1\/2&Prime;][vc_column_text]<\/p>\n<h3>Logmax<\/h3>\n<h3><\/h3>\n<p>[\/vc_column_text][vc_single_image image=\u00a0\u00bb648&Prime; img_size=\u00a0\u00bb223&#215;45&Prime;][vc_column_text]Pas de la cha\u00eene: 15mm<\/p>\n<p>Epaisseur du talon: 3mm[\/vc_column_text][\/vc_column_inner][\/vc_row_inner][\/vc_column][\/vc_row]<\/p>\n<\/section>","protected":false},"excerpt":{"rendered":"<p>[vc_row][vc_column][vc_column_text]Les cha\u00eenes de tron\u00e7onnage sont \u00e9galement fabriqu\u00e9es sur le site de Loosdorf. Les cha\u00eenes \u00e0 dents droites sont le bon choix pour la mise \u00e0 longueur pr\u00e9cise des paquets de planches et r\u00e9pondent ainsi parfaitement aux besoins des fabricants de palettes. Les cha\u00eenes \u00e0 gouges sont id\u00e9ales pour une coupe rapide des troncs et sont [&hellip;]<\/p>\n","protected":false},"author":5,"featured_media":0,"parent":6395,"menu_order":0,"comment_status":"open","ping_status":"open","template":"","meta":[],"yoast_head":"<!-- This site is optimized with the Yoast SEO plugin v21.8.1 - https:\/\/yoast.com\/wordpress\/plugins\/seo\/ -->\n<title>Cha\u00eenes de tron\u00e7onnage - PRINZ<\/title>\n<meta name=\"robots\" content=\"index, follow, max-snippet:-1, max-image-preview:large, max-video-preview:-1\" \/>\n<link rel=\"canonical\" href=\"https:\/\/www.prinz.at\/fr\/produits\/scies-pour-le-bois\/chaines-de-tronconnage\/\" \/>\n<meta property=\"og:locale\" content=\"fr_FR\" \/>\n<meta property=\"og:type\" content=\"article\" \/>\n<meta property=\"og:title\" content=\"Cha\u00eenes de tron\u00e7onnage - PRINZ\" \/>\n<meta property=\"og:description\" content=\"[vc_row][vc_column][vc_column_text]Les cha\u00eenes de tron\u00e7onnage sont \u00e9galement fabriqu\u00e9es sur le site de Loosdorf. Les cha\u00eenes \u00e0 dents droites sont le bon choix pour la mise \u00e0 longueur pr\u00e9cise des paquets de planches et r\u00e9pondent ainsi parfaitement aux besoins des fabricants de palettes. Les cha\u00eenes \u00e0 gouges sont id\u00e9ales pour une coupe rapide des troncs et sont [&hellip;]\" \/>\n<meta property=\"og:url\" content=\"https:\/\/www.prinz.at\/fr\/produits\/scies-pour-le-bois\/chaines-de-tronconnage\/\" \/>\n<meta property=\"og:site_name\" content=\"PRINZ\" \/>\n<meta property=\"article:modified_time\" content=\"2025-02-18T14:10:14+00:00\" \/>\n<meta name=\"twitter:card\" content=\"summary_large_image\" \/>\n<meta name=\"twitter:label1\" content=\"Dur\u00e9e de lecture estim\u00e9e\" \/>\n\t<meta name=\"twitter:data1\" content=\"4 minutes\" \/>\n<script type=\"application\/ld+json\" class=\"yoast-schema-graph\">{\"@context\":\"https:\/\/schema.org\",\"@graph\":[{\"@type\":\"WebPage\",\"@id\":\"https:\/\/www.prinz.at\/fr\/produits\/scies-pour-le-bois\/chaines-de-tronconnage\/\",\"url\":\"https:\/\/www.prinz.at\/fr\/produits\/scies-pour-le-bois\/chaines-de-tronconnage\/\",\"name\":\"Cha\u00eenes de tron\u00e7onnage - PRINZ\",\"isPartOf\":{\"@id\":\"https:\/\/www.prinz.at\/#website\"},\"datePublished\":\"2015-03-27T11:57:04+00:00\",\"dateModified\":\"2025-02-18T14:10:14+00:00\",\"breadcrumb\":{\"@id\":\"https:\/\/www.prinz.at\/fr\/produits\/scies-pour-le-bois\/chaines-de-tronconnage\/#breadcrumb\"},\"inLanguage\":\"fr-FR\",\"potentialAction\":[{\"@type\":\"ReadAction\",\"target\":[\"https:\/\/www.prinz.at\/fr\/produits\/scies-pour-le-bois\/chaines-de-tronconnage\/\"]}]},{\"@type\":\"BreadcrumbList\",\"@id\":\"https:\/\/www.prinz.at\/fr\/produits\/scies-pour-le-bois\/chaines-de-tronconnage\/#breadcrumb\",\"itemListElement\":[{\"@type\":\"ListItem\",\"position\":1,\"name\":\"Startseite\",\"item\":\"https:\/\/www.prinz.at\/fr\/\"},{\"@type\":\"ListItem\",\"position\":2,\"name\":\"Produits\",\"item\":\"https:\/\/www.prinz.at\/fr\/produits\/\"},{\"@type\":\"ListItem\",\"position\":3,\"name\":\"Scies pour le bois\",\"item\":\"https:\/\/www.prinz.at\/fr\/produits\/scies-pour-le-bois\/\"},{\"@type\":\"ListItem\",\"position\":4,\"name\":\"Cha\u00eenes de tron\u00e7onnage\"}]},{\"@type\":\"WebSite\",\"@id\":\"https:\/\/www.prinz.at\/#website\",\"url\":\"https:\/\/www.prinz.at\/\",\"name\":\"PRINZ\",\"description\":\"\",\"potentialAction\":[{\"@type\":\"SearchAction\",\"target\":{\"@type\":\"EntryPoint\",\"urlTemplate\":\"https:\/\/www.prinz.at\/?s={search_term_string}\"},\"query-input\":\"required name=search_term_string\"}],\"inLanguage\":\"fr-FR\"}]}<\/script>\n<!-- \/ Yoast SEO plugin. -->","yoast_head_json":{"title":"Cha\u00eenes de tron\u00e7onnage - PRINZ","robots":{"index":"index","follow":"follow","max-snippet":"max-snippet:-1","max-image-preview":"max-image-preview:large","max-video-preview":"max-video-preview:-1"},"canonical":"https:\/\/www.prinz.at\/fr\/produits\/scies-pour-le-bois\/chaines-de-tronconnage\/","og_locale":"fr_FR","og_type":"article","og_title":"Cha\u00eenes de tron\u00e7onnage - PRINZ","og_description":"[vc_row][vc_column][vc_column_text]Les cha\u00eenes de tron\u00e7onnage sont \u00e9galement fabriqu\u00e9es sur le site de Loosdorf. Les cha\u00eenes \u00e0 dents droites sont le bon choix pour la mise \u00e0 longueur pr\u00e9cise des paquets de planches et r\u00e9pondent ainsi parfaitement aux besoins des fabricants de palettes. Les cha\u00eenes \u00e0 gouges sont id\u00e9ales pour une coupe rapide des troncs et sont [&hellip;]","og_url":"https:\/\/www.prinz.at\/fr\/produits\/scies-pour-le-bois\/chaines-de-tronconnage\/","og_site_name":"PRINZ","article_modified_time":"2025-02-18T14:10:14+00:00","twitter_card":"summary_large_image","twitter_misc":{"Dur\u00e9e de lecture estim\u00e9e":"4 minutes"},"schema":{"@context":"https:\/\/schema.org","@graph":[{"@type":"WebPage","@id":"https:\/\/www.prinz.at\/fr\/produits\/scies-pour-le-bois\/chaines-de-tronconnage\/","url":"https:\/\/www.prinz.at\/fr\/produits\/scies-pour-le-bois\/chaines-de-tronconnage\/","name":"Cha\u00eenes de tron\u00e7onnage - PRINZ","isPartOf":{"@id":"https:\/\/www.prinz.at\/#website"},"datePublished":"2015-03-27T11:57:04+00:00","dateModified":"2025-02-18T14:10:14+00:00","breadcrumb":{"@id":"https:\/\/www.prinz.at\/fr\/produits\/scies-pour-le-bois\/chaines-de-tronconnage\/#breadcrumb"},"inLanguage":"fr-FR","potentialAction":[{"@type":"ReadAction","target":["https:\/\/www.prinz.at\/fr\/produits\/scies-pour-le-bois\/chaines-de-tronconnage\/"]}]},{"@type":"BreadcrumbList","@id":"https:\/\/www.prinz.at\/fr\/produits\/scies-pour-le-bois\/chaines-de-tronconnage\/#breadcrumb","itemListElement":[{"@type":"ListItem","position":1,"name":"Startseite","item":"https:\/\/www.prinz.at\/fr\/"},{"@type":"ListItem","position":2,"name":"Produits","item":"https:\/\/www.prinz.at\/fr\/produits\/"},{"@type":"ListItem","position":3,"name":"Scies pour le bois","item":"https:\/\/www.prinz.at\/fr\/produits\/scies-pour-le-bois\/"},{"@type":"ListItem","position":4,"name":"Cha\u00eenes de tron\u00e7onnage"}]},{"@type":"WebSite","@id":"https:\/\/www.prinz.at\/#website","url":"https:\/\/www.prinz.at\/","name":"PRINZ","description":"","potentialAction":[{"@type":"SearchAction","target":{"@type":"EntryPoint","urlTemplate":"https:\/\/www.prinz.at\/?s={search_term_string}"},"query-input":"required name=search_term_string"}],"inLanguage":"fr-FR"}]}},"_links":{"self":[{"href":"https:\/\/www.prinz.at\/fr\/wp-json\/wp\/v2\/pages\/6505"}],"collection":[{"href":"https:\/\/www.prinz.at\/fr\/wp-json\/wp\/v2\/pages"}],"about":[{"href":"https:\/\/www.prinz.at\/fr\/wp-json\/wp\/v2\/types\/page"}],"author":[{"embeddable":true,"href":"https:\/\/www.prinz.at\/fr\/wp-json\/wp\/v2\/users\/5"}],"replies":[{"embeddable":true,"href":"https:\/\/www.prinz.at\/fr\/wp-json\/wp\/v2\/comments?post=6505"}],"version-history":[{"count":3,"href":"https:\/\/www.prinz.at\/fr\/wp-json\/wp\/v2\/pages\/6505\/revisions"}],"predecessor-version":[{"id":11118,"href":"https:\/\/www.prinz.at\/fr\/wp-json\/wp\/v2\/pages\/6505\/revisions\/11118"}],"up":[{"embeddable":true,"href":"https:\/\/www.prinz.at\/fr\/wp-json\/wp\/v2\/pages\/6395"}],"wp:attachment":[{"href":"https:\/\/www.prinz.at\/fr\/wp-json\/wp\/v2\/media?parent=6505"}],"curies":[{"name":"wp","href":"https:\/\/api.w.org\/{rel}","templated":true}]}}