{"id":6513,"date":"2015-04-14T10:32:05","date_gmt":"2015-04-14T10:32:05","guid":{"rendered":"https:\/\/www.prinz.at\/scies-pour-les-matieres-plastiques\/"},"modified":"2015-04-14T10:32:05","modified_gmt":"2015-04-14T10:32:05","slug":"scies-pour-les-matieres-plastiques","status":"publish","type":"page","link":"https:\/\/www.prinz.at\/fr\/produits\/scies-pour-les-matieres-plastiques\/","title":{"rendered":"Scies pour les mati\u00e8res plastiques"},"content":{"rendered":"<section class=\"wpb-content-wrapper\"><p>[vc_row css=\u00a0\u00bb.vc_custom_1434570090987{background-color: #efefef !important;}\u00a0\u00bb][vc_column][vc_row_inner][vc_column_inner width=\u00a0\u00bb1\/3&Prime;][vc_single_image image=\u00a0\u00bb3846&Prime; img_size=\u00a0\u00bbfull\u00a0\u00bb][\/vc_column_inner][vc_column_inner width=\u00a0\u00bb2\/3&Prime;][vc_column_text]<\/p>\n<h3>Scies mobiles<\/h3>\n<p>Les tron\u00e7onneuses PRINZ ont \u00e9t\u00e9 sp\u00e9cialement con\u00e7ues pour couper des tuyaux et pi\u00e8ces moul\u00e9es en mati\u00e8re plastique. De construction compacte, elles sont tr\u00e8s mobiles et peuvent \u00eatre utilis\u00e9es partout. Deux stabilisateurs ind\u00e9pendants l\u2019un de l\u2019autre garantissent une parfaite stabilit\u00e9 de l\u2019outil de coupe et ainsi une finition de coupe lisse et propre, m\u00eame \u00e0 rendement \u00e9lev\u00e9. Equip\u00e9es d\u2019un commutateur de confirmation, elles assurent une grande s\u00e9curit\u00e9 de travail.[\/vc_column_text]\t\t<a href=\"\/fr\/produkte\/kunststoff-2\/proficut-pe-2\/\" class=\"envor-btn envor-btn-primary envor-btn-normal\">VOIR LES MODELES<\/a>\n\t\n\t[\/vc_column_inner][\/vc_row_inner][\/vc_column][\/vc_row][vc_row css=\u00a0\u00bb.vc_custom_1434575521829{background-color: #fafafa !important;}\u00a0\u00bb el_class=\u00a0\u00bbadd-shadowbox\u00a0\u00bb][vc_column][vc_row_inner][vc_column_inner width=\u00a0\u00bb1\/3&Prime;][vc_single_image image=\u00a0\u00bb3901&Prime; img_size=\u00a0\u00bbfull\u00a0\u00bb][\/vc_column_inner][vc_column_inner width=\u00a0\u00bb2\/3&Prime;][vc_column_text]<\/p>\n<h3>Solutions sur mesure<\/h3>\n<p>Les scies sp\u00e9ciales sont l\u00e0 pour r\u00e9pondre aux besoins individuels l\u00e0 o\u00f9 les scies traditionnelles ne suffisent pas. Il est ainsi possible de couper des diam\u00e8tres de plus de 2000 mm avec une grande exactitude et qualit\u00e9 de coupe. Pour le syst\u00e8me de commande, il existe de nombreuses possibilit\u00e9s et celles-ci peuvent \u00e9galement \u00eatre adapt\u00e9es pour r\u00e9pondre aux besoins sp\u00e9cifiques.<\/p>\n<p>Elles trouvent par exemple leur application en tant que scies d\u2019extrusion ou comme bloc de coupe pour des tuyaux pleins.[\/vc_column_text]\t\t<a href=\"\/fr\/produkte\/kunststoff-2\/sonderloesungen\/\" class=\"envor-btn envor-btn-primary envor-btn-normal\">VOIR LES MODELES<\/a>\n\t\n\t[\/vc_column_inner][\/vc_row_inner][\/vc_column][\/vc_row][vc_row css=\u00a0\u00bb.vc_custom_1435575402685{background-color: #efefef !important;}\u00a0\u00bb el_class=\u00a0\u00bbadd-shadowbox\u00a0\u00bb][vc_column][vc_row_inner][vc_column_inner width=\u00a0\u00bb1\/3&Prime;][vc_single_image image=\u00a0\u00bb3972&Prime; img_size=\u00a0\u00bbfull\u00a0\u00bb][\/vc_column_inner][vc_column_inner width=\u00a0\u00bb2\/3&Prime;][vc_column_text]<\/p>\n<h3>Scie pour tuyaux creux et pleins<\/h3>\n<div class=\"wpb_text_column wpb_content_element \">\n<div class=\"wpb_wrapper\">\n<p>Pour une utilisation dans le cycle de fabrication, PRINZ offre des scies stationnaires permettant de couper tr\u00e8s simplement et \u00e0 haute performance au millim\u00e8tre pr\u00e8s. Le d\u00e9veloppement et la construction des machines \u00e0 couper les tuyaux de plastique reposent sur les d\u00e9cennies de savoir acquises dans la construction de scies de pr\u00e9cision et sont garantes des grandes exigences en mati\u00e8re de qualit\u00e9. Elles peuvent aussi travailler ind\u00e9pendamment du processus de fabrication existant.<\/p>\n<\/div>\n<\/div>\n<p>[\/vc_column_text]\t\t<a href=\"\/fr\/produkte\/kunststoff-2\/voll-und-hohlstabsaege\/\" class=\"envor-btn envor-btn-primary envor-btn-normal\">VOIR LES MODELES<\/a>\n\t\n\t[\/vc_column_inner][\/vc_row_inner][\/vc_column][\/vc_row][vc_row el_class=\u00a0\u00bbadditional-products\u00a0\u00bb][vc_column][vc_row_inner][vc_column_inner][vc_column_text]<\/p>\n<h3>Equipements de sciage et accessoires<\/h3>\n<p>[\/vc_column_text][\/vc_column_inner][\/vc_row_inner][vc_row_inner css=\u00a0\u00bb.vc_custom_1434572549996{padding-top: 0px !important;}\u00a0\u00bb][vc_column_inner width=\u00a0\u00bb1\/3&Prime;][vc_single_image image=\u00a0\u00bb3860&Prime; img_size=\u00a0\u00bbfull\u00a0\u00bb]\t\t<a href=\"\/fr\/produkte\/kunststoff-2\/saegeketten-fuehrungsschienen\/\" class=\"envor-btn envor-btn-primary envor-btn-normal\">EIN SAVOIRE PLUS<\/a>\n\t\n\t[\/vc_column_inner][vc_column_inner width=\u00a0\u00bb1\/3&Prime;][vc_single_image image=\u00a0\u00bb2682&Prime; img_size=\u00a0\u00bbfull\u00a0\u00bb]\t\t<a href=\"\/fr\/produkte\/holz\/antriebsraeder-und-umlenkrollen-2\/\" class=\"envor-btn envor-btn-primary envor-btn-normal\">EIN SAVOIRE PLUS<\/a>\n\t\n\t[\/vc_column_inner][vc_column_inner width=\u00a0\u00bb1\/3&Prime;][vc_single_image image=\u00a0\u00bb2681&Prime; img_size=\u00a0\u00bbfull\u00a0\u00bb]\t\t<a href=\"\/fr\/produkte\/holz\/zubehoer\/\" class=\"envor-btn envor-btn-primary envor-btn-normal\">EIN SAVOIRE PLUS<\/a>\n\t\n\t[\/vc_column_inner][\/vc_row_inner][\/vc_column][\/vc_row]<\/p>\n<\/section>","protected":false},"excerpt":{"rendered":"<p>[vc_row css=\u00a0\u00bb.vc_custom_1434570090987{background-color: #efefef !important;}\u00a0\u00bb][vc_column][vc_row_inner][vc_column_inner width=\u00a0\u00bb1\/3&Prime;][vc_single_image image=\u00a0\u00bb3846&Prime; img_size=\u00a0\u00bbfull\u00a0\u00bb][\/vc_column_inner][vc_column_inner width=\u00a0\u00bb2\/3&Prime;][vc_column_text] Scies mobiles Les tron\u00e7onneuses PRINZ ont \u00e9t\u00e9 sp\u00e9cialement con\u00e7ues pour couper des tuyaux et pi\u00e8ces moul\u00e9es en mati\u00e8re plastique. De construction compacte, elles sont tr\u00e8s mobiles et peuvent \u00eatre utilis\u00e9es partout. Deux stabilisateurs ind\u00e9pendants l\u2019un de l\u2019autre garantissent une parfaite stabilit\u00e9 de l\u2019outil de coupe et ainsi [&hellip;]<\/p>\n","protected":false},"author":5,"featured_media":0,"parent":6373,"menu_order":0,"comment_status":"open","ping_status":"open","template":"page-templates\/canvas-with-title.php","meta":[],"yoast_head":"<!-- This site is optimized with the Yoast SEO plugin v21.8.1 - https:\/\/yoast.com\/wordpress\/plugins\/seo\/ -->\n<title>Scies pour les mati\u00e8res plastiques - PRINZ<\/title>\n<meta name=\"robots\" content=\"index, follow, max-snippet:-1, max-image-preview:large, max-video-preview:-1\" \/>\n<link rel=\"canonical\" href=\"https:\/\/www.prinz.at\/scies-pour-les-matieres-plastiques\/?lang=fr\" \/>\n<meta property=\"og:locale\" content=\"fr_FR\" \/>\n<meta property=\"og:type\" content=\"article\" \/>\n<meta property=\"og:title\" content=\"Scies pour les mati\u00e8res plastiques - PRINZ\" \/>\n<meta property=\"og:description\" content=\"[vc_row css=\u00a0\u00bb.vc_custom_1434570090987{background-color: #efefef !important;}\u00a0\u00bb][vc_column][vc_row_inner][vc_column_inner width=\u00a0\u00bb1\/3&Prime;][vc_single_image image=\u00a0\u00bb3846&Prime; img_size=\u00a0\u00bbfull\u00a0\u00bb][\/vc_column_inner][vc_column_inner width=\u00a0\u00bb2\/3&Prime;][vc_column_text] Scies mobiles Les tron\u00e7onneuses PRINZ ont \u00e9t\u00e9 sp\u00e9cialement con\u00e7ues pour couper des tuyaux et pi\u00e8ces moul\u00e9es en mati\u00e8re plastique. De construction compacte, elles sont tr\u00e8s mobiles et peuvent \u00eatre utilis\u00e9es partout. Deux stabilisateurs ind\u00e9pendants l\u2019un de l\u2019autre garantissent une parfaite stabilit\u00e9 de l\u2019outil de coupe et ainsi [&hellip;]\" \/>\n<meta property=\"og:url\" content=\"https:\/\/www.prinz.at\/scies-pour-les-matieres-plastiques\/?lang=fr\" \/>\n<meta property=\"og:site_name\" content=\"PRINZ\" \/>\n<meta name=\"twitter:card\" content=\"summary_large_image\" \/>\n<meta name=\"twitter:label1\" content=\"Dur\u00e9e de lecture estim\u00e9e\" \/>\n\t<meta name=\"twitter:data1\" content=\"3 minutes\" \/>\n<script type=\"application\/ld+json\" class=\"yoast-schema-graph\">{\"@context\":\"https:\/\/schema.org\",\"@graph\":[{\"@type\":\"WebPage\",\"@id\":\"https:\/\/www.prinz.at\/scies-pour-les-matieres-plastiques\/?lang=fr\",\"url\":\"https:\/\/www.prinz.at\/scies-pour-les-matieres-plastiques\/?lang=fr\",\"name\":\"Scies pour les mati\u00e8res plastiques - PRINZ\",\"isPartOf\":{\"@id\":\"https:\/\/www.prinz.at\/#website\"},\"datePublished\":\"2015-04-14T10:32:05+00:00\",\"dateModified\":\"2015-04-14T10:32:05+00:00\",\"breadcrumb\":{\"@id\":\"https:\/\/www.prinz.at\/scies-pour-les-matieres-plastiques\/?lang=fr#breadcrumb\"},\"inLanguage\":\"fr-FR\",\"potentialAction\":[{\"@type\":\"ReadAction\",\"target\":[\"https:\/\/www.prinz.at\/scies-pour-les-matieres-plastiques\/?lang=fr\"]}]},{\"@type\":\"BreadcrumbList\",\"@id\":\"https:\/\/www.prinz.at\/scies-pour-les-matieres-plastiques\/?lang=fr#breadcrumb\",\"itemListElement\":[{\"@type\":\"ListItem\",\"position\":1,\"name\":\"Startseite\",\"item\":\"https:\/\/www.prinz.at\/fr\/\"},{\"@type\":\"ListItem\",\"position\":2,\"name\":\"Scies pour les mati\u00e8res plastiques\"}]},{\"@type\":\"WebSite\",\"@id\":\"https:\/\/www.prinz.at\/#website\",\"url\":\"https:\/\/www.prinz.at\/\",\"name\":\"PRINZ\",\"description\":\"\",\"potentialAction\":[{\"@type\":\"SearchAction\",\"target\":{\"@type\":\"EntryPoint\",\"urlTemplate\":\"https:\/\/www.prinz.at\/?s={search_term_string}\"},\"query-input\":\"required name=search_term_string\"}],\"inLanguage\":\"fr-FR\"}]}<\/script>\n<!-- \/ Yoast SEO plugin. -->","yoast_head_json":{"title":"Scies pour les mati\u00e8res plastiques - PRINZ","robots":{"index":"index","follow":"follow","max-snippet":"max-snippet:-1","max-image-preview":"max-image-preview:large","max-video-preview":"max-video-preview:-1"},"canonical":"https:\/\/www.prinz.at\/scies-pour-les-matieres-plastiques\/?lang=fr","og_locale":"fr_FR","og_type":"article","og_title":"Scies pour les mati\u00e8res plastiques - PRINZ","og_description":"[vc_row css=\u00a0\u00bb.vc_custom_1434570090987{background-color: #efefef !important;}\u00a0\u00bb][vc_column][vc_row_inner][vc_column_inner width=\u00a0\u00bb1\/3&Prime;][vc_single_image image=\u00a0\u00bb3846&Prime; img_size=\u00a0\u00bbfull\u00a0\u00bb][\/vc_column_inner][vc_column_inner width=\u00a0\u00bb2\/3&Prime;][vc_column_text] Scies mobiles Les tron\u00e7onneuses PRINZ ont \u00e9t\u00e9 sp\u00e9cialement con\u00e7ues pour couper des tuyaux et pi\u00e8ces moul\u00e9es en mati\u00e8re plastique. De construction compacte, elles sont tr\u00e8s mobiles et peuvent \u00eatre utilis\u00e9es partout. Deux stabilisateurs ind\u00e9pendants l\u2019un de l\u2019autre garantissent une parfaite stabilit\u00e9 de l\u2019outil de coupe et ainsi [&hellip;]","og_url":"https:\/\/www.prinz.at\/scies-pour-les-matieres-plastiques\/?lang=fr","og_site_name":"PRINZ","twitter_card":"summary_large_image","twitter_misc":{"Dur\u00e9e de lecture estim\u00e9e":"3 minutes"},"schema":{"@context":"https:\/\/schema.org","@graph":[{"@type":"WebPage","@id":"https:\/\/www.prinz.at\/scies-pour-les-matieres-plastiques\/?lang=fr","url":"https:\/\/www.prinz.at\/scies-pour-les-matieres-plastiques\/?lang=fr","name":"Scies pour les mati\u00e8res plastiques - PRINZ","isPartOf":{"@id":"https:\/\/www.prinz.at\/#website"},"datePublished":"2015-04-14T10:32:05+00:00","dateModified":"2015-04-14T10:32:05+00:00","breadcrumb":{"@id":"https:\/\/www.prinz.at\/scies-pour-les-matieres-plastiques\/?lang=fr#breadcrumb"},"inLanguage":"fr-FR","potentialAction":[{"@type":"ReadAction","target":["https:\/\/www.prinz.at\/scies-pour-les-matieres-plastiques\/?lang=fr"]}]},{"@type":"BreadcrumbList","@id":"https:\/\/www.prinz.at\/scies-pour-les-matieres-plastiques\/?lang=fr#breadcrumb","itemListElement":[{"@type":"ListItem","position":1,"name":"Startseite","item":"https:\/\/www.prinz.at\/fr\/"},{"@type":"ListItem","position":2,"name":"Scies pour les mati\u00e8res plastiques"}]},{"@type":"WebSite","@id":"https:\/\/www.prinz.at\/#website","url":"https:\/\/www.prinz.at\/","name":"PRINZ","description":"","potentialAction":[{"@type":"SearchAction","target":{"@type":"EntryPoint","urlTemplate":"https:\/\/www.prinz.at\/?s={search_term_string}"},"query-input":"required name=search_term_string"}],"inLanguage":"fr-FR"}]}},"_links":{"self":[{"href":"https:\/\/www.prinz.at\/fr\/wp-json\/wp\/v2\/pages\/6513"}],"collection":[{"href":"https:\/\/www.prinz.at\/fr\/wp-json\/wp\/v2\/pages"}],"about":[{"href":"https:\/\/www.prinz.at\/fr\/wp-json\/wp\/v2\/types\/page"}],"author":[{"embeddable":true,"href":"https:\/\/www.prinz.at\/fr\/wp-json\/wp\/v2\/users\/5"}],"replies":[{"embeddable":true,"href":"https:\/\/www.prinz.at\/fr\/wp-json\/wp\/v2\/comments?post=6513"}],"version-history":[{"count":0,"href":"https:\/\/www.prinz.at\/fr\/wp-json\/wp\/v2\/pages\/6513\/revisions"}],"up":[{"embeddable":true,"href":"https:\/\/www.prinz.at\/fr\/wp-json\/wp\/v2\/pages\/6373"}],"wp:attachment":[{"href":"https:\/\/www.prinz.at\/fr\/wp-json\/wp\/v2\/media?parent=6513"}],"curies":[{"name":"wp","href":"https:\/\/api.w.org\/{rel}","templated":true}]}}