{"id":6528,"date":"2015-04-23T08:23:39","date_gmt":"2015-04-23T08:23:39","guid":{"rendered":"https:\/\/www.prinz.at\/twin-l\/"},"modified":"2015-04-23T08:23:39","modified_gmt":"2015-04-23T08:23:39","slug":"twin-l","status":"publish","type":"page","link":"https:\/\/www.prinz.at\/fr\/produits\/scies-pour-le-bois\/scies-mobiles\/twin-l\/","title":{"rendered":"TWIN-L"},"content":{"rendered":"<section class=\"wpb-content-wrapper\"><p>[vc_row][vc_column width=\u00a0\u00bb1\/2&Prime;][vc_single_image image=\u00a0\u00bb4981&Prime; img_size=\u00a0\u00bbmedium\u00a0\u00bb][\/vc_column][vc_column width=\u00a0\u00bb1\/2&Prime;][vc_column_text]<\/p>\n<div id=\"c397\" class=\"csc-default\">\n<h3>TWIN-L: scie mobile PROFICUT avec ch\u00e2ssis de chargement<\/h3>\n<p>La TWIN-L compl\u00e8te la gamme PRINZ des scies d\u00e9pla\u00e7ables. Bas\u00e9e sur la fiabilit\u00e9 \u00e9prouv\u00e9e des scies type PROFICUT, la TWIN-L rend possible des co\u00fbts de coupe \u00e0 bas prix tout en maintenant une haute qualit\u00e9 de coupe de vos paquets.<\/p>\n<p>Couper efficacement avec la TWIN-L:<\/p>\n<ul>\n<li>la scie est positionn\u00e9e et fix\u00e9e manuellement: pas n\u00e9cessaire de repositioner la scie apr\u00e8s chaque coupe<\/li>\n<li>le guide est toujours bien perpendiculaire par rapport au paquet<\/li>\n<li>la scie reste toujours en position et ne d\u00e9vie pas pendant la coupe<\/li>\n<\/ul>\n<\/div>\n<p>[\/vc_column_text][\/vc_column][\/vc_row][vc_row][vc_column][vc_column_text]<\/p>\n<h2>Donn\u00e9es techniques<\/h2>\n<table class=\"contenttable contenttable-0 product-description-table\">\n<tbody>\n<tr class=\"tr-even tr-0\">\n<td class=\"td-0\">Puissance moteur:<\/td>\n<td class=\"td-last td-1\">7,5 kW,\u00a011 kW<\/td>\n<\/tr>\n<tr class=\"tr-odd tr-1\">\n<td class=\"td-0\">Type de moteur:<\/td>\n<td class=\"td-last td-1\">\u00e9lectrique<\/td>\n<\/tr>\n<tr class=\"tr-even tr-2\">\n<td class=\"td-0\">Pr\u00e9cision de coupe:<\/td>\n<td class=\"td-last td-1\">\u00b14mm<\/td>\n<\/tr>\n<tr class=\"tr-odd tr-3\">\n<td class=\"td-0\">Section de coupe standard (largeur x hauteur):<\/td>\n<td class=\"td-last td-1\">130 x 130cm<\/td>\n<\/tr>\n<tr class=\"tr-even tr-4\">\n<td class=\"td-0\">Autres sections possibles:<\/td>\n<td class=\"td-last td-1\">oui<\/td>\n<\/tr>\n<tr class=\"tr-odd tr-5\">\n<td class=\"td-0\">Descente de coupe:<\/td>\n<td class=\"td-last td-1\">manuelle<\/td>\n<\/tr>\n<tr class=\"tr-even tr-6\">\n<td class=\"td-0\">Guidage de la coupe:<\/td>\n<td class=\"td-last td-1\">deux stabilisateurs<\/td>\n<\/tr>\n<tr class=\"tr-odd tr-7\">\n<td class=\"td-0\">Type de scie:<\/td>\n<td class=\"td-last td-1\">scie d\u00e9pla\u00e7able, paquet fixe<\/td>\n<\/tr>\n<tr class=\"tr-even tr-8\">\n<td class=\"td-0\">Type de cha\u00eenes:<\/td>\n<td class=\"td-last td-1\">\u00e0 gouges \/ au carbure<\/td>\n<\/tr>\n<tr class=\"tr-odd tr-9\">\n<td class=\"td-0\">Guide cha\u00eene:<\/td>\n<td class=\"td-last td-1\">en acier, tremp\u00e9 haute fr\u00e9quence ou avec faces renforc\u00e9es<\/td>\n<\/tr>\n<tr class=\"tr-odd tr-11\">\n<td class=\"td-0\">D\u00e9placement de la scie:<\/td>\n<td class=\"td-last td-1\">manuel<\/td>\n<\/tr>\n<tr class=\"tr-odd tr-13\">\n<td class=\"td-0\">Champs d&rsquo;applications:<\/td>\n<td class=\"td-last td-1\">affranchissement de paquets pour une coupe lisse et propre<\/td>\n<\/tr>\n<tr class=\"tr-odd tr-14\">\n<td class=\"td-0\">Options:<\/td>\n<td class=\"td-last td-1\">m\u00e8tre \u00e0 mesurer, afficheur de la position de coupe<\/td>\n<\/tr>\n<\/tbody>\n<\/table>\n<p>[\/vc_column_text][\/vc_column][\/vc_row][vc_row][vc_column][vc_gallery type=\u00a0\u00bbimage_grid\u00a0\u00bb images=\u00a0\u00bb4979,4970,4974,4972,4973,4971,4975&Prime;][\/vc_column][\/vc_row]<\/p>\n<\/section>","protected":false},"excerpt":{"rendered":"<p>[vc_row][vc_column width=\u00a0\u00bb1\/2&Prime;][vc_single_image image=\u00a0\u00bb4981&Prime; img_size=\u00a0\u00bbmedium\u00a0\u00bb][\/vc_column][vc_column width=\u00a0\u00bb1\/2&Prime;][vc_column_text] TWIN-L: scie mobile PROFICUT avec ch\u00e2ssis de chargement La TWIN-L compl\u00e8te la gamme PRINZ des scies d\u00e9pla\u00e7ables. Bas\u00e9e sur la fiabilit\u00e9 \u00e9prouv\u00e9e des scies type PROFICUT, la TWIN-L rend possible des co\u00fbts de coupe \u00e0 bas prix tout en maintenant une haute qualit\u00e9 de coupe de vos paquets. Couper efficacement [&hellip;]<\/p>\n","protected":false},"author":5,"featured_media":0,"parent":6423,"menu_order":0,"comment_status":"open","ping_status":"open","template":"","meta":[],"yoast_head":"<!-- This site is optimized with the Yoast SEO plugin v21.8.1 - https:\/\/yoast.com\/wordpress\/plugins\/seo\/ -->\n<title>TWIN-L - PRINZ<\/title>\n<meta name=\"robots\" content=\"index, follow, max-snippet:-1, max-image-preview:large, max-video-preview:-1\" \/>\n<link rel=\"canonical\" href=\"https:\/\/www.prinz.at\/twin-l\/?lang=fr\" \/>\n<meta property=\"og:locale\" content=\"fr_FR\" \/>\n<meta property=\"og:type\" content=\"article\" \/>\n<meta property=\"og:title\" content=\"TWIN-L - PRINZ\" \/>\n<meta property=\"og:description\" content=\"[vc_row][vc_column width=\u00a0\u00bb1\/2&Prime;][vc_single_image image=\u00a0\u00bb4981&Prime; img_size=\u00a0\u00bbmedium\u00a0\u00bb][\/vc_column][vc_column width=\u00a0\u00bb1\/2&Prime;][vc_column_text] TWIN-L: scie mobile PROFICUT avec ch\u00e2ssis de chargement La TWIN-L compl\u00e8te la gamme PRINZ des scies d\u00e9pla\u00e7ables. Bas\u00e9e sur la fiabilit\u00e9 \u00e9prouv\u00e9e des scies type PROFICUT, la TWIN-L rend possible des co\u00fbts de coupe \u00e0 bas prix tout en maintenant une haute qualit\u00e9 de coupe de vos paquets. Couper efficacement [&hellip;]\" \/>\n<meta property=\"og:url\" content=\"https:\/\/www.prinz.at\/twin-l\/?lang=fr\" \/>\n<meta property=\"og:site_name\" content=\"PRINZ\" \/>\n<meta name=\"twitter:card\" content=\"summary_large_image\" \/>\n<meta name=\"twitter:label1\" content=\"Dur\u00e9e de lecture estim\u00e9e\" \/>\n\t<meta name=\"twitter:data1\" content=\"1 minute\" \/>\n<script type=\"application\/ld+json\" class=\"yoast-schema-graph\">{\"@context\":\"https:\/\/schema.org\",\"@graph\":[{\"@type\":\"WebPage\",\"@id\":\"https:\/\/www.prinz.at\/twin-l\/?lang=fr\",\"url\":\"https:\/\/www.prinz.at\/twin-l\/?lang=fr\",\"name\":\"TWIN-L - PRINZ\",\"isPartOf\":{\"@id\":\"https:\/\/www.prinz.at\/#website\"},\"datePublished\":\"2015-04-23T08:23:39+00:00\",\"dateModified\":\"2015-04-23T08:23:39+00:00\",\"breadcrumb\":{\"@id\":\"https:\/\/www.prinz.at\/twin-l\/?lang=fr#breadcrumb\"},\"inLanguage\":\"fr-FR\",\"potentialAction\":[{\"@type\":\"ReadAction\",\"target\":[\"https:\/\/www.prinz.at\/twin-l\/?lang=fr\"]}]},{\"@type\":\"BreadcrumbList\",\"@id\":\"https:\/\/www.prinz.at\/twin-l\/?lang=fr#breadcrumb\",\"itemListElement\":[{\"@type\":\"ListItem\",\"position\":1,\"name\":\"Startseite\",\"item\":\"https:\/\/www.prinz.at\/fr\/\"},{\"@type\":\"ListItem\",\"position\":2,\"name\":\"TWIN-L\"}]},{\"@type\":\"WebSite\",\"@id\":\"https:\/\/www.prinz.at\/#website\",\"url\":\"https:\/\/www.prinz.at\/\",\"name\":\"PRINZ\",\"description\":\"\",\"potentialAction\":[{\"@type\":\"SearchAction\",\"target\":{\"@type\":\"EntryPoint\",\"urlTemplate\":\"https:\/\/www.prinz.at\/?s={search_term_string}\"},\"query-input\":\"required name=search_term_string\"}],\"inLanguage\":\"fr-FR\"}]}<\/script>\n<!-- \/ Yoast SEO plugin. -->","yoast_head_json":{"title":"TWIN-L - PRINZ","robots":{"index":"index","follow":"follow","max-snippet":"max-snippet:-1","max-image-preview":"max-image-preview:large","max-video-preview":"max-video-preview:-1"},"canonical":"https:\/\/www.prinz.at\/twin-l\/?lang=fr","og_locale":"fr_FR","og_type":"article","og_title":"TWIN-L - PRINZ","og_description":"[vc_row][vc_column width=\u00a0\u00bb1\/2&Prime;][vc_single_image image=\u00a0\u00bb4981&Prime; img_size=\u00a0\u00bbmedium\u00a0\u00bb][\/vc_column][vc_column width=\u00a0\u00bb1\/2&Prime;][vc_column_text] TWIN-L: scie mobile PROFICUT avec ch\u00e2ssis de chargement La TWIN-L compl\u00e8te la gamme PRINZ des scies d\u00e9pla\u00e7ables. Bas\u00e9e sur la fiabilit\u00e9 \u00e9prouv\u00e9e des scies type PROFICUT, la TWIN-L rend possible des co\u00fbts de coupe \u00e0 bas prix tout en maintenant une haute qualit\u00e9 de coupe de vos paquets. Couper efficacement [&hellip;]","og_url":"https:\/\/www.prinz.at\/twin-l\/?lang=fr","og_site_name":"PRINZ","twitter_card":"summary_large_image","twitter_misc":{"Dur\u00e9e de lecture estim\u00e9e":"1 minute"},"schema":{"@context":"https:\/\/schema.org","@graph":[{"@type":"WebPage","@id":"https:\/\/www.prinz.at\/twin-l\/?lang=fr","url":"https:\/\/www.prinz.at\/twin-l\/?lang=fr","name":"TWIN-L - PRINZ","isPartOf":{"@id":"https:\/\/www.prinz.at\/#website"},"datePublished":"2015-04-23T08:23:39+00:00","dateModified":"2015-04-23T08:23:39+00:00","breadcrumb":{"@id":"https:\/\/www.prinz.at\/twin-l\/?lang=fr#breadcrumb"},"inLanguage":"fr-FR","potentialAction":[{"@type":"ReadAction","target":["https:\/\/www.prinz.at\/twin-l\/?lang=fr"]}]},{"@type":"BreadcrumbList","@id":"https:\/\/www.prinz.at\/twin-l\/?lang=fr#breadcrumb","itemListElement":[{"@type":"ListItem","position":1,"name":"Startseite","item":"https:\/\/www.prinz.at\/fr\/"},{"@type":"ListItem","position":2,"name":"TWIN-L"}]},{"@type":"WebSite","@id":"https:\/\/www.prinz.at\/#website","url":"https:\/\/www.prinz.at\/","name":"PRINZ","description":"","potentialAction":[{"@type":"SearchAction","target":{"@type":"EntryPoint","urlTemplate":"https:\/\/www.prinz.at\/?s={search_term_string}"},"query-input":"required name=search_term_string"}],"inLanguage":"fr-FR"}]}},"_links":{"self":[{"href":"https:\/\/www.prinz.at\/fr\/wp-json\/wp\/v2\/pages\/6528"}],"collection":[{"href":"https:\/\/www.prinz.at\/fr\/wp-json\/wp\/v2\/pages"}],"about":[{"href":"https:\/\/www.prinz.at\/fr\/wp-json\/wp\/v2\/types\/page"}],"author":[{"embeddable":true,"href":"https:\/\/www.prinz.at\/fr\/wp-json\/wp\/v2\/users\/5"}],"replies":[{"embeddable":true,"href":"https:\/\/www.prinz.at\/fr\/wp-json\/wp\/v2\/comments?post=6528"}],"version-history":[{"count":0,"href":"https:\/\/www.prinz.at\/fr\/wp-json\/wp\/v2\/pages\/6528\/revisions"}],"up":[{"embeddable":true,"href":"https:\/\/www.prinz.at\/fr\/wp-json\/wp\/v2\/pages\/6423"}],"wp:attachment":[{"href":"https:\/\/www.prinz.at\/fr\/wp-json\/wp\/v2\/media?parent=6528"}],"curies":[{"name":"wp","href":"https:\/\/api.w.org\/{rel}","templated":true}]}}