{"id":6566,"date":"2015-06-22T06:55:33","date_gmt":"2015-06-22T06:55:33","guid":{"rendered":"https:\/\/www.prinz.at\/logsplitter\/"},"modified":"2015-06-22T06:55:33","modified_gmt":"2015-06-22T06:55:33","slug":"logsplitter","status":"publish","type":"page","link":"https:\/\/www.prinz.at\/fr\/produits\/scies-pour-le-bois\/scies-a-grumes\/logsplitter\/","title":{"rendered":"LOGSPLITTER"},"content":{"rendered":"<section class=\"wpb-content-wrapper\"><p>[vc_row][vc_column width=\u00a0\u00bb1\/2&Prime;][vc_single_image image=\u00a0\u00bb2035&Prime; img_size=\u00a0\u00bb300&#215;300&Prime; alignment=\u00a0\u00bbcenter\u00a0\u00bb][\/vc_column][vc_column width=\u00a0\u00bb1\/2&Prime;][vc_column_text]Avec les refendeuses PRINZ, il est facile de transformer de tr\u00e8s gros diam\u00e8tres jusqu&rsquo;\u00e0 250cm en planches ou autres tailles requises. Toutes les longueurs peuvent \u00eatre transform\u00e9es, la scie se d\u00e9pla\u00e7ant sur des rails. La hauteur de coupe est r\u00e9glable en continu.<\/p>\n<ul>\n<li>disponible avec un moteur \u00e9lectrique<\/li>\n<li>syst\u00e8me d&rsquo;avance \u00e9lectrique de la scie<\/li>\n<li>hauteur de coupe ajustable en continu<\/li>\n<li>lubrification automatique de la cha\u00eene<\/li>\n<li>parfaitement adapt\u00e9e pour les bois tropicaux<\/li>\n<\/ul>\n<p>[\/vc_column_text][\/vc_column][\/vc_row][vc_row][vc_column][vc_column_text]<\/p>\n<h2>Donn\u00e9es techniques<\/h2>\n<table class=\"contenttable contenttable-0 product-description-table\">\n<tbody>\n<tr class=\"tr-even tr-0\">\n<td class=\"td-0\">Puissance moteur:<\/td>\n<td class=\"td-last td-1\">15 kW \/18,5 kW<\/td>\n<\/tr>\n<tr class=\"tr-odd tr-1\">\n<td class=\"td-0\">Type de moteur:<\/td>\n<td class=\"td-last td-1\">\u00e9lectrique\/ essence<\/td>\n<\/tr>\n<tr class=\"tr-even tr-2\">\n<td class=\"td-0\">Diam\u00e8tres de coupe:<\/td>\n<td class=\"td-last td-1\">200 cm \u2013 250cm<\/td>\n<\/tr>\n<tr class=\"tr-odd tr-3\">\n<td class=\"td-0\">Autres diam\u00e8tres possibles:<\/td>\n<td class=\"td-last td-1\">non<\/td>\n<\/tr>\n<tr class=\"tr-even tr-4\">\n<td class=\"td-0\">Syst\u00e8me de coupe:<\/td>\n<td class=\"td-last td-1\">motor\u00e9ducteur<\/td>\n<\/tr>\n<tr class=\"tr-odd tr-5\">\n<td class=\"td-0\">Guidage de la coupe:<\/td>\n<td class=\"td-last td-1\">arceau<\/td>\n<\/tr>\n<tr class=\"tr-even tr-6\">\n<td class=\"td-0\">Type de scie:<\/td>\n<td class=\"td-last td-1\">scie mobile, tronc stationnaire<\/td>\n<\/tr>\n<tr class=\"tr-odd tr-7\">\n<td class=\"td-0\">Types de cha\u00eene:<\/td>\n<td class=\"td-last td-1\">\u00e0 gouges\/ au carbure<\/td>\n<\/tr>\n<tr class=\"tr-even tr-8\">\n<td class=\"td-0\">Guide cha\u00eene:<\/td>\n<td class=\"td-last td-1\">en acier, avec rapports renforc\u00e9s<\/td>\n<\/tr>\n<tr class=\"tr-odd tr-9\">\n<td class=\"td-0\">Performance de coupe:<\/td>\n<td class=\"td-last td-1\">1 min\/m\u00b2<\/td>\n<\/tr>\n<tr class=\"tr-even tr-10\">\n<td class=\"td-0\">Traction de la scie:<\/td>\n<td class=\"td-last td-1\">moteur \u00e9lectrique avec cha\u00eene de traction<\/td>\n<\/tr>\n<tr class=\"tr-odd tr-11\">\n<td class=\"td-0\">Entra\u00eenement de la scie:<\/td>\n<td class=\"td-last td-1\">motor\u00e9ducteur<\/td>\n<\/tr>\n<tr class=\"tr-even tr-12\">\n<td class=\"td-0\">Syst\u00e8me de mesurage:<\/td>\n<td class=\"td-last td-1\">non<\/td>\n<\/tr>\n<tr class=\"tr-odd tr-13\">\n<td class=\"td-0\">Syst\u00e8me de controle:<\/td>\n<td class=\"td-last td-1\">par contacteur<\/td>\n<\/tr>\n<tr class=\"tr-even tr-last\">\n<td class=\"td-0\">Champs d&rsquo;application:<\/td>\n<td class=\"td-last td-1\">mise en planches de tr\u00e8s gros diam\u00e8tres<\/td>\n<\/tr>\n<\/tbody>\n<\/table>\n<p>[\/vc_column_text][\/vc_column][\/vc_row][vc_row][vc_column][vc_gallery type=\u00a0\u00bbimage_grid\u00a0\u00bb images=\u00a0\u00bb2049,2050,2048&Prime;][\/vc_column][\/vc_row]<\/p>\n<\/section>","protected":false},"excerpt":{"rendered":"<p>[vc_row][vc_column width=\u00a0\u00bb1\/2&Prime;][vc_single_image image=\u00a0\u00bb2035&Prime; img_size=\u00a0\u00bb300&#215;300&Prime; alignment=\u00a0\u00bbcenter\u00a0\u00bb][\/vc_column][vc_column width=\u00a0\u00bb1\/2&Prime;][vc_column_text]Avec les refendeuses PRINZ, il est facile de transformer de tr\u00e8s gros diam\u00e8tres jusqu&rsquo;\u00e0 250cm en planches ou autres tailles requises. Toutes les longueurs peuvent \u00eatre transform\u00e9es, la scie se d\u00e9pla\u00e7ant sur des rails. La hauteur de coupe est r\u00e9glable en continu. disponible avec un moteur \u00e9lectrique syst\u00e8me d&rsquo;avance \u00e9lectrique [&hellip;]<\/p>\n","protected":false},"author":5,"featured_media":0,"parent":6418,"menu_order":0,"comment_status":"open","ping_status":"open","template":"","meta":[],"yoast_head":"<!-- This site is optimized with the Yoast SEO plugin v21.8.1 - https:\/\/yoast.com\/wordpress\/plugins\/seo\/ -->\n<title>LOGSPLITTER - PRINZ<\/title>\n<meta name=\"robots\" content=\"index, follow, max-snippet:-1, max-image-preview:large, max-video-preview:-1\" \/>\n<link rel=\"canonical\" href=\"https:\/\/www.prinz.at\/logsplitter\/?lang=fr\" \/>\n<meta property=\"og:locale\" content=\"fr_FR\" \/>\n<meta property=\"og:type\" content=\"article\" \/>\n<meta property=\"og:title\" content=\"LOGSPLITTER - PRINZ\" \/>\n<meta property=\"og:description\" content=\"[vc_row][vc_column width=\u00a0\u00bb1\/2&Prime;][vc_single_image image=\u00a0\u00bb2035&Prime; img_size=\u00a0\u00bb300&#215;300&Prime; alignment=\u00a0\u00bbcenter\u00a0\u00bb][\/vc_column][vc_column width=\u00a0\u00bb1\/2&Prime;][vc_column_text]Avec les refendeuses PRINZ, il est facile de transformer de tr\u00e8s gros diam\u00e8tres jusqu&rsquo;\u00e0 250cm en planches ou autres tailles requises. Toutes les longueurs peuvent \u00eatre transform\u00e9es, la scie se d\u00e9pla\u00e7ant sur des rails. La hauteur de coupe est r\u00e9glable en continu. disponible avec un moteur \u00e9lectrique syst\u00e8me d&rsquo;avance \u00e9lectrique [&hellip;]\" \/>\n<meta property=\"og:url\" content=\"https:\/\/www.prinz.at\/logsplitter\/?lang=fr\" \/>\n<meta property=\"og:site_name\" content=\"PRINZ\" \/>\n<meta name=\"twitter:card\" content=\"summary_large_image\" \/>\n<meta name=\"twitter:label1\" content=\"Dur\u00e9e de lecture estim\u00e9e\" \/>\n\t<meta name=\"twitter:data1\" content=\"1 minute\" \/>\n<script type=\"application\/ld+json\" class=\"yoast-schema-graph\">{\"@context\":\"https:\/\/schema.org\",\"@graph\":[{\"@type\":\"WebPage\",\"@id\":\"https:\/\/www.prinz.at\/logsplitter\/?lang=fr\",\"url\":\"https:\/\/www.prinz.at\/logsplitter\/?lang=fr\",\"name\":\"LOGSPLITTER - PRINZ\",\"isPartOf\":{\"@id\":\"https:\/\/www.prinz.at\/#website\"},\"datePublished\":\"2015-06-22T06:55:33+00:00\",\"dateModified\":\"2015-06-22T06:55:33+00:00\",\"breadcrumb\":{\"@id\":\"https:\/\/www.prinz.at\/logsplitter\/?lang=fr#breadcrumb\"},\"inLanguage\":\"fr-FR\",\"potentialAction\":[{\"@type\":\"ReadAction\",\"target\":[\"https:\/\/www.prinz.at\/logsplitter\/?lang=fr\"]}]},{\"@type\":\"BreadcrumbList\",\"@id\":\"https:\/\/www.prinz.at\/logsplitter\/?lang=fr#breadcrumb\",\"itemListElement\":[{\"@type\":\"ListItem\",\"position\":1,\"name\":\"Startseite\",\"item\":\"https:\/\/www.prinz.at\/fr\/\"},{\"@type\":\"ListItem\",\"position\":2,\"name\":\"LOGSPLITTER\"}]},{\"@type\":\"WebSite\",\"@id\":\"https:\/\/www.prinz.at\/#website\",\"url\":\"https:\/\/www.prinz.at\/\",\"name\":\"PRINZ\",\"description\":\"\",\"potentialAction\":[{\"@type\":\"SearchAction\",\"target\":{\"@type\":\"EntryPoint\",\"urlTemplate\":\"https:\/\/www.prinz.at\/?s={search_term_string}\"},\"query-input\":\"required name=search_term_string\"}],\"inLanguage\":\"fr-FR\"}]}<\/script>\n<!-- \/ Yoast SEO plugin. -->","yoast_head_json":{"title":"LOGSPLITTER - PRINZ","robots":{"index":"index","follow":"follow","max-snippet":"max-snippet:-1","max-image-preview":"max-image-preview:large","max-video-preview":"max-video-preview:-1"},"canonical":"https:\/\/www.prinz.at\/logsplitter\/?lang=fr","og_locale":"fr_FR","og_type":"article","og_title":"LOGSPLITTER - PRINZ","og_description":"[vc_row][vc_column width=\u00a0\u00bb1\/2&Prime;][vc_single_image image=\u00a0\u00bb2035&Prime; img_size=\u00a0\u00bb300&#215;300&Prime; alignment=\u00a0\u00bbcenter\u00a0\u00bb][\/vc_column][vc_column width=\u00a0\u00bb1\/2&Prime;][vc_column_text]Avec les refendeuses PRINZ, il est facile de transformer de tr\u00e8s gros diam\u00e8tres jusqu&rsquo;\u00e0 250cm en planches ou autres tailles requises. Toutes les longueurs peuvent \u00eatre transform\u00e9es, la scie se d\u00e9pla\u00e7ant sur des rails. La hauteur de coupe est r\u00e9glable en continu. disponible avec un moteur \u00e9lectrique syst\u00e8me d&rsquo;avance \u00e9lectrique [&hellip;]","og_url":"https:\/\/www.prinz.at\/logsplitter\/?lang=fr","og_site_name":"PRINZ","twitter_card":"summary_large_image","twitter_misc":{"Dur\u00e9e de lecture estim\u00e9e":"1 minute"},"schema":{"@context":"https:\/\/schema.org","@graph":[{"@type":"WebPage","@id":"https:\/\/www.prinz.at\/logsplitter\/?lang=fr","url":"https:\/\/www.prinz.at\/logsplitter\/?lang=fr","name":"LOGSPLITTER - PRINZ","isPartOf":{"@id":"https:\/\/www.prinz.at\/#website"},"datePublished":"2015-06-22T06:55:33+00:00","dateModified":"2015-06-22T06:55:33+00:00","breadcrumb":{"@id":"https:\/\/www.prinz.at\/logsplitter\/?lang=fr#breadcrumb"},"inLanguage":"fr-FR","potentialAction":[{"@type":"ReadAction","target":["https:\/\/www.prinz.at\/logsplitter\/?lang=fr"]}]},{"@type":"BreadcrumbList","@id":"https:\/\/www.prinz.at\/logsplitter\/?lang=fr#breadcrumb","itemListElement":[{"@type":"ListItem","position":1,"name":"Startseite","item":"https:\/\/www.prinz.at\/fr\/"},{"@type":"ListItem","position":2,"name":"LOGSPLITTER"}]},{"@type":"WebSite","@id":"https:\/\/www.prinz.at\/#website","url":"https:\/\/www.prinz.at\/","name":"PRINZ","description":"","potentialAction":[{"@type":"SearchAction","target":{"@type":"EntryPoint","urlTemplate":"https:\/\/www.prinz.at\/?s={search_term_string}"},"query-input":"required name=search_term_string"}],"inLanguage":"fr-FR"}]}},"_links":{"self":[{"href":"https:\/\/www.prinz.at\/fr\/wp-json\/wp\/v2\/pages\/6566"}],"collection":[{"href":"https:\/\/www.prinz.at\/fr\/wp-json\/wp\/v2\/pages"}],"about":[{"href":"https:\/\/www.prinz.at\/fr\/wp-json\/wp\/v2\/types\/page"}],"author":[{"embeddable":true,"href":"https:\/\/www.prinz.at\/fr\/wp-json\/wp\/v2\/users\/5"}],"replies":[{"embeddable":true,"href":"https:\/\/www.prinz.at\/fr\/wp-json\/wp\/v2\/comments?post=6566"}],"version-history":[{"count":0,"href":"https:\/\/www.prinz.at\/fr\/wp-json\/wp\/v2\/pages\/6566\/revisions"}],"up":[{"embeddable":true,"href":"https:\/\/www.prinz.at\/fr\/wp-json\/wp\/v2\/pages\/6418"}],"wp:attachment":[{"href":"https:\/\/www.prinz.at\/fr\/wp-json\/wp\/v2\/media?parent=6566"}],"curies":[{"name":"wp","href":"https:\/\/api.w.org\/{rel}","templated":true}]}}