{"id":6581,"date":"2015-06-25T06:22:24","date_gmt":"2015-06-25T06:22:24","guid":{"rendered":"https:\/\/www.prinz.at\/pc120-x-cut\/"},"modified":"2015-06-25T06:22:24","modified_gmt":"2015-06-25T06:22:24","slug":"pc120-x-cut","status":"publish","type":"page","link":"https:\/\/www.prinz.at\/fr\/produits\/scies-pour-le-bois\/tronconneuses-a-paquets-a-guidage-parallele\/pc120-x-cut\/","title":{"rendered":"PC120 &#8211; X-CUT"},"content":{"rendered":"<section class=\"wpb-content-wrapper\"><p>[vc_row][vc_column][vc_column_text]Notre multi-talent: la <strong>X-CUT<\/strong><\/p>\n<p>En combinant plusieurs postes de coupe, il est possible de couper un \u00a0paquet en un seul processus de coupe. Les diff\u00e9rentes coupes sont r\u00e9alis\u00e9es en m\u00eame temps, r\u00e9duisant ainsi le temps de coupe \u00e0 un minimum et garantissant par la m\u00eame les plus hautes capacit\u00e9s de production.[\/vc_column_text][vc_row_inner css=\u00a0\u00bb.vc_custom_1558612740919{margin-top: 10px !important;padding-top: 10px !important;}\u00a0\u00bb][vc_column_inner width=\u00a0\u00bb1\/2&Prime;][vc_single_image image=\u00a0\u00bb2183&Prime; img_size=\u00a0\u00bb300&#215;300&Prime; alignment=\u00a0\u00bbcenter\u00a0\u00bb][\/vc_column_inner][vc_column_inner width=\u00a0\u00bb1\/2&Prime;][vc_single_image image=\u00a0\u00bb5365&Prime; img_size=\u00a0\u00bbfull\u00a0\u00bb][\/vc_column_inner][\/vc_row_inner][\/vc_column][\/vc_row]<\/p>\n<\/section>","protected":false},"excerpt":{"rendered":"<p>[vc_row][vc_column][vc_column_text]Notre multi-talent: la X-CUT En combinant plusieurs postes de coupe, il est possible de couper un \u00a0paquet en un seul processus de coupe. Les diff\u00e9rentes coupes sont r\u00e9alis\u00e9es en m\u00eame temps, r\u00e9duisant ainsi le temps de coupe \u00e0 un minimum et garantissant par la m\u00eame les plus hautes capacit\u00e9s de production.[\/vc_column_text][vc_row_inner css=\u00a0\u00bb.vc_custom_1558612740919{margin-top: 10px !important;padding-top: 10px [&hellip;]<\/p>\n","protected":false},"author":5,"featured_media":0,"parent":6408,"menu_order":0,"comment_status":"open","ping_status":"open","template":"","meta":[],"yoast_head":"<!-- This site is optimized with the Yoast SEO plugin v21.8.1 - https:\/\/yoast.com\/wordpress\/plugins\/seo\/ -->\n<title>PC120 - X-CUT - PRINZ<\/title>\n<meta name=\"robots\" content=\"index, follow, max-snippet:-1, max-image-preview:large, max-video-preview:-1\" \/>\n<link rel=\"canonical\" href=\"https:\/\/www.prinz.at\/pc120-x-cut\/?lang=fr\" \/>\n<meta property=\"og:locale\" content=\"fr_FR\" \/>\n<meta property=\"og:type\" content=\"article\" \/>\n<meta property=\"og:title\" content=\"PC120 - X-CUT - PRINZ\" \/>\n<meta property=\"og:description\" content=\"[vc_row][vc_column][vc_column_text]Notre multi-talent: la X-CUT En combinant plusieurs postes de coupe, il est possible de couper un \u00a0paquet en un seul processus de coupe. Les diff\u00e9rentes coupes sont r\u00e9alis\u00e9es en m\u00eame temps, r\u00e9duisant ainsi le temps de coupe \u00e0 un minimum et garantissant par la m\u00eame les plus hautes capacit\u00e9s de production.[\/vc_column_text][vc_row_inner css=\u00a0\u00bb.vc_custom_1558612740919{margin-top: 10px !important;padding-top: 10px [&hellip;]\" \/>\n<meta property=\"og:url\" content=\"https:\/\/www.prinz.at\/pc120-x-cut\/?lang=fr\" \/>\n<meta property=\"og:site_name\" content=\"PRINZ\" \/>\n<meta name=\"twitter:card\" content=\"summary_large_image\" \/>\n<meta name=\"twitter:label1\" content=\"Dur\u00e9e de lecture estim\u00e9e\" \/>\n\t<meta name=\"twitter:data1\" content=\"1 minute\" \/>\n<script type=\"application\/ld+json\" class=\"yoast-schema-graph\">{\"@context\":\"https:\/\/schema.org\",\"@graph\":[{\"@type\":\"WebPage\",\"@id\":\"https:\/\/www.prinz.at\/pc120-x-cut\/?lang=fr\",\"url\":\"https:\/\/www.prinz.at\/pc120-x-cut\/?lang=fr\",\"name\":\"PC120 - X-CUT - PRINZ\",\"isPartOf\":{\"@id\":\"https:\/\/www.prinz.at\/#website\"},\"datePublished\":\"2015-06-25T06:22:24+00:00\",\"dateModified\":\"2015-06-25T06:22:24+00:00\",\"breadcrumb\":{\"@id\":\"https:\/\/www.prinz.at\/pc120-x-cut\/?lang=fr#breadcrumb\"},\"inLanguage\":\"fr-FR\",\"potentialAction\":[{\"@type\":\"ReadAction\",\"target\":[\"https:\/\/www.prinz.at\/pc120-x-cut\/?lang=fr\"]}]},{\"@type\":\"BreadcrumbList\",\"@id\":\"https:\/\/www.prinz.at\/pc120-x-cut\/?lang=fr#breadcrumb\",\"itemListElement\":[{\"@type\":\"ListItem\",\"position\":1,\"name\":\"Startseite\",\"item\":\"https:\/\/www.prinz.at\/fr\/\"},{\"@type\":\"ListItem\",\"position\":2,\"name\":\"PC120 &#8211; X-CUT\"}]},{\"@type\":\"WebSite\",\"@id\":\"https:\/\/www.prinz.at\/#website\",\"url\":\"https:\/\/www.prinz.at\/\",\"name\":\"PRINZ\",\"description\":\"\",\"potentialAction\":[{\"@type\":\"SearchAction\",\"target\":{\"@type\":\"EntryPoint\",\"urlTemplate\":\"https:\/\/www.prinz.at\/?s={search_term_string}\"},\"query-input\":\"required name=search_term_string\"}],\"inLanguage\":\"fr-FR\"}]}<\/script>\n<!-- \/ Yoast SEO plugin. -->","yoast_head_json":{"title":"PC120 - X-CUT - PRINZ","robots":{"index":"index","follow":"follow","max-snippet":"max-snippet:-1","max-image-preview":"max-image-preview:large","max-video-preview":"max-video-preview:-1"},"canonical":"https:\/\/www.prinz.at\/pc120-x-cut\/?lang=fr","og_locale":"fr_FR","og_type":"article","og_title":"PC120 - X-CUT - PRINZ","og_description":"[vc_row][vc_column][vc_column_text]Notre multi-talent: la X-CUT En combinant plusieurs postes de coupe, il est possible de couper un \u00a0paquet en un seul processus de coupe. Les diff\u00e9rentes coupes sont r\u00e9alis\u00e9es en m\u00eame temps, r\u00e9duisant ainsi le temps de coupe \u00e0 un minimum et garantissant par la m\u00eame les plus hautes capacit\u00e9s de production.[\/vc_column_text][vc_row_inner css=\u00a0\u00bb.vc_custom_1558612740919{margin-top: 10px !important;padding-top: 10px [&hellip;]","og_url":"https:\/\/www.prinz.at\/pc120-x-cut\/?lang=fr","og_site_name":"PRINZ","twitter_card":"summary_large_image","twitter_misc":{"Dur\u00e9e de lecture estim\u00e9e":"1 minute"},"schema":{"@context":"https:\/\/schema.org","@graph":[{"@type":"WebPage","@id":"https:\/\/www.prinz.at\/pc120-x-cut\/?lang=fr","url":"https:\/\/www.prinz.at\/pc120-x-cut\/?lang=fr","name":"PC120 - X-CUT - PRINZ","isPartOf":{"@id":"https:\/\/www.prinz.at\/#website"},"datePublished":"2015-06-25T06:22:24+00:00","dateModified":"2015-06-25T06:22:24+00:00","breadcrumb":{"@id":"https:\/\/www.prinz.at\/pc120-x-cut\/?lang=fr#breadcrumb"},"inLanguage":"fr-FR","potentialAction":[{"@type":"ReadAction","target":["https:\/\/www.prinz.at\/pc120-x-cut\/?lang=fr"]}]},{"@type":"BreadcrumbList","@id":"https:\/\/www.prinz.at\/pc120-x-cut\/?lang=fr#breadcrumb","itemListElement":[{"@type":"ListItem","position":1,"name":"Startseite","item":"https:\/\/www.prinz.at\/fr\/"},{"@type":"ListItem","position":2,"name":"PC120 &#8211; X-CUT"}]},{"@type":"WebSite","@id":"https:\/\/www.prinz.at\/#website","url":"https:\/\/www.prinz.at\/","name":"PRINZ","description":"","potentialAction":[{"@type":"SearchAction","target":{"@type":"EntryPoint","urlTemplate":"https:\/\/www.prinz.at\/?s={search_term_string}"},"query-input":"required name=search_term_string"}],"inLanguage":"fr-FR"}]}},"_links":{"self":[{"href":"https:\/\/www.prinz.at\/fr\/wp-json\/wp\/v2\/pages\/6581"}],"collection":[{"href":"https:\/\/www.prinz.at\/fr\/wp-json\/wp\/v2\/pages"}],"about":[{"href":"https:\/\/www.prinz.at\/fr\/wp-json\/wp\/v2\/types\/page"}],"author":[{"embeddable":true,"href":"https:\/\/www.prinz.at\/fr\/wp-json\/wp\/v2\/users\/5"}],"replies":[{"embeddable":true,"href":"https:\/\/www.prinz.at\/fr\/wp-json\/wp\/v2\/comments?post=6581"}],"version-history":[{"count":0,"href":"https:\/\/www.prinz.at\/fr\/wp-json\/wp\/v2\/pages\/6581\/revisions"}],"up":[{"embeddable":true,"href":"https:\/\/www.prinz.at\/fr\/wp-json\/wp\/v2\/pages\/6408"}],"wp:attachment":[{"href":"https:\/\/www.prinz.at\/fr\/wp-json\/wp\/v2\/media?parent=6581"}],"curies":[{"name":"wp","href":"https:\/\/api.w.org\/{rel}","templated":true}]}}