{"id":6589,"date":"2015-11-10T13:12:16","date_gmt":"2015-11-10T13:12:16","guid":{"rendered":"https:\/\/www.prinz.at\/papercut\/"},"modified":"2015-11-10T13:12:16","modified_gmt":"2015-11-10T13:12:16","slug":"papercut","status":"publish","type":"page","link":"https:\/\/www.prinz.at\/fr\/produits\/scies-pour-papier\/papercut\/","title":{"rendered":"PAPERCUT"},"content":{"rendered":"<section class=\"wpb-content-wrapper\"><p>[vc_row][vc_column][vc_row_inner][vc_column_inner width=\u00a0\u00bb1\/2&Prime;][vc_single_image image=\u00a0\u00bb3400&Prime; img_size=\u00a0\u00bbfull\u00a0\u00bb alignment=\u00a0\u00bbcenter\u00a0\u00bb][\/vc_column_inner][vc_column_inner width=\u00a0\u00bb1\/2&Prime;][vc_column_text]Pour l\u2019industrie du papier et du recyclage, les scies pour papier PRINZ permettent de couper des bobines m\u00eame de gros diam\u00e8tres dans le sens de la longueur ou en tranches. Un d\u00e9roulage du rouleau de papier avant la coupe n\u2019est pas n\u00e9cessaire. Les rouleaux sont ainsi coup\u00e9s de fa\u00e7on efficace et \u00e0 moindre co\u00fbt \u00e0 la longueur souhait\u00e9e. Ils peuvent ensuite \u00eatre facilement travaill\u00e9 avec un syst\u00e8me guillotine.<\/p>\n<ul>\n<li>coupe sur place des bobines<\/li>\n<li>scie mobile mont\u00e9e sur roues<\/li>\n<li>cha\u00eene sp\u00e9ciale papier \u00e0 pastilles de carbure<\/li>\n<li>un seul op\u00e9rateur suffit<\/li>\n<li>frais de coupe r\u00e9duits<\/li>\n<li>refente sur place de lourdes bobines<\/li>\n<\/ul>\n<p>[\/vc_column_text][\/vc_column_inner][\/vc_row_inner][vc_row_inner][vc_column_inner][vc_column_text]<\/p>\n<h2>Donn\u00e9es techniques<\/h2>\n<table class=\"contenttable contenttable-0 product-description-table\">\n<tbody>\n<tr class=\"tr-even tr-0\">\n<td class=\"td-0\">Puissance:<\/td>\n<td class=\"td-last td-1\">7,5 kW \/ 11 kW<\/td>\n<\/tr>\n<tr class=\"tr-odd tr-1\">\n<td class=\"td-0\">Type de moteur:<\/td>\n<td class=\"td-last td-1\">\u00e9lectrique<\/td>\n<\/tr>\n<tr class=\"tr-even tr-2\">\n<td class=\"td-0\">Diam\u00e8tre:<\/td>\n<td class=\"td-last td-1\">jusqu\u2019\u00e0\u00a0600\/800 mm<\/td>\n<\/tr>\n<tr class=\"tr-even tr-3\">\n<td class=\"td-0\">Descente de coupe:<\/td>\n<td class=\"td-last td-1\">manuelle<\/td>\n<\/tr>\n<tr class=\"tr-odd tr-4\">\n<td class=\"td-0\">Guidage de coupe:<\/td>\n<td class=\"td-last td-1\">stabilisateurs<\/td>\n<\/tr>\n<tr class=\"tr-even tr-5\">\n<td class=\"td-0\">Type de scie:<\/td>\n<td class=\"td-last td-1\">scie mobile<\/td>\n<\/tr>\n<tr class=\"tr-odd tr-6\">\n<td class=\"td-0\">Cha\u00eene de tron\u00e7onnage<\/td>\n<td class=\"td-last td-1\">DURACUT\u00a0 papier avec pastilles de carbure<\/td>\n<\/tr>\n<tr class=\"tr-even tr-7\">\n<td class=\"td-0\">Guide cha\u00eene:<\/td>\n<td class=\"td-last td-1\">en acier sp\u00e9cial, surfaces de coupe renforc\u00e9es<\/td>\n<\/tr>\n<tr class=\"tr-even tr-last\">\n<td class=\"td-0\">Champs d\u2019applications:<\/td>\n<td class=\"td-last td-1\">mise \u00e0 longueur de bobines enti\u00e8res de papier dans l\u2019industrie du recyclage<\/td>\n<\/tr>\n<\/tbody>\n<\/table>\n<p>[\/vc_column_text][\/vc_column_inner][\/vc_row_inner][\/vc_column][\/vc_row][vc_row][vc_column][vc_gallery type=\u00a0\u00bbimage_grid\u00a0\u00bb images=\u00a0\u00bb1136,1134,3348,3340,3338,4583&Prime;][\/vc_column][\/vc_row]<\/p>\n<\/section>","protected":false},"excerpt":{"rendered":"<p>[vc_row][vc_column][vc_row_inner][vc_column_inner width=\u00a0\u00bb1\/2&Prime;][vc_single_image image=\u00a0\u00bb3400&Prime; img_size=\u00a0\u00bbfull\u00a0\u00bb alignment=\u00a0\u00bbcenter\u00a0\u00bb][\/vc_column_inner][vc_column_inner width=\u00a0\u00bb1\/2&Prime;][vc_column_text]Pour l\u2019industrie du papier et du recyclage, les scies pour papier PRINZ permettent de couper des bobines m\u00eame de gros diam\u00e8tres dans le sens de la longueur ou en tranches. Un d\u00e9roulage du rouleau de papier avant la coupe n\u2019est pas n\u00e9cessaire. Les rouleaux sont ainsi coup\u00e9s de fa\u00e7on efficace [&hellip;]<\/p>\n","protected":false},"author":5,"featured_media":0,"parent":6602,"menu_order":0,"comment_status":"open","ping_status":"open","template":"","meta":[],"yoast_head":"<!-- This site is optimized with the Yoast SEO plugin v21.8.1 - https:\/\/yoast.com\/wordpress\/plugins\/seo\/ -->\n<title>PAPERCUT - PRINZ<\/title>\n<meta name=\"robots\" content=\"index, follow, max-snippet:-1, max-image-preview:large, max-video-preview:-1\" \/>\n<link rel=\"canonical\" href=\"https:\/\/www.prinz.at\/papercut\/?lang=fr\" \/>\n<meta property=\"og:locale\" content=\"fr_FR\" \/>\n<meta property=\"og:type\" content=\"article\" \/>\n<meta property=\"og:title\" content=\"PAPERCUT - PRINZ\" \/>\n<meta property=\"og:description\" content=\"[vc_row][vc_column][vc_row_inner][vc_column_inner width=\u00a0\u00bb1\/2&Prime;][vc_single_image image=\u00a0\u00bb3400&Prime; img_size=\u00a0\u00bbfull\u00a0\u00bb alignment=\u00a0\u00bbcenter\u00a0\u00bb][\/vc_column_inner][vc_column_inner width=\u00a0\u00bb1\/2&Prime;][vc_column_text]Pour l\u2019industrie du papier et du recyclage, les scies pour papier PRINZ permettent de couper des bobines m\u00eame de gros diam\u00e8tres dans le sens de la longueur ou en tranches. Un d\u00e9roulage du rouleau de papier avant la coupe n\u2019est pas n\u00e9cessaire. Les rouleaux sont ainsi coup\u00e9s de fa\u00e7on efficace [&hellip;]\" \/>\n<meta property=\"og:url\" content=\"https:\/\/www.prinz.at\/papercut\/?lang=fr\" \/>\n<meta property=\"og:site_name\" content=\"PRINZ\" \/>\n<meta name=\"twitter:card\" content=\"summary_large_image\" \/>\n<meta name=\"twitter:label1\" content=\"Dur\u00e9e de lecture estim\u00e9e\" \/>\n\t<meta name=\"twitter:data1\" content=\"1 minute\" \/>\n<script type=\"application\/ld+json\" class=\"yoast-schema-graph\">{\"@context\":\"https:\/\/schema.org\",\"@graph\":[{\"@type\":\"WebPage\",\"@id\":\"https:\/\/www.prinz.at\/papercut\/?lang=fr\",\"url\":\"https:\/\/www.prinz.at\/papercut\/?lang=fr\",\"name\":\"PAPERCUT - PRINZ\",\"isPartOf\":{\"@id\":\"https:\/\/www.prinz.at\/#website\"},\"datePublished\":\"2015-11-10T13:12:16+00:00\",\"dateModified\":\"2015-11-10T13:12:16+00:00\",\"breadcrumb\":{\"@id\":\"https:\/\/www.prinz.at\/papercut\/?lang=fr#breadcrumb\"},\"inLanguage\":\"fr-FR\",\"potentialAction\":[{\"@type\":\"ReadAction\",\"target\":[\"https:\/\/www.prinz.at\/papercut\/?lang=fr\"]}]},{\"@type\":\"BreadcrumbList\",\"@id\":\"https:\/\/www.prinz.at\/papercut\/?lang=fr#breadcrumb\",\"itemListElement\":[{\"@type\":\"ListItem\",\"position\":1,\"name\":\"Startseite\",\"item\":\"https:\/\/www.prinz.at\/fr\/\"},{\"@type\":\"ListItem\",\"position\":2,\"name\":\"PAPERCUT\"}]},{\"@type\":\"WebSite\",\"@id\":\"https:\/\/www.prinz.at\/#website\",\"url\":\"https:\/\/www.prinz.at\/\",\"name\":\"PRINZ\",\"description\":\"\",\"potentialAction\":[{\"@type\":\"SearchAction\",\"target\":{\"@type\":\"EntryPoint\",\"urlTemplate\":\"https:\/\/www.prinz.at\/?s={search_term_string}\"},\"query-input\":\"required name=search_term_string\"}],\"inLanguage\":\"fr-FR\"}]}<\/script>\n<!-- \/ Yoast SEO plugin. -->","yoast_head_json":{"title":"PAPERCUT - PRINZ","robots":{"index":"index","follow":"follow","max-snippet":"max-snippet:-1","max-image-preview":"max-image-preview:large","max-video-preview":"max-video-preview:-1"},"canonical":"https:\/\/www.prinz.at\/papercut\/?lang=fr","og_locale":"fr_FR","og_type":"article","og_title":"PAPERCUT - PRINZ","og_description":"[vc_row][vc_column][vc_row_inner][vc_column_inner width=\u00a0\u00bb1\/2&Prime;][vc_single_image image=\u00a0\u00bb3400&Prime; img_size=\u00a0\u00bbfull\u00a0\u00bb alignment=\u00a0\u00bbcenter\u00a0\u00bb][\/vc_column_inner][vc_column_inner width=\u00a0\u00bb1\/2&Prime;][vc_column_text]Pour l\u2019industrie du papier et du recyclage, les scies pour papier PRINZ permettent de couper des bobines m\u00eame de gros diam\u00e8tres dans le sens de la longueur ou en tranches. Un d\u00e9roulage du rouleau de papier avant la coupe n\u2019est pas n\u00e9cessaire. Les rouleaux sont ainsi coup\u00e9s de fa\u00e7on efficace [&hellip;]","og_url":"https:\/\/www.prinz.at\/papercut\/?lang=fr","og_site_name":"PRINZ","twitter_card":"summary_large_image","twitter_misc":{"Dur\u00e9e de lecture estim\u00e9e":"1 minute"},"schema":{"@context":"https:\/\/schema.org","@graph":[{"@type":"WebPage","@id":"https:\/\/www.prinz.at\/papercut\/?lang=fr","url":"https:\/\/www.prinz.at\/papercut\/?lang=fr","name":"PAPERCUT - PRINZ","isPartOf":{"@id":"https:\/\/www.prinz.at\/#website"},"datePublished":"2015-11-10T13:12:16+00:00","dateModified":"2015-11-10T13:12:16+00:00","breadcrumb":{"@id":"https:\/\/www.prinz.at\/papercut\/?lang=fr#breadcrumb"},"inLanguage":"fr-FR","potentialAction":[{"@type":"ReadAction","target":["https:\/\/www.prinz.at\/papercut\/?lang=fr"]}]},{"@type":"BreadcrumbList","@id":"https:\/\/www.prinz.at\/papercut\/?lang=fr#breadcrumb","itemListElement":[{"@type":"ListItem","position":1,"name":"Startseite","item":"https:\/\/www.prinz.at\/fr\/"},{"@type":"ListItem","position":2,"name":"PAPERCUT"}]},{"@type":"WebSite","@id":"https:\/\/www.prinz.at\/#website","url":"https:\/\/www.prinz.at\/","name":"PRINZ","description":"","potentialAction":[{"@type":"SearchAction","target":{"@type":"EntryPoint","urlTemplate":"https:\/\/www.prinz.at\/?s={search_term_string}"},"query-input":"required name=search_term_string"}],"inLanguage":"fr-FR"}]}},"_links":{"self":[{"href":"https:\/\/www.prinz.at\/fr\/wp-json\/wp\/v2\/pages\/6589"}],"collection":[{"href":"https:\/\/www.prinz.at\/fr\/wp-json\/wp\/v2\/pages"}],"about":[{"href":"https:\/\/www.prinz.at\/fr\/wp-json\/wp\/v2\/types\/page"}],"author":[{"embeddable":true,"href":"https:\/\/www.prinz.at\/fr\/wp-json\/wp\/v2\/users\/5"}],"replies":[{"embeddable":true,"href":"https:\/\/www.prinz.at\/fr\/wp-json\/wp\/v2\/comments?post=6589"}],"version-history":[{"count":0,"href":"https:\/\/www.prinz.at\/fr\/wp-json\/wp\/v2\/pages\/6589\/revisions"}],"up":[{"embeddable":true,"href":"https:\/\/www.prinz.at\/fr\/wp-json\/wp\/v2\/pages\/6602"}],"wp:attachment":[{"href":"https:\/\/www.prinz.at\/fr\/wp-json\/wp\/v2\/media?parent=6589"}],"curies":[{"name":"wp","href":"https:\/\/api.w.org\/{rel}","templated":true}]}}