{"id":6594,"date":"2015-11-10T13:14:13","date_gmt":"2015-11-10T13:14:13","guid":{"rendered":"https:\/\/www.prinz.at\/paperstar\/"},"modified":"2015-11-10T13:14:13","modified_gmt":"2015-11-10T13:14:13","slug":"paperstar","status":"publish","type":"page","link":"https:\/\/www.prinz.at\/fr\/produits\/scies-pour-papier\/paperstar\/","title":{"rendered":"PAPERSTAR"},"content":{"rendered":"<section class=\"wpb-content-wrapper\"><p>[vc_row][vc_column width=\u00a0\u00bb1\/2&Prime;][vc_single_image image=\u00a0\u00bb4807&Prime; img_size=\u00a0\u00bbfull\u00a0\u00bb alignment=\u00a0\u00bbcenter\u00a0\u00bb][\/vc_column][vc_column width=\u00a0\u00bb1\/2&Prime;][vc_column_text]Gr\u00e2ce \u00e0 son syst\u00e8me de coupe \u00e0 descente hydraulique, la mise \u00e0 longueur de bobines de papier se fait sans effort et de fa\u00e7on efficiente. Combin\u00e9 avec un train de rouleaux, il est facile de positionner la bobine \u00e0 la position de coupe souhait\u00e9e. Les \u00e9quipements de coupe PRINZ ont \u00e9t\u00e9 sp\u00e9cialement d\u00e9velopp\u00e9s pour l\u2019industrie du papier et offrent une haute dur\u00e9e de vie.<\/p>\n<ul>\n<li>couper sans effort<\/li>\n<li>cha\u00eene carbure sp\u00e9cial papier<\/li>\n<li>construction robuste<\/li>\n<li>coupe du rouleau entier, sans d\u00e9roulage<\/li>\n<li>haute s\u00e9curit\u00e9 de travail<\/li>\n<li>la bobine reste fixe<\/li>\n<\/ul>\n<p>[\/vc_column_text][\/vc_column][\/vc_row][vc_row][vc_column][vc_column_text]<\/p>\n<div id=\"main\">\n<div id=\"c429\" class=\"csc-default\">\n<h2>Donn\u00e9es techniques<\/h2>\n<table class=\"contenttable contenttable-0 product-description-table\">\n<tbody>\n<tr class=\"tr-even tr-0\">\n<td class=\"td-0\">Puissance:<\/td>\n<td class=\"td-last td-1\">11\u00a0kW bis 15 kW<\/td>\n<\/tr>\n<tr class=\"tr-odd tr-1\">\n<td class=\"td-0\">Type de moteur:<\/td>\n<td class=\"td-last td-1\">\u00e9lectrique<\/td>\n<\/tr>\n<tr class=\"tr-even tr-2\">\n<td class=\"td-0\">Diam\u00e8tre:<\/td>\n<td class=\"td-last td-1\">jusqu\u2019\u00e0 1500 mm<\/td>\n<\/tr>\n<tr class=\"tr-odd tr-3\">\n<td class=\"td-0\">Diam\u00e8tres sup\u00e9rieurs possibles:<\/td>\n<td class=\"td-last td-1\">oui<\/td>\n<\/tr>\n<tr class=\"tr-even tr-4\">\n<td class=\"td-0\">Descente de coupe:<\/td>\n<td class=\"td-last td-1\">hydraulique<\/td>\n<\/tr>\n<tr class=\"tr-odd tr-5\">\n<td class=\"td-0\">Guidage de coupe:<\/td>\n<td class=\"td-last td-1\">stabilisateur<\/td>\n<\/tr>\n<tr class=\"tr-even tr-6\">\n<td class=\"td-0\">Type de scie:<\/td>\n<td class=\"td-last td-1\">scie fixe\/ bobine d\u00e9pla\u00e7able<\/td>\n<\/tr>\n<tr class=\"tr-odd tr-7\">\n<td class=\"td-0\">Chain types:<\/td>\n<td class=\"td-last td-1\">carbide chain DURACUT for paper<\/td>\n<\/tr>\n<tr class=\"tr-even tr-8\">\n<td class=\"td-0\">Guide cha\u00eene:<\/td>\n<td class=\"td-last td-1\">en acier sp\u00e9cial, surfaces de coupe renforc\u00e9es<\/td>\n<\/tr>\n<tr class=\"tr-even tr-8\">\n<td class=\"td-0\">Champs d\u2019applications:<\/td>\n<td class=\"td-last td-1\">mise \u00e0 longueur de bobines de papier dans l\u2019industrie du recyclage<\/td>\n<\/tr>\n<\/tbody>\n<\/table>\n<\/div>\n<\/div>\n<p>[\/vc_column_text][vc_row_inner][vc_column_inner][vc_raw_html css=\u00a0\u00bb.vc_custom_1560254992150{margin-top: 20px !important;padding-top: 10px !important;}\u00a0\u00bb]JTNDaWZyYW1lJTIwd2lkdGglM0QlMjI1NjAlMjIlMjBoZWlnaHQlM0QlMjIzMTUlMjIlMjBzcmMlM0QlMjJodHRwcyUzQSUyRiUyRnd3dy55b3V0dWJlLmNvbSUyRmVtYmVkJTJGS0NTOEhCR2FsS1klM0ZyZWwlM0QwJTIyJTIwZnJhbWVib3JkZXIlM0QlMjIwJTIyJTIwYWxsb3dmdWxsc2NyZWVuJTNFJTNDJTJGaWZyYW1lJTNF[\/vc_raw_html][\/vc_column_inner][\/vc_row_inner][\/vc_column][\/vc_row][vc_row css=\u00a0\u00bb.vc_custom_1447228549677{margin-top: 0px !important;padding-top: 0px !important;}\u00a0\u00bb][vc_column][vc_gallery type=\u00a0\u00bbimage_grid\u00a0\u00bb images=\u00a0\u00bb3349,3348,4870,4825&Prime;][\/vc_column][\/vc_row]<\/p>\n<\/section>","protected":false},"excerpt":{"rendered":"<p>[vc_row][vc_column width=\u00a0\u00bb1\/2&Prime;][vc_single_image image=\u00a0\u00bb4807&Prime; img_size=\u00a0\u00bbfull\u00a0\u00bb alignment=\u00a0\u00bbcenter\u00a0\u00bb][\/vc_column][vc_column width=\u00a0\u00bb1\/2&Prime;][vc_column_text]Gr\u00e2ce \u00e0 son syst\u00e8me de coupe \u00e0 descente hydraulique, la mise \u00e0 longueur de bobines de papier se fait sans effort et de fa\u00e7on efficiente. Combin\u00e9 avec un train de rouleaux, il est facile de positionner la bobine \u00e0 la position de coupe souhait\u00e9e. Les \u00e9quipements de coupe PRINZ ont [&hellip;]<\/p>\n","protected":false},"author":5,"featured_media":0,"parent":6602,"menu_order":0,"comment_status":"open","ping_status":"open","template":"","meta":[],"yoast_head":"<!-- This site is optimized with the Yoast SEO plugin v21.8.1 - https:\/\/yoast.com\/wordpress\/plugins\/seo\/ -->\n<title>PAPERSTAR - PRINZ<\/title>\n<meta name=\"robots\" content=\"index, follow, max-snippet:-1, max-image-preview:large, max-video-preview:-1\" \/>\n<link rel=\"canonical\" href=\"https:\/\/www.prinz.at\/paperstar\/?lang=fr\" \/>\n<meta property=\"og:locale\" content=\"fr_FR\" \/>\n<meta property=\"og:type\" content=\"article\" \/>\n<meta property=\"og:title\" content=\"PAPERSTAR - PRINZ\" \/>\n<meta property=\"og:description\" content=\"[vc_row][vc_column width=\u00a0\u00bb1\/2&Prime;][vc_single_image image=\u00a0\u00bb4807&Prime; img_size=\u00a0\u00bbfull\u00a0\u00bb alignment=\u00a0\u00bbcenter\u00a0\u00bb][\/vc_column][vc_column width=\u00a0\u00bb1\/2&Prime;][vc_column_text]Gr\u00e2ce \u00e0 son syst\u00e8me de coupe \u00e0 descente hydraulique, la mise \u00e0 longueur de bobines de papier se fait sans effort et de fa\u00e7on efficiente. Combin\u00e9 avec un train de rouleaux, il est facile de positionner la bobine \u00e0 la position de coupe souhait\u00e9e. Les \u00e9quipements de coupe PRINZ ont [&hellip;]\" \/>\n<meta property=\"og:url\" content=\"https:\/\/www.prinz.at\/paperstar\/?lang=fr\" \/>\n<meta property=\"og:site_name\" content=\"PRINZ\" \/>\n<meta name=\"twitter:card\" content=\"summary_large_image\" \/>\n<meta name=\"twitter:label1\" content=\"Dur\u00e9e de lecture estim\u00e9e\" \/>\n\t<meta name=\"twitter:data1\" content=\"1 minute\" \/>\n<script type=\"application\/ld+json\" class=\"yoast-schema-graph\">{\"@context\":\"https:\/\/schema.org\",\"@graph\":[{\"@type\":\"WebPage\",\"@id\":\"https:\/\/www.prinz.at\/paperstar\/?lang=fr\",\"url\":\"https:\/\/www.prinz.at\/paperstar\/?lang=fr\",\"name\":\"PAPERSTAR - PRINZ\",\"isPartOf\":{\"@id\":\"https:\/\/www.prinz.at\/#website\"},\"datePublished\":\"2015-11-10T13:14:13+00:00\",\"dateModified\":\"2015-11-10T13:14:13+00:00\",\"breadcrumb\":{\"@id\":\"https:\/\/www.prinz.at\/paperstar\/?lang=fr#breadcrumb\"},\"inLanguage\":\"fr-FR\",\"potentialAction\":[{\"@type\":\"ReadAction\",\"target\":[\"https:\/\/www.prinz.at\/paperstar\/?lang=fr\"]}]},{\"@type\":\"BreadcrumbList\",\"@id\":\"https:\/\/www.prinz.at\/paperstar\/?lang=fr#breadcrumb\",\"itemListElement\":[{\"@type\":\"ListItem\",\"position\":1,\"name\":\"Startseite\",\"item\":\"https:\/\/www.prinz.at\/fr\/\"},{\"@type\":\"ListItem\",\"position\":2,\"name\":\"PAPERSTAR\"}]},{\"@type\":\"WebSite\",\"@id\":\"https:\/\/www.prinz.at\/#website\",\"url\":\"https:\/\/www.prinz.at\/\",\"name\":\"PRINZ\",\"description\":\"\",\"potentialAction\":[{\"@type\":\"SearchAction\",\"target\":{\"@type\":\"EntryPoint\",\"urlTemplate\":\"https:\/\/www.prinz.at\/?s={search_term_string}\"},\"query-input\":\"required name=search_term_string\"}],\"inLanguage\":\"fr-FR\"}]}<\/script>\n<!-- \/ Yoast SEO plugin. -->","yoast_head_json":{"title":"PAPERSTAR - PRINZ","robots":{"index":"index","follow":"follow","max-snippet":"max-snippet:-1","max-image-preview":"max-image-preview:large","max-video-preview":"max-video-preview:-1"},"canonical":"https:\/\/www.prinz.at\/paperstar\/?lang=fr","og_locale":"fr_FR","og_type":"article","og_title":"PAPERSTAR - PRINZ","og_description":"[vc_row][vc_column width=\u00a0\u00bb1\/2&Prime;][vc_single_image image=\u00a0\u00bb4807&Prime; img_size=\u00a0\u00bbfull\u00a0\u00bb alignment=\u00a0\u00bbcenter\u00a0\u00bb][\/vc_column][vc_column width=\u00a0\u00bb1\/2&Prime;][vc_column_text]Gr\u00e2ce \u00e0 son syst\u00e8me de coupe \u00e0 descente hydraulique, la mise \u00e0 longueur de bobines de papier se fait sans effort et de fa\u00e7on efficiente. Combin\u00e9 avec un train de rouleaux, il est facile de positionner la bobine \u00e0 la position de coupe souhait\u00e9e. Les \u00e9quipements de coupe PRINZ ont [&hellip;]","og_url":"https:\/\/www.prinz.at\/paperstar\/?lang=fr","og_site_name":"PRINZ","twitter_card":"summary_large_image","twitter_misc":{"Dur\u00e9e de lecture estim\u00e9e":"1 minute"},"schema":{"@context":"https:\/\/schema.org","@graph":[{"@type":"WebPage","@id":"https:\/\/www.prinz.at\/paperstar\/?lang=fr","url":"https:\/\/www.prinz.at\/paperstar\/?lang=fr","name":"PAPERSTAR - PRINZ","isPartOf":{"@id":"https:\/\/www.prinz.at\/#website"},"datePublished":"2015-11-10T13:14:13+00:00","dateModified":"2015-11-10T13:14:13+00:00","breadcrumb":{"@id":"https:\/\/www.prinz.at\/paperstar\/?lang=fr#breadcrumb"},"inLanguage":"fr-FR","potentialAction":[{"@type":"ReadAction","target":["https:\/\/www.prinz.at\/paperstar\/?lang=fr"]}]},{"@type":"BreadcrumbList","@id":"https:\/\/www.prinz.at\/paperstar\/?lang=fr#breadcrumb","itemListElement":[{"@type":"ListItem","position":1,"name":"Startseite","item":"https:\/\/www.prinz.at\/fr\/"},{"@type":"ListItem","position":2,"name":"PAPERSTAR"}]},{"@type":"WebSite","@id":"https:\/\/www.prinz.at\/#website","url":"https:\/\/www.prinz.at\/","name":"PRINZ","description":"","potentialAction":[{"@type":"SearchAction","target":{"@type":"EntryPoint","urlTemplate":"https:\/\/www.prinz.at\/?s={search_term_string}"},"query-input":"required name=search_term_string"}],"inLanguage":"fr-FR"}]}},"_links":{"self":[{"href":"https:\/\/www.prinz.at\/fr\/wp-json\/wp\/v2\/pages\/6594"}],"collection":[{"href":"https:\/\/www.prinz.at\/fr\/wp-json\/wp\/v2\/pages"}],"about":[{"href":"https:\/\/www.prinz.at\/fr\/wp-json\/wp\/v2\/types\/page"}],"author":[{"embeddable":true,"href":"https:\/\/www.prinz.at\/fr\/wp-json\/wp\/v2\/users\/5"}],"replies":[{"embeddable":true,"href":"https:\/\/www.prinz.at\/fr\/wp-json\/wp\/v2\/comments?post=6594"}],"version-history":[{"count":0,"href":"https:\/\/www.prinz.at\/fr\/wp-json\/wp\/v2\/pages\/6594\/revisions"}],"up":[{"embeddable":true,"href":"https:\/\/www.prinz.at\/fr\/wp-json\/wp\/v2\/pages\/6602"}],"wp:attachment":[{"href":"https:\/\/www.prinz.at\/fr\/wp-json\/wp\/v2\/media?parent=6594"}],"curies":[{"name":"wp","href":"https:\/\/api.w.org\/{rel}","templated":true}]}}