{"id":6602,"date":"2015-11-16T10:42:29","date_gmt":"2015-11-16T10:42:29","guid":{"rendered":"https:\/\/www.prinz.at\/scies-pour-papier\/"},"modified":"2015-11-16T10:42:29","modified_gmt":"2015-11-16T10:42:29","slug":"scies-pour-papier","status":"publish","type":"page","link":"https:\/\/www.prinz.at\/fr\/produits\/scies-pour-papier\/","title":{"rendered":"Scies pour papier"},"content":{"rendered":"<section class=\"wpb-content-wrapper\"><p>[vc_row css=\u00a0\u00bb.vc_custom_1434570090987{background-color: #efefef !important;}\u00a0\u00bb][vc_column][vc_row_inner][vc_column_inner width=\u00a0\u00bb1\/3&Prime;][vc_single_image image=\u00a0\u00bb3400&Prime; img_size=\u00a0\u00bbfull\u00a0\u00bb alignment=\u00a0\u00bbcenter\u00a0\u00bb][\/vc_column_inner][vc_column_inner width=\u00a0\u00bb2\/3&Prime;][vc_column_text]<\/p>\n<h3>PAPERCUT<\/h3>\n<p>Pour l\u2019industrie du papier et du recyclage, les scies pour papier PRINZ permettent de couper des bobines m\u00eame de gros diam\u00e8tres dans le sens de la longueur ou en tranches. Un d\u00e9roulage du rouleau de papier avant la coupe n\u2019est pas n\u00e9cessaire. Les rouleaux sont ainsi coup\u00e9s de fa\u00e7on efficace et \u00e0 moindre co\u00fbt \u00e0 la longueur souhait\u00e9e. Ils peuvent ensuite \u00eatre facilement travaill\u00e9 avec un syst\u00e8me guillotine.[\/vc_column_text]\t\t<a href=\"\/fr\/produkte\/papiersaegen\/papercut\/\" class=\"envor-btn envor-btn-primary envor-btn-normal\">VOIR LES MODELES<\/a>\n\t\n\t[\/vc_column_inner][\/vc_row_inner][\/vc_column][\/vc_row][vc_row ses_sub_title=\u00a0\u00bb<br \/>\n\u00a0\u00bb css=\u00a0\u00bb.vc_custom_1521729395489{padding-top: 0px !important;padding-bottom: 0px !important;background-color: #fafafa !important;}\u00a0\u00bb][vc_column][vc_row_inner css=\u00a0\u00bb.vc_custom_1489043574105{margin-top: 20px !important;padding-top: 20px !important;}\u00a0\u00bb][vc_column_inner width=\u00a0\u00bb1\/3&Prime;][vc_single_image image=\u00a0\u00bb4808&Prime; img_size=\u00a0\u00bbfull\u00a0\u00bb][\/vc_column_inner][vc_column_inner width=\u00a0\u00bb2\/3&Prime;][vc_column_text]<\/p>\n<h3>TWIN PAPER<\/h3>\n<p>La TWIN PAPER permet de d\u00e9couper \u00e0 bas prix des bobines de papier de gros diam\u00e8tes tout en assurant un processus de coupe de qualit\u00e9. La rotation de la bobine permet une coupe rapide et une haute qualit\u00e9 de coupe.[\/vc_column_text]\t\t<a href=\"\/fr\/produkte\/papiersaegen\/twin-paper\" class=\"envor-btn envor-btn-primary envor-btn-normal\">VOIR LES MODELES<\/a>\n\t\n\t[\/vc_column_inner][\/vc_row_inner][\/vc_column][\/vc_row][vc_row ses_sub_title=\u00a0\u00bb<br \/>\n\u00a0\u00bb css=\u00a0\u00bb.vc_custom_1521729400131{padding-top: 0px !important;padding-bottom: 0px !important;background-color: #efefef !important;}\u00a0\u00bb][vc_column][vc_row_inner css=\u00a0\u00bb.vc_custom_1489043574105{margin-top: 20px !important;padding-top: 20px !important;}\u00a0\u00bb][vc_column_inner width=\u00a0\u00bb1\/3&Prime;][vc_single_image image=\u00a0\u00bb4817&Prime; img_size=\u00a0\u00bbfull\u00a0\u00bb][\/vc_column_inner][vc_column_inner width=\u00a0\u00bb2\/3&Prime;][vc_column_text]<\/p>\n<h3>UNISTAR<\/h3>\n<p>La scie UNISTAR est une scie universelle parfaitement adapt\u00e9e pour r\u00e9pondre \u00e0 vos projest individuels. Syt\u00e8me de coupe \u00e0 descente hydraulique.[\/vc_column_text]\t\t<a href=\"\/fr\/produkte\/papiersaegen\/unistar\" class=\"envor-btn envor-btn-primary envor-btn-normal\">VOIR LES MODELES<\/a>\n\t\n\t[\/vc_column_inner][\/vc_row_inner][\/vc_column][\/vc_row][vc_row css=\u00a0\u00bb.vc_custom_1435575388957{padding-top: 0px !important;background-color: #fafafa !important;}\u00a0\u00bb][vc_column][vc_row_inner css=\u00a0\u00bb.vc_custom_1489043599641{margin-top: 20px !important;padding-top: 20px !important;}\u00a0\u00bb][vc_column_inner width=\u00a0\u00bb1\/3&Prime;][vc_single_image image=\u00a0\u00bb4807&Prime; img_size=\u00a0\u00bbfull\u00a0\u00bb][\/vc_column_inner][vc_column_inner width=\u00a0\u00bb2\/3&Prime;][vc_column_text]<\/p>\n<h3>PAPERSTAR<\/h3>\n<p>Gr\u00e2ce \u00e0 son syst\u00e8me de coupe \u00e0 descente hydraulique, la mise \u00e0 longueur de bobines de papier se fait sans effort et de fa\u00e7on efficiente. Combin\u00e9 avec un train de rouleaux, il est facile de positionner la bobine \u00e0 la position de coupe souhait\u00e9e. Les \u00e9quipements de coupe PRINZ ont \u00e9t\u00e9 sp\u00e9cialement d\u00e9velopp\u00e9s pour l\u2019industrie du papier et offrent une haute dur\u00e9e de vie.[\/vc_column_text]\t\t<a href=\"\/fr\/produkte\/papiersaegen\/paperstar\" class=\"envor-btn envor-btn-primary envor-btn-normal\">VOIR LES MODELES<\/a>\n\t\n\t[\/vc_column_inner][\/vc_row_inner][\/vc_column][\/vc_row][vc_row el_class=\u00a0\u00bbadditional-products\u00a0\u00bb][vc_column][vc_row_inner][vc_column_inner][vc_column_text]<\/p>\n<h3><strong>Equipements de sciage et accessoires<\/strong><\/h3>\n<p>[\/vc_column_text][\/vc_column_inner][\/vc_row_inner][vc_row_inner][vc_column_inner width=\u00a0\u00bb1\/3&Prime;][vc_single_image image=\u00a0\u00bb4552&Prime; img_size=\u00a0\u00bbfull\u00a0\u00bb]\t\t<a href=\"\/fr\/produkte\/papiersaegen\/saegeketten-fuehrungsschienen\/\" class=\"envor-btn envor-btn-primary envor-btn-normal\">EN SAVOIR PLUS<\/a>\n\t\n\t[\/vc_column_inner][vc_column_inner width=\u00a0\u00bb1\/3&Prime;][vc_single_image image=\u00a0\u00bb2682&Prime; img_size=\u00a0\u00bbfull\u00a0\u00bb]\t\t<a href=\"\/fr\/produkte\/holz\/antriebsraeder-und-umlenkrollen-2\/\" class=\"envor-btn envor-btn-primary envor-btn-normal\">EN SAVOIR PLUS<\/a>\n\t\n\t[\/vc_column_inner][vc_column_inner width=\u00a0\u00bb1\/3&Prime;][vc_single_image image=\u00a0\u00bb2681&Prime; img_size=\u00a0\u00bbfull\u00a0\u00bb]\t\t<a href=\"\/fr\/produkte\/holz\/zubehoer\/\" class=\"envor-btn envor-btn-primary envor-btn-normal\">EN SAVOIR PLUS<\/a>\n\t\n\t[\/vc_column_inner][\/vc_row_inner][\/vc_column][\/vc_row]<\/p>\n<\/section>","protected":false},"excerpt":{"rendered":"<p>[vc_row css=\u00a0\u00bb.vc_custom_1434570090987{background-color: #efefef !important;}\u00a0\u00bb][vc_column][vc_row_inner][vc_column_inner width=\u00a0\u00bb1\/3&Prime;][vc_single_image image=\u00a0\u00bb3400&Prime; img_size=\u00a0\u00bbfull\u00a0\u00bb alignment=\u00a0\u00bbcenter\u00a0\u00bb][\/vc_column_inner][vc_column_inner width=\u00a0\u00bb2\/3&Prime;][vc_column_text] PAPERCUT Pour l\u2019industrie du papier et du recyclage, les scies pour papier PRINZ permettent de couper des bobines m\u00eame de gros diam\u00e8tres dans le sens de la longueur ou en tranches. Un d\u00e9roulage du rouleau de papier avant la coupe n\u2019est pas n\u00e9cessaire. Les rouleaux sont [&hellip;]<\/p>\n","protected":false},"author":5,"featured_media":0,"parent":6373,"menu_order":0,"comment_status":"open","ping_status":"open","template":"page-templates\/canvas-with-title.php","meta":[],"yoast_head":"<!-- This site is optimized with the Yoast SEO plugin v21.8.1 - https:\/\/yoast.com\/wordpress\/plugins\/seo\/ -->\n<title>Scies pour papier - PRINZ<\/title>\n<meta name=\"robots\" content=\"index, follow, max-snippet:-1, max-image-preview:large, max-video-preview:-1\" \/>\n<link rel=\"canonical\" href=\"https:\/\/www.prinz.at\/scies-pour-papier\/?lang=fr\" \/>\n<meta property=\"og:locale\" content=\"fr_FR\" \/>\n<meta property=\"og:type\" content=\"article\" \/>\n<meta property=\"og:title\" content=\"Scies pour papier - PRINZ\" \/>\n<meta property=\"og:description\" content=\"[vc_row css=\u00a0\u00bb.vc_custom_1434570090987{background-color: #efefef !important;}\u00a0\u00bb][vc_column][vc_row_inner][vc_column_inner width=\u00a0\u00bb1\/3&Prime;][vc_single_image image=\u00a0\u00bb3400&Prime; img_size=\u00a0\u00bbfull\u00a0\u00bb alignment=\u00a0\u00bbcenter\u00a0\u00bb][\/vc_column_inner][vc_column_inner width=\u00a0\u00bb2\/3&Prime;][vc_column_text] PAPERCUT Pour l\u2019industrie du papier et du recyclage, les scies pour papier PRINZ permettent de couper des bobines m\u00eame de gros diam\u00e8tres dans le sens de la longueur ou en tranches. Un d\u00e9roulage du rouleau de papier avant la coupe n\u2019est pas n\u00e9cessaire. Les rouleaux sont [&hellip;]\" \/>\n<meta property=\"og:url\" content=\"https:\/\/www.prinz.at\/scies-pour-papier\/?lang=fr\" \/>\n<meta property=\"og:site_name\" content=\"PRINZ\" \/>\n<meta name=\"twitter:card\" content=\"summary_large_image\" \/>\n<meta name=\"twitter:label1\" content=\"Dur\u00e9e de lecture estim\u00e9e\" \/>\n\t<meta name=\"twitter:data1\" content=\"3 minutes\" \/>\n<script type=\"application\/ld+json\" class=\"yoast-schema-graph\">{\"@context\":\"https:\/\/schema.org\",\"@graph\":[{\"@type\":\"WebPage\",\"@id\":\"https:\/\/www.prinz.at\/scies-pour-papier\/?lang=fr\",\"url\":\"https:\/\/www.prinz.at\/scies-pour-papier\/?lang=fr\",\"name\":\"Scies pour papier - PRINZ\",\"isPartOf\":{\"@id\":\"https:\/\/www.prinz.at\/#website\"},\"datePublished\":\"2015-11-16T10:42:29+00:00\",\"dateModified\":\"2015-11-16T10:42:29+00:00\",\"breadcrumb\":{\"@id\":\"https:\/\/www.prinz.at\/scies-pour-papier\/?lang=fr#breadcrumb\"},\"inLanguage\":\"fr-FR\",\"potentialAction\":[{\"@type\":\"ReadAction\",\"target\":[\"https:\/\/www.prinz.at\/scies-pour-papier\/?lang=fr\"]}]},{\"@type\":\"BreadcrumbList\",\"@id\":\"https:\/\/www.prinz.at\/scies-pour-papier\/?lang=fr#breadcrumb\",\"itemListElement\":[{\"@type\":\"ListItem\",\"position\":1,\"name\":\"Startseite\",\"item\":\"https:\/\/www.prinz.at\/fr\/\"},{\"@type\":\"ListItem\",\"position\":2,\"name\":\"Scies pour papier\"}]},{\"@type\":\"WebSite\",\"@id\":\"https:\/\/www.prinz.at\/#website\",\"url\":\"https:\/\/www.prinz.at\/\",\"name\":\"PRINZ\",\"description\":\"\",\"potentialAction\":[{\"@type\":\"SearchAction\",\"target\":{\"@type\":\"EntryPoint\",\"urlTemplate\":\"https:\/\/www.prinz.at\/?s={search_term_string}\"},\"query-input\":\"required name=search_term_string\"}],\"inLanguage\":\"fr-FR\"}]}<\/script>\n<!-- \/ Yoast SEO plugin. -->","yoast_head_json":{"title":"Scies pour papier - PRINZ","robots":{"index":"index","follow":"follow","max-snippet":"max-snippet:-1","max-image-preview":"max-image-preview:large","max-video-preview":"max-video-preview:-1"},"canonical":"https:\/\/www.prinz.at\/scies-pour-papier\/?lang=fr","og_locale":"fr_FR","og_type":"article","og_title":"Scies pour papier - PRINZ","og_description":"[vc_row css=\u00a0\u00bb.vc_custom_1434570090987{background-color: #efefef !important;}\u00a0\u00bb][vc_column][vc_row_inner][vc_column_inner width=\u00a0\u00bb1\/3&Prime;][vc_single_image image=\u00a0\u00bb3400&Prime; img_size=\u00a0\u00bbfull\u00a0\u00bb alignment=\u00a0\u00bbcenter\u00a0\u00bb][\/vc_column_inner][vc_column_inner width=\u00a0\u00bb2\/3&Prime;][vc_column_text] PAPERCUT Pour l\u2019industrie du papier et du recyclage, les scies pour papier PRINZ permettent de couper des bobines m\u00eame de gros diam\u00e8tres dans le sens de la longueur ou en tranches. Un d\u00e9roulage du rouleau de papier avant la coupe n\u2019est pas n\u00e9cessaire. Les rouleaux sont [&hellip;]","og_url":"https:\/\/www.prinz.at\/scies-pour-papier\/?lang=fr","og_site_name":"PRINZ","twitter_card":"summary_large_image","twitter_misc":{"Dur\u00e9e de lecture estim\u00e9e":"3 minutes"},"schema":{"@context":"https:\/\/schema.org","@graph":[{"@type":"WebPage","@id":"https:\/\/www.prinz.at\/scies-pour-papier\/?lang=fr","url":"https:\/\/www.prinz.at\/scies-pour-papier\/?lang=fr","name":"Scies pour papier - PRINZ","isPartOf":{"@id":"https:\/\/www.prinz.at\/#website"},"datePublished":"2015-11-16T10:42:29+00:00","dateModified":"2015-11-16T10:42:29+00:00","breadcrumb":{"@id":"https:\/\/www.prinz.at\/scies-pour-papier\/?lang=fr#breadcrumb"},"inLanguage":"fr-FR","potentialAction":[{"@type":"ReadAction","target":["https:\/\/www.prinz.at\/scies-pour-papier\/?lang=fr"]}]},{"@type":"BreadcrumbList","@id":"https:\/\/www.prinz.at\/scies-pour-papier\/?lang=fr#breadcrumb","itemListElement":[{"@type":"ListItem","position":1,"name":"Startseite","item":"https:\/\/www.prinz.at\/fr\/"},{"@type":"ListItem","position":2,"name":"Scies pour papier"}]},{"@type":"WebSite","@id":"https:\/\/www.prinz.at\/#website","url":"https:\/\/www.prinz.at\/","name":"PRINZ","description":"","potentialAction":[{"@type":"SearchAction","target":{"@type":"EntryPoint","urlTemplate":"https:\/\/www.prinz.at\/?s={search_term_string}"},"query-input":"required name=search_term_string"}],"inLanguage":"fr-FR"}]}},"_links":{"self":[{"href":"https:\/\/www.prinz.at\/fr\/wp-json\/wp\/v2\/pages\/6602"}],"collection":[{"href":"https:\/\/www.prinz.at\/fr\/wp-json\/wp\/v2\/pages"}],"about":[{"href":"https:\/\/www.prinz.at\/fr\/wp-json\/wp\/v2\/types\/page"}],"author":[{"embeddable":true,"href":"https:\/\/www.prinz.at\/fr\/wp-json\/wp\/v2\/users\/5"}],"replies":[{"embeddable":true,"href":"https:\/\/www.prinz.at\/fr\/wp-json\/wp\/v2\/comments?post=6602"}],"version-history":[{"count":0,"href":"https:\/\/www.prinz.at\/fr\/wp-json\/wp\/v2\/pages\/6602\/revisions"}],"up":[{"embeddable":true,"href":"https:\/\/www.prinz.at\/fr\/wp-json\/wp\/v2\/pages\/6373"}],"wp:attachment":[{"href":"https:\/\/www.prinz.at\/fr\/wp-json\/wp\/v2\/media?parent=6602"}],"curies":[{"name":"wp","href":"https:\/\/api.w.org\/{rel}","templated":true}]}}