{"id":6621,"date":"2018-03-22T14:16:49","date_gmt":"2018-03-22T14:16:49","guid":{"rendered":"https:\/\/www.prinz.at\/twin-paper\/"},"modified":"2018-03-22T14:16:49","modified_gmt":"2018-03-22T14:16:49","slug":"twin-paper","status":"publish","type":"page","link":"https:\/\/www.prinz.at\/fr\/produits\/scies-pour-papier\/twin-paper\/","title":{"rendered":"TWIN PAPER"},"content":{"rendered":"<section class=\"wpb-content-wrapper\"><p>[vc_row ses_sub_title=\u00a0\u00bb<br \/>\n\u00a0\u00bb css=\u00a0\u00bb.vc_custom_1521728817744{padding-bottom: 0px !important;}\u00a0\u00bb][vc_column width=\u00a0\u00bb1\/2&Prime;][vc_single_image image=\u00a0\u00bb4808&Prime; img_size=\u00a0\u00bbfull\u00a0\u00bb alignment=\u00a0\u00bbcenter\u00a0\u00bb][\/vc_column][vc_column width=\u00a0\u00bb1\/2&Prime;][vc_column_text]<\/p>\n<div id=\"c395\" class=\"csc-default\">\n<h3>TWIN PAPER:\u00a0scie mobile PAPERCUT\u00a0avec ch\u00e2ssis de chargement et systeme de rotatia de la bobine<\/h3>\n<p>La TWIN PAPER permet de d\u00e9couper \u00e0 bas prix des bobines de papier de gros diam\u00e8tes tout en assurant un processus de coupe de qualit\u00e9.<\/p>\n<p>La rotation de la bobine permet une coupe rapide et une haute qualit\u00e9 de coupe.<\/p>\n<\/div>\n<p>[\/vc_column_text][\/vc_column][\/vc_row][vc_row ses_sub_title=\u00a0\u00bb<br \/>\n\u00a0\u00bb css=\u00a0\u00bb.vc_custom_1521728799633{padding-top: 0px !important;padding-bottom: 0px !important;}\u00a0\u00bb][vc_column][vc_column_text]<\/p>\n<h2>Donn\u00e9es techniques<\/h2>\n<table class=\"contenttable contenttable-0 product-description-table\">\n<tbody>\n<tr class=\"tr-even tr-0\">\n<td class=\"td-0\">Puissance:<\/td>\n<td class=\"td-last td-1\">7,5 kW \/ 11 kW<\/td>\n<\/tr>\n<tr class=\"tr-odd tr-1\">\n<td class=\"td-0\">Type de moteur:<\/td>\n<td class=\"td-last td-1\">\u00e9lectrique<\/td>\n<\/tr>\n<tr class=\"tr-odd tr-3\">\n<td class=\"td-0\">Diam\u00e8tre:<\/td>\n<td class=\"td-last td-1\">jusqu\u2019\u00e0\u00a01900 mm<\/td>\n<\/tr>\n<tr class=\"tr-odd tr-5\">\n<td class=\"td-0\">Descente de coupe:<\/td>\n<td class=\"td-last td-1\">manuelle<\/td>\n<\/tr>\n<tr class=\"tr-even tr-6\">\n<td class=\"td-0\">Guidage de la coupe:<\/td>\n<td class=\"td-last td-1\">stabilisateurs<\/td>\n<\/tr>\n<tr class=\"tr-odd tr-7\">\n<td class=\"td-0\">Type de scie:<\/td>\n<td class=\"td-last td-1\">scie d\u00e9pla\u00e7able, bobine fixe<\/td>\n<\/tr>\n<tr class=\"tr-even tr-8\">\n<td class=\"td-0\">Cha\u00eene de tron\u00e7onnage<\/td>\n<td class=\"td-last td-1\">DURACUT\u00a0 papier avec pastilles de carbure<\/td>\n<\/tr>\n<tr class=\"tr-odd tr-9\">\n<td class=\"td-0\">Guide cha\u00eene:<\/td>\n<td class=\"td-last td-1\">\n<table class=\"contenttable contenttable-0 product-description-table\">\n<tbody>\n<tr class=\"tr-even tr-7\">\n<td class=\"td-last td-1\">en acier, avec surfaces de coupe renforc\u00e9es<\/td>\n<\/tr>\n<\/tbody>\n<\/table>\n<\/td>\n<\/tr>\n<\/tbody>\n<\/table>\n<p>[\/vc_column_text][vc_raw_html css=\u00a0\u00bb.vc_custom_1555572311440{margin-top: 20px !important;padding-top: 20px !important;}\u00a0\u00bb]JTNDaWZyYW1lJTIwd2lkdGglM0QlMjI1NjAlMjIlMjBoZWlnaHQlM0QlMjIzMTUlMjIlMjBzcmMlM0QlMjJodHRwcyUzQSUyRiUyRnd3dy55b3V0dWJlLmNvbSUyRmVtYmVkJTJGaEwxX2VFRmE5QUklMjIlMjBmcmFtZWJvcmRlciUzRCUyMjAlMjIlMjBhbGxvd2Z1bGxzY3JlZW4lM0UlM0MlMkZpZnJhbWUlM0U=[\/vc_raw_html][\/vc_column][\/vc_row][vc_row ses_sub_title=\u00a0\u00bb<\/p>\n<p>\u00a0\u00bb css=\u00a0\u00bb.vc_custom_1521728811584{padding-top: 30px !important;padding-bottom: 0px !important;}\u00a0\u00bb][vc_column][vc_gallery type=\u00a0\u00bbimage_grid\u00a0\u00bb images=\u00a0\u00bb4824,4825&Prime;][\/vc_column][\/vc_row]<\/p>\n<\/section>","protected":false},"excerpt":{"rendered":"<p>[vc_row ses_sub_title=\u00a0\u00bb \u00a0\u00bb css=\u00a0\u00bb.vc_custom_1521728817744{padding-bottom: 0px !important;}\u00a0\u00bb][vc_column width=\u00a0\u00bb1\/2&Prime;][vc_single_image image=\u00a0\u00bb4808&Prime; img_size=\u00a0\u00bbfull\u00a0\u00bb alignment=\u00a0\u00bbcenter\u00a0\u00bb][\/vc_column][vc_column width=\u00a0\u00bb1\/2&Prime;][vc_column_text] TWIN PAPER:\u00a0scie mobile PAPERCUT\u00a0avec ch\u00e2ssis de chargement et systeme de rotatia de la bobine La TWIN PAPER permet de d\u00e9couper \u00e0 bas prix des bobines de papier de gros diam\u00e8tes tout en assurant un processus de coupe de qualit\u00e9. La rotation de la bobine [&hellip;]<\/p>\n","protected":false},"author":5,"featured_media":0,"parent":6602,"menu_order":0,"comment_status":"closed","ping_status":"closed","template":"","meta":[],"yoast_head":"<!-- This site is optimized with the Yoast SEO plugin v21.8.1 - https:\/\/yoast.com\/wordpress\/plugins\/seo\/ -->\n<title>TWIN PAPER - PRINZ<\/title>\n<meta name=\"robots\" content=\"index, follow, max-snippet:-1, max-image-preview:large, max-video-preview:-1\" \/>\n<link rel=\"canonical\" href=\"https:\/\/www.prinz.at\/twin-paper\/?lang=fr\" \/>\n<meta property=\"og:locale\" content=\"fr_FR\" \/>\n<meta property=\"og:type\" content=\"article\" \/>\n<meta property=\"og:title\" content=\"TWIN PAPER - PRINZ\" \/>\n<meta property=\"og:description\" content=\"[vc_row ses_sub_title=\u00a0\u00bb \u00a0\u00bb css=\u00a0\u00bb.vc_custom_1521728817744{padding-bottom: 0px !important;}\u00a0\u00bb][vc_column width=\u00a0\u00bb1\/2&Prime;][vc_single_image image=\u00a0\u00bb4808&Prime; img_size=\u00a0\u00bbfull\u00a0\u00bb alignment=\u00a0\u00bbcenter\u00a0\u00bb][\/vc_column][vc_column width=\u00a0\u00bb1\/2&Prime;][vc_column_text] TWIN PAPER:\u00a0scie mobile PAPERCUT\u00a0avec ch\u00e2ssis de chargement et systeme de rotatia de la bobine La TWIN PAPER permet de d\u00e9couper \u00e0 bas prix des bobines de papier de gros diam\u00e8tes tout en assurant un processus de coupe de qualit\u00e9. La rotation de la bobine [&hellip;]\" \/>\n<meta property=\"og:url\" content=\"https:\/\/www.prinz.at\/twin-paper\/?lang=fr\" \/>\n<meta property=\"og:site_name\" content=\"PRINZ\" \/>\n<meta name=\"twitter:card\" content=\"summary_large_image\" \/>\n<meta name=\"twitter:label1\" content=\"Dur\u00e9e de lecture estim\u00e9e\" \/>\n\t<meta name=\"twitter:data1\" content=\"1 minute\" \/>\n<script type=\"application\/ld+json\" class=\"yoast-schema-graph\">{\"@context\":\"https:\/\/schema.org\",\"@graph\":[{\"@type\":\"WebPage\",\"@id\":\"https:\/\/www.prinz.at\/twin-paper\/?lang=fr\",\"url\":\"https:\/\/www.prinz.at\/twin-paper\/?lang=fr\",\"name\":\"TWIN PAPER - PRINZ\",\"isPartOf\":{\"@id\":\"https:\/\/www.prinz.at\/#website\"},\"datePublished\":\"2018-03-22T14:16:49+00:00\",\"dateModified\":\"2018-03-22T14:16:49+00:00\",\"breadcrumb\":{\"@id\":\"https:\/\/www.prinz.at\/twin-paper\/?lang=fr#breadcrumb\"},\"inLanguage\":\"fr-FR\",\"potentialAction\":[{\"@type\":\"ReadAction\",\"target\":[\"https:\/\/www.prinz.at\/twin-paper\/?lang=fr\"]}]},{\"@type\":\"BreadcrumbList\",\"@id\":\"https:\/\/www.prinz.at\/twin-paper\/?lang=fr#breadcrumb\",\"itemListElement\":[{\"@type\":\"ListItem\",\"position\":1,\"name\":\"Startseite\",\"item\":\"https:\/\/www.prinz.at\/fr\/\"},{\"@type\":\"ListItem\",\"position\":2,\"name\":\"TWIN PAPER\"}]},{\"@type\":\"WebSite\",\"@id\":\"https:\/\/www.prinz.at\/#website\",\"url\":\"https:\/\/www.prinz.at\/\",\"name\":\"PRINZ\",\"description\":\"\",\"potentialAction\":[{\"@type\":\"SearchAction\",\"target\":{\"@type\":\"EntryPoint\",\"urlTemplate\":\"https:\/\/www.prinz.at\/?s={search_term_string}\"},\"query-input\":\"required name=search_term_string\"}],\"inLanguage\":\"fr-FR\"}]}<\/script>\n<!-- \/ Yoast SEO plugin. -->","yoast_head_json":{"title":"TWIN PAPER - PRINZ","robots":{"index":"index","follow":"follow","max-snippet":"max-snippet:-1","max-image-preview":"max-image-preview:large","max-video-preview":"max-video-preview:-1"},"canonical":"https:\/\/www.prinz.at\/twin-paper\/?lang=fr","og_locale":"fr_FR","og_type":"article","og_title":"TWIN PAPER - PRINZ","og_description":"[vc_row ses_sub_title=\u00a0\u00bb \u00a0\u00bb css=\u00a0\u00bb.vc_custom_1521728817744{padding-bottom: 0px !important;}\u00a0\u00bb][vc_column width=\u00a0\u00bb1\/2&Prime;][vc_single_image image=\u00a0\u00bb4808&Prime; img_size=\u00a0\u00bbfull\u00a0\u00bb alignment=\u00a0\u00bbcenter\u00a0\u00bb][\/vc_column][vc_column width=\u00a0\u00bb1\/2&Prime;][vc_column_text] TWIN PAPER:\u00a0scie mobile PAPERCUT\u00a0avec ch\u00e2ssis de chargement et systeme de rotatia de la bobine La TWIN PAPER permet de d\u00e9couper \u00e0 bas prix des bobines de papier de gros diam\u00e8tes tout en assurant un processus de coupe de qualit\u00e9. La rotation de la bobine [&hellip;]","og_url":"https:\/\/www.prinz.at\/twin-paper\/?lang=fr","og_site_name":"PRINZ","twitter_card":"summary_large_image","twitter_misc":{"Dur\u00e9e de lecture estim\u00e9e":"1 minute"},"schema":{"@context":"https:\/\/schema.org","@graph":[{"@type":"WebPage","@id":"https:\/\/www.prinz.at\/twin-paper\/?lang=fr","url":"https:\/\/www.prinz.at\/twin-paper\/?lang=fr","name":"TWIN PAPER - PRINZ","isPartOf":{"@id":"https:\/\/www.prinz.at\/#website"},"datePublished":"2018-03-22T14:16:49+00:00","dateModified":"2018-03-22T14:16:49+00:00","breadcrumb":{"@id":"https:\/\/www.prinz.at\/twin-paper\/?lang=fr#breadcrumb"},"inLanguage":"fr-FR","potentialAction":[{"@type":"ReadAction","target":["https:\/\/www.prinz.at\/twin-paper\/?lang=fr"]}]},{"@type":"BreadcrumbList","@id":"https:\/\/www.prinz.at\/twin-paper\/?lang=fr#breadcrumb","itemListElement":[{"@type":"ListItem","position":1,"name":"Startseite","item":"https:\/\/www.prinz.at\/fr\/"},{"@type":"ListItem","position":2,"name":"TWIN PAPER"}]},{"@type":"WebSite","@id":"https:\/\/www.prinz.at\/#website","url":"https:\/\/www.prinz.at\/","name":"PRINZ","description":"","potentialAction":[{"@type":"SearchAction","target":{"@type":"EntryPoint","urlTemplate":"https:\/\/www.prinz.at\/?s={search_term_string}"},"query-input":"required name=search_term_string"}],"inLanguage":"fr-FR"}]}},"_links":{"self":[{"href":"https:\/\/www.prinz.at\/fr\/wp-json\/wp\/v2\/pages\/6621"}],"collection":[{"href":"https:\/\/www.prinz.at\/fr\/wp-json\/wp\/v2\/pages"}],"about":[{"href":"https:\/\/www.prinz.at\/fr\/wp-json\/wp\/v2\/types\/page"}],"author":[{"embeddable":true,"href":"https:\/\/www.prinz.at\/fr\/wp-json\/wp\/v2\/users\/5"}],"replies":[{"embeddable":true,"href":"https:\/\/www.prinz.at\/fr\/wp-json\/wp\/v2\/comments?post=6621"}],"version-history":[{"count":0,"href":"https:\/\/www.prinz.at\/fr\/wp-json\/wp\/v2\/pages\/6621\/revisions"}],"up":[{"embeddable":true,"href":"https:\/\/www.prinz.at\/fr\/wp-json\/wp\/v2\/pages\/6602"}],"wp:attachment":[{"href":"https:\/\/www.prinz.at\/fr\/wp-json\/wp\/v2\/media?parent=6621"}],"curies":[{"name":"wp","href":"https:\/\/api.w.org\/{rel}","templated":true}]}}