{"id":6624,"date":"2018-04-19T06:43:15","date_gmt":"2018-04-19T06:43:15","guid":{"rendered":"https:\/\/www.prinz.at\/unistar\/"},"modified":"2018-04-19T06:43:15","modified_gmt":"2018-04-19T06:43:15","slug":"unistar","status":"publish","type":"page","link":"https:\/\/www.prinz.at\/fr\/produits\/scies-pour-papier\/unistar\/","title":{"rendered":"UNISTAR"},"content":{"rendered":"<section class=\"wpb-content-wrapper\"><p>[vc_row ses_sub_title=\u00a0\u00bb<br \/>\n\u00a0\u00bb css=\u00a0\u00bb.vc_custom_1524121254197{margin-bottom: 0px !important;padding-bottom: 0px !important;}\u00a0\u00bb][vc_column width=\u00a0\u00bb1\/2&Prime;][vc_single_image image=\u00a0\u00bb4817&Prime; img_size=\u00a0\u00bbfull\u00a0\u00bb][\/vc_column][vc_column width=\u00a0\u00bb1\/2&Prime;][vc_column_text]La scie UNISTAR est une scie universelle parfaitement adapt\u00e9e pour r\u00e9pondre \u00e0 vos projest individuels.<\/p>\n<p>Syt\u00e8me de coupe \u00e0 descente hydraulique.[\/vc_column_text][\/vc_column][\/vc_row][vc_row ses_sub_title=\u00a0\u00bb<br \/>\n\u00a0\u00bb css=\u00a0\u00bb.vc_custom_1524121240526{padding-top: 0px !important;padding-bottom: 0px !important;}\u00a0\u00bb][vc_column][vc_column_text]<\/p>\n<h2>Donn\u00e9es techniques<\/h2>\n<table class=\"contenttable contenttable-0 product-description-table\">\n<tbody>\n<tr class=\"tr-even tr-0\">\n<td class=\"td-0\">Puissance:<\/td>\n<td class=\"td-last td-1\">15\u00a0kW<\/td>\n<\/tr>\n<tr class=\"tr-odd tr-1\">\n<td class=\"td-0\">Type de moteur:<\/td>\n<td class=\"td-last td-1\">\u00e9lectrique<\/td>\n<\/tr>\n<tr class=\"tr-odd tr-3\">\n<td class=\"td-0\">Diam\u00e8tre:<\/td>\n<td class=\"td-last td-1\">jusqu\u2019\u00e0\u00a01500 mm<\/td>\n<\/tr>\n<tr class=\"tr-odd tr-5\">\n<td class=\"td-0\">Descente de coupe:<\/td>\n<td class=\"td-last td-1\">hydraulique<\/td>\n<\/tr>\n<tr class=\"tr-even tr-6\">\n<td class=\"td-0\">Guidage de la coupe:<\/td>\n<td class=\"td-last td-1\">stabilisateur<\/td>\n<\/tr>\n<tr class=\"tr-odd tr-7\">\n<td class=\"td-0\">Type de scie:<\/td>\n<td class=\"td-last td-1\">scie stationnaire<\/td>\n<\/tr>\n<tr class=\"tr-even tr-8\">\n<td class=\"td-0\">Cha\u00eene de tron\u00e7onnage<\/td>\n<td class=\"td-last td-1\">DURACUT papier avec pastilles de carbure<\/td>\n<\/tr>\n<tr class=\"tr-even tr-9\">\n<td class=\"td-0\">Guide cha\u00eene:<\/td>\n<td class=\"td-last td-1\">en acier, avec surfaces de coupe renforc\u00e9es<\/td>\n<\/tr>\n<tr class=\"tr-even tr-10\">\n<td class=\"td-0\">Application:<\/td>\n<td class=\"td-last td-1\">mise \u00e0 longueur de bobines de papier<\/td>\n<\/tr>\n<\/tbody>\n<\/table>\n<h2><\/h2>\n<p>[\/vc_column_text][\/vc_column][\/vc_row][vc_row][vc_column][vc_gallery type=\u00a0\u00bbimage_grid\u00a0\u00bb images=\u00a0\u00bb4858,3346,3345,3348&Prime;][\/vc_column][\/vc_row]<\/p>\n<\/section>","protected":false},"excerpt":{"rendered":"<p>[vc_row ses_sub_title=\u00a0\u00bb \u00a0\u00bb css=\u00a0\u00bb.vc_custom_1524121254197{margin-bottom: 0px !important;padding-bottom: 0px !important;}\u00a0\u00bb][vc_column width=\u00a0\u00bb1\/2&Prime;][vc_single_image image=\u00a0\u00bb4817&Prime; img_size=\u00a0\u00bbfull\u00a0\u00bb][\/vc_column][vc_column width=\u00a0\u00bb1\/2&Prime;][vc_column_text]La scie UNISTAR est une scie universelle parfaitement adapt\u00e9e pour r\u00e9pondre \u00e0 vos projest individuels. Syt\u00e8me de coupe \u00e0 descente hydraulique.[\/vc_column_text][\/vc_column][\/vc_row][vc_row ses_sub_title=\u00a0\u00bb \u00a0\u00bb css=\u00a0\u00bb.vc_custom_1524121240526{padding-top: 0px !important;padding-bottom: 0px !important;}\u00a0\u00bb][vc_column][vc_column_text] Donn\u00e9es techniques Puissance: 15\u00a0kW Type de moteur: \u00e9lectrique Diam\u00e8tre: jusqu\u2019\u00e0\u00a01500 mm Descente de coupe: hydraulique Guidage [&hellip;]<\/p>\n","protected":false},"author":5,"featured_media":0,"parent":6602,"menu_order":0,"comment_status":"closed","ping_status":"closed","template":"","meta":[],"yoast_head":"<!-- This site is optimized with the Yoast SEO plugin v21.8.1 - https:\/\/yoast.com\/wordpress\/plugins\/seo\/ -->\n<title>UNISTAR - PRINZ<\/title>\n<meta name=\"robots\" content=\"index, follow, max-snippet:-1, max-image-preview:large, max-video-preview:-1\" \/>\n<link rel=\"canonical\" href=\"https:\/\/www.prinz.at\/unistar\/?lang=fr\" \/>\n<meta property=\"og:locale\" content=\"fr_FR\" \/>\n<meta property=\"og:type\" content=\"article\" \/>\n<meta property=\"og:title\" content=\"UNISTAR - PRINZ\" \/>\n<meta property=\"og:description\" content=\"[vc_row ses_sub_title=\u00a0\u00bb \u00a0\u00bb css=\u00a0\u00bb.vc_custom_1524121254197{margin-bottom: 0px !important;padding-bottom: 0px !important;}\u00a0\u00bb][vc_column width=\u00a0\u00bb1\/2&Prime;][vc_single_image image=\u00a0\u00bb4817&Prime; img_size=\u00a0\u00bbfull\u00a0\u00bb][\/vc_column][vc_column width=\u00a0\u00bb1\/2&Prime;][vc_column_text]La scie UNISTAR est une scie universelle parfaitement adapt\u00e9e pour r\u00e9pondre \u00e0 vos projest individuels. Syt\u00e8me de coupe \u00e0 descente hydraulique.[\/vc_column_text][\/vc_column][\/vc_row][vc_row ses_sub_title=\u00a0\u00bb \u00a0\u00bb css=\u00a0\u00bb.vc_custom_1524121240526{padding-top: 0px !important;padding-bottom: 0px !important;}\u00a0\u00bb][vc_column][vc_column_text] Donn\u00e9es techniques Puissance: 15\u00a0kW Type de moteur: \u00e9lectrique Diam\u00e8tre: jusqu\u2019\u00e0\u00a01500 mm Descente de coupe: hydraulique Guidage [&hellip;]\" \/>\n<meta property=\"og:url\" content=\"https:\/\/www.prinz.at\/unistar\/?lang=fr\" \/>\n<meta property=\"og:site_name\" content=\"PRINZ\" \/>\n<meta name=\"twitter:card\" content=\"summary_large_image\" \/>\n<meta name=\"twitter:label1\" content=\"Dur\u00e9e de lecture estim\u00e9e\" \/>\n\t<meta name=\"twitter:data1\" content=\"1 minute\" \/>\n<script type=\"application\/ld+json\" class=\"yoast-schema-graph\">{\"@context\":\"https:\/\/schema.org\",\"@graph\":[{\"@type\":\"WebPage\",\"@id\":\"https:\/\/www.prinz.at\/unistar\/?lang=fr\",\"url\":\"https:\/\/www.prinz.at\/unistar\/?lang=fr\",\"name\":\"UNISTAR - PRINZ\",\"isPartOf\":{\"@id\":\"https:\/\/www.prinz.at\/#website\"},\"datePublished\":\"2018-04-19T06:43:15+00:00\",\"dateModified\":\"2018-04-19T06:43:15+00:00\",\"breadcrumb\":{\"@id\":\"https:\/\/www.prinz.at\/unistar\/?lang=fr#breadcrumb\"},\"inLanguage\":\"fr-FR\",\"potentialAction\":[{\"@type\":\"ReadAction\",\"target\":[\"https:\/\/www.prinz.at\/unistar\/?lang=fr\"]}]},{\"@type\":\"BreadcrumbList\",\"@id\":\"https:\/\/www.prinz.at\/unistar\/?lang=fr#breadcrumb\",\"itemListElement\":[{\"@type\":\"ListItem\",\"position\":1,\"name\":\"Startseite\",\"item\":\"https:\/\/www.prinz.at\/fr\/\"},{\"@type\":\"ListItem\",\"position\":2,\"name\":\"UNISTAR\"}]},{\"@type\":\"WebSite\",\"@id\":\"https:\/\/www.prinz.at\/#website\",\"url\":\"https:\/\/www.prinz.at\/\",\"name\":\"PRINZ\",\"description\":\"\",\"potentialAction\":[{\"@type\":\"SearchAction\",\"target\":{\"@type\":\"EntryPoint\",\"urlTemplate\":\"https:\/\/www.prinz.at\/?s={search_term_string}\"},\"query-input\":\"required name=search_term_string\"}],\"inLanguage\":\"fr-FR\"}]}<\/script>\n<!-- \/ Yoast SEO plugin. -->","yoast_head_json":{"title":"UNISTAR - PRINZ","robots":{"index":"index","follow":"follow","max-snippet":"max-snippet:-1","max-image-preview":"max-image-preview:large","max-video-preview":"max-video-preview:-1"},"canonical":"https:\/\/www.prinz.at\/unistar\/?lang=fr","og_locale":"fr_FR","og_type":"article","og_title":"UNISTAR - PRINZ","og_description":"[vc_row ses_sub_title=\u00a0\u00bb \u00a0\u00bb css=\u00a0\u00bb.vc_custom_1524121254197{margin-bottom: 0px !important;padding-bottom: 0px !important;}\u00a0\u00bb][vc_column width=\u00a0\u00bb1\/2&Prime;][vc_single_image image=\u00a0\u00bb4817&Prime; img_size=\u00a0\u00bbfull\u00a0\u00bb][\/vc_column][vc_column width=\u00a0\u00bb1\/2&Prime;][vc_column_text]La scie UNISTAR est une scie universelle parfaitement adapt\u00e9e pour r\u00e9pondre \u00e0 vos projest individuels. Syt\u00e8me de coupe \u00e0 descente hydraulique.[\/vc_column_text][\/vc_column][\/vc_row][vc_row ses_sub_title=\u00a0\u00bb \u00a0\u00bb css=\u00a0\u00bb.vc_custom_1524121240526{padding-top: 0px !important;padding-bottom: 0px !important;}\u00a0\u00bb][vc_column][vc_column_text] Donn\u00e9es techniques Puissance: 15\u00a0kW Type de moteur: \u00e9lectrique Diam\u00e8tre: jusqu\u2019\u00e0\u00a01500 mm Descente de coupe: hydraulique Guidage [&hellip;]","og_url":"https:\/\/www.prinz.at\/unistar\/?lang=fr","og_site_name":"PRINZ","twitter_card":"summary_large_image","twitter_misc":{"Dur\u00e9e de lecture estim\u00e9e":"1 minute"},"schema":{"@context":"https:\/\/schema.org","@graph":[{"@type":"WebPage","@id":"https:\/\/www.prinz.at\/unistar\/?lang=fr","url":"https:\/\/www.prinz.at\/unistar\/?lang=fr","name":"UNISTAR - PRINZ","isPartOf":{"@id":"https:\/\/www.prinz.at\/#website"},"datePublished":"2018-04-19T06:43:15+00:00","dateModified":"2018-04-19T06:43:15+00:00","breadcrumb":{"@id":"https:\/\/www.prinz.at\/unistar\/?lang=fr#breadcrumb"},"inLanguage":"fr-FR","potentialAction":[{"@type":"ReadAction","target":["https:\/\/www.prinz.at\/unistar\/?lang=fr"]}]},{"@type":"BreadcrumbList","@id":"https:\/\/www.prinz.at\/unistar\/?lang=fr#breadcrumb","itemListElement":[{"@type":"ListItem","position":1,"name":"Startseite","item":"https:\/\/www.prinz.at\/fr\/"},{"@type":"ListItem","position":2,"name":"UNISTAR"}]},{"@type":"WebSite","@id":"https:\/\/www.prinz.at\/#website","url":"https:\/\/www.prinz.at\/","name":"PRINZ","description":"","potentialAction":[{"@type":"SearchAction","target":{"@type":"EntryPoint","urlTemplate":"https:\/\/www.prinz.at\/?s={search_term_string}"},"query-input":"required name=search_term_string"}],"inLanguage":"fr-FR"}]}},"_links":{"self":[{"href":"https:\/\/www.prinz.at\/fr\/wp-json\/wp\/v2\/pages\/6624"}],"collection":[{"href":"https:\/\/www.prinz.at\/fr\/wp-json\/wp\/v2\/pages"}],"about":[{"href":"https:\/\/www.prinz.at\/fr\/wp-json\/wp\/v2\/types\/page"}],"author":[{"embeddable":true,"href":"https:\/\/www.prinz.at\/fr\/wp-json\/wp\/v2\/users\/5"}],"replies":[{"embeddable":true,"href":"https:\/\/www.prinz.at\/fr\/wp-json\/wp\/v2\/comments?post=6624"}],"version-history":[{"count":0,"href":"https:\/\/www.prinz.at\/fr\/wp-json\/wp\/v2\/pages\/6624\/revisions"}],"up":[{"embeddable":true,"href":"https:\/\/www.prinz.at\/fr\/wp-json\/wp\/v2\/pages\/6602"}],"wp:attachment":[{"href":"https:\/\/www.prinz.at\/fr\/wp-json\/wp\/v2\/media?parent=6624"}],"curies":[{"name":"wp","href":"https:\/\/api.w.org\/{rel}","templated":true}]}}