{"id":6632,"date":"2022-09-27T05:51:27","date_gmt":"2022-09-27T05:51:27","guid":{"rendered":"https:\/\/www.prinz.at\/cutstar-11-kw\/"},"modified":"2022-09-27T05:51:27","modified_gmt":"2022-09-27T05:51:27","slug":"cutstar-11-kw","status":"publish","type":"page","link":"https:\/\/www.prinz.at\/fr\/produits\/scies-pour-le-bois\/smart-solutions\/cutstar-11-kw\/","title":{"rendered":"CUTSTAR &#8211; 11 KW"},"content":{"rendered":"<section class=\"wpb-content-wrapper\"><p>[vc_row ses_sub_title=\u00a0\u00bb<br \/>\n\u00a0\u00bb css=\u00a0\u00bb.vc_custom_1490183673785{margin-top: 10px !important;padding-top: 10px !important;}\u00a0\u00bb][vc_column][vc_row_inner css=\u00a0\u00bb.vc_custom_1435578983865{padding-bottom: 0px !important;}\u00a0\u00bb][vc_column_inner width=\u00a0\u00bb1\/2&Prime;][vc_single_image image=\u00a0\u00bb5889&Prime; img_size=\u00a0\u00bbfull\u00a0\u00bb][\/vc_column_inner][vc_column_inner width=\u00a0\u00bb1\/2&Prime;][vc_column_text]La CUTSTAR \u2013 11 kW a \u00e9t\u00e9 d\u00e9velopp\u00e9e pour une d\u00e9coupe pr\u00e9cise et \u00e9conomique de paquets jusqu&rsquo;\u00e0 6 m de longueur. L&rsquo;unit\u00e9 de coupe \u00e0 descente parall\u00e8le r\u00e9pond aux exigences les plus \u00e9lev\u00e9es en mati\u00e8re de pr\u00e9cision de coupe et la conception compacte permet une installation peu encombrante.<\/p>\n<ul>\n<li>Moteur de coupe de 11 kW<\/li>\n<li>Avance \u00e9lectrique de la coupe<\/li>\n<li>Pour paquets jusqu\u2019\u00e0 600 x 120 x 120 cm (L x l x h)<\/li>\n<li>Cycle de coupe individuel<\/li>\n<li>Positionnement automatique de la scie ou par \u00e9cran tactile<\/li>\n<li>10 longueurs de coupe enregistrables<\/li>\n<li>B\u00e2ti de chargement pour paquet renforc\u00e9<\/li>\n<li>Fixation automatique de l\u2019unit\u00e9 de coupe au b\u00e2ti pour paquet<\/li>\n<li>Installation simple et mise en service possible sous 2 jours<\/li>\n<\/ul>\n<p>[\/vc_column_text][\/vc_column_inner][\/vc_row_inner][\/vc_column][\/vc_row][vc_row css=\u00a0\u00bb.vc_custom_1435578920528{margin-bottom: 10px !important;padding-top: 0px !important;padding-bottom: 10px !important;}\u00a0\u00bb][vc_column][vc_column_text]<\/p>\n<h2>Donn\u00e9es techniques<\/h2>\n<table class=\"contenttable contenttable-0 product-description-table\">\n<tbody>\n<tr class=\"tr-even tr-0\">\n<td class=\"td-0\">Puissance\u00a0 moteur de coupe:<\/td>\n<td class=\"td-last td-1\">11 kW<\/td>\n<\/tr>\n<tr class=\"tr-odd tr-1\">\n<td class=\"td-0\">Entrainement pour moteur:<\/td>\n<td class=\"td-last td-1\">\u00e9lectrique<\/td>\n<\/tr>\n<tr class=\"tr-odd tr-3\">\n<td class=\"td-0\">Dimensions standard pour paquet:<\/td>\n<td class=\"td-last td-1\">120 x 120 cm<\/td>\n<\/tr>\n<tr class=\"tr-odd tr-5\">\n<td class=\"td-0\">Avance de la coupe:<\/td>\n<td class=\"td-last td-1\">r\u00e9glable en continu (en fonction du courant du moteur ou r\u00e9glable en continu par potentiom\u00e8tre)<\/td>\n<\/tr>\n<tr class=\"tr-even tr-6\">\n<td class=\"td-0\">Guidage de la coupe:<\/td>\n<td class=\"td-last td-1\">de chaque c\u00f4t\u00e9 du guide<\/td>\n<\/tr>\n<tr class=\"tr-odd tr-7\">\n<td class=\"td-0\">Sens de la coupe:<\/td>\n<td class=\"td-last td-1\">de haut en bas<\/td>\n<\/tr>\n<tr class=\"tr-odd tr-7\">\n<td class=\"td-0\">Type de scie:<\/td>\n<td class=\"td-last td-1\">paquet fixe sur le b\u00e2ti\/ scie se d\u00e9place \u00e0 la position de coupe<\/td>\n<\/tr>\n<tr class=\"tr-even tr-8\">\n<td class=\"td-0\">Type de cha\u00eene:<\/td>\n<td class=\"td-last td-1\">\u00e0 dents droites\/ avec pastilles carbure<\/td>\n<\/tr>\n<tr class=\"tr-odd tr-9\">\n<td class=\"td-0\">Type de guide cha\u00eene:<\/td>\n<td class=\"td-last td-1\">acier massif, avec faces de coupe renforc\u00e9es<\/td>\n<\/tr>\n<tr class=\"tr-even tr-12\">\n<td class=\"td-0\">Affichage num\u00e9rique de la longueur de coupe:<\/td>\n<td class=\"td-last td-1\">compris<\/td>\n<\/tr>\n<tr class=\"tr-odd tr-13\">\n<td class=\"td-0\">Commande:<\/td>\n<td class=\"td-last td-1\">cycle de coupe individuel<\/td>\n<\/tr>\n<tr class=\"tr-even tr-14\">\n<td class=\"td-0\">Champs d\u2019application:<\/td>\n<td class=\"td-last td-1\">processus de coupe par cycle avec grande pr\u00e9cision de coupe<\/td>\n<\/tr>\n<tr class=\"tr-odd tr-15\">\n<td class=\"td-0\">Options:<\/td>\n<td class=\"td-last td-1\">plaqueur pneumatique<\/td>\n<\/tr>\n<tr class=\"tr-even tr-16\">\n<td class=\"td-0\"><\/td>\n<td class=\"td-last td-1\">soul\u00e8vement du paquet<\/td>\n<\/tr>\n<tr class=\"tr-odd tr-17\">\n<td class=\"td-0\"><\/td>\n<td class=\"td-last td-1\">trait laser pour affichage du trait de coupe<\/td>\n<\/tr>\n<tr class=\"tr-even tr-18\">\n<td class=\"td-0\"><\/td>\n<td class=\"td-last td-1\">rideaux de s\u00e9curit\u00e9<\/td>\n<\/tr>\n<tr class=\"tr-odd tr-19\">\n<td class=\"td-0\"><\/td>\n<td class=\"td-last td-1\">t\u00e9l\u00e9maintenance<\/td>\n<\/tr>\n<tr class=\"tr-odd tr-20\">\n<td class=\"td-0\"><\/td>\n<td class=\"td-last td-1\">syst\u00e8mes d\u2019\u00e9vacuation des chutes<\/td>\n<\/tr>\n<tr class=\"tr-odd tr-21\">\n<td class=\"td-0\"><\/td>\n<td class=\"td-last td-1\">b\u00e2ti avec grilles de protection<\/td>\n<\/tr>\n<tr class=\"tr-odd tr-22\">\n<td class=\"td-0\"><\/td>\n<td class=\"td-last td-1\">sortie pour contacteur 3 kW<\/td>\n<\/tr>\n<tr class=\"tr-even tr-last\">\n<td class=\"td-0\"><\/td>\n<td class=\"td-last td-1\">couleur individuelle de peinture<\/td>\n<\/tr>\n<\/tbody>\n<\/table>\n<p>[\/vc_column_text][\/vc_column][\/vc_row][vc_row css=\u00a0\u00bb.vc_custom_1434615134546{margin-top: 30px !important;padding-top: 30px !important;}\u00a0\u00bb][vc_column][vc_gallery type=\u00a0\u00bbimage_grid\u00a0\u00bb images=\u00a0\u00bb5895,5902,5893,5894,5892,5896&Prime;][\/vc_column][\/vc_row]<\/p>\n<\/section>","protected":false},"excerpt":{"rendered":"<p>[vc_row ses_sub_title=\u00a0\u00bb \u00a0\u00bb css=\u00a0\u00bb.vc_custom_1490183673785{margin-top: 10px !important;padding-top: 10px !important;}\u00a0\u00bb][vc_column][vc_row_inner css=\u00a0\u00bb.vc_custom_1435578983865{padding-bottom: 0px !important;}\u00a0\u00bb][vc_column_inner width=\u00a0\u00bb1\/2&Prime;][vc_single_image image=\u00a0\u00bb5889&Prime; img_size=\u00a0\u00bbfull\u00a0\u00bb][\/vc_column_inner][vc_column_inner width=\u00a0\u00bb1\/2&Prime;][vc_column_text]La CUTSTAR \u2013 11 kW a \u00e9t\u00e9 d\u00e9velopp\u00e9e pour une d\u00e9coupe pr\u00e9cise et \u00e9conomique de paquets jusqu&rsquo;\u00e0 6 m de longueur. L&rsquo;unit\u00e9 de coupe \u00e0 descente parall\u00e8le r\u00e9pond aux exigences les plus \u00e9lev\u00e9es en mati\u00e8re de pr\u00e9cision de coupe et la [&hellip;]<\/p>\n","protected":false},"author":5,"featured_media":0,"parent":6635,"menu_order":0,"comment_status":"closed","ping_status":"closed","template":"","meta":[],"yoast_head":"<!-- This site is optimized with the Yoast SEO plugin v21.8.1 - https:\/\/yoast.com\/wordpress\/plugins\/seo\/ -->\n<title>CUTSTAR - 11 KW - PRINZ<\/title>\n<meta name=\"robots\" content=\"index, follow, max-snippet:-1, max-image-preview:large, max-video-preview:-1\" \/>\n<link rel=\"canonical\" href=\"https:\/\/www.prinz.at\/cutstar-11-kw\/?lang=fr\" \/>\n<meta property=\"og:locale\" content=\"fr_FR\" \/>\n<meta property=\"og:type\" content=\"article\" \/>\n<meta property=\"og:title\" content=\"CUTSTAR - 11 KW - PRINZ\" \/>\n<meta property=\"og:description\" content=\"[vc_row ses_sub_title=\u00a0\u00bb \u00a0\u00bb css=\u00a0\u00bb.vc_custom_1490183673785{margin-top: 10px !important;padding-top: 10px !important;}\u00a0\u00bb][vc_column][vc_row_inner css=\u00a0\u00bb.vc_custom_1435578983865{padding-bottom: 0px !important;}\u00a0\u00bb][vc_column_inner width=\u00a0\u00bb1\/2&Prime;][vc_single_image image=\u00a0\u00bb5889&Prime; img_size=\u00a0\u00bbfull\u00a0\u00bb][\/vc_column_inner][vc_column_inner width=\u00a0\u00bb1\/2&Prime;][vc_column_text]La CUTSTAR \u2013 11 kW a \u00e9t\u00e9 d\u00e9velopp\u00e9e pour une d\u00e9coupe pr\u00e9cise et \u00e9conomique de paquets jusqu&rsquo;\u00e0 6 m de longueur. L&rsquo;unit\u00e9 de coupe \u00e0 descente parall\u00e8le r\u00e9pond aux exigences les plus \u00e9lev\u00e9es en mati\u00e8re de pr\u00e9cision de coupe et la [&hellip;]\" \/>\n<meta property=\"og:url\" content=\"https:\/\/www.prinz.at\/cutstar-11-kw\/?lang=fr\" \/>\n<meta property=\"og:site_name\" content=\"PRINZ\" \/>\n<meta name=\"twitter:card\" content=\"summary_large_image\" \/>\n<meta name=\"twitter:label1\" content=\"Dur\u00e9e de lecture estim\u00e9e\" \/>\n\t<meta name=\"twitter:data1\" content=\"2 minutes\" \/>\n<script type=\"application\/ld+json\" class=\"yoast-schema-graph\">{\"@context\":\"https:\/\/schema.org\",\"@graph\":[{\"@type\":\"WebPage\",\"@id\":\"https:\/\/www.prinz.at\/cutstar-11-kw\/?lang=fr\",\"url\":\"https:\/\/www.prinz.at\/cutstar-11-kw\/?lang=fr\",\"name\":\"CUTSTAR - 11 KW - PRINZ\",\"isPartOf\":{\"@id\":\"https:\/\/www.prinz.at\/#website\"},\"datePublished\":\"2022-09-27T05:51:27+00:00\",\"dateModified\":\"2022-09-27T05:51:27+00:00\",\"breadcrumb\":{\"@id\":\"https:\/\/www.prinz.at\/cutstar-11-kw\/?lang=fr#breadcrumb\"},\"inLanguage\":\"fr-FR\",\"potentialAction\":[{\"@type\":\"ReadAction\",\"target\":[\"https:\/\/www.prinz.at\/cutstar-11-kw\/?lang=fr\"]}]},{\"@type\":\"BreadcrumbList\",\"@id\":\"https:\/\/www.prinz.at\/cutstar-11-kw\/?lang=fr#breadcrumb\",\"itemListElement\":[{\"@type\":\"ListItem\",\"position\":1,\"name\":\"Startseite\",\"item\":\"https:\/\/www.prinz.at\/fr\/\"},{\"@type\":\"ListItem\",\"position\":2,\"name\":\"CUTSTAR &#8211; 11 KW\"}]},{\"@type\":\"WebSite\",\"@id\":\"https:\/\/www.prinz.at\/#website\",\"url\":\"https:\/\/www.prinz.at\/\",\"name\":\"PRINZ\",\"description\":\"\",\"potentialAction\":[{\"@type\":\"SearchAction\",\"target\":{\"@type\":\"EntryPoint\",\"urlTemplate\":\"https:\/\/www.prinz.at\/?s={search_term_string}\"},\"query-input\":\"required name=search_term_string\"}],\"inLanguage\":\"fr-FR\"}]}<\/script>\n<!-- \/ Yoast SEO plugin. -->","yoast_head_json":{"title":"CUTSTAR - 11 KW - PRINZ","robots":{"index":"index","follow":"follow","max-snippet":"max-snippet:-1","max-image-preview":"max-image-preview:large","max-video-preview":"max-video-preview:-1"},"canonical":"https:\/\/www.prinz.at\/cutstar-11-kw\/?lang=fr","og_locale":"fr_FR","og_type":"article","og_title":"CUTSTAR - 11 KW - PRINZ","og_description":"[vc_row ses_sub_title=\u00a0\u00bb \u00a0\u00bb css=\u00a0\u00bb.vc_custom_1490183673785{margin-top: 10px !important;padding-top: 10px !important;}\u00a0\u00bb][vc_column][vc_row_inner css=\u00a0\u00bb.vc_custom_1435578983865{padding-bottom: 0px !important;}\u00a0\u00bb][vc_column_inner width=\u00a0\u00bb1\/2&Prime;][vc_single_image image=\u00a0\u00bb5889&Prime; img_size=\u00a0\u00bbfull\u00a0\u00bb][\/vc_column_inner][vc_column_inner width=\u00a0\u00bb1\/2&Prime;][vc_column_text]La CUTSTAR \u2013 11 kW a \u00e9t\u00e9 d\u00e9velopp\u00e9e pour une d\u00e9coupe pr\u00e9cise et \u00e9conomique de paquets jusqu&rsquo;\u00e0 6 m de longueur. L&rsquo;unit\u00e9 de coupe \u00e0 descente parall\u00e8le r\u00e9pond aux exigences les plus \u00e9lev\u00e9es en mati\u00e8re de pr\u00e9cision de coupe et la [&hellip;]","og_url":"https:\/\/www.prinz.at\/cutstar-11-kw\/?lang=fr","og_site_name":"PRINZ","twitter_card":"summary_large_image","twitter_misc":{"Dur\u00e9e de lecture estim\u00e9e":"2 minutes"},"schema":{"@context":"https:\/\/schema.org","@graph":[{"@type":"WebPage","@id":"https:\/\/www.prinz.at\/cutstar-11-kw\/?lang=fr","url":"https:\/\/www.prinz.at\/cutstar-11-kw\/?lang=fr","name":"CUTSTAR - 11 KW - PRINZ","isPartOf":{"@id":"https:\/\/www.prinz.at\/#website"},"datePublished":"2022-09-27T05:51:27+00:00","dateModified":"2022-09-27T05:51:27+00:00","breadcrumb":{"@id":"https:\/\/www.prinz.at\/cutstar-11-kw\/?lang=fr#breadcrumb"},"inLanguage":"fr-FR","potentialAction":[{"@type":"ReadAction","target":["https:\/\/www.prinz.at\/cutstar-11-kw\/?lang=fr"]}]},{"@type":"BreadcrumbList","@id":"https:\/\/www.prinz.at\/cutstar-11-kw\/?lang=fr#breadcrumb","itemListElement":[{"@type":"ListItem","position":1,"name":"Startseite","item":"https:\/\/www.prinz.at\/fr\/"},{"@type":"ListItem","position":2,"name":"CUTSTAR &#8211; 11 KW"}]},{"@type":"WebSite","@id":"https:\/\/www.prinz.at\/#website","url":"https:\/\/www.prinz.at\/","name":"PRINZ","description":"","potentialAction":[{"@type":"SearchAction","target":{"@type":"EntryPoint","urlTemplate":"https:\/\/www.prinz.at\/?s={search_term_string}"},"query-input":"required name=search_term_string"}],"inLanguage":"fr-FR"}]}},"_links":{"self":[{"href":"https:\/\/www.prinz.at\/fr\/wp-json\/wp\/v2\/pages\/6632"}],"collection":[{"href":"https:\/\/www.prinz.at\/fr\/wp-json\/wp\/v2\/pages"}],"about":[{"href":"https:\/\/www.prinz.at\/fr\/wp-json\/wp\/v2\/types\/page"}],"author":[{"embeddable":true,"href":"https:\/\/www.prinz.at\/fr\/wp-json\/wp\/v2\/users\/5"}],"replies":[{"embeddable":true,"href":"https:\/\/www.prinz.at\/fr\/wp-json\/wp\/v2\/comments?post=6632"}],"version-history":[{"count":0,"href":"https:\/\/www.prinz.at\/fr\/wp-json\/wp\/v2\/pages\/6632\/revisions"}],"up":[{"embeddable":true,"href":"https:\/\/www.prinz.at\/fr\/wp-json\/wp\/v2\/pages\/6635"}],"wp:attachment":[{"href":"https:\/\/www.prinz.at\/fr\/wp-json\/wp\/v2\/media?parent=6632"}],"curies":[{"name":"wp","href":"https:\/\/api.w.org\/{rel}","templated":true}]}}