{"id":6639,"date":"2022-10-09T15:17:05","date_gmt":"2022-10-09T15:17:05","guid":{"rendered":"https:\/\/www.prinz.at\/mobilcut-top-line\/"},"modified":"2022-10-09T15:17:05","modified_gmt":"2022-10-09T15:17:05","slug":"mobilcut-top-line","status":"publish","type":"page","link":"https:\/\/www.prinz.at\/fr\/produits\/scies-pour-le-bois\/scies-a-paquets-descente-de-coupe-sur-arceau\/mobilcut-top-line\/","title":{"rendered":"MOBILCUT TOP LINE"},"content":{"rendered":"<section class=\"wpb-content-wrapper\"><p>[vc_row][vc_column width=\u00a0\u00bb1\/2&Prime;][vc_single_image image=\u00a0\u00bb5536&Prime; img_size=\u00a0\u00bbfull\u00a0\u00bb alignment=\u00a0\u00bbcenter\u00a0\u00bb][\/vc_column][vc_column width=\u00a0\u00bb1\/2&Prime;][vc_column_text]La\u00a0<strong>MOBILCUT\u00a0TOP LINE<\/strong>\u00a0offre un grand confort de travail, le positionnement de la scie se fait automatiquement \u00a0par un entrainement \u00e9lectrique.<\/p>\n<p>Un maximum de confort de travail et une haute performance:<\/p>\n<ul>\n<li>moteur de coupe de 11 kW<\/li>\n<li>arceau de guidage tr\u00e8s robuste<\/li>\n<li>facile mise \u00e0 longueur de paquets jusqu\u2019\u00e0 6m, 130x130cm (largeur x hauteur)<\/li>\n<li>encombrement au sol r\u00e9duit avec seulement\u00a08,5\u00a0m<\/li>\n<li>guidage sur arceau pour une pr\u00e9cision de coupe de \u00b12 mm<\/li>\n<li>syst\u00e8me \u00e9lectrique de descente et remont\u00e9e du guide, actionnement par joystick<\/li>\n<li>afficheur de la position de coupe inclus<\/li>\n<\/ul>\n<p>[\/vc_column_text][\/vc_column][\/vc_row][vc_row css=\u00a0\u00bb.vc_custom_1435578920528{margin-bottom: 10px !important;padding-top: 0px !important;padding-bottom: 10px !important;}\u00a0\u00bb][vc_column][vc_column_text]<\/p>\n<h2>Donn\u00e9es techniques<\/h2>\n<table class=\"contenttable contenttable-0 product-description-table\">\n<tbody>\n<tr class=\"tr-even tr-0\">\n<td class=\"td-0\">Puissance moteur:<\/td>\n<td class=\"td-last td-1\">11 kW<\/td>\n<\/tr>\n<tr class=\"tr-even tr-2\">\n<td class=\"td-0\">Pr\u00e9cision de coupe:<\/td>\n<td class=\"td-last td-1\">\u00b12 mm<\/td>\n<\/tr>\n<tr class=\"tr-odd tr-3\">\n<td class=\"td-0\">Dimensions standard des paquets (largeur x hauteur):<\/td>\n<td class=\"td-last td-1\">130 x 130 cm<\/td>\n<\/tr>\n<tr class=\"tr-odd tr-5\">\n<td class=\"td-0\">Syst\u00e8me de coupe:<\/td>\n<td class=\"td-last td-1\">\u00e9lectrique<\/td>\n<\/tr>\n<tr class=\"tr-even tr-6\">\n<td class=\"td-0\">Guidage de la coupe:<\/td>\n<td class=\"td-last td-1\">sur arceau massif<\/td>\n<\/tr>\n<tr class=\"tr-odd tr-7\">\n<td class=\"td-0\">Type de scie:<\/td>\n<td class=\"td-last td-1\">scie mobile \/ paquet fixe<\/td>\n<\/tr>\n<tr class=\"tr-even tr-8\">\n<td class=\"td-0\">Types de cha\u00eene:<\/td>\n<td class=\"td-last td-1\">\u00e0 dents droites \/ au carbure<\/td>\n<\/tr>\n<tr class=\"tr-odd tr-9\">\n<td class=\"td-0\">Guide cha\u00eene:<\/td>\n<td class=\"td-last td-1\">en acier, rapports renforc\u00e9s<\/td>\n<\/tr>\n<tr class=\"tr-odd tr-11\">\n<td class=\"td-0\">Performance de coupe:<\/td>\n<td class=\"td-last td-1\">1,8 min\/m\u00b2<\/td>\n<\/tr>\n<tr class=\"tr-even tr-12\">\n<td class=\"td-0\"><strong>D\u00e9placement paquet\/scie:<\/strong><\/td>\n<td class=\"td-last td-1\"><b><strong>positionnement\u00a0<\/strong>\u00e9lectrique avec syst\u00e8me de mesurage (huit\u00a0longueurs programmables)<\/b><\/td>\n<\/tr>\n<tr class=\"tr-odd tr-13\">\n<td class=\"td-0\">Champs d\u2019application:<\/td>\n<td class=\"td-last td-1\">mise \u00e0 longueur de paquets jusqu\u2019\u00e0 6m avec une pr\u00e9cision de coupe de \u00b12 mm avec un faible encombrement<\/td>\n<\/tr>\n<tr class=\"tr-odd tr-13\">\n<td class=\"td-0\">Syt\u00e9me de mesurage:<\/td>\n<td class=\"td-last td-1\">inclus<\/td>\n<\/tr>\n<tr class=\"tr-odd tr-15\">\n<td class=\"td-0\">Options:<\/td>\n<td class=\"td-last td-1\">\n<ul>\n<li>trait laser<\/li>\n<li>transport pour \u00e9vacuation des r\u00e9sidus<\/li>\n<li>bac de r\u00e9cup\u00e9ration des chutes<\/li>\n<li>bouche pour aspiration<\/li>\n<li>plaqueur<\/li>\n<li>soul\u00e8vement pneumatique du paquet<\/li>\n<li>syst\u00e8me d\u2019aspiration<\/li>\n<li>banc de chargement 160cm<\/li>\n<li>alimentation par cha\u00eene porte- c\u00e2bles<\/li>\n<li>commande \u00e9galement du c\u00f4t\u00e9 chargement<\/li>\n<li><\/li>\n<\/ul>\n<\/td>\n<\/tr>\n<\/tbody>\n<\/table>\n<p>[\/vc_column_text][\/vc_column][\/vc_row][vc_row][vc_column][vc_gallery type=\u00a0\u00bbimage_grid\u00a0\u00bb images=\u00a0\u00bb5589,5550,5552,5551,5879,5878,5877,5876&Prime;][\/vc_column][\/vc_row]<\/p>\n<\/section>","protected":false},"excerpt":{"rendered":"<p>[vc_row][vc_column width=\u00a0\u00bb1\/2&Prime;][vc_single_image image=\u00a0\u00bb5536&Prime; img_size=\u00a0\u00bbfull\u00a0\u00bb alignment=\u00a0\u00bbcenter\u00a0\u00bb][\/vc_column][vc_column width=\u00a0\u00bb1\/2&Prime;][vc_column_text]La\u00a0MOBILCUT\u00a0TOP LINE\u00a0offre un grand confort de travail, le positionnement de la scie se fait automatiquement \u00a0par un entrainement \u00e9lectrique. Un maximum de confort de travail et une haute performance: moteur de coupe de 11 kW arceau de guidage tr\u00e8s robuste facile mise \u00e0 longueur de paquets jusqu\u2019\u00e0 6m, 130x130cm (largeur [&hellip;]<\/p>\n","protected":false},"author":5,"featured_media":0,"parent":6413,"menu_order":0,"comment_status":"closed","ping_status":"closed","template":"","meta":[],"yoast_head":"<!-- This site is optimized with the Yoast SEO plugin v21.8.1 - https:\/\/yoast.com\/wordpress\/plugins\/seo\/ -->\n<title>MOBILCUT TOP LINE - PRINZ<\/title>\n<meta name=\"robots\" content=\"index, follow, max-snippet:-1, max-image-preview:large, max-video-preview:-1\" \/>\n<link rel=\"canonical\" href=\"https:\/\/www.prinz.at\/mobilcut-top-line\/?lang=fr\" \/>\n<meta property=\"og:locale\" content=\"fr_FR\" \/>\n<meta property=\"og:type\" content=\"article\" \/>\n<meta property=\"og:title\" content=\"MOBILCUT TOP LINE - PRINZ\" \/>\n<meta property=\"og:description\" content=\"[vc_row][vc_column width=\u00a0\u00bb1\/2&Prime;][vc_single_image image=\u00a0\u00bb5536&Prime; img_size=\u00a0\u00bbfull\u00a0\u00bb alignment=\u00a0\u00bbcenter\u00a0\u00bb][\/vc_column][vc_column width=\u00a0\u00bb1\/2&Prime;][vc_column_text]La\u00a0MOBILCUT\u00a0TOP LINE\u00a0offre un grand confort de travail, le positionnement de la scie se fait automatiquement \u00a0par un entrainement \u00e9lectrique. Un maximum de confort de travail et une haute performance: moteur de coupe de 11 kW arceau de guidage tr\u00e8s robuste facile mise \u00e0 longueur de paquets jusqu\u2019\u00e0 6m, 130x130cm (largeur [&hellip;]\" \/>\n<meta property=\"og:url\" content=\"https:\/\/www.prinz.at\/mobilcut-top-line\/?lang=fr\" \/>\n<meta property=\"og:site_name\" content=\"PRINZ\" \/>\n<meta name=\"twitter:card\" content=\"summary_large_image\" \/>\n<meta name=\"twitter:label1\" content=\"Dur\u00e9e de lecture estim\u00e9e\" \/>\n\t<meta name=\"twitter:data1\" content=\"2 minutes\" \/>\n<script type=\"application\/ld+json\" class=\"yoast-schema-graph\">{\"@context\":\"https:\/\/schema.org\",\"@graph\":[{\"@type\":\"WebPage\",\"@id\":\"https:\/\/www.prinz.at\/mobilcut-top-line\/?lang=fr\",\"url\":\"https:\/\/www.prinz.at\/mobilcut-top-line\/?lang=fr\",\"name\":\"MOBILCUT TOP LINE - PRINZ\",\"isPartOf\":{\"@id\":\"https:\/\/www.prinz.at\/#website\"},\"datePublished\":\"2022-10-09T15:17:05+00:00\",\"dateModified\":\"2022-10-09T15:17:05+00:00\",\"breadcrumb\":{\"@id\":\"https:\/\/www.prinz.at\/mobilcut-top-line\/?lang=fr#breadcrumb\"},\"inLanguage\":\"fr-FR\",\"potentialAction\":[{\"@type\":\"ReadAction\",\"target\":[\"https:\/\/www.prinz.at\/mobilcut-top-line\/?lang=fr\"]}]},{\"@type\":\"BreadcrumbList\",\"@id\":\"https:\/\/www.prinz.at\/mobilcut-top-line\/?lang=fr#breadcrumb\",\"itemListElement\":[{\"@type\":\"ListItem\",\"position\":1,\"name\":\"Startseite\",\"item\":\"https:\/\/www.prinz.at\/fr\/\"},{\"@type\":\"ListItem\",\"position\":2,\"name\":\"MOBILCUT TOP LINE\"}]},{\"@type\":\"WebSite\",\"@id\":\"https:\/\/www.prinz.at\/#website\",\"url\":\"https:\/\/www.prinz.at\/\",\"name\":\"PRINZ\",\"description\":\"\",\"potentialAction\":[{\"@type\":\"SearchAction\",\"target\":{\"@type\":\"EntryPoint\",\"urlTemplate\":\"https:\/\/www.prinz.at\/?s={search_term_string}\"},\"query-input\":\"required name=search_term_string\"}],\"inLanguage\":\"fr-FR\"}]}<\/script>\n<!-- \/ Yoast SEO plugin. -->","yoast_head_json":{"title":"MOBILCUT TOP LINE - PRINZ","robots":{"index":"index","follow":"follow","max-snippet":"max-snippet:-1","max-image-preview":"max-image-preview:large","max-video-preview":"max-video-preview:-1"},"canonical":"https:\/\/www.prinz.at\/mobilcut-top-line\/?lang=fr","og_locale":"fr_FR","og_type":"article","og_title":"MOBILCUT TOP LINE - PRINZ","og_description":"[vc_row][vc_column width=\u00a0\u00bb1\/2&Prime;][vc_single_image image=\u00a0\u00bb5536&Prime; img_size=\u00a0\u00bbfull\u00a0\u00bb alignment=\u00a0\u00bbcenter\u00a0\u00bb][\/vc_column][vc_column width=\u00a0\u00bb1\/2&Prime;][vc_column_text]La\u00a0MOBILCUT\u00a0TOP LINE\u00a0offre un grand confort de travail, le positionnement de la scie se fait automatiquement \u00a0par un entrainement \u00e9lectrique. Un maximum de confort de travail et une haute performance: moteur de coupe de 11 kW arceau de guidage tr\u00e8s robuste facile mise \u00e0 longueur de paquets jusqu\u2019\u00e0 6m, 130x130cm (largeur [&hellip;]","og_url":"https:\/\/www.prinz.at\/mobilcut-top-line\/?lang=fr","og_site_name":"PRINZ","twitter_card":"summary_large_image","twitter_misc":{"Dur\u00e9e de lecture estim\u00e9e":"2 minutes"},"schema":{"@context":"https:\/\/schema.org","@graph":[{"@type":"WebPage","@id":"https:\/\/www.prinz.at\/mobilcut-top-line\/?lang=fr","url":"https:\/\/www.prinz.at\/mobilcut-top-line\/?lang=fr","name":"MOBILCUT TOP LINE - PRINZ","isPartOf":{"@id":"https:\/\/www.prinz.at\/#website"},"datePublished":"2022-10-09T15:17:05+00:00","dateModified":"2022-10-09T15:17:05+00:00","breadcrumb":{"@id":"https:\/\/www.prinz.at\/mobilcut-top-line\/?lang=fr#breadcrumb"},"inLanguage":"fr-FR","potentialAction":[{"@type":"ReadAction","target":["https:\/\/www.prinz.at\/mobilcut-top-line\/?lang=fr"]}]},{"@type":"BreadcrumbList","@id":"https:\/\/www.prinz.at\/mobilcut-top-line\/?lang=fr#breadcrumb","itemListElement":[{"@type":"ListItem","position":1,"name":"Startseite","item":"https:\/\/www.prinz.at\/fr\/"},{"@type":"ListItem","position":2,"name":"MOBILCUT TOP LINE"}]},{"@type":"WebSite","@id":"https:\/\/www.prinz.at\/#website","url":"https:\/\/www.prinz.at\/","name":"PRINZ","description":"","potentialAction":[{"@type":"SearchAction","target":{"@type":"EntryPoint","urlTemplate":"https:\/\/www.prinz.at\/?s={search_term_string}"},"query-input":"required name=search_term_string"}],"inLanguage":"fr-FR"}]}},"_links":{"self":[{"href":"https:\/\/www.prinz.at\/fr\/wp-json\/wp\/v2\/pages\/6639"}],"collection":[{"href":"https:\/\/www.prinz.at\/fr\/wp-json\/wp\/v2\/pages"}],"about":[{"href":"https:\/\/www.prinz.at\/fr\/wp-json\/wp\/v2\/types\/page"}],"author":[{"embeddable":true,"href":"https:\/\/www.prinz.at\/fr\/wp-json\/wp\/v2\/users\/5"}],"replies":[{"embeddable":true,"href":"https:\/\/www.prinz.at\/fr\/wp-json\/wp\/v2\/comments?post=6639"}],"version-history":[{"count":0,"href":"https:\/\/www.prinz.at\/fr\/wp-json\/wp\/v2\/pages\/6639\/revisions"}],"up":[{"embeddable":true,"href":"https:\/\/www.prinz.at\/fr\/wp-json\/wp\/v2\/pages\/6413"}],"wp:attachment":[{"href":"https:\/\/www.prinz.at\/fr\/wp-json\/wp\/v2\/media?parent=6639"}],"curies":[{"name":"wp","href":"https:\/\/api.w.org\/{rel}","templated":true}]}}