{"id":6644,"date":"2023-05-09T12:55:16","date_gmt":"2023-05-09T12:55:16","guid":{"rendered":"https:\/\/www.prinz.at\/pc120-le-placoplatre\/"},"modified":"2023-05-09T12:55:16","modified_gmt":"2023-05-09T12:55:16","slug":"pc120-le-placoplatre","status":"publish","type":"page","link":"https:\/\/www.prinz.at\/fr\/produits\/pc120-le-placoplatre\/","title":{"rendered":"PC120 &#8211; le placopl\u00e2tre"},"content":{"rendered":"<section class=\"wpb-content-wrapper\"><p>[vc_row ses_sub_title=\u00a0\u00bb<br \/>\n\u00a0\u00bb css=\u00a0\u00bb.vc_custom_1490183665633{margin-top: 10px !important;padding-top: 10px !important;}\u00a0\u00bb][vc_column][vc_row_inner css=\u00a0\u00bb.vc_custom_1683637041786{padding-bottom: 0px !important;}\u00a0\u00bb][vc_column_inner width=\u00a0\u00bb1\/2&Prime;][vc_single_image image=\u00a0\u00bb6128&Prime; img_size=\u00a0\u00bblarge\u00a0\u00bb][\/vc_column_inner][vc_column_inner width=\u00a0\u00bb1\/2&Prime;][vc_column_text]Le placopl\u00e2tre est un mat\u00e9riau populaire dans l\u2019 industrie de la construction et la production mondiale augmente d\u2019ann\u00e9e en ann\u00e9e.<\/p>\n<p>Le d\u00e9coupe des plaques de pl\u00e2tre constitue toutefois un d\u00e9fi particuli\u00e8rement important pour les fabricants, surtout lorsqu\u2019il s\u2019agit de couper ces plaques \u00e0 longueur lorsque celles-ci sont empil\u00e9es en paquet.<\/p>\n<p>Le placoplatre est un mat\u00e9riau relativement tendre et friable, l\u2019extr\u00e9mit\u00e9 des plaques peut \u00eatre facilement endommag\u00e9es si le paquet n\u2019est pas coup\u00e9 correctement. De plus, la poussi\u00e8re et les r\u00e9sidus de placopl\u00e2tre peuvent constituer un probl\u00e8me important pour la sant\u00e9 des personnes travaillant dans un tel environnement.<\/p>\n<p>L\u2019abrasivit\u00e9 \u00e9lev\u00e9e du mat\u00e9riau repr\u00e9sente \u00e9galement un d\u00e9fi extr\u00eame pour les outils et les machines\u00a0. PRINZ a commenc\u00e9 d\u00e8s 1990 \u00e0 d\u00e9velopper des solutions compactes et efficaces pour relever le d\u00e9fi et mettre \u00e0 longueur proprement des paquets de plaques de pl\u00e2tre.<\/p>\n<p>Les d\u00e9veloppements constants, en \u00e9troite collaboration avec de nombreux fabricants de plaques de pl\u00e2tre, ont fait de PRINZ le premier fournisseur mondial d\u2019outils et de scies pour la d\u00e9coupe de plaque en pl\u00e2tre.<\/p>\n<p>La PRINZ 120 a \u00e9t\u00e9 sp\u00e9cialement con\u00e7ue pour r\u00e9pondre \u00e0 des hautes exigences de productivit\u00e9 en offrant un processus de coupe ininterrompu et enti\u00e8rement automatique. Le processus de coupe est control\u00e9 par un automate et le changement des param\u00e8tres a s\u00fb \u00eatre gard\u00e9e simple. Le dispositif de coupe descend de fa\u00e7on parall\u00e8le sur guidage lin\u00e9aire de haute pr\u00e9cision, assurant \u00a0une pr\u00e9cision de coupe au maximum.[\/vc_column_text][\/vc_column_inner][\/vc_row_inner][\/vc_column][\/vc_row][vc_row ses_sub_title=\u00a0\u00bb<br \/>\n\u00a0\u00bb css=\u00a0\u00bb.vc_custom_1684922922772{margin-top: 0px !important;padding-top: 0px !important;}\u00a0\u00bb][vc_column][vc_raw_html]JTNDaWZyYW1lJTIwd2lkdGglM0QlMjIxMjgwJTIyJTIwaGVpZ2h0JTNEJTIyNzIwJTIyJTIwc3JjJTNEJTIyaHR0cHMlM0ElMkYlMkZ3d3cueW91dHViZS5jb20lMkZlbWJlZCUyRjBtQ01RQXpXSUZNJTIyJTIwZnJhbWVib3JkZXIlM0QlMjIwJTIyJTIwYWxsb3dmdWxsc2NyZWVuJTNFJTNDJTJGaWZyYW1lJTNF[\/vc_raw_html][vc_gallery type=\u00a0\u00bbimage_grid\u00a0\u00bb images=\u00a0\u00bb6136,6135,6134,6133,6130,6175,6176&Prime; css=\u00a0\u00bb.vc_custom_1684922862023{margin-top: 10px !important;padding-top: 10px !important;}\u00a0\u00bb][\/vc_column][\/vc_row]<\/p>\n<\/section>","protected":false},"excerpt":{"rendered":"<p>[vc_row ses_sub_title=\u00a0\u00bb \u00a0\u00bb css=\u00a0\u00bb.vc_custom_1490183665633{margin-top: 10px !important;padding-top: 10px !important;}\u00a0\u00bb][vc_column][vc_row_inner css=\u00a0\u00bb.vc_custom_1683637041786{padding-bottom: 0px !important;}\u00a0\u00bb][vc_column_inner width=\u00a0\u00bb1\/2&Prime;][vc_single_image image=\u00a0\u00bb6128&Prime; img_size=\u00a0\u00bblarge\u00a0\u00bb][\/vc_column_inner][vc_column_inner width=\u00a0\u00bb1\/2&Prime;][vc_column_text]Le placopl\u00e2tre est un mat\u00e9riau populaire dans l\u2019 industrie de la construction et la production mondiale augmente d\u2019ann\u00e9e en ann\u00e9e. Le d\u00e9coupe des plaques de pl\u00e2tre constitue toutefois un d\u00e9fi particuli\u00e8rement important pour les fabricants, surtout lorsqu\u2019il s\u2019agit de couper ces [&hellip;]<\/p>\n","protected":false},"author":5,"featured_media":0,"parent":6373,"menu_order":0,"comment_status":"closed","ping_status":"closed","template":"","meta":[],"yoast_head":"<!-- This site is optimized with the Yoast SEO plugin v21.8.1 - https:\/\/yoast.com\/wordpress\/plugins\/seo\/ -->\n<title>PC120 - le placopl\u00e2tre - PRINZ<\/title>\n<meta name=\"robots\" content=\"index, follow, max-snippet:-1, max-image-preview:large, max-video-preview:-1\" \/>\n<link rel=\"canonical\" href=\"https:\/\/www.prinz.at\/pc120-le-placoplatre\/?lang=fr\" \/>\n<meta property=\"og:locale\" content=\"fr_FR\" \/>\n<meta property=\"og:type\" content=\"article\" \/>\n<meta property=\"og:title\" content=\"PC120 - le placopl\u00e2tre - PRINZ\" \/>\n<meta property=\"og:description\" content=\"[vc_row ses_sub_title=\u00a0\u00bb \u00a0\u00bb css=\u00a0\u00bb.vc_custom_1490183665633{margin-top: 10px !important;padding-top: 10px !important;}\u00a0\u00bb][vc_column][vc_row_inner css=\u00a0\u00bb.vc_custom_1683637041786{padding-bottom: 0px !important;}\u00a0\u00bb][vc_column_inner width=\u00a0\u00bb1\/2&Prime;][vc_single_image image=\u00a0\u00bb6128&Prime; img_size=\u00a0\u00bblarge\u00a0\u00bb][\/vc_column_inner][vc_column_inner width=\u00a0\u00bb1\/2&Prime;][vc_column_text]Le placopl\u00e2tre est un mat\u00e9riau populaire dans l\u2019 industrie de la construction et la production mondiale augmente d\u2019ann\u00e9e en ann\u00e9e. Le d\u00e9coupe des plaques de pl\u00e2tre constitue toutefois un d\u00e9fi particuli\u00e8rement important pour les fabricants, surtout lorsqu\u2019il s\u2019agit de couper ces [&hellip;]\" \/>\n<meta property=\"og:url\" content=\"https:\/\/www.prinz.at\/pc120-le-placoplatre\/?lang=fr\" \/>\n<meta property=\"og:site_name\" content=\"PRINZ\" \/>\n<meta name=\"twitter:card\" content=\"summary_large_image\" \/>\n<meta name=\"twitter:label1\" content=\"Dur\u00e9e de lecture estim\u00e9e\" \/>\n\t<meta name=\"twitter:data1\" content=\"2 minutes\" \/>\n<script type=\"application\/ld+json\" class=\"yoast-schema-graph\">{\"@context\":\"https:\/\/schema.org\",\"@graph\":[{\"@type\":\"WebPage\",\"@id\":\"https:\/\/www.prinz.at\/pc120-le-placoplatre\/?lang=fr\",\"url\":\"https:\/\/www.prinz.at\/pc120-le-placoplatre\/?lang=fr\",\"name\":\"PC120 - le placopl\u00e2tre - PRINZ\",\"isPartOf\":{\"@id\":\"https:\/\/www.prinz.at\/#website\"},\"datePublished\":\"2023-05-09T12:55:16+00:00\",\"dateModified\":\"2023-05-09T12:55:16+00:00\",\"breadcrumb\":{\"@id\":\"https:\/\/www.prinz.at\/pc120-le-placoplatre\/?lang=fr#breadcrumb\"},\"inLanguage\":\"fr-FR\",\"potentialAction\":[{\"@type\":\"ReadAction\",\"target\":[\"https:\/\/www.prinz.at\/pc120-le-placoplatre\/?lang=fr\"]}]},{\"@type\":\"BreadcrumbList\",\"@id\":\"https:\/\/www.prinz.at\/pc120-le-placoplatre\/?lang=fr#breadcrumb\",\"itemListElement\":[{\"@type\":\"ListItem\",\"position\":1,\"name\":\"Startseite\",\"item\":\"https:\/\/www.prinz.at\/fr\/\"},{\"@type\":\"ListItem\",\"position\":2,\"name\":\"PC120 &#8211; le placopl\u00e2tre\"}]},{\"@type\":\"WebSite\",\"@id\":\"https:\/\/www.prinz.at\/#website\",\"url\":\"https:\/\/www.prinz.at\/\",\"name\":\"PRINZ\",\"description\":\"\",\"potentialAction\":[{\"@type\":\"SearchAction\",\"target\":{\"@type\":\"EntryPoint\",\"urlTemplate\":\"https:\/\/www.prinz.at\/?s={search_term_string}\"},\"query-input\":\"required name=search_term_string\"}],\"inLanguage\":\"fr-FR\"}]}<\/script>\n<!-- \/ Yoast SEO plugin. -->","yoast_head_json":{"title":"PC120 - le placopl\u00e2tre - PRINZ","robots":{"index":"index","follow":"follow","max-snippet":"max-snippet:-1","max-image-preview":"max-image-preview:large","max-video-preview":"max-video-preview:-1"},"canonical":"https:\/\/www.prinz.at\/pc120-le-placoplatre\/?lang=fr","og_locale":"fr_FR","og_type":"article","og_title":"PC120 - le placopl\u00e2tre - PRINZ","og_description":"[vc_row ses_sub_title=\u00a0\u00bb \u00a0\u00bb css=\u00a0\u00bb.vc_custom_1490183665633{margin-top: 10px !important;padding-top: 10px !important;}\u00a0\u00bb][vc_column][vc_row_inner css=\u00a0\u00bb.vc_custom_1683637041786{padding-bottom: 0px !important;}\u00a0\u00bb][vc_column_inner width=\u00a0\u00bb1\/2&Prime;][vc_single_image image=\u00a0\u00bb6128&Prime; img_size=\u00a0\u00bblarge\u00a0\u00bb][\/vc_column_inner][vc_column_inner width=\u00a0\u00bb1\/2&Prime;][vc_column_text]Le placopl\u00e2tre est un mat\u00e9riau populaire dans l\u2019 industrie de la construction et la production mondiale augmente d\u2019ann\u00e9e en ann\u00e9e. Le d\u00e9coupe des plaques de pl\u00e2tre constitue toutefois un d\u00e9fi particuli\u00e8rement important pour les fabricants, surtout lorsqu\u2019il s\u2019agit de couper ces [&hellip;]","og_url":"https:\/\/www.prinz.at\/pc120-le-placoplatre\/?lang=fr","og_site_name":"PRINZ","twitter_card":"summary_large_image","twitter_misc":{"Dur\u00e9e de lecture estim\u00e9e":"2 minutes"},"schema":{"@context":"https:\/\/schema.org","@graph":[{"@type":"WebPage","@id":"https:\/\/www.prinz.at\/pc120-le-placoplatre\/?lang=fr","url":"https:\/\/www.prinz.at\/pc120-le-placoplatre\/?lang=fr","name":"PC120 - le placopl\u00e2tre - PRINZ","isPartOf":{"@id":"https:\/\/www.prinz.at\/#website"},"datePublished":"2023-05-09T12:55:16+00:00","dateModified":"2023-05-09T12:55:16+00:00","breadcrumb":{"@id":"https:\/\/www.prinz.at\/pc120-le-placoplatre\/?lang=fr#breadcrumb"},"inLanguage":"fr-FR","potentialAction":[{"@type":"ReadAction","target":["https:\/\/www.prinz.at\/pc120-le-placoplatre\/?lang=fr"]}]},{"@type":"BreadcrumbList","@id":"https:\/\/www.prinz.at\/pc120-le-placoplatre\/?lang=fr#breadcrumb","itemListElement":[{"@type":"ListItem","position":1,"name":"Startseite","item":"https:\/\/www.prinz.at\/fr\/"},{"@type":"ListItem","position":2,"name":"PC120 &#8211; le placopl\u00e2tre"}]},{"@type":"WebSite","@id":"https:\/\/www.prinz.at\/#website","url":"https:\/\/www.prinz.at\/","name":"PRINZ","description":"","potentialAction":[{"@type":"SearchAction","target":{"@type":"EntryPoint","urlTemplate":"https:\/\/www.prinz.at\/?s={search_term_string}"},"query-input":"required name=search_term_string"}],"inLanguage":"fr-FR"}]}},"_links":{"self":[{"href":"https:\/\/www.prinz.at\/fr\/wp-json\/wp\/v2\/pages\/6644"}],"collection":[{"href":"https:\/\/www.prinz.at\/fr\/wp-json\/wp\/v2\/pages"}],"about":[{"href":"https:\/\/www.prinz.at\/fr\/wp-json\/wp\/v2\/types\/page"}],"author":[{"embeddable":true,"href":"https:\/\/www.prinz.at\/fr\/wp-json\/wp\/v2\/users\/5"}],"replies":[{"embeddable":true,"href":"https:\/\/www.prinz.at\/fr\/wp-json\/wp\/v2\/comments?post=6644"}],"version-history":[{"count":0,"href":"https:\/\/www.prinz.at\/fr\/wp-json\/wp\/v2\/pages\/6644\/revisions"}],"up":[{"embeddable":true,"href":"https:\/\/www.prinz.at\/fr\/wp-json\/wp\/v2\/pages\/6373"}],"wp:attachment":[{"href":"https:\/\/www.prinz.at\/fr\/wp-json\/wp\/v2\/media?parent=6644"}],"curies":[{"name":"wp","href":"https:\/\/api.w.org\/{rel}","templated":true}]}}