{"id":9961,"date":"2015-07-27T14:32:00","date_gmt":"2015-07-27T14:32:00","guid":{"rendered":"https:\/\/www.prinz.at\/scies-murales\/"},"modified":"2023-07-13T11:28:17","modified_gmt":"2023-07-13T11:28:17","slug":"scies-murales","status":"publish","type":"page","link":"https:\/\/www.prinz.at\/fr\/scies-murales\/","title":{"rendered":"Scies murales"},"content":{"rendered":"<section class=\"wpb-content-wrapper\"><p>[vc_row el_class=\u00a0\u00bbadd-shadowbox\u00a0\u00bb css=\u00a0\u00bb.vc_custom_1443473118214{padding-top: 20px !important;padding-bottom: 0px !important;}\u00a0\u00bb][vc_column][vc_row_inner css=\u00a0\u00bb.vc_custom_1443473033319{padding-top: 20px !important;padding-bottom: 0px !important;}\u00a0\u00bb][vc_column_inner width=\u00a0\u00bb1\/2&Prime;][vc_column_text css=\u00a0\u00bb.vc_custom_1652190275662{margin-top: 0px !important;border-top-width: 0px !important;padding-top: 0px !important;}\u00a0\u00bb]<\/p>\n<h2>PRINZ-Mauers\u00e4getechnik<\/h2>\n<p>&nbsp;<\/p>\n<p>Maschinen und Materialien zur nachtr\u00e4glichen mechanischen horizontalen Sperrung von Geb\u00e4uden, gegen kapillar aufsteigende Feuchtigkeit im Kettens\u00e4ge- und Diamantseils\u00e4geverfahren.<\/p>\n<p>Wir bieten eine gro\u00dfe Auswahl an S\u00e4gen und Hilfsmitteln an. Schauen Sie sich unsere Produkte an:<\/p>\n<ul>\n<li>Ketten- und Diamantseils\u00e4gen<\/li>\n<li>F\u00fchrungsschienen und S\u00e4geketten<\/li>\n<li>Sperrfolien und Mauerwerkskeile<\/li>\n<li>Hilfsmittel<\/li>\n<\/ul>\n<p>[\/vc_column_text][vc_empty_space height=\u00a0\u00bb50px\u00a0\u00bb][vc_btn title=\u00a0\u00bbMehr Informationen zur Mauers\u00e4getechnik\u00a0\u00bb style=\u00a0\u00bbflat\u00a0\u00bb align=\u00a0\u00bbleft\u00a0\u00bb el_class=\u00a0\u00bbbtn-blue\u00a0\u00bb link=\u00a0\u00bburl:https%3A%2F%2Fwww.prinz.at%2Fprodukte%2Fmauersaegen%2Fmauersaegetechnik%2F|\u00a0\u00bb][vc_empty_space height=\u00a0\u00bb30px\u00a0\u00bb][\/vc_column_inner][vc_column_inner width=\u00a0\u00bb1\/2&Prime;][vc_gallery interval=\u00a0\u00bb3&Prime; images=\u00a0\u00bb6234,6254,6223&Prime; img_size=\u00a0\u00bblarge\u00a0\u00bb onclick=\u00a0\u00bbcustom_link\u00a0\u00bb custom_links=\u00a0\u00bb#E-8_JUJBSyU1RSVGRSVDQiU1RSU4QSU3RiVFNmolRTclQUIlQjElQTclQTB6JUQ3JTlDJTg2eCVBNA==\u00a0\u00bb css=\u00a0\u00bb.vc_custom_1687000001223{margin-top: -40px !important;margin-bottom: -20px !important;}\u00a0\u00bb][\/vc_column_inner][\/vc_row_inner][vc_row_inner css=\u00a0\u00bb.vc_custom_1652190575772{margin-top: -20px !important;}\u00a0\u00bb][vc_column_inner][vc_zigzag][\/vc_column_inner][\/vc_row_inner][vc_empty_space][vc_row_inner][vc_column_inner width=\u00a0\u00bb1\/2&Prime;][vc_single_image image=\u00a0\u00bb6294&Prime; img_size=\u00a0\u00bb700&#215;400&Prime; onclick=\u00a0\u00bbcustom_link\u00a0\u00bb link=\u00a0\u00bbhttps:\/\/www.prinz-mauersaegen.de\u00a0\u00bb][\/vc_column_inner][vc_column_inner width=\u00a0\u00bb1\/2&Prime;][vc_column_text]<\/p>\n<h2>Mauerwerkstrockenlegung im S\u00e4geverfahren<\/h2>\n<p>Nachtr\u00e4gliche mechanische horizontale Sperrung von Geb\u00e4uden, gegen kapillar aufsteigende Feuchtigkeit im Kettens\u00e4ge- und Diamantseils\u00e4geverfahren.<\/p>\n<p>Das Verfahren bietet viele Vorteile. Genauere Informationen dazu finden Sie hier:<\/p>\n<p>[\/vc_column_text][vc_empty_space height=\u00a0\u00bb50px\u00a0\u00bb][vc_btn title=\u00a0\u00bbMehr Informationen zum Mauers\u00e4geverfahren\u00a0\u00bb style=\u00a0\u00bbflat\u00a0\u00bb align=\u00a0\u00bbleft\u00a0\u00bb link=\u00a0\u00bburl:https%3A%2F%2Fwww.prinz-mauersaegen.de|\u00a0\u00bb el_class=\u00a0\u00bbbtn-blue\u00a0\u00bb][\/vc_column_inner][\/vc_row_inner][\/vc_column][\/vc_row]<!--more--><\/p>\n<\/section>","protected":false},"excerpt":{"rendered":"<p>[vc_row el_class=\u00a0\u00bbadd-shadowbox\u00a0\u00bb css=\u00a0\u00bb.vc_custom_1443473118214{padding-top: 20px !important;padding-bottom: 0px !important;}\u00a0\u00bb][vc_column][vc_row_inner css=\u00a0\u00bb.vc_custom_1443473033319{padding-top: 20px !important;padding-bottom: 0px !important;}\u00a0\u00bb][vc_column_inner width=\u00a0\u00bb1\/2&Prime;][vc_column_text css=\u00a0\u00bb.vc_custom_1652190275662{margin-top: 0px !important;border-top-width: 0px !important;padding-top: 0px !important;}\u00a0\u00bb] PRINZ-Mauers\u00e4getechnik &nbsp; Maschinen und Materialien zur nachtr\u00e4glichen mechanischen horizontalen Sperrung von Geb\u00e4uden, gegen kapillar aufsteigende Feuchtigkeit im Kettens\u00e4ge- und Diamantseils\u00e4geverfahren. Wir bieten eine gro\u00dfe Auswahl an S\u00e4gen und Hilfsmitteln an. Schauen Sie sich unsere Produkte [&hellip;]<\/p>\n","protected":false},"author":5,"featured_media":0,"parent":0,"menu_order":0,"comment_status":"open","ping_status":"open","template":"page-templates\/canvas-with-title.php","meta":[],"yoast_head":"<!-- This site is optimized with the Yoast SEO plugin v21.8.1 - https:\/\/yoast.com\/wordpress\/plugins\/seo\/ -->\n<title>Scies murales - PRINZ<\/title>\n<meta name=\"robots\" content=\"index, follow, max-snippet:-1, max-image-preview:large, max-video-preview:-1\" \/>\n<link rel=\"canonical\" href=\"https:\/\/www.prinz.at\/produkte\/mauersaegen\/\" \/>\n<meta property=\"og:locale\" content=\"fr_FR\" \/>\n<meta property=\"og:type\" content=\"article\" \/>\n<meta property=\"og:title\" content=\"Scies murales - PRINZ\" \/>\n<meta property=\"og:description\" content=\"[vc_row el_class=\u00a0\u00bbadd-shadowbox\u00a0\u00bb css=\u00a0\u00bb.vc_custom_1443473118214{padding-top: 20px !important;padding-bottom: 0px !important;}\u00a0\u00bb][vc_column][vc_row_inner css=\u00a0\u00bb.vc_custom_1443473033319{padding-top: 20px !important;padding-bottom: 0px !important;}\u00a0\u00bb][vc_column_inner width=\u00a0\u00bb1\/2&Prime;][vc_column_text css=\u00a0\u00bb.vc_custom_1652190275662{margin-top: 0px !important;border-top-width: 0px !important;padding-top: 0px !important;}\u00a0\u00bb] PRINZ-Mauers\u00e4getechnik &nbsp; Maschinen und Materialien zur nachtr\u00e4glichen mechanischen horizontalen Sperrung von Geb\u00e4uden, gegen kapillar aufsteigende Feuchtigkeit im Kettens\u00e4ge- und Diamantseils\u00e4geverfahren. Wir bieten eine gro\u00dfe Auswahl an S\u00e4gen und Hilfsmitteln an. Schauen Sie sich unsere Produkte [&hellip;]\" \/>\n<meta property=\"og:url\" content=\"https:\/\/www.prinz.at\/produkte\/mauersaegen\/\" \/>\n<meta property=\"og:site_name\" content=\"PRINZ\" \/>\n<meta property=\"article:modified_time\" content=\"2023-07-13T11:28:17+00:00\" \/>\n<meta name=\"twitter:card\" content=\"summary_large_image\" \/>\n<meta name=\"twitter:label1\" content=\"Dur\u00e9e de lecture estim\u00e9e\" \/>\n\t<meta name=\"twitter:data1\" content=\"2 minutes\" \/>\n<script type=\"application\/ld+json\" class=\"yoast-schema-graph\">{\"@context\":\"https:\/\/schema.org\",\"@graph\":[{\"@type\":\"WebPage\",\"@id\":\"https:\/\/www.prinz.at\/produkte\/mauersaegen\/\",\"url\":\"https:\/\/www.prinz.at\/produkte\/mauersaegen\/\",\"name\":\"Scies murales - PRINZ\",\"isPartOf\":{\"@id\":\"https:\/\/www.prinz.at\/#website\"},\"datePublished\":\"2015-07-27T14:32:00+00:00\",\"dateModified\":\"2023-07-13T11:28:17+00:00\",\"breadcrumb\":{\"@id\":\"https:\/\/www.prinz.at\/produkte\/mauersaegen\/#breadcrumb\"},\"inLanguage\":\"fr-FR\",\"potentialAction\":[{\"@type\":\"ReadAction\",\"target\":[\"https:\/\/www.prinz.at\/produkte\/mauersaegen\/\"]}]},{\"@type\":\"BreadcrumbList\",\"@id\":\"https:\/\/www.prinz.at\/produkte\/mauersaegen\/#breadcrumb\",\"itemListElement\":[{\"@type\":\"ListItem\",\"position\":1,\"name\":\"Startseite\",\"item\":\"https:\/\/www.prinz.at\/fr\/\"},{\"@type\":\"ListItem\",\"position\":2,\"name\":\"Scies murales\"}]},{\"@type\":\"WebSite\",\"@id\":\"https:\/\/www.prinz.at\/#website\",\"url\":\"https:\/\/www.prinz.at\/\",\"name\":\"PRINZ\",\"description\":\"\",\"potentialAction\":[{\"@type\":\"SearchAction\",\"target\":{\"@type\":\"EntryPoint\",\"urlTemplate\":\"https:\/\/www.prinz.at\/?s={search_term_string}\"},\"query-input\":\"required name=search_term_string\"}],\"inLanguage\":\"fr-FR\"}]}<\/script>\n<!-- \/ Yoast SEO plugin. -->","yoast_head_json":{"title":"Scies murales - PRINZ","robots":{"index":"index","follow":"follow","max-snippet":"max-snippet:-1","max-image-preview":"max-image-preview:large","max-video-preview":"max-video-preview:-1"},"canonical":"https:\/\/www.prinz.at\/produkte\/mauersaegen\/","og_locale":"fr_FR","og_type":"article","og_title":"Scies murales - PRINZ","og_description":"[vc_row el_class=\u00a0\u00bbadd-shadowbox\u00a0\u00bb css=\u00a0\u00bb.vc_custom_1443473118214{padding-top: 20px !important;padding-bottom: 0px !important;}\u00a0\u00bb][vc_column][vc_row_inner css=\u00a0\u00bb.vc_custom_1443473033319{padding-top: 20px !important;padding-bottom: 0px !important;}\u00a0\u00bb][vc_column_inner width=\u00a0\u00bb1\/2&Prime;][vc_column_text css=\u00a0\u00bb.vc_custom_1652190275662{margin-top: 0px !important;border-top-width: 0px !important;padding-top: 0px !important;}\u00a0\u00bb] PRINZ-Mauers\u00e4getechnik &nbsp; Maschinen und Materialien zur nachtr\u00e4glichen mechanischen horizontalen Sperrung von Geb\u00e4uden, gegen kapillar aufsteigende Feuchtigkeit im Kettens\u00e4ge- und Diamantseils\u00e4geverfahren. Wir bieten eine gro\u00dfe Auswahl an S\u00e4gen und Hilfsmitteln an. Schauen Sie sich unsere Produkte [&hellip;]","og_url":"https:\/\/www.prinz.at\/produkte\/mauersaegen\/","og_site_name":"PRINZ","article_modified_time":"2023-07-13T11:28:17+00:00","twitter_card":"summary_large_image","twitter_misc":{"Dur\u00e9e de lecture estim\u00e9e":"2 minutes"},"schema":{"@context":"https:\/\/schema.org","@graph":[{"@type":"WebPage","@id":"https:\/\/www.prinz.at\/produkte\/mauersaegen\/","url":"https:\/\/www.prinz.at\/produkte\/mauersaegen\/","name":"Scies murales - PRINZ","isPartOf":{"@id":"https:\/\/www.prinz.at\/#website"},"datePublished":"2015-07-27T14:32:00+00:00","dateModified":"2023-07-13T11:28:17+00:00","breadcrumb":{"@id":"https:\/\/www.prinz.at\/produkte\/mauersaegen\/#breadcrumb"},"inLanguage":"fr-FR","potentialAction":[{"@type":"ReadAction","target":["https:\/\/www.prinz.at\/produkte\/mauersaegen\/"]}]},{"@type":"BreadcrumbList","@id":"https:\/\/www.prinz.at\/produkte\/mauersaegen\/#breadcrumb","itemListElement":[{"@type":"ListItem","position":1,"name":"Startseite","item":"https:\/\/www.prinz.at\/fr\/"},{"@type":"ListItem","position":2,"name":"Scies murales"}]},{"@type":"WebSite","@id":"https:\/\/www.prinz.at\/#website","url":"https:\/\/www.prinz.at\/","name":"PRINZ","description":"","potentialAction":[{"@type":"SearchAction","target":{"@type":"EntryPoint","urlTemplate":"https:\/\/www.prinz.at\/?s={search_term_string}"},"query-input":"required name=search_term_string"}],"inLanguage":"fr-FR"}]}},"_links":{"self":[{"href":"https:\/\/www.prinz.at\/fr\/wp-json\/wp\/v2\/pages\/9961"}],"collection":[{"href":"https:\/\/www.prinz.at\/fr\/wp-json\/wp\/v2\/pages"}],"about":[{"href":"https:\/\/www.prinz.at\/fr\/wp-json\/wp\/v2\/types\/page"}],"author":[{"embeddable":true,"href":"https:\/\/www.prinz.at\/fr\/wp-json\/wp\/v2\/users\/5"}],"replies":[{"embeddable":true,"href":"https:\/\/www.prinz.at\/fr\/wp-json\/wp\/v2\/comments?post=9961"}],"version-history":[{"count":2,"href":"https:\/\/www.prinz.at\/fr\/wp-json\/wp\/v2\/pages\/9961\/revisions"}],"predecessor-version":[{"id":9963,"href":"https:\/\/www.prinz.at\/fr\/wp-json\/wp\/v2\/pages\/9961\/revisions\/9963"}],"wp:attachment":[{"href":"https:\/\/www.prinz.at\/fr\/wp-json\/wp\/v2\/media?parent=9961"}],"curies":[{"name":"wp","href":"https:\/\/api.w.org\/{rel}","templated":true}]}}