{"id":6387,"date":"2015-01-17T21:20:32","date_gmt":"2015-01-17T21:20:32","guid":{"rendered":"https:\/\/www.prinz.at\/lazienda\/"},"modified":"2026-01-28T12:54:51","modified_gmt":"2026-01-28T12:54:51","slug":"lazienda","status":"publish","type":"page","link":"https:\/\/www.prinz.at\/it\/lazienda\/","title":{"rendered":"L&#8217;azienda"},"content":{"rendered":"<section class=\"wpb-content-wrapper\"><p>[vc_row css=&#8221;.vc_custom_1593670026544{margin-top: 0px !important;margin-bottom: 0px !important;padding-bottom: 0px !important;}&#8221;][vc_column][vc_single_image image=&#8221;11531&#8243; img_size=&#8221;full&#8221; alignment=&#8221;center&#8221; css=&#8221;.vc_custom_1769603663189{margin-top: 0px !important;padding-top: 0px !important;}&#8221;][\/vc_column][\/vc_row][vc_row][vc_column][vc_column_text]<\/p>\n<div id=\"c85\" class=\"csc-default\">\n<h2>La tecnologia della segatrice a catena PRINZ: affrontare le sfide nel taglio<\/h2>\n<p>Come azienda austriaca leader nella tecnologia della segatrice, PRINZ \u00e8 stata lo sviluppo e la produzione di troncatrici a catena, accessori e parti di ricambio per l&#8217;uso professionale dal 1947.<\/p>\n<h2>Tutto da un unico fornitore<\/h2>\n<p>Come unico completo fornitore nel settore delle segatrici, PRINZ riconosce le esigenze dei propri clienti e garantisce soluzioni personalizzate per tutti i settori della tecnologia delle segatrici. PRINZ non si limita a fornire le macchine e relativi accessori, ma anche attrezzature da taglio per tutti i produttori di segatrici- tutto da un unico fornitore nel famigliare alta qualit\u00e0 PRINZ, perch\u00e9 la soddisfazione del cliente \u00e8 di primaria importanza.<\/p>\n<\/div>\n<p>[\/vc_column_text][vc_row_inner][vc_column_inner][vc_single_image image=&#8221;4&#8243; img_size=&#8221;full&#8221; alignment=&#8221;center&#8221;][\/vc_column_inner][\/vc_row_inner][\/vc_column][\/vc_row][vc_row][vc_column width=&#8221;1\/2&#8243;][vc_column_text]<\/p>\n<h2>Non solo legno<\/h2>\n<p>Segatrici Prinz tagliano molto pi\u00f9 del legno. Carta, pietra morbida, lastre di gesso, plastica o muratura &#8211; la robusta e durevole tecnologia delle segatrici PRINZ \u00e8 un vero must per materiali che richiedono molto dalle macchine e dalle loro parti soggette ad usura.[\/vc_column_text][\/vc_column][vc_column width=&#8221;1\/2&#8243;][vc_column_text]<\/p>\n<h2>PRINZ Internazionale<\/h2>\n<p>Macchine e accessori realizzati da Prinz sono venduti con successo in tutto il mondo. PRINZ sottoscrive una quota di esportazione di oltre il 90%. Non solo in Europa, ma cos\u00ec pure in America del Nord, Africa e Asia ci sono clienti soddisfatti, felici di utilizzare i prodotti della tecnologia delle segatrici Prinz.[\/vc_column_text][\/vc_column][\/vc_row][vc_row][vc_column width=&#8221;1\/3&#8243;][vc_column_text]<\/p>\n<h3 style=\"text-align: center;\"><strong>Direttore generale<\/strong><\/h3>\n<h3><\/h3>\n<p>[\/vc_column_text][vc_single_image image=&#8221;11047&#8243; img_size=&#8221;300&#215;450&#8243;][vc_column_text]<\/p>\n<h3 style=\"text-align: center;\">Maximilian Freithofnigg<\/h3>\n<p>[\/vc_column_text][\/vc_column][vc_column width=&#8221;1\/3&#8243;][vc_column_text]<\/p>\n<h3 style=\"text-align: center;\"><strong>Direttore generale<\/strong><\/h3>\n<h3><\/h3>\n<p>[\/vc_column_text][vc_single_image image=&#8221;11042&#8243; img_size=&#8221;300&#215;450&#8243;][vc_column_text]<\/p>\n<h3 style=\"text-align: center;\">Dipl.-Vw.Ing. Ingo Freithofnigg<\/h3>\n<p>[\/vc_column_text][\/vc_column][vc_column width=&#8221;1\/3&#8243;][vc_column_text]<\/p>\n<h3 style=\"text-align: center;\"><strong>Direttore di produzione<\/strong><\/h3>\n<p>[\/vc_column_text][vc_single_image image=&#8221;8950&#8243; img_size=&#8221;300\u00d7450&#8243;][vc_column_text]<\/p>\n<h3 style=\"text-align: center;\">Wolfgang Rauch<\/h3>\n<p><strong>\u00a0<\/strong>[\/vc_column_text][\/vc_column][\/vc_row][vc_row][vc_column width=&#8221;1\/3&#8243;][vc_column_text]<\/p>\n<h3 style=\"text-align: center;\"><strong>Tecnico commerciale<\/strong><\/h3>\n<p>[\/vc_column_text][vc_single_image image=&#8221;679&#8243; img_size=&#8221;300&#215;450&#8243; alignment=&#8221;center&#8221;][vc_column_text]<\/p>\n<h3 style=\"text-align: center;\">Reinhard Pay<\/h3>\n<p>[\/vc_column_text][\/vc_column][vc_column width=&#8221;1\/3&#8243;][vc_column_text]<\/p>\n<h3 style=\"text-align: center;\"><strong>Ingeniere design<\/strong><\/h3>\n<p>[\/vc_column_text][vc_single_image image=&#8221;9506&#8243; img_size=&#8221;300&#215;450&#8243; alignment=&#8221;center&#8221;][vc_column_text]<\/p>\n<h3 style=\"text-align: center;\">Bernhard Murhammer<\/h3>\n<p>[\/vc_column_text][\/vc_column][vc_column width=&#8221;1\/3&#8243;][vc_column_text]<\/p>\n<h3 style=\"text-align: center;\"><strong>Ingeniere design<\/strong><\/h3>\n<p>[\/vc_column_text][vc_single_image image=&#8221;11097&#8243; img_size=&#8221;300&#215;450&#8243; alignment=&#8221;center&#8221;][vc_column_text]<\/p>\n<h3 style=\"text-align: center;\">Ingo Alexander Freithofnigg<\/h3>\n<p>[\/vc_column_text][\/vc_column][\/vc_row][vc_row][vc_column width=&#8221;1\/3&#8243;][vc_column_text]<\/p>\n<h3 style=\"text-align: center;\">Tecnico di automazione<\/h3>\n<p>[\/vc_column_text][vc_single_image image=&#8221;8950&#8243; img_size=&#8221;300 \u00d7 450&#8243;][vc_column_text]<\/p>\n<h3 style=\"text-align: center;\">Ing. Christopher Gr\u00fcbler<\/h3>\n<p>[\/vc_column_text][\/vc_column][vc_column width=&#8221;1\/3&#8243;][vc_column_text]<\/p>\n<h3 style=\"text-align: center;\"><strong>Marketing<\/strong><\/h3>\n<p>[\/vc_column_text][vc_single_image image=&#8221;10802&#8243; img_size=&#8221;300 \u00d7 450&#8243;][vc_column_text]<\/p>\n<h3 style=\"text-align: center;\">Klaus Kr\u00fcckel<\/h3>\n<p>[\/vc_column_text][\/vc_column][vc_column width=&#8221;1\/3&#8243;][vc_column_text]<\/p>\n<h3 style=\"text-align: center;\"><strong>Contabilit\u00e0<\/strong><\/h3>\n<p>[\/vc_column_text][vc_single_image image=&#8221;680&#8243; img_size=&#8221;300&#215;450&#8243;][vc_column_text]<\/p>\n<h3 style=\"text-align: center;\">Karoline Rauecker-Hofer<\/h3>\n<p>[\/vc_column_text][\/vc_column][\/vc_row][vc_row][vc_column width=&#8221;1\/3&#8243;][vc_column_text]<\/p>\n<h3 style=\"text-align: center;\"><strong>Servizio clienti Austria<\/strong><\/h3>\n<p>[\/vc_column_text][vc_single_image image=&#8221;11422&#8243; img_size=&#8221;300 \u00d7 450&#8243; alignment=&#8221;center&#8221; css=&#8221;.vc_custom_1749537507788{padding-top: 0px !important;}&#8221;][vc_column_text]<\/p>\n<h3 style=\"text-align: center;\">Harald Voitech<\/h3>\n<p>[\/vc_column_text][\/vc_column][vc_column width=&#8221;1\/3&#8243;][vc_column_text]<\/p>\n<h3 style=\"text-align: center;\"><strong>Esportazione \/ vendite<\/strong><\/h3>\n<p>[\/vc_column_text][vc_single_image image=&#8221;684&#8243; img_size=&#8221;300 \u00d7 450&#8243;][vc_column_text]<\/p>\n<h3 style=\"text-align: center;\">Nadine Tricoire<\/h3>\n<p>[\/vc_column_text][\/vc_column][vc_column width=&#8221;1\/3&#8243;][vc_column_text]<\/p>\n<h3 style=\"text-align: center;\"><strong>Esportazione \/ vendite<\/strong><\/h3>\n<p>[\/vc_column_text][vc_single_image image=&#8221;11129&#8243; img_size=&#8221;300 \u00d7 450&#8243;][vc_column_text]<\/p>\n<h3 style=\"text-align: center;\">Roxana Antonache<\/h3>\n<p>[\/vc_column_text][\/vc_column][\/vc_row][vc_row][vc_column width=&#8221;1\/3&#8243;][\/vc_column][vc_column width=&#8221;1\/3&#8243;][vc_column_text css=&#8221;.vc_custom_1749536614620{padding-bottom: 15px !important;}&#8221;]<\/p>\n<h3 style=\"text-align: center;\"><strong>Marketing<\/strong><\/h3>\n<h3><\/h3>\n<p>[\/vc_column_text][vc_single_image image=&#8221;5069&#8243; img_size=&#8221;300 \u00d7 450&#8243; alignment=&#8221;center&#8221;][vc_column_text]<\/p>\n<h3 style=\"text-align: center;\">Anastasia Kudryasheva<\/h3>\n<p>[\/vc_column_text][\/vc_column][vc_column width=&#8221;1\/3&#8243;][\/vc_column][\/vc_row][vc_row][vc_column][vc_column_text]<!--more-->[\/vc_column_text][\/vc_column][\/vc_row]<\/p>\n<\/section>","protected":false},"excerpt":{"rendered":"<p>[vc_row css=&#8221;.vc_custom_1593670026544{margin-top: 0px !important;margin-bottom: 0px !important;padding-bottom: 0px !important;}&#8221;][vc_column][vc_single_image image=&#8221;11531&#8243; img_size=&#8221;full&#8221; alignment=&#8221;center&#8221; css=&#8221;.vc_custom_1769603663189{margin-top: 0px !important;padding-top: 0px !important;}&#8221;][\/vc_column][\/vc_row][vc_row][vc_column][vc_column_text] La tecnologia della segatrice a catena PRINZ: affrontare le sfide nel taglio Come azienda austriaca leader nella tecnologia della segatrice, PRINZ \u00e8 stata lo sviluppo e la produzione di troncatrici a catena, accessori e parti di ricambio per l&#8217;uso [&hellip;]<\/p>\n","protected":false},"author":1,"featured_media":0,"parent":0,"menu_order":0,"comment_status":"open","ping_status":"open","template":"","meta":[],"yoast_head":"<!-- This site is optimized with the Yoast SEO plugin v21.8.1 - https:\/\/yoast.com\/wordpress\/plugins\/seo\/ -->\n<title>L&#039;azienda - PRINZ<\/title>\n<meta name=\"robots\" content=\"index, follow, max-snippet:-1, max-image-preview:large, max-video-preview:-1\" \/>\n<link rel=\"canonical\" href=\"https:\/\/www.prinz.at\/it\/lazienda\/\" \/>\n<meta property=\"og:locale\" content=\"it_IT\" \/>\n<meta property=\"og:type\" content=\"article\" \/>\n<meta property=\"og:title\" content=\"L&#039;azienda - PRINZ\" \/>\n<meta property=\"og:description\" content=\"[vc_row css=&#8221;.vc_custom_1593670026544{margin-top: 0px !important;margin-bottom: 0px !important;padding-bottom: 0px !important;}&#8221;][vc_column][vc_single_image image=&#8221;11531&#8243; img_size=&#8221;full&#8221; alignment=&#8221;center&#8221; css=&#8221;.vc_custom_1769603663189{margin-top: 0px !important;padding-top: 0px !important;}&#8221;][\/vc_column][\/vc_row][vc_row][vc_column][vc_column_text] La tecnologia della segatrice a catena PRINZ: affrontare le sfide nel taglio Come azienda austriaca leader nella tecnologia della segatrice, PRINZ \u00e8 stata lo sviluppo e la produzione di troncatrici a catena, accessori e parti di ricambio per l&#8217;uso [&hellip;]\" \/>\n<meta property=\"og:url\" content=\"https:\/\/www.prinz.at\/it\/lazienda\/\" \/>\n<meta property=\"og:site_name\" content=\"PRINZ\" \/>\n<meta property=\"article:modified_time\" content=\"2026-01-28T12:54:51+00:00\" \/>\n<meta name=\"twitter:card\" content=\"summary_large_image\" \/>\n<meta name=\"twitter:label1\" content=\"Tempo di lettura stimato\" \/>\n\t<meta name=\"twitter:data1\" content=\"3 minuti\" \/>\n<script type=\"application\/ld+json\" class=\"yoast-schema-graph\">{\"@context\":\"https:\/\/schema.org\",\"@graph\":[{\"@type\":\"WebPage\",\"@id\":\"https:\/\/www.prinz.at\/it\/lazienda\/\",\"url\":\"https:\/\/www.prinz.at\/it\/lazienda\/\",\"name\":\"L'azienda - PRINZ\",\"isPartOf\":{\"@id\":\"https:\/\/www.prinz.at\/#website\"},\"datePublished\":\"2015-01-17T21:20:32+00:00\",\"dateModified\":\"2026-01-28T12:54:51+00:00\",\"breadcrumb\":{\"@id\":\"https:\/\/www.prinz.at\/it\/lazienda\/#breadcrumb\"},\"inLanguage\":\"it-IT\",\"potentialAction\":[{\"@type\":\"ReadAction\",\"target\":[\"https:\/\/www.prinz.at\/it\/lazienda\/\"]}]},{\"@type\":\"BreadcrumbList\",\"@id\":\"https:\/\/www.prinz.at\/it\/lazienda\/#breadcrumb\",\"itemListElement\":[{\"@type\":\"ListItem\",\"position\":1,\"name\":\"Startseite\",\"item\":\"https:\/\/www.prinz.at\/it\/\"},{\"@type\":\"ListItem\",\"position\":2,\"name\":\"L&#8217;azienda\"}]},{\"@type\":\"WebSite\",\"@id\":\"https:\/\/www.prinz.at\/#website\",\"url\":\"https:\/\/www.prinz.at\/\",\"name\":\"PRINZ\",\"description\":\"\",\"potentialAction\":[{\"@type\":\"SearchAction\",\"target\":{\"@type\":\"EntryPoint\",\"urlTemplate\":\"https:\/\/www.prinz.at\/?s={search_term_string}\"},\"query-input\":\"required name=search_term_string\"}],\"inLanguage\":\"it-IT\"}]}<\/script>\n<!-- \/ Yoast SEO plugin. -->","yoast_head_json":{"title":"L'azienda - PRINZ","robots":{"index":"index","follow":"follow","max-snippet":"max-snippet:-1","max-image-preview":"max-image-preview:large","max-video-preview":"max-video-preview:-1"},"canonical":"https:\/\/www.prinz.at\/it\/lazienda\/","og_locale":"it_IT","og_type":"article","og_title":"L'azienda - PRINZ","og_description":"[vc_row css=&#8221;.vc_custom_1593670026544{margin-top: 0px !important;margin-bottom: 0px !important;padding-bottom: 0px !important;}&#8221;][vc_column][vc_single_image image=&#8221;11531&#8243; img_size=&#8221;full&#8221; alignment=&#8221;center&#8221; css=&#8221;.vc_custom_1769603663189{margin-top: 0px !important;padding-top: 0px !important;}&#8221;][\/vc_column][\/vc_row][vc_row][vc_column][vc_column_text] La tecnologia della segatrice a catena PRINZ: affrontare le sfide nel taglio Come azienda austriaca leader nella tecnologia della segatrice, PRINZ \u00e8 stata lo sviluppo e la produzione di troncatrici a catena, accessori e parti di ricambio per l&#8217;uso [&hellip;]","og_url":"https:\/\/www.prinz.at\/it\/lazienda\/","og_site_name":"PRINZ","article_modified_time":"2026-01-28T12:54:51+00:00","twitter_card":"summary_large_image","twitter_misc":{"Tempo di lettura stimato":"3 minuti"},"schema":{"@context":"https:\/\/schema.org","@graph":[{"@type":"WebPage","@id":"https:\/\/www.prinz.at\/it\/lazienda\/","url":"https:\/\/www.prinz.at\/it\/lazienda\/","name":"L'azienda - PRINZ","isPartOf":{"@id":"https:\/\/www.prinz.at\/#website"},"datePublished":"2015-01-17T21:20:32+00:00","dateModified":"2026-01-28T12:54:51+00:00","breadcrumb":{"@id":"https:\/\/www.prinz.at\/it\/lazienda\/#breadcrumb"},"inLanguage":"it-IT","potentialAction":[{"@type":"ReadAction","target":["https:\/\/www.prinz.at\/it\/lazienda\/"]}]},{"@type":"BreadcrumbList","@id":"https:\/\/www.prinz.at\/it\/lazienda\/#breadcrumb","itemListElement":[{"@type":"ListItem","position":1,"name":"Startseite","item":"https:\/\/www.prinz.at\/it\/"},{"@type":"ListItem","position":2,"name":"L&#8217;azienda"}]},{"@type":"WebSite","@id":"https:\/\/www.prinz.at\/#website","url":"https:\/\/www.prinz.at\/","name":"PRINZ","description":"","potentialAction":[{"@type":"SearchAction","target":{"@type":"EntryPoint","urlTemplate":"https:\/\/www.prinz.at\/?s={search_term_string}"},"query-input":"required name=search_term_string"}],"inLanguage":"it-IT"}]}},"_links":{"self":[{"href":"https:\/\/www.prinz.at\/it\/wp-json\/wp\/v2\/pages\/6387"}],"collection":[{"href":"https:\/\/www.prinz.at\/it\/wp-json\/wp\/v2\/pages"}],"about":[{"href":"https:\/\/www.prinz.at\/it\/wp-json\/wp\/v2\/types\/page"}],"author":[{"embeddable":true,"href":"https:\/\/www.prinz.at\/it\/wp-json\/wp\/v2\/users\/1"}],"replies":[{"embeddable":true,"href":"https:\/\/www.prinz.at\/it\/wp-json\/wp\/v2\/comments?post=6387"}],"version-history":[{"count":16,"href":"https:\/\/www.prinz.at\/it\/wp-json\/wp\/v2\/pages\/6387\/revisions"}],"predecessor-version":[{"id":11536,"href":"https:\/\/www.prinz.at\/it\/wp-json\/wp\/v2\/pages\/6387\/revisions\/11536"}],"wp:attachment":[{"href":"https:\/\/www.prinz.at\/it\/wp-json\/wp\/v2\/media?parent=6387"}],"curies":[{"name":"wp","href":"https:\/\/api.w.org\/{rel}","templated":true}]}}