{"id":6394,"date":"2015-01-17T21:21:06","date_gmt":"2015-01-17T21:21:06","guid":{"rendered":"https:\/\/www.prinz.at\/segatrici-per-il-legno\/"},"modified":"2024-02-07T12:17:09","modified_gmt":"2024-02-07T12:17:09","slug":"segatrici-per-il-legno","status":"publish","type":"page","link":"https:\/\/www.prinz.at\/it\/prodotti\/segatrici-per-il-legno\/","title":{"rendered":"Segatrici per il legno"},"content":{"rendered":"<section class=\"wpb-content-wrapper\"><p>[vc_row css=&#8221;.vc_custom_1434570090987{background-color: #efefef !important;}&#8221;][vc_column][vc_row_inner][vc_column_inner width=&#8221;1\/3&#8243;][vc_single_image image=&#8221;5240&#8243; img_size=&#8221;full&#8221;][\/vc_column_inner][vc_column_inner width=&#8221;2\/3&#8243;][vc_column_text]<\/p>\n<h3 style=\"text-align: left;\">Segatrici per il taglio di pacchi a guide parallele<\/h3>\n<p>Un&#8217;unit\u00e0 di segatrice &#8211; molte combinazioni!<\/p>\n<p>L&#8217;unit\u00e0 segatrice di pacchi PC120 vi offre la possibilit\u00e0 di configurare l&#8217;installazione in base alle vostre esigenze e allo spazio disponibile.<\/p>\n<p>Come i vostri requisiti assomigliano?<br \/>\n[\/vc_column_text]\t\t<a href=\"\/it\/produkte\/holz\/portal-saegen\/\" class=\"envor-btn envor-btn-primary envor-btn-normal\">MOSTRA PRODOTTI<\/a>\n\t\n\t[\/vc_column_inner][\/vc_row_inner][\/vc_column][\/vc_row][vc_row css=&#8221;.vc_custom_1435575388957{padding-top: 0px !important;background-color: #fafafa !important;}&#8221;][vc_column][vc_row_inner css=&#8221;.vc_custom_1495094427771{margin-top: 30px !important;padding-top: 30px !important;}&#8221;][vc_column_inner width=&#8221;1\/3&#8243;][vc_single_image image=&#8221;5536&#8243; img_size=&#8221;full&#8221;][\/vc_column_inner][vc_column_inner width=&#8221;2\/3&#8243;][vc_column_text]<\/p>\n<h3 style=\"text-align: left;\">Segatrice per pacchi con arco di guida<\/h3>\n<p>Le segatrici PRINZ per pacchi con taglio guidato con arco di guida colmano il divario tra segatrici portatili e segatrici con un telaio a guide parallele.<\/p>\n<p>Con la segatrice che si sposta , offrono la soluzione con molto risparmio di spazio e il robusto arco di guida garantisce una elevata precisione di taglio di +\/- 2 mm.<br \/>\n[\/vc_column_text]\t\t<a href=\"\/it\/produkte\/holz\/bogensaegen\/\" class=\"envor-btn envor-btn-primary envor-btn-normal\">MOSTRA PRODOTTI<\/a>\n\t\n\t[\/vc_column_inner][\/vc_row_inner][\/vc_column][\/vc_row][vc_row css=&#8221;.vc_custom_1435575402685{background-color: #efefef !important;}&#8221; el_class=&#8221;add-shadowbox&#8221;][vc_column][vc_row_inner][vc_column_inner width=&#8221;1\/3&#8243;][vc_single_image image=&#8221;5228&#8243; img_size=&#8221;full&#8221;][\/vc_column_inner][vc_column_inner width=&#8221;2\/3&#8243;][vc_column_text]<\/p>\n<h3>Segatrici portatili<\/h3>\n<div class=\"wpb_text_column wpb_content_element \">\n<div class=\"wpb_wrapper\">\n<p>Le troncatrici a carrello Prinz sono estremamente mobili e universali. Esse sono il modello base ideale per un&#8217;efficente intestatura e sezionatura di tronchi e pacchi. Facile da manovrare, forniscono una valida alternativa ad un&#8217;elettrosega portatile. Con il gruppo di taglio Prinz a destra, garantiscono sempre i migliori risultati di taglio per tutte le applicazioni.<\/p>\n<\/div>\n<p>Segatrici PRINZ sono tutte costruite con un&#8217;esecuzione robusta per una durata ottimale.<\/p>\n<\/div>\n<p>[\/vc_column_text]\t\t<a href=\"\/it\/produkte\/holz\/einsteigermodelle\/\" class=\"envor-btn envor-btn-primary envor-btn-normal\">MOSTRA PRODOTTI<\/a>\n\t\n\t[\/vc_column_inner][\/vc_row_inner][\/vc_column][\/vc_row][vc_row css=&#8221;.vc_custom_1434575521829{background-color: #fafafa !important;}&#8221; el_class=&#8221;add-shadowbox&#8221;][vc_column][vc_row_inner][vc_column_inner width=&#8221;1\/3&#8243;][vc_single_image image=&#8221;5238&#8243; img_size=&#8221;full&#8221;][\/vc_column_inner][vc_column_inner width=&#8221;2\/3&#8243;][vc_column_text]<\/p>\n<h3>Segatrici per tronchi<\/h3>\n<p>Le segatrici per tronchi PRINZ sono l&#8217;ideale per l&#8217;integrazione nel vostro impianto per tronchi. Il sistema modulare permette di elaborare soluzioni individuali per soddisfare esattamente proprie esigenze.[\/vc_column_text]\t\t<a href=\"\/it\/produkte\/holz\/rundholzsaegen\/\" class=\"envor-btn envor-btn-primary envor-btn-normal\">MOSTRA PRODOTTI<\/a>\n\t\n\t[\/vc_column_inner][\/vc_row_inner][\/vc_column][\/vc_row][vc_row css=&#8221;.vc_custom_1435575422617{background-color: #efefef !important;}&#8221; el_class=&#8221;add-shadowbox&#8221;][vc_column][vc_row_inner][vc_column_inner width=&#8221;1\/3&#8243;][vc_single_image image=&#8221;2674&#8243; img_size=&#8221;full&#8221;][\/vc_column_inner][vc_column_inner width=&#8221;2\/3&#8243;][vc_column_text]<\/p>\n<h3 style=\"text-align: left;\">Kits per progetti di taglio<\/h3>\n<p>Kit di taglio nell&#8217; affidabile tecnologia Prinz-segatrici sono disponibili per i singoli progetti. Individuale e semplice.<br \/>\n[\/vc_column_text]\t\t<a href=\"\/it\/produkte\/holz\/einbauloesungen\/\" class=\"envor-btn envor-btn-primary envor-btn-normal\">MOSTRA PRODOTTI<\/a>\n\t\n\t[\/vc_column_inner][\/vc_row_inner][\/vc_column][\/vc_row][vc_row el_class=&#8221;additional-products&#8221;][vc_column][vc_row_inner][vc_column_inner][vc_column_text]<\/p>\n<h3>Equipaggiamenti di taglio e accessori<\/h3>\n<p>[\/vc_column_text][\/vc_column_inner][\/vc_row_inner][vc_row_inner css=&#8221;.vc_custom_1434572549996{padding-top: 0px !important;}&#8221;][vc_column_inner width=&#8221;1\/4&#8243;][vc_single_image image=&#8221;4647&#8243; img_size=&#8221;full&#8221;]\t\t<a href=\"\/it\/produkte\/holz\/spitzzahnketten\/\" class=\"envor-btn envor-btn-primary envor-btn-normal\">Mostra di pi\u00f9<\/a>\n\t\n\t[\/vc_column_inner][vc_column_inner width=&#8221;1\/4&#8243;][vc_single_image image=&#8221;4649&#8243; img_size=&#8221;full&#8221;]\t\t<a href=\"\/it\/prodotti\/segatrici-per-il-legno\/barre-di-guida\" class=\"envor-btn envor-btn-primary envor-btn-normal\">Mostra di pi\u00f9<\/a>\n\t\n\t[\/vc_column_inner][vc_column_inner width=&#8221;1\/4&#8243;][vc_single_image image=&#8221;2682&#8243; img_size=&#8221;full&#8221;]\t\t<a href=\"\/it\/produkte\/holz\/antriebsraeder-und-umlenkrollen-2\/\" class=\"envor-btn envor-btn-primary envor-btn-normal\">Mostra di pi\u00f9<\/a>\n\t\n\t[\/vc_column_inner][vc_column_inner width=&#8221;1\/4&#8243;][vc_single_image image=&#8221;2681&#8243; img_size=&#8221;full&#8221;]\t\t<a href=\"\/it\/produkte\/holz\/zubehoer\/\" class=\"envor-btn envor-btn-primary envor-btn-normal\">Mostra di pi\u00f9<\/a>\n\t\n\t[\/vc_column_inner][\/vc_row_inner][\/vc_column][\/vc_row]<\/p>\n<\/section>","protected":false},"excerpt":{"rendered":"<p>[vc_row css=&#8221;.vc_custom_1434570090987{background-color: #efefef !important;}&#8221;][vc_column][vc_row_inner][vc_column_inner width=&#8221;1\/3&#8243;][vc_single_image image=&#8221;5240&#8243; img_size=&#8221;full&#8221;][\/vc_column_inner][vc_column_inner width=&#8221;2\/3&#8243;][vc_column_text] Segatrici per il taglio di pacchi a guide parallele Un&#8217;unit\u00e0 di segatrice &#8211; molte combinazioni! L&#8217;unit\u00e0 segatrice di pacchi PC120 vi offre la possibilit\u00e0 di configurare l&#8217;installazione in base alle vostre esigenze e allo spazio disponibile. Come i vostri requisiti assomigliano? [\/vc_column_text][\/vc_column_inner][\/vc_row_inner][\/vc_column][\/vc_row][vc_row css=&#8221;.vc_custom_1435575388957{padding-top: 0px !important;background-color: #fafafa !important;}&#8221;][vc_column][vc_row_inner [&hellip;]<\/p>\n","protected":false},"author":1,"featured_media":0,"parent":6372,"menu_order":0,"comment_status":"open","ping_status":"open","template":"page-templates\/canvas-with-title.php","meta":[],"yoast_head":"<!-- This site is optimized with the Yoast SEO plugin v21.8.1 - https:\/\/yoast.com\/wordpress\/plugins\/seo\/ -->\n<title>Segatrici per il legno - PRINZ<\/title>\n<meta name=\"robots\" content=\"index, follow, max-snippet:-1, max-image-preview:large, max-video-preview:-1\" \/>\n<link rel=\"canonical\" href=\"https:\/\/www.prinz.at\/it\/prodotti\/segatrici-per-il-legno\/\" \/>\n<meta property=\"og:locale\" content=\"it_IT\" \/>\n<meta property=\"og:type\" content=\"article\" \/>\n<meta property=\"og:title\" content=\"Segatrici per il legno - PRINZ\" \/>\n<meta property=\"og:description\" content=\"[vc_row css=&#8221;.vc_custom_1434570090987{background-color: #efefef !important;}&#8221;][vc_column][vc_row_inner][vc_column_inner width=&#8221;1\/3&#8243;][vc_single_image image=&#8221;5240&#8243; img_size=&#8221;full&#8221;][\/vc_column_inner][vc_column_inner width=&#8221;2\/3&#8243;][vc_column_text] Segatrici per il taglio di pacchi a guide parallele Un&#8217;unit\u00e0 di segatrice &#8211; molte combinazioni! L&#8217;unit\u00e0 segatrice di pacchi PC120 vi offre la possibilit\u00e0 di configurare l&#8217;installazione in base alle vostre esigenze e allo spazio disponibile. Come i vostri requisiti assomigliano? [\/vc_column_text][\/vc_column_inner][\/vc_row_inner][\/vc_column][\/vc_row][vc_row css=&#8221;.vc_custom_1435575388957{padding-top: 0px !important;background-color: #fafafa !important;}&#8221;][vc_column][vc_row_inner [&hellip;]\" \/>\n<meta property=\"og:url\" content=\"https:\/\/www.prinz.at\/it\/prodotti\/segatrici-per-il-legno\/\" \/>\n<meta property=\"og:site_name\" content=\"PRINZ\" \/>\n<meta property=\"article:modified_time\" content=\"2024-02-07T12:17:09+00:00\" \/>\n<meta name=\"twitter:card\" content=\"summary_large_image\" \/>\n<meta name=\"twitter:label1\" content=\"Tempo di lettura stimato\" \/>\n\t<meta name=\"twitter:data1\" content=\"2 minuti\" \/>\n<script type=\"application\/ld+json\" class=\"yoast-schema-graph\">{\"@context\":\"https:\/\/schema.org\",\"@graph\":[{\"@type\":\"WebPage\",\"@id\":\"https:\/\/www.prinz.at\/it\/prodotti\/segatrici-per-il-legno\/\",\"url\":\"https:\/\/www.prinz.at\/it\/prodotti\/segatrici-per-il-legno\/\",\"name\":\"Segatrici per il legno - PRINZ\",\"isPartOf\":{\"@id\":\"https:\/\/www.prinz.at\/#website\"},\"datePublished\":\"2015-01-17T21:21:06+00:00\",\"dateModified\":\"2024-02-07T12:17:09+00:00\",\"breadcrumb\":{\"@id\":\"https:\/\/www.prinz.at\/it\/prodotti\/segatrici-per-il-legno\/#breadcrumb\"},\"inLanguage\":\"it-IT\",\"potentialAction\":[{\"@type\":\"ReadAction\",\"target\":[\"https:\/\/www.prinz.at\/it\/prodotti\/segatrici-per-il-legno\/\"]}]},{\"@type\":\"BreadcrumbList\",\"@id\":\"https:\/\/www.prinz.at\/it\/prodotti\/segatrici-per-il-legno\/#breadcrumb\",\"itemListElement\":[{\"@type\":\"ListItem\",\"position\":1,\"name\":\"Startseite\",\"item\":\"https:\/\/www.prinz.at\/it\/\"},{\"@type\":\"ListItem\",\"position\":2,\"name\":\"Prodotti\",\"item\":\"https:\/\/www.prinz.at\/it\/prodotti\/\"},{\"@type\":\"ListItem\",\"position\":3,\"name\":\"Segatrici per il legno\"}]},{\"@type\":\"WebSite\",\"@id\":\"https:\/\/www.prinz.at\/#website\",\"url\":\"https:\/\/www.prinz.at\/\",\"name\":\"PRINZ\",\"description\":\"\",\"potentialAction\":[{\"@type\":\"SearchAction\",\"target\":{\"@type\":\"EntryPoint\",\"urlTemplate\":\"https:\/\/www.prinz.at\/?s={search_term_string}\"},\"query-input\":\"required name=search_term_string\"}],\"inLanguage\":\"it-IT\"}]}<\/script>\n<!-- \/ Yoast SEO plugin. -->","yoast_head_json":{"title":"Segatrici per il legno - PRINZ","robots":{"index":"index","follow":"follow","max-snippet":"max-snippet:-1","max-image-preview":"max-image-preview:large","max-video-preview":"max-video-preview:-1"},"canonical":"https:\/\/www.prinz.at\/it\/prodotti\/segatrici-per-il-legno\/","og_locale":"it_IT","og_type":"article","og_title":"Segatrici per il legno - PRINZ","og_description":"[vc_row css=&#8221;.vc_custom_1434570090987{background-color: #efefef !important;}&#8221;][vc_column][vc_row_inner][vc_column_inner width=&#8221;1\/3&#8243;][vc_single_image image=&#8221;5240&#8243; img_size=&#8221;full&#8221;][\/vc_column_inner][vc_column_inner width=&#8221;2\/3&#8243;][vc_column_text] Segatrici per il taglio di pacchi a guide parallele Un&#8217;unit\u00e0 di segatrice &#8211; molte combinazioni! L&#8217;unit\u00e0 segatrice di pacchi PC120 vi offre la possibilit\u00e0 di configurare l&#8217;installazione in base alle vostre esigenze e allo spazio disponibile. Come i vostri requisiti assomigliano? [\/vc_column_text][\/vc_column_inner][\/vc_row_inner][\/vc_column][\/vc_row][vc_row css=&#8221;.vc_custom_1435575388957{padding-top: 0px !important;background-color: #fafafa !important;}&#8221;][vc_column][vc_row_inner [&hellip;]","og_url":"https:\/\/www.prinz.at\/it\/prodotti\/segatrici-per-il-legno\/","og_site_name":"PRINZ","article_modified_time":"2024-02-07T12:17:09+00:00","twitter_card":"summary_large_image","twitter_misc":{"Tempo di lettura stimato":"2 minuti"},"schema":{"@context":"https:\/\/schema.org","@graph":[{"@type":"WebPage","@id":"https:\/\/www.prinz.at\/it\/prodotti\/segatrici-per-il-legno\/","url":"https:\/\/www.prinz.at\/it\/prodotti\/segatrici-per-il-legno\/","name":"Segatrici per il legno - PRINZ","isPartOf":{"@id":"https:\/\/www.prinz.at\/#website"},"datePublished":"2015-01-17T21:21:06+00:00","dateModified":"2024-02-07T12:17:09+00:00","breadcrumb":{"@id":"https:\/\/www.prinz.at\/it\/prodotti\/segatrici-per-il-legno\/#breadcrumb"},"inLanguage":"it-IT","potentialAction":[{"@type":"ReadAction","target":["https:\/\/www.prinz.at\/it\/prodotti\/segatrici-per-il-legno\/"]}]},{"@type":"BreadcrumbList","@id":"https:\/\/www.prinz.at\/it\/prodotti\/segatrici-per-il-legno\/#breadcrumb","itemListElement":[{"@type":"ListItem","position":1,"name":"Startseite","item":"https:\/\/www.prinz.at\/it\/"},{"@type":"ListItem","position":2,"name":"Prodotti","item":"https:\/\/www.prinz.at\/it\/prodotti\/"},{"@type":"ListItem","position":3,"name":"Segatrici per il legno"}]},{"@type":"WebSite","@id":"https:\/\/www.prinz.at\/#website","url":"https:\/\/www.prinz.at\/","name":"PRINZ","description":"","potentialAction":[{"@type":"SearchAction","target":{"@type":"EntryPoint","urlTemplate":"https:\/\/www.prinz.at\/?s={search_term_string}"},"query-input":"required name=search_term_string"}],"inLanguage":"it-IT"}]}},"_links":{"self":[{"href":"https:\/\/www.prinz.at\/it\/wp-json\/wp\/v2\/pages\/6394"}],"collection":[{"href":"https:\/\/www.prinz.at\/it\/wp-json\/wp\/v2\/pages"}],"about":[{"href":"https:\/\/www.prinz.at\/it\/wp-json\/wp\/v2\/types\/page"}],"author":[{"embeddable":true,"href":"https:\/\/www.prinz.at\/it\/wp-json\/wp\/v2\/users\/1"}],"replies":[{"embeddable":true,"href":"https:\/\/www.prinz.at\/it\/wp-json\/wp\/v2\/comments?post=6394"}],"version-history":[{"count":5,"href":"https:\/\/www.prinz.at\/it\/wp-json\/wp\/v2\/pages\/6394\/revisions"}],"predecessor-version":[{"id":10210,"href":"https:\/\/www.prinz.at\/it\/wp-json\/wp\/v2\/pages\/6394\/revisions\/10210"}],"up":[{"embeddable":true,"href":"https:\/\/www.prinz.at\/it\/wp-json\/wp\/v2\/pages\/6372"}],"wp:attachment":[{"href":"https:\/\/www.prinz.at\/it\/wp-json\/wp\/v2\/media?parent=6394"}],"curies":[{"name":"wp","href":"https:\/\/api.w.org\/{rel}","templated":true}]}}