{"id":6442,"date":"2015-03-25T14:21:04","date_gmt":"2015-03-25T14:21:04","guid":{"rendered":"https:\/\/www.prinz.at\/pc120-ultracut\/"},"modified":"2015-03-25T14:21:04","modified_gmt":"2015-03-25T14:21:04","slug":"pc120-ultracut","status":"publish","type":"page","link":"https:\/\/www.prinz.at\/it\/prodotti\/segatrici-per-il-legno\/segatrici-per-il-taglio-di-pacchi-a-guide-parallele\/pc120-ultracut\/","title":{"rendered":"PC120 &#8211; ULTRACUT"},"content":{"rendered":"<section class=\"wpb-content-wrapper\"><p>[vc_row][vc_column width=&#8221;1\/2&#8243;][vc_single_image image=&#8221;4967&#8243; img_size=&#8221;1024 \u00d7 724&#8243; alignment=&#8221;center&#8221;][\/vc_column][vc_column width=&#8221;1\/2&#8243;][vc_column_text]Grazie al posizionamento esatto del pacco con il preciso carrello \u00a0\u00e8 garantita una precisione di taglio massima di \u00b1 1 mm. La barra pu\u00f2 opzionalmente essere guidato diagonalmente attraverso il pacco ruotando l&#8217;unit\u00e0 di taglio. Cos\u00ec un angolo di taglio ottimale pu\u00f2 essere combinato con la possibilit\u00e0 di taglio \u00a0trasversali dei pacchi ad altezze del pacco arbitrari quando non si vuole tagliare completamente attraverso, ad esempio lunghezze molto piccole \u00a0dei pacchi. Tagli in serie possono essere eseguiti in modo ottimale in combinazione con apertura taglio .<\/p>\n<ul>\n<li>potenza motore catena 15 Kw<\/li>\n<li>segatrice molto stabile con robusto, guide di precisione bilaterali per la barra garantisce la massima precisione di taglio a lungo termine<\/li>\n<li>velocit\u00e0 di avanzamento regolabile di continuo della barra \u00a0assicura un processo di taglio ottimale<\/li>\n<\/ul>\n<p>[\/vc_column_text][\/vc_column][\/vc_row][vc_row][vc_column][vc_column_text]<\/p>\n<h2>Dati tecnici<\/h2>\n<table class=\"contenttable contenttable-0 product-description-table\">\n<tbody>\n<tr class=\"tr-even tr-0\">\n<td class=\"td-0\">Potenza:<\/td>\n<td class=\"td-last td-1\">15 kW<\/td>\n<\/tr>\n<tr class=\"tr-odd tr-1\">\n<td class=\"td-0\">Motore:<\/td>\n<td class=\"td-last td-1\">elettrico<\/td>\n<\/tr>\n<tr class=\"tr-even tr-2\">\n<td class=\"td-0\">Tolleranza taglio:<\/td>\n<td class=\"td-last td-1\">\u00b11mm<\/td>\n<\/tr>\n<tr class=\"tr-odd tr-3\">\n<td class=\"td-0\">Misure standard del pacco (profondit\u00e0 x altezza):<\/td>\n<td class=\"td-last td-1\">120x120cm<\/td>\n<\/tr>\n<tr class=\"tr-even tr-4\">\n<td class=\"td-0\">Dispobile in dimensioni pi\u00f9 larghe:<\/td>\n<td class=\"td-last td-1\">s\u00ec<\/td>\n<\/tr>\n<tr class=\"tr-odd tr-5\">\n<td class=\"td-0\">Alimentazione taglio:<\/td>\n<td class=\"td-last td-1\">motoriduttore<\/td>\n<\/tr>\n<tr class=\"tr-even tr-6\">\n<td class=\"td-0\">Guida del taglio:<\/td>\n<td class=\"td-last td-1\">precisione parallelo sistema di guida supporto lineare<\/td>\n<\/tr>\n<tr class=\"tr-odd tr-7\">\n<td class=\"td-0\">Tipo di segatrice:<\/td>\n<td class=\"td-last td-1\">segatrice fissa\/pacco si muove<\/td>\n<\/tr>\n<tr class=\"tr-even tr-8\">\n<td class=\"td-0\">Tipo di catena:<\/td>\n<td class=\"td-last td-1\">denti diritti\/catena con widia<\/td>\n<\/tr>\n<tr class=\"tr-odd tr-9\">\n<td class=\"td-0\">Barra guida catena:<\/td>\n<td class=\"td-last td-1\">robusto acciaio, speciale rivestimento bordo<\/td>\n<\/tr>\n<tr class=\"tr-odd tr-11\">\n<td class=\"td-0\">Comando pacco \/ segatrice:<\/td>\n<td class=\"td-last td-1\">motoriduttore con convertitore di frequenza<\/td>\n<\/tr>\n<tr class=\"tr-even tr-12\">\n<td class=\"td-0\">Disponibile con dispositivo di misurazione:<\/td>\n<td class=\"td-last td-1\">s\u00ec<\/td>\n<\/tr>\n<tr class=\"tr-odd tr-13\">\n<td class=\"td-0\">Sistema di controllo:<\/td>\n<td class=\"td-last td-1\">completamente o parzialmente automatico<\/td>\n<\/tr>\n<tr class=\"tr-even tr-14\">\n<td class=\"td-0\">Applicazioni:<\/td>\n<td class=\"td-last td-1\">sistema di produzione completamente automatica con \u00b1 1mm precisione di taglio, lunghezza illimitata pacchetto<\/td>\n<\/tr>\n<tr class=\"tr-odd tr-15\">\n<td class=\"td-0\">Optional:<\/td>\n<td class=\"td-last td-1\">dispositivo di misurazione manuale o elettronico<\/td>\n<\/tr>\n<tr class=\"tr-even tr-16\">\n<td class=\"td-0\"><\/td>\n<td class=\"td-last td-1\">collegamento di scarico, rulliere trasversali, luce laser per posizione di taglio<\/td>\n<\/tr>\n<tr class=\"tr-odd tr-17\">\n<td class=\"td-0\"><\/td>\n<td class=\"td-last td-1\">contenitore per la rimozione dei rifiuti, pressori per pacco<\/td>\n<\/tr>\n<tr class=\"tr-even tr-last\">\n<td class=\"td-0\"><\/td>\n<td class=\"td-last td-1\">&#8220;pivoting&#8221; \u00a0taglio, funzione taglio in serie, sollevamento pacco<\/td>\n<\/tr>\n<\/tbody>\n<\/table>\n<p>[\/vc_column_text][\/vc_column][\/vc_row][vc_row][vc_column][vc_raw_html]JTNDaWZyYW1lJTIwd2lkdGglM0QlMjIxMjgwJTIyJTIwaGVpZ2h0JTNEJTIyNzIwJTIyJTIwc3JjJTNEJTIyaHR0cHMlM0ElMkYlMkZ3d3cueW91dHViZS5jb20lMkZlbWJlZCUyRnlCYjBKQ2l4VkRrJTNGcmVsJTNEMCUyMiUyMGZyYW1lYm9yZGVyJTNEJTIyMCUyMiUyMGFsbG93ZnVsbHNjcmVlbiUzRSUzQyUyRmlmcmFtZSUzRQ==[\/vc_raw_html][vc_gallery type=&#8221;image_grid&#8221; images=&#8221;1143,1144,1145,4967&#8243;][\/vc_column][\/vc_row]<\/p>\n<\/section>","protected":false},"excerpt":{"rendered":"<p>[vc_row][vc_column width=&#8221;1\/2&#8243;][vc_single_image image=&#8221;4967&#8243; img_size=&#8221;1024 \u00d7 724&#8243; alignment=&#8221;center&#8221;][\/vc_column][vc_column width=&#8221;1\/2&#8243;][vc_column_text]Grazie al posizionamento esatto del pacco con il preciso carrello \u00a0\u00e8 garantita una precisione di taglio massima di \u00b1 1 mm. La barra pu\u00f2 opzionalmente essere guidato diagonalmente attraverso il pacco ruotando l&#8217;unit\u00e0 di taglio. Cos\u00ec un angolo di taglio ottimale pu\u00f2 essere combinato con la possibilit\u00e0 di [&hellip;]<\/p>\n","protected":false},"author":5,"featured_media":0,"parent":6407,"menu_order":0,"comment_status":"open","ping_status":"open","template":"","meta":[],"yoast_head":"<!-- This site is optimized with the Yoast SEO plugin v21.8.1 - https:\/\/yoast.com\/wordpress\/plugins\/seo\/ -->\n<title>PC120 - ULTRACUT - PRINZ<\/title>\n<meta name=\"robots\" content=\"index, follow, max-snippet:-1, max-image-preview:large, max-video-preview:-1\" \/>\n<link rel=\"canonical\" href=\"https:\/\/www.prinz.at\/pc120-ultracut\/?lang=it\" \/>\n<meta property=\"og:locale\" content=\"it_IT\" \/>\n<meta property=\"og:type\" content=\"article\" \/>\n<meta property=\"og:title\" content=\"PC120 - ULTRACUT - PRINZ\" \/>\n<meta property=\"og:description\" content=\"[vc_row][vc_column width=&#8221;1\/2&#8243;][vc_single_image image=&#8221;4967&#8243; img_size=&#8221;1024 \u00d7 724&#8243; alignment=&#8221;center&#8221;][\/vc_column][vc_column width=&#8221;1\/2&#8243;][vc_column_text]Grazie al posizionamento esatto del pacco con il preciso carrello \u00a0\u00e8 garantita una precisione di taglio massima di \u00b1 1 mm. La barra pu\u00f2 opzionalmente essere guidato diagonalmente attraverso il pacco ruotando l&#8217;unit\u00e0 di taglio. Cos\u00ec un angolo di taglio ottimale pu\u00f2 essere combinato con la possibilit\u00e0 di [&hellip;]\" \/>\n<meta property=\"og:url\" content=\"https:\/\/www.prinz.at\/pc120-ultracut\/?lang=it\" \/>\n<meta property=\"og:site_name\" content=\"PRINZ\" \/>\n<meta name=\"twitter:card\" content=\"summary_large_image\" \/>\n<meta name=\"twitter:label1\" content=\"Tempo di lettura stimato\" \/>\n\t<meta name=\"twitter:data1\" content=\"2 minuti\" \/>\n<script type=\"application\/ld+json\" class=\"yoast-schema-graph\">{\"@context\":\"https:\/\/schema.org\",\"@graph\":[{\"@type\":\"WebPage\",\"@id\":\"https:\/\/www.prinz.at\/pc120-ultracut\/?lang=it\",\"url\":\"https:\/\/www.prinz.at\/pc120-ultracut\/?lang=it\",\"name\":\"PC120 - ULTRACUT - PRINZ\",\"isPartOf\":{\"@id\":\"https:\/\/www.prinz.at\/#website\"},\"datePublished\":\"2015-03-25T14:21:04+00:00\",\"dateModified\":\"2015-03-25T14:21:04+00:00\",\"breadcrumb\":{\"@id\":\"https:\/\/www.prinz.at\/pc120-ultracut\/?lang=it#breadcrumb\"},\"inLanguage\":\"it-IT\",\"potentialAction\":[{\"@type\":\"ReadAction\",\"target\":[\"https:\/\/www.prinz.at\/pc120-ultracut\/?lang=it\"]}]},{\"@type\":\"BreadcrumbList\",\"@id\":\"https:\/\/www.prinz.at\/pc120-ultracut\/?lang=it#breadcrumb\",\"itemListElement\":[{\"@type\":\"ListItem\",\"position\":1,\"name\":\"Startseite\",\"item\":\"https:\/\/www.prinz.at\/it\/\"},{\"@type\":\"ListItem\",\"position\":2,\"name\":\"PC120 &#8211; ULTRACUT\"}]},{\"@type\":\"WebSite\",\"@id\":\"https:\/\/www.prinz.at\/#website\",\"url\":\"https:\/\/www.prinz.at\/\",\"name\":\"PRINZ\",\"description\":\"\",\"potentialAction\":[{\"@type\":\"SearchAction\",\"target\":{\"@type\":\"EntryPoint\",\"urlTemplate\":\"https:\/\/www.prinz.at\/?s={search_term_string}\"},\"query-input\":\"required name=search_term_string\"}],\"inLanguage\":\"it-IT\"}]}<\/script>\n<!-- \/ Yoast SEO plugin. -->","yoast_head_json":{"title":"PC120 - ULTRACUT - PRINZ","robots":{"index":"index","follow":"follow","max-snippet":"max-snippet:-1","max-image-preview":"max-image-preview:large","max-video-preview":"max-video-preview:-1"},"canonical":"https:\/\/www.prinz.at\/pc120-ultracut\/?lang=it","og_locale":"it_IT","og_type":"article","og_title":"PC120 - ULTRACUT - PRINZ","og_description":"[vc_row][vc_column width=&#8221;1\/2&#8243;][vc_single_image image=&#8221;4967&#8243; img_size=&#8221;1024 \u00d7 724&#8243; alignment=&#8221;center&#8221;][\/vc_column][vc_column width=&#8221;1\/2&#8243;][vc_column_text]Grazie al posizionamento esatto del pacco con il preciso carrello \u00a0\u00e8 garantita una precisione di taglio massima di \u00b1 1 mm. La barra pu\u00f2 opzionalmente essere guidato diagonalmente attraverso il pacco ruotando l&#8217;unit\u00e0 di taglio. Cos\u00ec un angolo di taglio ottimale pu\u00f2 essere combinato con la possibilit\u00e0 di [&hellip;]","og_url":"https:\/\/www.prinz.at\/pc120-ultracut\/?lang=it","og_site_name":"PRINZ","twitter_card":"summary_large_image","twitter_misc":{"Tempo di lettura stimato":"2 minuti"},"schema":{"@context":"https:\/\/schema.org","@graph":[{"@type":"WebPage","@id":"https:\/\/www.prinz.at\/pc120-ultracut\/?lang=it","url":"https:\/\/www.prinz.at\/pc120-ultracut\/?lang=it","name":"PC120 - ULTRACUT - PRINZ","isPartOf":{"@id":"https:\/\/www.prinz.at\/#website"},"datePublished":"2015-03-25T14:21:04+00:00","dateModified":"2015-03-25T14:21:04+00:00","breadcrumb":{"@id":"https:\/\/www.prinz.at\/pc120-ultracut\/?lang=it#breadcrumb"},"inLanguage":"it-IT","potentialAction":[{"@type":"ReadAction","target":["https:\/\/www.prinz.at\/pc120-ultracut\/?lang=it"]}]},{"@type":"BreadcrumbList","@id":"https:\/\/www.prinz.at\/pc120-ultracut\/?lang=it#breadcrumb","itemListElement":[{"@type":"ListItem","position":1,"name":"Startseite","item":"https:\/\/www.prinz.at\/it\/"},{"@type":"ListItem","position":2,"name":"PC120 &#8211; ULTRACUT"}]},{"@type":"WebSite","@id":"https:\/\/www.prinz.at\/#website","url":"https:\/\/www.prinz.at\/","name":"PRINZ","description":"","potentialAction":[{"@type":"SearchAction","target":{"@type":"EntryPoint","urlTemplate":"https:\/\/www.prinz.at\/?s={search_term_string}"},"query-input":"required name=search_term_string"}],"inLanguage":"it-IT"}]}},"_links":{"self":[{"href":"https:\/\/www.prinz.at\/it\/wp-json\/wp\/v2\/pages\/6442"}],"collection":[{"href":"https:\/\/www.prinz.at\/it\/wp-json\/wp\/v2\/pages"}],"about":[{"href":"https:\/\/www.prinz.at\/it\/wp-json\/wp\/v2\/types\/page"}],"author":[{"embeddable":true,"href":"https:\/\/www.prinz.at\/it\/wp-json\/wp\/v2\/users\/5"}],"replies":[{"embeddable":true,"href":"https:\/\/www.prinz.at\/it\/wp-json\/wp\/v2\/comments?post=6442"}],"version-history":[{"count":0,"href":"https:\/\/www.prinz.at\/it\/wp-json\/wp\/v2\/pages\/6442\/revisions"}],"up":[{"embeddable":true,"href":"https:\/\/www.prinz.at\/it\/wp-json\/wp\/v2\/pages\/6407"}],"wp:attachment":[{"href":"https:\/\/www.prinz.at\/it\/wp-json\/wp\/v2\/media?parent=6442"}],"curies":[{"name":"wp","href":"https:\/\/api.w.org\/{rel}","templated":true}]}}