{"id":6499,"date":"2015-03-26T12:36:40","date_gmt":"2015-03-26T12:36:40","guid":{"rendered":"https:\/\/www.prinz.at\/mobilcut-state-line\/"},"modified":"2024-10-17T08:11:33","modified_gmt":"2024-10-17T08:11:33","slug":"mobilcut-state-line","status":"publish","type":"page","link":"https:\/\/www.prinz.at\/it\/prodotti\/segatrici-per-il-legno\/segatrice-per-pacchi-con-arco-di-guida\/mobilcut-state-line\/","title":{"rendered":"MOBILCUT STATE LINE"},"content":{"rendered":"<section class=\"wpb-content-wrapper\"><p>[vc_row][vc_column width=&#8221;1\/2&#8243;][vc_single_image image=&#8221;2668&#8243; img_size=&#8221;400 \u00d7 280&#8243; alignment=&#8221;center&#8221;][\/vc_column][vc_column width=&#8221;1\/2&#8243;][vc_column_text]La MOBILCUT STATE LINE \u00e8 una segatrice che si sposta con un bancale per il pacco per un taglio fisso dei pacchi. Il posizionamento della sega \u00e8 manuale, la barra si muove lungo a un arco di guida robusto per un alta tolleranza di taglio. La segatrice si distingue per operazioni semplici, un robusto design e un\u2019eccellente stabilit\u00e0. Con un bancale di lunghezza massima di 7,6 mt, pu\u00f2 anche essere installata dove lo spazio \u00e8 limitato.<\/p>\n<p>Principali fatti circa la MOBILCUT\u00a0STATE LINE\u00a0:<\/p>\n<ul>\n<li>motore catena con 7,5 kw<\/li>\n<li>arco di guida molto robusto<\/li>\n<li>per tagliare pacchi con 130&#215;130 cm e lunghezza sopra i 6 mt<\/li>\n<li>riduce lo spazio richiesto solo con una lunghezza di 755 cm<\/li>\n<li>tolleranza di taglio di +\/- 2 mm con arco di guida<\/li>\n<li>discesa del taglio manuale<\/li>\n<li>posizionamento della segatrice manuale con manovella a mano \/ automatico<\/li>\n<li>optionals extra per il miglior incontro delle vostre esigenza individuali: luce laser e nastri per rimuzione scarti<\/li>\n<\/ul>\n<p>[\/vc_column_text][\/vc_column][\/vc_row][vc_row][vc_column][vc_column_text]<\/p>\n<h2>Dati tecni<\/h2>\n<table class=\"contenttable contenttable-0 product-description-table\">\n<tbody>\n<tr class=\"tr-even tr-0\">\n<td class=\"td-0\">Potenza:<\/td>\n<td class=\"td-last td-1\">7,5\u00a0kW<\/td>\n<\/tr>\n<tr class=\"tr-odd tr-1\">\n<td class=\"td-0\">Motore:<\/td>\n<td class=\"td-last td-1\">elettrico<\/td>\n<\/tr>\n<tr class=\"tr-even tr-2\">\n<td class=\"td-0\">Tolleranza di taglio:<\/td>\n<td class=\"td-last td-1\">\u00b12 mm<\/td>\n<\/tr>\n<tr class=\"tr-odd tr-3\">\n<td class=\"td-0\">Misura pacchi standard (profondit\u00e0\/altezza):<\/td>\n<td class=\"td-last td-1\">130&#215;130 cm<\/td>\n<\/tr>\n<tr class=\"tr-even tr-4\">\n<td class=\"td-0\">Disponibile in dimensioni pi\u00f9 larghe:<\/td>\n<td class=\"td-last td-1\">s\u00ec<\/td>\n<\/tr>\n<tr class=\"tr-odd tr-5\">\n<td class=\"td-0\">Discesa taglio:<\/td>\n<td class=\"td-last td-1\">manuale<\/td>\n<\/tr>\n<tr class=\"tr-even tr-6\">\n<td class=\"td-0\">Guida del taglio:<\/td>\n<td class=\"td-last td-1\">con arco<\/td>\n<\/tr>\n<tr class=\"tr-odd tr-7\">\n<td class=\"td-0\">Tipo segatrice:<\/td>\n<td class=\"td-last td-1\">segatrice si muove\/pacco fermo<\/td>\n<\/tr>\n<tr class=\"tr-even tr-8\">\n<td class=\"td-0\">Tipo di catena:<\/td>\n<td class=\"td-last td-1\">denti diritti\/ con widia<\/td>\n<\/tr>\n<tr class=\"tr-odd tr-9\">\n<td class=\"td-0\">Barra guida catena:<\/td>\n<td class=\"td-last td-1\">robusto acciaio, speciale rivestimento bordo<\/td>\n<\/tr>\n<tr class=\"tr-odd tr-11\">\n<td class=\"td-0\">Performance di taglio:<\/td>\n<td class=\"td-last td-1\">2min\/m\u00b2<\/td>\n<\/tr>\n<tr class=\"tr-even tr-12\">\n<td class=\"td-0\">Misuratore disponibile::<\/td>\n<td class=\"td-last td-1\">s\u00ec<\/td>\n<\/tr>\n<tr class=\"tr-odd tr-13\">\n<td class=\"td-0\">Guida pacco\/segatrice:<\/td>\n<td class=\"td-last td-1\">posizionamento della segatrice<\/td>\n<\/tr>\n<tr class=\"tr-even tr-14\">\n<td class=\"td-0\">Applicazioni:<\/td>\n<td class=\"td-last td-1\">spostamento segatrice per gestire pacchi fino a 6 m di lunghezza con una precisione di taglio \u00b1 2 mm e ingombro limitato<\/td>\n<\/tr>\n<tr class=\"tr-odd tr-15\">\n<td class=\"td-0\">Optionals extra:<\/td>\n<td class=\"td-last td-1\">\n<ul>\n<li>luce laser per posizione taglio<\/li>\n<li>rulliera per asporto scarti<\/li>\n<li>container per scarti asportati<\/li>\n<\/ul>\n<\/td>\n<\/tr>\n<\/tbody>\n<\/table>\n<p>[\/vc_column_text][\/vc_column][\/vc_row][vc_row][vc_column][vc_gallery type=&#8221;image_grid&#8221; images=&#8221;1022,1023,1024,1025,1026&#8243;][\/vc_column][\/vc_row]<\/p>\n<\/section>","protected":false},"excerpt":{"rendered":"<p>[vc_row][vc_column width=&#8221;1\/2&#8243;][vc_single_image image=&#8221;2668&#8243; img_size=&#8221;400 \u00d7 280&#8243; alignment=&#8221;center&#8221;][\/vc_column][vc_column width=&#8221;1\/2&#8243;][vc_column_text]La MOBILCUT STATE LINE \u00e8 una segatrice che si sposta con un bancale per il pacco per un taglio fisso dei pacchi. Il posizionamento della sega \u00e8 manuale, la barra si muove lungo a un arco di guida robusto per un alta tolleranza di taglio. La segatrice si [&hellip;]<\/p>\n","protected":false},"author":5,"featured_media":0,"parent":6412,"menu_order":0,"comment_status":"open","ping_status":"open","template":"","meta":[],"yoast_head":"<!-- This site is optimized with the Yoast SEO plugin v21.8.1 - https:\/\/yoast.com\/wordpress\/plugins\/seo\/ -->\n<title>MOBILCUT STATE LINE - PRINZ<\/title>\n<meta name=\"robots\" content=\"index, follow, max-snippet:-1, max-image-preview:large, max-video-preview:-1\" \/>\n<link rel=\"canonical\" href=\"https:\/\/www.prinz.at\/it\/prodotti\/segatrici-per-il-legno\/segatrice-per-pacchi-con-arco-di-guida\/mobilcut-state-line\/\" \/>\n<meta property=\"og:locale\" content=\"it_IT\" \/>\n<meta property=\"og:type\" content=\"article\" \/>\n<meta property=\"og:title\" content=\"MOBILCUT STATE LINE - PRINZ\" \/>\n<meta property=\"og:description\" content=\"[vc_row][vc_column width=&#8221;1\/2&#8243;][vc_single_image image=&#8221;2668&#8243; img_size=&#8221;400 \u00d7 280&#8243; alignment=&#8221;center&#8221;][\/vc_column][vc_column width=&#8221;1\/2&#8243;][vc_column_text]La MOBILCUT STATE LINE \u00e8 una segatrice che si sposta con un bancale per il pacco per un taglio fisso dei pacchi. Il posizionamento della sega \u00e8 manuale, la barra si muove lungo a un arco di guida robusto per un alta tolleranza di taglio. La segatrice si [&hellip;]\" \/>\n<meta property=\"og:url\" content=\"https:\/\/www.prinz.at\/it\/prodotti\/segatrici-per-il-legno\/segatrice-per-pacchi-con-arco-di-guida\/mobilcut-state-line\/\" \/>\n<meta property=\"og:site_name\" content=\"PRINZ\" \/>\n<meta property=\"article:modified_time\" content=\"2024-10-17T08:11:33+00:00\" \/>\n<meta name=\"twitter:card\" content=\"summary_large_image\" \/>\n<meta name=\"twitter:label1\" content=\"Tempo di lettura stimato\" \/>\n\t<meta name=\"twitter:data1\" content=\"2 minuti\" \/>\n<script type=\"application\/ld+json\" class=\"yoast-schema-graph\">{\"@context\":\"https:\/\/schema.org\",\"@graph\":[{\"@type\":\"WebPage\",\"@id\":\"https:\/\/www.prinz.at\/it\/prodotti\/segatrici-per-il-legno\/segatrice-per-pacchi-con-arco-di-guida\/mobilcut-state-line\/\",\"url\":\"https:\/\/www.prinz.at\/it\/prodotti\/segatrici-per-il-legno\/segatrice-per-pacchi-con-arco-di-guida\/mobilcut-state-line\/\",\"name\":\"MOBILCUT STATE LINE - PRINZ\",\"isPartOf\":{\"@id\":\"https:\/\/www.prinz.at\/#website\"},\"datePublished\":\"2015-03-26T12:36:40+00:00\",\"dateModified\":\"2024-10-17T08:11:33+00:00\",\"breadcrumb\":{\"@id\":\"https:\/\/www.prinz.at\/it\/prodotti\/segatrici-per-il-legno\/segatrice-per-pacchi-con-arco-di-guida\/mobilcut-state-line\/#breadcrumb\"},\"inLanguage\":\"it-IT\",\"potentialAction\":[{\"@type\":\"ReadAction\",\"target\":[\"https:\/\/www.prinz.at\/it\/prodotti\/segatrici-per-il-legno\/segatrice-per-pacchi-con-arco-di-guida\/mobilcut-state-line\/\"]}]},{\"@type\":\"BreadcrumbList\",\"@id\":\"https:\/\/www.prinz.at\/it\/prodotti\/segatrici-per-il-legno\/segatrice-per-pacchi-con-arco-di-guida\/mobilcut-state-line\/#breadcrumb\",\"itemListElement\":[{\"@type\":\"ListItem\",\"position\":1,\"name\":\"Startseite\",\"item\":\"https:\/\/www.prinz.at\/it\/\"},{\"@type\":\"ListItem\",\"position\":2,\"name\":\"Prodotti\",\"item\":\"https:\/\/www.prinz.at\/it\/prodotti\/\"},{\"@type\":\"ListItem\",\"position\":3,\"name\":\"Segatrici per il legno\",\"item\":\"https:\/\/www.prinz.at\/it\/prodotti\/segatrici-per-il-legno\/\"},{\"@type\":\"ListItem\",\"position\":4,\"name\":\"Segatrice per pacchi con arco di guida\",\"item\":\"https:\/\/www.prinz.at\/segatrice-per-pacchi-con-arco-di-guida\/?lang=it\"},{\"@type\":\"ListItem\",\"position\":5,\"name\":\"MOBILCUT STATE LINE\"}]},{\"@type\":\"WebSite\",\"@id\":\"https:\/\/www.prinz.at\/#website\",\"url\":\"https:\/\/www.prinz.at\/\",\"name\":\"PRINZ\",\"description\":\"\",\"potentialAction\":[{\"@type\":\"SearchAction\",\"target\":{\"@type\":\"EntryPoint\",\"urlTemplate\":\"https:\/\/www.prinz.at\/?s={search_term_string}\"},\"query-input\":\"required name=search_term_string\"}],\"inLanguage\":\"it-IT\"}]}<\/script>\n<!-- \/ Yoast SEO plugin. -->","yoast_head_json":{"title":"MOBILCUT STATE LINE - PRINZ","robots":{"index":"index","follow":"follow","max-snippet":"max-snippet:-1","max-image-preview":"max-image-preview:large","max-video-preview":"max-video-preview:-1"},"canonical":"https:\/\/www.prinz.at\/it\/prodotti\/segatrici-per-il-legno\/segatrice-per-pacchi-con-arco-di-guida\/mobilcut-state-line\/","og_locale":"it_IT","og_type":"article","og_title":"MOBILCUT STATE LINE - PRINZ","og_description":"[vc_row][vc_column width=&#8221;1\/2&#8243;][vc_single_image image=&#8221;2668&#8243; img_size=&#8221;400 \u00d7 280&#8243; alignment=&#8221;center&#8221;][\/vc_column][vc_column width=&#8221;1\/2&#8243;][vc_column_text]La MOBILCUT STATE LINE \u00e8 una segatrice che si sposta con un bancale per il pacco per un taglio fisso dei pacchi. Il posizionamento della sega \u00e8 manuale, la barra si muove lungo a un arco di guida robusto per un alta tolleranza di taglio. La segatrice si [&hellip;]","og_url":"https:\/\/www.prinz.at\/it\/prodotti\/segatrici-per-il-legno\/segatrice-per-pacchi-con-arco-di-guida\/mobilcut-state-line\/","og_site_name":"PRINZ","article_modified_time":"2024-10-17T08:11:33+00:00","twitter_card":"summary_large_image","twitter_misc":{"Tempo di lettura stimato":"2 minuti"},"schema":{"@context":"https:\/\/schema.org","@graph":[{"@type":"WebPage","@id":"https:\/\/www.prinz.at\/it\/prodotti\/segatrici-per-il-legno\/segatrice-per-pacchi-con-arco-di-guida\/mobilcut-state-line\/","url":"https:\/\/www.prinz.at\/it\/prodotti\/segatrici-per-il-legno\/segatrice-per-pacchi-con-arco-di-guida\/mobilcut-state-line\/","name":"MOBILCUT STATE LINE - PRINZ","isPartOf":{"@id":"https:\/\/www.prinz.at\/#website"},"datePublished":"2015-03-26T12:36:40+00:00","dateModified":"2024-10-17T08:11:33+00:00","breadcrumb":{"@id":"https:\/\/www.prinz.at\/it\/prodotti\/segatrici-per-il-legno\/segatrice-per-pacchi-con-arco-di-guida\/mobilcut-state-line\/#breadcrumb"},"inLanguage":"it-IT","potentialAction":[{"@type":"ReadAction","target":["https:\/\/www.prinz.at\/it\/prodotti\/segatrici-per-il-legno\/segatrice-per-pacchi-con-arco-di-guida\/mobilcut-state-line\/"]}]},{"@type":"BreadcrumbList","@id":"https:\/\/www.prinz.at\/it\/prodotti\/segatrici-per-il-legno\/segatrice-per-pacchi-con-arco-di-guida\/mobilcut-state-line\/#breadcrumb","itemListElement":[{"@type":"ListItem","position":1,"name":"Startseite","item":"https:\/\/www.prinz.at\/it\/"},{"@type":"ListItem","position":2,"name":"Prodotti","item":"https:\/\/www.prinz.at\/it\/prodotti\/"},{"@type":"ListItem","position":3,"name":"Segatrici per il legno","item":"https:\/\/www.prinz.at\/it\/prodotti\/segatrici-per-il-legno\/"},{"@type":"ListItem","position":4,"name":"Segatrice per pacchi con arco di guida","item":"https:\/\/www.prinz.at\/segatrice-per-pacchi-con-arco-di-guida\/?lang=it"},{"@type":"ListItem","position":5,"name":"MOBILCUT STATE LINE"}]},{"@type":"WebSite","@id":"https:\/\/www.prinz.at\/#website","url":"https:\/\/www.prinz.at\/","name":"PRINZ","description":"","potentialAction":[{"@type":"SearchAction","target":{"@type":"EntryPoint","urlTemplate":"https:\/\/www.prinz.at\/?s={search_term_string}"},"query-input":"required name=search_term_string"}],"inLanguage":"it-IT"}]}},"_links":{"self":[{"href":"https:\/\/www.prinz.at\/it\/wp-json\/wp\/v2\/pages\/6499"}],"collection":[{"href":"https:\/\/www.prinz.at\/it\/wp-json\/wp\/v2\/pages"}],"about":[{"href":"https:\/\/www.prinz.at\/it\/wp-json\/wp\/v2\/types\/page"}],"author":[{"embeddable":true,"href":"https:\/\/www.prinz.at\/it\/wp-json\/wp\/v2\/users\/5"}],"replies":[{"embeddable":true,"href":"https:\/\/www.prinz.at\/it\/wp-json\/wp\/v2\/comments?post=6499"}],"version-history":[{"count":2,"href":"https:\/\/www.prinz.at\/it\/wp-json\/wp\/v2\/pages\/6499\/revisions"}],"predecessor-version":[{"id":10965,"href":"https:\/\/www.prinz.at\/it\/wp-json\/wp\/v2\/pages\/6499\/revisions\/10965"}],"up":[{"embeddable":true,"href":"https:\/\/www.prinz.at\/it\/wp-json\/wp\/v2\/pages\/6412"}],"wp:attachment":[{"href":"https:\/\/www.prinz.at\/it\/wp-json\/wp\/v2\/media?parent=6499"}],"curies":[{"name":"wp","href":"https:\/\/api.w.org\/{rel}","templated":true}]}}