{"id":6638,"date":"2022-10-09T15:17:05","date_gmt":"2022-10-09T15:17:05","guid":{"rendered":"https:\/\/www.prinz.at\/mobilcut-top-line\/"},"modified":"2022-10-09T15:17:05","modified_gmt":"2022-10-09T15:17:05","slug":"mobilcut-top-line","status":"publish","type":"page","link":"https:\/\/www.prinz.at\/it\/prodotti\/segatrici-per-il-legno\/segatrice-per-pacchi-con-arco-di-guida\/mobilcut-top-line\/","title":{"rendered":"MOBILCUT TOP LINE"},"content":{"rendered":"<section class=\"wpb-content-wrapper\"><p>[vc_row][vc_column width=&#8221;1\/2&#8243;][vc_single_image image=&#8221;5536&#8243; img_size=&#8221;full&#8221; alignment=&#8221;center&#8221;][\/vc_column][vc_column width=&#8221;1\/2&#8243;][vc_column_text]Per maggiore comodit\u00e0 di lavoro, la \u00a0<strong>MOBILCUT\u00a0TOP LINE<\/strong>\u00a0include un posizionamento segatrice con azionamento elettrico.<\/p>\n<p>Pi\u00f9 prestazioni e facilit\u00e0 di lavoro.<\/p>\n<ul>\n<li>potenza motore 11 kW<\/li>\n<li>arco di guida molto robusto<\/li>\n<li>per tagliare pacchi con 130\u00d7130 e lunghezza sopra i 6mt<\/li>\n<li>riduce lo spazio richiesto solo con una lunghezza di\u00a08,5 mt<\/li>\n<li>tolleranza di taglio di +\/- 2mm con arco di guida<\/li>\n<li>alimentazione elettrica per il taglio, il controllo da joystick<\/li>\n<li>con misuratore digitale della lunghezza<\/li>\n<\/ul>\n<p>[\/vc_column_text][\/vc_column][\/vc_row][vc_row css=&#8221;.vc_custom_1435578920528{margin-bottom: 10px !important;padding-top: 0px !important;padding-bottom: 10px !important;}&#8221;][vc_column][vc_column_text]<\/p>\n<h2>Dati tecnici<\/h2>\n<table class=\"contenttable contenttable-0 product-description-table\">\n<tbody>\n<tr class=\"tr-even tr-0\">\n<td class=\"td-0\">Potenza:<\/td>\n<td class=\"td-last td-1\">11 kW<\/td>\n<\/tr>\n<tr class=\"tr-even tr-2\">\n<td class=\"td-0\">Tolleranza di taglio:<\/td>\n<td class=\"td-last td-1\">\u00b12 mm<\/td>\n<\/tr>\n<tr class=\"tr-odd tr-3\">\n<td class=\"td-0\">Misura pacchi standard (profondit\u00e0\/altezza):<\/td>\n<td class=\"td-last td-1\">130 x 130 cm<\/td>\n<\/tr>\n<tr class=\"tr-odd tr-5\">\n<td class=\"td-0\">Discesa del taglio:<\/td>\n<td class=\"td-last td-1\">elettrica<\/td>\n<\/tr>\n<tr class=\"tr-even tr-6\">\n<td class=\"td-0\">Guida del taglio:<\/td>\n<td class=\"td-last td-1\">con arco<\/td>\n<\/tr>\n<tr class=\"tr-odd tr-7\">\n<td class=\"td-0\">Tipo di segatrice:<\/td>\n<td class=\"td-last td-1\">segatrice si muove\/pacco fermo<\/td>\n<\/tr>\n<tr class=\"tr-even tr-8\">\n<td class=\"td-0\">Tipo di catena:<\/td>\n<td class=\"td-last td-1\">denti diritti\/ con widia<\/td>\n<\/tr>\n<tr class=\"tr-odd tr-9\">\n<td class=\"td-0\">Barra guida catena:<\/td>\n<td class=\"td-last td-1\">robusto acciaio, speciale rivestimento bordo<\/td>\n<\/tr>\n<tr class=\"tr-odd tr-11\">\n<td class=\"td-0\">Performance di taglio:<\/td>\n<td class=\"td-last td-1\">1,8 min\/m\u00b2<\/td>\n<\/tr>\n<tr class=\"tr-even tr-12\">\n<td class=\"td-0\"><strong>Spostamento della segatrice:<\/strong><\/td>\n<td class=\"td-last td-1\"><strong>elettronico (otto lunghezze programmabile)<\/strong><\/td>\n<\/tr>\n<tr class=\"tr-odd tr-13\">\n<td class=\"td-0\">Applicazioni:<\/td>\n<td class=\"td-last td-1\">spostamento segatrice per gestire pacchi fino a 6 m di lunghezza con una precisione di taglio \u00b1 2 mm e ingombro limitat0<\/td>\n<\/tr>\n<tr class=\"tr-odd tr-13\">\n<td class=\"td-0\">Dispositivo di misurazione:<\/td>\n<td class=\"td-last td-1\">incluso<\/td>\n<\/tr>\n<tr class=\"tr-odd tr-15\">\n<td class=\"td-0\">Optionals extra:<\/td>\n<td class=\"td-last td-1\">\n<ul>\n<li>luce laser per posizione taglio<\/li>\n<li>bocca di aspirazione<\/li>\n<li>container per scarti asportati<\/li>\n<li>rulliera per asporto scarti<\/li>\n<li>pressore<\/li>\n<li>sollevamento pneumatico del pacco<\/li>\n<\/ul>\n<\/td>\n<\/tr>\n<\/tbody>\n<\/table>\n<p>[\/vc_column_text][\/vc_column][\/vc_row][vc_row][vc_column][vc_gallery type=&#8221;image_grid&#8221; images=&#8221;5589,5550,5552,5551,5879,5878,5877,5876&#8243;][\/vc_column][\/vc_row]<\/p>\n<\/section>","protected":false},"excerpt":{"rendered":"<p>[vc_row][vc_column width=&#8221;1\/2&#8243;][vc_single_image image=&#8221;5536&#8243; img_size=&#8221;full&#8221; alignment=&#8221;center&#8221;][\/vc_column][vc_column width=&#8221;1\/2&#8243;][vc_column_text]Per maggiore comodit\u00e0 di lavoro, la \u00a0MOBILCUT\u00a0TOP LINE\u00a0include un posizionamento segatrice con azionamento elettrico. Pi\u00f9 prestazioni e facilit\u00e0 di lavoro. potenza motore 11 kW arco di guida molto robusto per tagliare pacchi con 130\u00d7130 e lunghezza sopra i 6mt riduce lo spazio richiesto solo con una lunghezza di\u00a08,5 mt tolleranza [&hellip;]<\/p>\n","protected":false},"author":5,"featured_media":0,"parent":6412,"menu_order":0,"comment_status":"closed","ping_status":"closed","template":"","meta":[],"yoast_head":"<!-- This site is optimized with the Yoast SEO plugin v21.8.1 - https:\/\/yoast.com\/wordpress\/plugins\/seo\/ -->\n<title>MOBILCUT TOP LINE - PRINZ<\/title>\n<meta name=\"robots\" content=\"index, follow, max-snippet:-1, max-image-preview:large, max-video-preview:-1\" \/>\n<link rel=\"canonical\" href=\"https:\/\/www.prinz.at\/mobilcut-top-line\/?lang=it\" \/>\n<meta property=\"og:locale\" content=\"it_IT\" \/>\n<meta property=\"og:type\" content=\"article\" \/>\n<meta property=\"og:title\" content=\"MOBILCUT TOP LINE - PRINZ\" \/>\n<meta property=\"og:description\" content=\"[vc_row][vc_column width=&#8221;1\/2&#8243;][vc_single_image image=&#8221;5536&#8243; img_size=&#8221;full&#8221; alignment=&#8221;center&#8221;][\/vc_column][vc_column width=&#8221;1\/2&#8243;][vc_column_text]Per maggiore comodit\u00e0 di lavoro, la \u00a0MOBILCUT\u00a0TOP LINE\u00a0include un posizionamento segatrice con azionamento elettrico. Pi\u00f9 prestazioni e facilit\u00e0 di lavoro. potenza motore 11 kW arco di guida molto robusto per tagliare pacchi con 130\u00d7130 e lunghezza sopra i 6mt riduce lo spazio richiesto solo con una lunghezza di\u00a08,5 mt tolleranza [&hellip;]\" \/>\n<meta property=\"og:url\" content=\"https:\/\/www.prinz.at\/mobilcut-top-line\/?lang=it\" \/>\n<meta property=\"og:site_name\" content=\"PRINZ\" \/>\n<meta name=\"twitter:card\" content=\"summary_large_image\" \/>\n<meta name=\"twitter:label1\" content=\"Tempo di lettura stimato\" \/>\n\t<meta name=\"twitter:data1\" content=\"1 minuto\" \/>\n<script type=\"application\/ld+json\" class=\"yoast-schema-graph\">{\"@context\":\"https:\/\/schema.org\",\"@graph\":[{\"@type\":\"WebPage\",\"@id\":\"https:\/\/www.prinz.at\/mobilcut-top-line\/?lang=it\",\"url\":\"https:\/\/www.prinz.at\/mobilcut-top-line\/?lang=it\",\"name\":\"MOBILCUT TOP LINE - PRINZ\",\"isPartOf\":{\"@id\":\"https:\/\/www.prinz.at\/#website\"},\"datePublished\":\"2022-10-09T15:17:05+00:00\",\"dateModified\":\"2022-10-09T15:17:05+00:00\",\"breadcrumb\":{\"@id\":\"https:\/\/www.prinz.at\/mobilcut-top-line\/?lang=it#breadcrumb\"},\"inLanguage\":\"it-IT\",\"potentialAction\":[{\"@type\":\"ReadAction\",\"target\":[\"https:\/\/www.prinz.at\/mobilcut-top-line\/?lang=it\"]}]},{\"@type\":\"BreadcrumbList\",\"@id\":\"https:\/\/www.prinz.at\/mobilcut-top-line\/?lang=it#breadcrumb\",\"itemListElement\":[{\"@type\":\"ListItem\",\"position\":1,\"name\":\"Startseite\",\"item\":\"https:\/\/www.prinz.at\/it\/\"},{\"@type\":\"ListItem\",\"position\":2,\"name\":\"MOBILCUT TOP LINE\"}]},{\"@type\":\"WebSite\",\"@id\":\"https:\/\/www.prinz.at\/#website\",\"url\":\"https:\/\/www.prinz.at\/\",\"name\":\"PRINZ\",\"description\":\"\",\"potentialAction\":[{\"@type\":\"SearchAction\",\"target\":{\"@type\":\"EntryPoint\",\"urlTemplate\":\"https:\/\/www.prinz.at\/?s={search_term_string}\"},\"query-input\":\"required name=search_term_string\"}],\"inLanguage\":\"it-IT\"}]}<\/script>\n<!-- \/ Yoast SEO plugin. -->","yoast_head_json":{"title":"MOBILCUT TOP LINE - PRINZ","robots":{"index":"index","follow":"follow","max-snippet":"max-snippet:-1","max-image-preview":"max-image-preview:large","max-video-preview":"max-video-preview:-1"},"canonical":"https:\/\/www.prinz.at\/mobilcut-top-line\/?lang=it","og_locale":"it_IT","og_type":"article","og_title":"MOBILCUT TOP LINE - PRINZ","og_description":"[vc_row][vc_column width=&#8221;1\/2&#8243;][vc_single_image image=&#8221;5536&#8243; img_size=&#8221;full&#8221; alignment=&#8221;center&#8221;][\/vc_column][vc_column width=&#8221;1\/2&#8243;][vc_column_text]Per maggiore comodit\u00e0 di lavoro, la \u00a0MOBILCUT\u00a0TOP LINE\u00a0include un posizionamento segatrice con azionamento elettrico. Pi\u00f9 prestazioni e facilit\u00e0 di lavoro. potenza motore 11 kW arco di guida molto robusto per tagliare pacchi con 130\u00d7130 e lunghezza sopra i 6mt riduce lo spazio richiesto solo con una lunghezza di\u00a08,5 mt tolleranza [&hellip;]","og_url":"https:\/\/www.prinz.at\/mobilcut-top-line\/?lang=it","og_site_name":"PRINZ","twitter_card":"summary_large_image","twitter_misc":{"Tempo di lettura stimato":"1 minuto"},"schema":{"@context":"https:\/\/schema.org","@graph":[{"@type":"WebPage","@id":"https:\/\/www.prinz.at\/mobilcut-top-line\/?lang=it","url":"https:\/\/www.prinz.at\/mobilcut-top-line\/?lang=it","name":"MOBILCUT TOP LINE - PRINZ","isPartOf":{"@id":"https:\/\/www.prinz.at\/#website"},"datePublished":"2022-10-09T15:17:05+00:00","dateModified":"2022-10-09T15:17:05+00:00","breadcrumb":{"@id":"https:\/\/www.prinz.at\/mobilcut-top-line\/?lang=it#breadcrumb"},"inLanguage":"it-IT","potentialAction":[{"@type":"ReadAction","target":["https:\/\/www.prinz.at\/mobilcut-top-line\/?lang=it"]}]},{"@type":"BreadcrumbList","@id":"https:\/\/www.prinz.at\/mobilcut-top-line\/?lang=it#breadcrumb","itemListElement":[{"@type":"ListItem","position":1,"name":"Startseite","item":"https:\/\/www.prinz.at\/it\/"},{"@type":"ListItem","position":2,"name":"MOBILCUT TOP LINE"}]},{"@type":"WebSite","@id":"https:\/\/www.prinz.at\/#website","url":"https:\/\/www.prinz.at\/","name":"PRINZ","description":"","potentialAction":[{"@type":"SearchAction","target":{"@type":"EntryPoint","urlTemplate":"https:\/\/www.prinz.at\/?s={search_term_string}"},"query-input":"required name=search_term_string"}],"inLanguage":"it-IT"}]}},"_links":{"self":[{"href":"https:\/\/www.prinz.at\/it\/wp-json\/wp\/v2\/pages\/6638"}],"collection":[{"href":"https:\/\/www.prinz.at\/it\/wp-json\/wp\/v2\/pages"}],"about":[{"href":"https:\/\/www.prinz.at\/it\/wp-json\/wp\/v2\/types\/page"}],"author":[{"embeddable":true,"href":"https:\/\/www.prinz.at\/it\/wp-json\/wp\/v2\/users\/5"}],"replies":[{"embeddable":true,"href":"https:\/\/www.prinz.at\/it\/wp-json\/wp\/v2\/comments?post=6638"}],"version-history":[{"count":0,"href":"https:\/\/www.prinz.at\/it\/wp-json\/wp\/v2\/pages\/6638\/revisions"}],"up":[{"embeddable":true,"href":"https:\/\/www.prinz.at\/it\/wp-json\/wp\/v2\/pages\/6412"}],"wp:attachment":[{"href":"https:\/\/www.prinz.at\/it\/wp-json\/wp\/v2\/media?parent=6638"}],"curies":[{"name":"wp","href":"https:\/\/api.w.org\/{rel}","templated":true}]}}